{"id":5502,"date":"2025-05-09T09:08:14","date_gmt":"2025-05-09T09:08:14","guid":{"rendered":"https:\/\/95glassbottles.com\/noticias\/"},"modified":"2025-10-04T14:03:56","modified_gmt":"2025-10-04T14:03:56","slug":"noticias","status":"publish","type":"page","link":"https:\/\/95glassbottles.com\/es\/noticias\/","title":{"rendered":"Noticias"},"content":{"rendered":"\t\t<div data-elementor-type=\"wp-page\" data-elementor-id=\"5502\" class=\"elementor elementor-5502 elementor-2730\" data-elementor-post-type=\"page\">\n\t\t\t\t<div class=\"elementor-element elementor-element-52da338 e-flex e-con-boxed e-con e-parent\" data-id=\"52da338\" data-element_type=\"container\" data-e-type=\"container\" data-settings=\"{&quot;background_background&quot;:&quot;classic&quot;}\">\n\t\t\t\t\t<div class=\"e-con-inner\">\n\t\t\t\t<div class=\"elementor-element elementor-element-a5f8720 elementor-widget elementor-widget-heading\" data-id=\"a5f8720\" data-element_type=\"widget\" data-e-type=\"widget\" data-widget_type=\"heading.default\">\n\t\t\t\t\t<h1 class=\"elementor-heading-title elementor-size-default\">Noticias y actualizaciones de 95Glass<\/h1>\t\t\t\t<\/div>\n\t\t\t\t<div class=\"elementor-element elementor-element-1f154f9 elementor-widget elementor-widget-text-editor\" data-id=\"1f154f9\" data-element_type=\"widget\" data-e-type=\"widget\" data-widget_type=\"text-editor.default\">\n\t\t\t\t\t\t\t\t\t<p>Lanzamientos de productos, actualizaciones de fabricaci\u00f3n y gu\u00edas pr\u00e1cticas para el envasado de vinos y licores.<\/p>\t\t\t\t\t\t\t\t<\/div>\n\t\t\t\t\t<\/div>\n\t\t\t\t<\/div>\n\t\t<div class=\"elementor-element elementor-element-d709b85 e-flex e-con-boxed e-con e-parent\" data-id=\"d709b85\" data-element_type=\"container\" data-e-type=\"container\">\n\t\t\t\t\t<div class=\"e-con-inner\">\n\t\t\t\t<div class=\"elementor-element elementor-element-075d5e3 elementor-grid-3 elementor-grid-tablet-2 elementor-grid-mobile-1 elementor-posts--thumbnail-top elementor-widget elementor-widget-posts\" data-id=\"075d5e3\" data-element_type=\"widget\" data-e-type=\"widget\" data-settings=\"{&quot;classic_columns&quot;:&quot;3&quot;,&quot;classic_columns_tablet&quot;:&quot;2&quot;,&quot;classic_columns_mobile&quot;:&quot;1&quot;,&quot;classic_row_gap&quot;:{&quot;unit&quot;:&quot;px&quot;,&quot;size&quot;:35,&quot;sizes&quot;:[]},&quot;classic_row_gap_tablet&quot;:{&quot;unit&quot;:&quot;px&quot;,&quot;size&quot;:&quot;&quot;,&quot;sizes&quot;:[]},&quot;classic_row_gap_mobile&quot;:{&quot;unit&quot;:&quot;px&quot;,&quot;size&quot;:&quot;&quot;,&quot;sizes&quot;:[]}}\" data-widget_type=\"posts.classic\">\n\t\t\t\t<div class=\"elementor-widget-container\">\n\t\t\t\t\t\t\t<div class=\"elementor-posts-container elementor-posts elementor-posts--skin-classic elementor-grid\" role=\"list\">\n\t\t\t\t<article class=\"elementor-post elementor-grid-item post-6077 post type-post status-publish format-standard has-post-thumbnail hentry category-materiales-y-acabados\" role=\"listitem\">\n\t\t\t\t<a class=\"elementor-post__thumbnail__link\" href=\"https:\/\/95glassbottles.com\/es\/vidrio-negro-vs-vidrio-super-flint-impacto-del-material-segun-el-tipo-de-bebida\/\" tabindex=\"-1\" >\n\t\t\t<div class=\"elementor-post__thumbnail\"><img fetchpriority=\"high\" decoding=\"async\" width=\"300\" height=\"200\" src=\"https:\/\/95glassbottles.com\/wp-content\/uploads\/2025\/10\/ChatGPT-Image-2025\u5e7410\u67084\u65e5-15_18_43-300x200.png\" class=\"attachment-medium size-medium wp-image-6073\" alt=\"Botellas de vidrio negro y vidrio s\u00edlex, una al lado de la otra, en forma de Burdeos, sobre madera con fondo gris.\" srcset=\"https:\/\/95glassbottles.com\/wp-content\/uploads\/2025\/10\/ChatGPT-Image-2025\u5e7410\u67084\u65e5-15_18_43-300x200.png 300w, https:\/\/95glassbottles.com\/wp-content\/uploads\/2025\/10\/ChatGPT-Image-2025\u5e7410\u67084\u65e5-15_18_43-1024x683.png 1024w, https:\/\/95glassbottles.com\/wp-content\/uploads\/2025\/10\/ChatGPT-Image-2025\u5e7410\u67084\u65e5-15_18_43-768x512.png 768w, https:\/\/95glassbottles.com\/wp-content\/uploads\/2025\/10\/ChatGPT-Image-2025\u5e7410\u67084\u65e5-15_18_43-600x400.png 600w, https:\/\/95glassbottles.com\/wp-content\/uploads\/2025\/10\/ChatGPT-Image-2025\u5e7410\u67084\u65e5-15_18_43.png 1536w\" sizes=\"(max-width: 300px) 100vw, 300px\" \/><\/div>\n\t\t<\/a>\n\t\t\t\t<div class=\"elementor-post__text\">\n\t\t\t\t<h3 class=\"elementor-post__title\">\n\t\t\t<a href=\"https:\/\/95glassbottles.com\/es\/vidrio-negro-vs-vidrio-super-flint-impacto-del-material-segun-el-tipo-de-bebida\/\" >\n\t\t\t\tVidrio negro vs. vidrio Super Flint: Impacto del material seg\u00fan el tipo de bebida\t\t\t<\/a>\n\t\t<\/h3>\n\t\t\n\t\t<a class=\"elementor-post__read-more\" href=\"https:\/\/95glassbottles.com\/es\/vidrio-negro-vs-vidrio-super-flint-impacto-del-material-segun-el-tipo-de-bebida\/\" aria-label=\"M\u00e1s informaci\u00f3n sobre Vidrio negro vs. vidrio Super Flint: Impacto del material seg\u00fan el tipo de bebida\" tabindex=\"-1\" >\n\t\t\tLeer m\u00e1s \"\t\t<\/a>\n\n\t\t\t\t<\/div>\n\t\t\t\t<\/article>\n\t\t\t\t<\/div>\n\t\t\n\t\t\t\t\t\t<\/div>\n\t\t\t\t<\/div>\n\t\t\t\t\t<\/div>\n\t\t\t\t<\/div>\n\t\t\t\t<\/div>\n\t\t","protected":false},"excerpt":{"rendered":"<p>Noticias y actualizaciones de 95Glass Lanzamientos de productos, actualizaciones de fabricaci\u00f3n y gu\u00edas pr\u00e1cticas para el envasado de vinos y licores.<\/p>\n","protected":false},"author":1,"featured_media":0,"parent":0,"menu_order":0,"comment_status":"closed","ping_status":"closed","template":"","meta":{"site-sidebar-layout":"no-sidebar","site-content-layout":"page-builder","ast-site-content-layout":"full-width-container","site-content-style":"default","site-sidebar-style":"default","ast-global-header-display":"","ast-banner-title-visibility":"","ast-main-header-display":"","ast-hfb-above-header-display":"","ast-hfb-below-header-display":"","ast-hfb-mobile-header-display":"","site-post-title":"disabled","ast-breadcrumbs-content":"","ast-featured-img":"disabled","footer-sml-layout":"","ast-disable-related-posts":"","theme-transparent-header-meta":"","adv-header-id-meta":"","stick-header-meta":"","header-above-stick-meta":"","header-main-stick-meta":"","header-below-stick-meta":"","astra-migrate-meta-layouts":"default","ast-page-background-enabled":"default","ast-page-background-meta":{"desktop":{"background-color":"var(--ast-global-color-4)","background-image":"","background-repeat":"repeat","background-position":"center center","background-size":"auto","background-attachment":"scroll","background-type":"","background-media":"","overlay-type":"","overlay-color":"","overlay-opacity":"","overlay-gradient":""},"tablet":{"background-color":"","background-image":"","background-repeat":"repeat","background-position":"center center","background-size":"auto","background-attachment":"scroll","background-type":"","background-media":"","overlay-type":"","overlay-color":"","overlay-opacity":"","overlay-gradient":""},"mobile":{"background-color":"","background-image":"","background-repeat":"repeat","background-position":"center center","background-size":"auto","background-attachment":"scroll","background-type":"","background-media":"","overlay-type":"","overlay-color":"","overlay-opacity":"","overlay-gradient":""}},"ast-content-background-meta":{"desktop":{"background-color":"var(--ast-global-color-5)","background-image":"","background-repeat":"repeat","background-position":"center center","background-size":"auto","background-attachment":"scroll","background-type":"","background-media":"","overlay-type":"","overlay-color":"","overlay-opacity":"","overlay-gradient":""},"tablet":{"background-color":"var(--ast-global-color-5)","background-image":"","background-repeat":"repeat","background-position":"center center","background-size":"auto","background-attachment":"scroll","background-type":"","background-media":"","overlay-type":"","overlay-color":"","overlay-opacity":"","overlay-gradient":""},"mobile":{"background-color":"var(--ast-global-color-5)","background-image":"","background-repeat":"repeat","background-position":"center center","background-size":"auto","background-attachment":"scroll","background-type":"","background-media":"","overlay-type":"","overlay-color":"","overlay-opacity":"","overlay-gradient":""}},"footnotes":""},"class_list":["post-5502","page","type-page","status-publish","hentry"],"yoast_head":"<!-- This site is optimized with the Yoast SEO plugin v27.4 - https:\/\/yoast.com\/product\/yoast-seo-wordpress\/ -->\n<title>Noticias industriales sobre botellas de vidrio | 95GlassBottles<\/title>\n<meta name=\"description\" content=\"Mant\u00e9ngase informado con las \u00faltimas noticias industriales sobre la fabricaci\u00f3n de botellas de vidrio, las tendencias en sostenibilidad, las innovaciones en envases y las novedades en la cadena de suministro global, de la mano de 95GlassBottles.\" \/>\n<meta name=\"robots\" content=\"index, follow, max-snippet:-1, max-image-preview:large, max-video-preview:-1\" \/>\n<link rel=\"canonical\" href=\"https:\/\/95glassbottles.com\/es\/noticias\/\" \/>\n<meta property=\"og:locale\" content=\"es_ES\" \/>\n<meta property=\"og:type\" content=\"article\" \/>\n<meta property=\"og:title\" content=\"Noticias industriales sobre botellas de vidrio | 95GlassBottles\" \/>\n<meta property=\"og:description\" content=\"Mant\u00e9ngase informado con las \u00faltimas noticias industriales sobre la fabricaci\u00f3n de botellas de vidrio, las tendencias en sostenibilidad, las innovaciones en envases y las novedades en la cadena de suministro global, de la mano de 95GlassBottles.\" \/>\n<meta property=\"og:url\" content=\"https:\/\/95glassbottles.com\/es\/noticias\/\" \/>\n<meta property=\"og:site_name\" content=\"95Glass\" \/>\n<meta property=\"article:publisher\" content=\"https:\/\/www.facebook.com\/95Glass\" \/>\n<meta property=\"article:modified_time\" content=\"2025-10-04T14:03:56+00:00\" \/>\n<meta name=\"twitter:card\" content=\"summary_large_image\" \/>\n<script type=\"application\/ld+json\" class=\"yoast-schema-graph\">{\"@context\":\"https:\\\/\\\/schema.org\",\"@graph\":[{\"@type\":\"WebPage\",\"@id\":\"https:\\\/\\\/95glassbottles.com\\\/es\\\/noticias\\\/\",\"url\":\"https:\\\/\\\/95glassbottles.com\\\/es\\\/noticias\\\/\",\"name\":\"Noticias industriales sobre botellas de vidrio | 95GlassBottles\",\"isPartOf\":{\"@id\":\"https:\\\/\\\/95glassbottles.com\\\/es\\\/#website\"},\"datePublished\":\"2025-05-09T09:08:14+00:00\",\"dateModified\":\"2025-10-04T14:03:56+00:00\",\"description\":\"Mant\u00e9ngase informado con las \u00faltimas noticias industriales sobre la fabricaci\u00f3n de botellas de vidrio, las tendencias en sostenibilidad, las innovaciones en envases y las novedades en la cadena de suministro global, de la mano de 95GlassBottles.\",\"breadcrumb\":{\"@id\":\"https:\\\/\\\/95glassbottles.com\\\/es\\\/noticias\\\/#breadcrumb\"},\"inLanguage\":\"es\",\"potentialAction\":[{\"@type\":\"ReadAction\",\"target\":[\"https:\\\/\\\/95glassbottles.com\\\/es\\\/noticias\\\/\"]}]},{\"@type\":\"BreadcrumbList\",\"@id\":\"https:\\\/\\\/95glassbottles.com\\\/es\\\/noticias\\\/#breadcrumb\",\"itemListElement\":[{\"@type\":\"ListItem\",\"position\":1,\"name\":\"Home\",\"item\":\"https:\\\/\\\/95glassbottles.com\\\/es\\\/\"},{\"@type\":\"ListItem\",\"position\":2,\"name\":\"Noticias\"}]},{\"@type\":\"WebSite\",\"@id\":\"https:\\\/\\\/95glassbottles.com\\\/es\\\/#website\",\"url\":\"https:\\\/\\\/95glassbottles.com\\\/es\\\/\",\"name\":\"95GlassBottles\",\"description\":\"\",\"publisher\":{\"@id\":\"https:\\\/\\\/95glassbottles.com\\\/es\\\/#organization\"},\"potentialAction\":[{\"@type\":\"SearchAction\",\"target\":{\"@type\":\"EntryPoint\",\"urlTemplate\":\"https:\\\/\\\/95glassbottles.com\\\/es\\\/?s={search_term_string}\"},\"query-input\":{\"@type\":\"PropertyValueSpecification\",\"valueRequired\":true,\"valueName\":\"search_term_string\"}}],\"inLanguage\":\"es\"},{\"@type\":\"Organization\",\"@id\":\"https:\\\/\\\/95glassbottles.com\\\/es\\\/#organization\",\"name\":\"Shandong Ninety Five Glass Co,.Ltd\",\"url\":\"https:\\\/\\\/95glassbottles.com\\\/es\\\/\",\"logo\":{\"@type\":\"ImageObject\",\"inLanguage\":\"es\",\"@id\":\"https:\\\/\\\/95glassbottles.com\\\/es\\\/#\\\/schema\\\/logo\\\/image\\\/\",\"url\":\"https:\\\/\\\/95glassbottles.com\\\/wp-content\\\/uploads\\\/2025\\\/04\\\/1-3.webp\",\"contentUrl\":\"https:\\\/\\\/95glassbottles.com\\\/wp-content\\\/uploads\\\/2025\\\/04\\\/1-3.webp\",\"width\":350,\"height\":100,\"caption\":\"Shandong Ninety Five Glass Co,.Ltd\"},\"image\":{\"@id\":\"https:\\\/\\\/95glassbottles.com\\\/es\\\/#\\\/schema\\\/logo\\\/image\\\/\"},\"sameAs\":[\"https:\\\/\\\/www.facebook.com\\\/95Glass\"]}]}<\/script>\n<!-- \/ Yoast SEO plugin. -->","yoast_head_json":{"title":"Noticias industriales sobre botellas de vidrio | 95GlassBottles","description":"Mant\u00e9ngase informado con las \u00faltimas noticias industriales sobre la fabricaci\u00f3n de botellas de vidrio, las tendencias en sostenibilidad, las innovaciones en envases y las novedades en la cadena de suministro global, de la mano de 95GlassBottles.","robots":{"index":"index","follow":"follow","max-snippet":"max-snippet:-1","max-image-preview":"max-image-preview:large","max-video-preview":"max-video-preview:-1"},"canonical":"https:\/\/95glassbottles.com\/es\/noticias\/","og_locale":"es_ES","og_type":"article","og_title":"Noticias industriales sobre botellas de vidrio | 95GlassBottles","og_description":"Mant\u00e9ngase informado con las \u00faltimas noticias industriales sobre la fabricaci\u00f3n de botellas de vidrio, las tendencias en sostenibilidad, las innovaciones en envases y las novedades en la cadena de suministro global, de la mano de 95GlassBottles.","og_url":"https:\/\/95glassbottles.com\/es\/noticias\/","og_site_name":"95Glass","article_publisher":"https:\/\/www.facebook.com\/95Glass","article_modified_time":"2025-10-04T14:03:56+00:00","twitter_card":"summary_large_image","schema":{"@context":"https:\/\/schema.org","@graph":[{"@type":"WebPage","@id":"https:\/\/95glassbottles.com\/es\/noticias\/","url":"https:\/\/95glassbottles.com\/es\/noticias\/","name":"Noticias industriales sobre botellas de vidrio | 95GlassBottles","isPartOf":{"@id":"https:\/\/95glassbottles.com\/es\/#website"},"datePublished":"2025-05-09T09:08:14+00:00","dateModified":"2025-10-04T14:03:56+00:00","description":"Mant\u00e9ngase informado con las \u00faltimas noticias industriales sobre la fabricaci\u00f3n de botellas de vidrio, las tendencias en sostenibilidad, las innovaciones en envases y las novedades en la cadena de suministro global, de la mano de 95GlassBottles.","breadcrumb":{"@id":"https:\/\/95glassbottles.com\/es\/noticias\/#breadcrumb"},"inLanguage":"es","potentialAction":[{"@type":"ReadAction","target":["https:\/\/95glassbottles.com\/es\/noticias\/"]}]},{"@type":"BreadcrumbList","@id":"https:\/\/95glassbottles.com\/es\/noticias\/#breadcrumb","itemListElement":[{"@type":"ListItem","position":1,"name":"Home","item":"https:\/\/95glassbottles.com\/es\/"},{"@type":"ListItem","position":2,"name":"Noticias"}]},{"@type":"WebSite","@id":"https:\/\/95glassbottles.com\/es\/#website","url":"https:\/\/95glassbottles.com\/es\/","name":"95GlassBottles","description":"","publisher":{"@id":"https:\/\/95glassbottles.com\/es\/#organization"},"potentialAction":[{"@type":"SearchAction","target":{"@type":"EntryPoint","urlTemplate":"https:\/\/95glassbottles.com\/es\/?s={search_term_string}"},"query-input":{"@type":"PropertyValueSpecification","valueRequired":true,"valueName":"search_term_string"}}],"inLanguage":"es"},{"@type":"Organization","@id":"https:\/\/95glassbottles.com\/es\/#organization","name":"Shandong Ninety Five Glass Co,.Ltd","url":"https:\/\/95glassbottles.com\/es\/","logo":{"@type":"ImageObject","inLanguage":"es","@id":"https:\/\/95glassbottles.com\/es\/#\/schema\/logo\/image\/","url":"https:\/\/95glassbottles.com\/wp-content\/uploads\/2025\/04\/1-3.webp","contentUrl":"https:\/\/95glassbottles.com\/wp-content\/uploads\/2025\/04\/1-3.webp","width":350,"height":100,"caption":"Shandong Ninety Five Glass Co,.Ltd"},"image":{"@id":"https:\/\/95glassbottles.com\/es\/#\/schema\/logo\/image\/"},"sameAs":["https:\/\/www.facebook.com\/95Glass"]}]}},"_links":{"self":[{"href":"https:\/\/95glassbottles.com\/es\/wp-json\/wp\/v2\/pages\/5502","targetHints":{"allow":["GET"]}}],"collection":[{"href":"https:\/\/95glassbottles.com\/es\/wp-json\/wp\/v2\/pages"}],"about":[{"href":"https:\/\/95glassbottles.com\/es\/wp-json\/wp\/v2\/types\/page"}],"author":[{"embeddable":true,"href":"https:\/\/95glassbottles.com\/es\/wp-json\/wp\/v2\/users\/1"}],"replies":[{"embeddable":true,"href":"https:\/\/95glassbottles.com\/es\/wp-json\/wp\/v2\/comments?post=5502"}],"version-history":[{"count":3,"href":"https:\/\/95glassbottles.com\/es\/wp-json\/wp\/v2\/pages\/5502\/revisions"}],"predecessor-version":[{"id":6064,"href":"https:\/\/95glassbottles.com\/es\/wp-json\/wp\/v2\/pages\/5502\/revisions\/6064"}],"wp:attachment":[{"href":"https:\/\/95glassbottles.com\/es\/wp-json\/wp\/v2\/media?parent=5502"}],"curies":[{"name":"wp","href":"https:\/\/api.w.org\/{rel}","templated":true}]}}