{"id":5512,"date":"2025-09-21T09:10:06","date_gmt":"2025-09-21T09:10:06","guid":{"rendered":"https:\/\/95glassbottles.com\/product\/frasco-de-perfume-redondo-personalizado-de-100-ml\/"},"modified":"2025-09-21T09:10:06","modified_gmt":"2025-09-21T09:10:06","slug":"frasco-de-perfume-redondo-personalizado-de-100-ml","status":"publish","type":"product","link":"https:\/\/95glassbottles.com\/es\/producto\/frasco-de-perfume-redondo-personalizado-de-100-ml\/","title":{"rendered":"Frasco de perfume redondo personalizado de 100 ml"},"content":{"rendered":"<p>Este frasco de perfume personalizado de 100 ml presenta un cuerpo de vidrio redondeado con una superficie lisa y un fondo grueso para mayor estabilidad. El vidrio transparente resalta el color del l\u00edquido, mientras que el tap\u00f3n esf\u00e9rico de madera a\u00f1ade un toque natural. Su vidrio de alta calidad garantiza durabilidad y claridad, lo que lo hace perfecto para perfumes y fragancias de lujo. Su elegante dise\u00f1o realza la imagen de marca y mejora el atractivo en el punto de venta, ofreciendo una soluci\u00f3n de envasado de primera calidad.   <\/p>\n","protected":false},"excerpt":{"rendered":"<p>Elegante frasco de perfume de vidrio personalizado de 100 ml con tap\u00f3n de madera, pedido m\u00ednimo de 30 000 unidades, plazo de entrega de 20 d\u00edas.<\/p>\n","protected":false},"featured_media":5353,"template":"","meta":{"site-sidebar-layout":"default","site-content-layout":"","ast-site-content-layout":"default","site-content-style":"default","site-sidebar-style":"default","ast-global-header-display":"","ast-banner-title-visibility":"","ast-main-header-display":"","ast-hfb-above-header-display":"","ast-hfb-below-header-display":"","ast-hfb-mobile-header-display":"","site-post-title":"","ast-breadcrumbs-content":"","ast-featured-img":"","footer-sml-layout":"","ast-disable-related-posts":"","theme-transparent-header-meta":"default","adv-header-id-meta":"","stick-header-meta":"","header-above-stick-meta":"","header-main-stick-meta":"","header-below-stick-meta":"","astra-migrate-meta-layouts":"default","ast-page-background-enabled":"default","ast-page-background-meta":{"desktop":{"background-color":"var(--ast-global-color-4)","background-image":"","background-repeat":"repeat","background-position":"center center","background-size":"auto","background-attachment":"scroll","background-type":"","background-media":"","overlay-type":"","overlay-color":"","overlay-opacity":"","overlay-gradient":""},"tablet":{"background-color":"","background-image":"","background-repeat":"repeat","background-position":"center center","background-size":"auto","background-attachment":"scroll","background-type":"","background-media":"","overlay-type":"","overlay-color":"","overlay-opacity":"","overlay-gradient":""},"mobile":{"background-color":"","background-image":"","background-repeat":"repeat","background-position":"center center","background-size":"auto","background-attachment":"scroll","background-type":"","background-media":"","overlay-type":"","overlay-color":"","overlay-opacity":"","overlay-gradient":""}},"ast-content-background-meta":{"desktop":{"background-color":"var(--ast-global-color-5)","background-image":"","background-repeat":"repeat","background-position":"center center","background-size":"auto","background-attachment":"scroll","background-type":"","background-media":"","overlay-type":"","overlay-color":"","overlay-opacity":"","overlay-gradient":""},"tablet":{"background-color":"var(--ast-global-color-5)","background-image":"","background-repeat":"repeat","background-position":"center center","background-size":"auto","background-attachment":"scroll","background-type":"","background-media":"","overlay-type":"","overlay-color":"","overlay-opacity":"","overlay-gradient":""},"mobile":{"background-color":"var(--ast-global-color-5)","background-image":"","background-repeat":"repeat","background-position":"center center","background-size":"auto","background-attachment":"scroll","background-type":"","background-media":"","overlay-type":"","overlay-color":"","overlay-opacity":"","overlay-gradient":""}}},"product_brand":[206],"product_cat":[368],"product_tag":[],"class_list":{"0":"post-5512","1":"product","2":"type-product","3":"status-publish","4":"has-post-thumbnail","6":"product_brand-95glass","7":"product_cat-frascos-de-perfume","8":"desktop-align-left","9":"tablet-align-left","10":"mobile-align-left","12":"first","13":"instock","14":"shipping-taxable","15":"purchasable","16":"product-type-simple"},"yoast_head":"<!-- This site is optimized with the Yoast SEO plugin v27.4 - https:\/\/yoast.com\/product\/yoast-seo-wordpress\/ -->\n<title>Frasco de perfume redondo personalizado de 100 ml | 95Glass<\/title>\n<meta name=\"description\" content=\"Elegante frasco de perfume redondo de cristal personalizado de 100 ml con tap\u00f3n de madera, base gruesa, pedido m\u00ednimo de 30 000 unidades, plazo de entrega de 20 d\u00edas, perfecto para marcas de fragancias de lujo.\" \/>\n<meta name=\"robots\" content=\"index, follow, max-snippet:-1, max-image-preview:large, max-video-preview:-1\" \/>\n<link rel=\"canonical\" href=\"https:\/\/95glassbottles.com\/es\/producto\/frasco-de-perfume-redondo-personalizado-de-100-ml\/\" \/>\n<meta property=\"og:locale\" content=\"es_ES\" \/>\n<meta property=\"og:type\" content=\"article\" \/>\n<meta property=\"og:title\" content=\"Frasco de perfume redondo personalizado de 100 ml | 95Glass\" \/>\n<meta property=\"og:description\" content=\"Elegante frasco de perfume redondo de cristal personalizado de 100 ml con tap\u00f3n de madera, base gruesa, pedido m\u00ednimo de 30 000 unidades, plazo de entrega de 20 d\u00edas, perfecto para marcas de fragancias de lujo.\" \/>\n<meta property=\"og:url\" content=\"https:\/\/95glassbottles.com\/es\/producto\/frasco-de-perfume-redondo-personalizado-de-100-ml\/\" \/>\n<meta property=\"og:site_name\" content=\"95Glass\" \/>\n<meta property=\"article:publisher\" content=\"https:\/\/www.facebook.com\/95Glass\" \/>\n<meta property=\"og:image\" content=\"https:\/\/95glassbottles.com\/wp-content\/uploads\/2025\/09\/\u5fae\u4fe1\u56fe\u7247_20250921165541_110_58.jpg\" \/>\n\t<meta property=\"og:image:width\" content=\"1000\" \/>\n\t<meta property=\"og:image:height\" content=\"1000\" \/>\n\t<meta property=\"og:image:type\" content=\"image\/jpeg\" \/>\n<meta name=\"twitter:card\" content=\"summary_large_image\" \/>\n<script type=\"application\/ld+json\" class=\"yoast-schema-graph\">{\"@context\":\"https:\\\/\\\/schema.org\",\"@graph\":[{\"@type\":[\"WebPage\",\"ItemPage\"],\"@id\":\"https:\\\/\\\/95glassbottles.com\\\/es\\\/producto\\\/frasco-de-perfume-redondo-personalizado-de-100-ml\\\/\",\"url\":\"https:\\\/\\\/95glassbottles.com\\\/es\\\/producto\\\/frasco-de-perfume-redondo-personalizado-de-100-ml\\\/\",\"name\":\"Frasco de perfume redondo personalizado de 100 ml | 95Glass\",\"isPartOf\":{\"@id\":\"https:\\\/\\\/95glassbottles.com\\\/es\\\/#website\"},\"primaryImageOfPage\":{\"@id\":\"https:\\\/\\\/95glassbottles.com\\\/es\\\/producto\\\/frasco-de-perfume-redondo-personalizado-de-100-ml\\\/#primaryimage\"},\"image\":{\"@id\":\"https:\\\/\\\/95glassbottles.com\\\/es\\\/producto\\\/frasco-de-perfume-redondo-personalizado-de-100-ml\\\/#primaryimage\"},\"thumbnailUrl\":\"https:\\\/\\\/95glassbottles.com\\\/wp-content\\\/uploads\\\/2025\\\/09\\\/\u5fae\u4fe1\u56fe\u7247_20250921165541_110_58.jpg\",\"datePublished\":\"2025-09-21T09:10:06+00:00\",\"description\":\"Elegante frasco de perfume redondo de cristal personalizado de 100 ml con tap\u00f3n de madera, base gruesa, pedido m\u00ednimo de 30 000 unidades, plazo de entrega de 20 d\u00edas, perfecto para marcas de fragancias de lujo.\",\"breadcrumb\":{\"@id\":\"https:\\\/\\\/95glassbottles.com\\\/es\\\/producto\\\/frasco-de-perfume-redondo-personalizado-de-100-ml\\\/#breadcrumb\"},\"inLanguage\":\"es\",\"potentialAction\":[{\"@type\":\"ReadAction\",\"target\":[\"https:\\\/\\\/95glassbottles.com\\\/es\\\/producto\\\/frasco-de-perfume-redondo-personalizado-de-100-ml\\\/\"]}]},{\"@type\":\"ImageObject\",\"inLanguage\":\"es\",\"@id\":\"https:\\\/\\\/95glassbottles.com\\\/es\\\/producto\\\/frasco-de-perfume-redondo-personalizado-de-100-ml\\\/#primaryimage\",\"url\":\"https:\\\/\\\/95glassbottles.com\\\/wp-content\\\/uploads\\\/2025\\\/09\\\/\u5fae\u4fe1\u56fe\u7247_20250921165541_110_58.jpg\",\"contentUrl\":\"https:\\\/\\\/95glassbottles.com\\\/wp-content\\\/uploads\\\/2025\\\/09\\\/\u5fae\u4fe1\u56fe\u7247_20250921165541_110_58.jpg\",\"width\":1000,\"height\":1000,\"caption\":\"Frasco de perfume de cristal personalizado con cuerpo redondo y tap\u00f3n de madera, 100 ml.\"},{\"@type\":\"BreadcrumbList\",\"@id\":\"https:\\\/\\\/95glassbottles.com\\\/es\\\/producto\\\/frasco-de-perfume-redondo-personalizado-de-100-ml\\\/#breadcrumb\",\"itemListElement\":[{\"@type\":\"ListItem\",\"position\":1,\"name\":\"Home\",\"item\":\"https:\\\/\\\/95glassbottles.com\\\/es\\\/\"},{\"@type\":\"ListItem\",\"position\":2,\"name\":\"Productos\",\"item\":\"https:\\\/\\\/95glassbottles.com\\\/es\\\/shop\\\/\"},{\"@type\":\"ListItem\",\"position\":3,\"name\":\"Frasco de perfume redondo personalizado de 100 ml\"}]},{\"@type\":\"WebSite\",\"@id\":\"https:\\\/\\\/95glassbottles.com\\\/es\\\/#website\",\"url\":\"https:\\\/\\\/95glassbottles.com\\\/es\\\/\",\"name\":\"95GlassBottles\",\"description\":\"\",\"publisher\":{\"@id\":\"https:\\\/\\\/95glassbottles.com\\\/es\\\/#organization\"},\"potentialAction\":[{\"@type\":\"SearchAction\",\"target\":{\"@type\":\"EntryPoint\",\"urlTemplate\":\"https:\\\/\\\/95glassbottles.com\\\/es\\\/?s={search_term_string}\"},\"query-input\":{\"@type\":\"PropertyValueSpecification\",\"valueRequired\":true,\"valueName\":\"search_term_string\"}}],\"inLanguage\":\"es\"},{\"@type\":\"Organization\",\"@id\":\"https:\\\/\\\/95glassbottles.com\\\/es\\\/#organization\",\"name\":\"Shandong Ninety Five Glass Co,.Ltd\",\"url\":\"https:\\\/\\\/95glassbottles.com\\\/es\\\/\",\"logo\":{\"@type\":\"ImageObject\",\"inLanguage\":\"es\",\"@id\":\"https:\\\/\\\/95glassbottles.com\\\/es\\\/#\\\/schema\\\/logo\\\/image\\\/\",\"url\":\"https:\\\/\\\/95glassbottles.com\\\/wp-content\\\/uploads\\\/2025\\\/04\\\/1-3.webp\",\"contentUrl\":\"https:\\\/\\\/95glassbottles.com\\\/wp-content\\\/uploads\\\/2025\\\/04\\\/1-3.webp\",\"width\":350,\"height\":100,\"caption\":\"Shandong Ninety Five Glass Co,.Ltd\"},\"image\":{\"@id\":\"https:\\\/\\\/95glassbottles.com\\\/es\\\/#\\\/schema\\\/logo\\\/image\\\/\"},\"sameAs\":[\"https:\\\/\\\/www.facebook.com\\\/95Glass\"]}]}<\/script>\n<!-- \/ Yoast SEO plugin. -->","yoast_head_json":{"title":"Frasco de perfume redondo personalizado de 100 ml | 95Glass","description":"Elegante frasco de perfume redondo de cristal personalizado de 100 ml con tap\u00f3n de madera, base gruesa, pedido m\u00ednimo de 30 000 unidades, plazo de entrega de 20 d\u00edas, perfecto para marcas de fragancias de lujo.","robots":{"index":"index","follow":"follow","max-snippet":"max-snippet:-1","max-image-preview":"max-image-preview:large","max-video-preview":"max-video-preview:-1"},"canonical":"https:\/\/95glassbottles.com\/es\/producto\/frasco-de-perfume-redondo-personalizado-de-100-ml\/","og_locale":"es_ES","og_type":"article","og_title":"Frasco de perfume redondo personalizado de 100 ml | 95Glass","og_description":"Elegante frasco de perfume redondo de cristal personalizado de 100 ml con tap\u00f3n de madera, base gruesa, pedido m\u00ednimo de 30 000 unidades, plazo de entrega de 20 d\u00edas, perfecto para marcas de fragancias de lujo.","og_url":"https:\/\/95glassbottles.com\/es\/producto\/frasco-de-perfume-redondo-personalizado-de-100-ml\/","og_site_name":"95Glass","article_publisher":"https:\/\/www.facebook.com\/95Glass","og_image":[{"width":1000,"height":1000,"url":"https:\/\/95glassbottles.com\/wp-content\/uploads\/2025\/09\/\u5fae\u4fe1\u56fe\u7247_20250921165541_110_58.jpg","type":"image\/jpeg"}],"twitter_card":"summary_large_image","schema":{"@context":"https:\/\/schema.org","@graph":[{"@type":["WebPage","ItemPage"],"@id":"https:\/\/95glassbottles.com\/es\/producto\/frasco-de-perfume-redondo-personalizado-de-100-ml\/","url":"https:\/\/95glassbottles.com\/es\/producto\/frasco-de-perfume-redondo-personalizado-de-100-ml\/","name":"Frasco de perfume redondo personalizado de 100 ml | 95Glass","isPartOf":{"@id":"https:\/\/95glassbottles.com\/es\/#website"},"primaryImageOfPage":{"@id":"https:\/\/95glassbottles.com\/es\/producto\/frasco-de-perfume-redondo-personalizado-de-100-ml\/#primaryimage"},"image":{"@id":"https:\/\/95glassbottles.com\/es\/producto\/frasco-de-perfume-redondo-personalizado-de-100-ml\/#primaryimage"},"thumbnailUrl":"https:\/\/95glassbottles.com\/wp-content\/uploads\/2025\/09\/\u5fae\u4fe1\u56fe\u7247_20250921165541_110_58.jpg","datePublished":"2025-09-21T09:10:06+00:00","description":"Elegante frasco de perfume redondo de cristal personalizado de 100 ml con tap\u00f3n de madera, base gruesa, pedido m\u00ednimo de 30 000 unidades, plazo de entrega de 20 d\u00edas, perfecto para marcas de fragancias de lujo.","breadcrumb":{"@id":"https:\/\/95glassbottles.com\/es\/producto\/frasco-de-perfume-redondo-personalizado-de-100-ml\/#breadcrumb"},"inLanguage":"es","potentialAction":[{"@type":"ReadAction","target":["https:\/\/95glassbottles.com\/es\/producto\/frasco-de-perfume-redondo-personalizado-de-100-ml\/"]}]},{"@type":"ImageObject","inLanguage":"es","@id":"https:\/\/95glassbottles.com\/es\/producto\/frasco-de-perfume-redondo-personalizado-de-100-ml\/#primaryimage","url":"https:\/\/95glassbottles.com\/wp-content\/uploads\/2025\/09\/\u5fae\u4fe1\u56fe\u7247_20250921165541_110_58.jpg","contentUrl":"https:\/\/95glassbottles.com\/wp-content\/uploads\/2025\/09\/\u5fae\u4fe1\u56fe\u7247_20250921165541_110_58.jpg","width":1000,"height":1000,"caption":"Frasco de perfume de cristal personalizado con cuerpo redondo y tap\u00f3n de madera, 100 ml."},{"@type":"BreadcrumbList","@id":"https:\/\/95glassbottles.com\/es\/producto\/frasco-de-perfume-redondo-personalizado-de-100-ml\/#breadcrumb","itemListElement":[{"@type":"ListItem","position":1,"name":"Home","item":"https:\/\/95glassbottles.com\/es\/"},{"@type":"ListItem","position":2,"name":"Productos","item":"https:\/\/95glassbottles.com\/es\/shop\/"},{"@type":"ListItem","position":3,"name":"Frasco de perfume redondo personalizado de 100 ml"}]},{"@type":"WebSite","@id":"https:\/\/95glassbottles.com\/es\/#website","url":"https:\/\/95glassbottles.com\/es\/","name":"95GlassBottles","description":"","publisher":{"@id":"https:\/\/95glassbottles.com\/es\/#organization"},"potentialAction":[{"@type":"SearchAction","target":{"@type":"EntryPoint","urlTemplate":"https:\/\/95glassbottles.com\/es\/?s={search_term_string}"},"query-input":{"@type":"PropertyValueSpecification","valueRequired":true,"valueName":"search_term_string"}}],"inLanguage":"es"},{"@type":"Organization","@id":"https:\/\/95glassbottles.com\/es\/#organization","name":"Shandong Ninety Five Glass Co,.Ltd","url":"https:\/\/95glassbottles.com\/es\/","logo":{"@type":"ImageObject","inLanguage":"es","@id":"https:\/\/95glassbottles.com\/es\/#\/schema\/logo\/image\/","url":"https:\/\/95glassbottles.com\/wp-content\/uploads\/2025\/04\/1-3.webp","contentUrl":"https:\/\/95glassbottles.com\/wp-content\/uploads\/2025\/04\/1-3.webp","width":350,"height":100,"caption":"Shandong Ninety Five Glass Co,.Ltd"},"image":{"@id":"https:\/\/95glassbottles.com\/es\/#\/schema\/logo\/image\/"},"sameAs":["https:\/\/www.facebook.com\/95Glass"]}]}},"_links":{"self":[{"href":"https:\/\/95glassbottles.com\/es\/wp-json\/wp\/v2\/product\/5512","targetHints":{"allow":["GET"]}}],"collection":[{"href":"https:\/\/95glassbottles.com\/es\/wp-json\/wp\/v2\/product"}],"about":[{"href":"https:\/\/95glassbottles.com\/es\/wp-json\/wp\/v2\/types\/product"}],"wp:featuredmedia":[{"embeddable":true,"href":"https:\/\/95glassbottles.com\/es\/wp-json\/wp\/v2\/media\/5353"}],"wp:attachment":[{"href":"https:\/\/95glassbottles.com\/es\/wp-json\/wp\/v2\/media?parent=5512"}],"wp:term":[{"taxonomy":"product_brand","embeddable":true,"href":"https:\/\/95glassbottles.com\/es\/wp-json\/wp\/v2\/product_brand?post=5512"},{"taxonomy":"product_cat","embeddable":true,"href":"https:\/\/95glassbottles.com\/es\/wp-json\/wp\/v2\/product_cat?post=5512"},{"taxonomy":"product_tag","embeddable":true,"href":"https:\/\/95glassbottles.com\/es\/wp-json\/wp\/v2\/product_tag?post=5512"}],"curies":[{"name":"wp","href":"https:\/\/api.w.org\/{rel}","templated":true}]}}