{"id":5534,"date":"2025-08-19T09:06:34","date_gmt":"2025-08-19T09:06:34","guid":{"rendered":"https:\/\/95glassbottles.com\/product\/botella-de-licor-de-boca-plana-redonda-geometrica-y-transparente-de-1000-ml\/"},"modified":"2025-08-19T09:06:34","modified_gmt":"2025-08-19T09:06:34","slug":"botella-de-licor-de-boca-plana-redonda-geometrica-y-transparente-de-1000-ml","status":"publish","type":"product","link":"https:\/\/95glassbottles.com\/es\/producto\/botella-de-licor-de-boca-plana-redonda-geometrica-y-transparente-de-1000-ml\/","title":{"rendered":"Botella de licor de boca plana, redonda, geom\u00e9trica y transparente, de 1000 ml"},"content":{"rendered":"<p>Esta botella redonda de vidrio para licores destaca por su audaz relieve geom\u00e9trico. Su cuerpo de vidrio transparente realza la transparencia y la durabilidad para un envasado de licores de alta calidad. Su base ancha y plana garantiza estabilidad y una presentaci\u00f3n impecable. El cuello corto facilita el sellado y el vertido. Con su elegante forma circular, la botella realza el valor de la marca y el atractivo visual. Es ideal para whisky, vodka o licores especiales que requieren un dise\u00f1o distintivo y llamativo.     <\/p>\n","protected":false},"excerpt":{"rendered":"<p>Botella redonda de 1000 ml con dise\u00f1o geom\u00e9trico en relieve y base gruesa. Ideal para whisky, vodka o co\u00f1ac. Pedido m\u00ednimo: 12 000 unidades. Plazo de entrega: 15-20 d\u00edas.  <\/p>\n","protected":false},"featured_media":4631,"template":"","meta":{"site-sidebar-layout":"default","site-content-layout":"","ast-site-content-layout":"default","site-content-style":"default","site-sidebar-style":"default","ast-global-header-display":"","ast-banner-title-visibility":"","ast-main-header-display":"","ast-hfb-above-header-display":"","ast-hfb-below-header-display":"","ast-hfb-mobile-header-display":"","site-post-title":"","ast-breadcrumbs-content":"","ast-featured-img":"","footer-sml-layout":"","ast-disable-related-posts":"","theme-transparent-header-meta":"default","adv-header-id-meta":"","stick-header-meta":"","header-above-stick-meta":"","header-main-stick-meta":"","header-below-stick-meta":"","astra-migrate-meta-layouts":"default","ast-page-background-enabled":"default","ast-page-background-meta":{"desktop":{"background-color":"var(--ast-global-color-4)","background-image":"","background-repeat":"repeat","background-position":"center center","background-size":"auto","background-attachment":"scroll","background-type":"","background-media":"","overlay-type":"","overlay-color":"","overlay-opacity":"","overlay-gradient":""},"tablet":{"background-color":"","background-image":"","background-repeat":"repeat","background-position":"center center","background-size":"auto","background-attachment":"scroll","background-type":"","background-media":"","overlay-type":"","overlay-color":"","overlay-opacity":"","overlay-gradient":""},"mobile":{"background-color":"","background-image":"","background-repeat":"repeat","background-position":"center center","background-size":"auto","background-attachment":"scroll","background-type":"","background-media":"","overlay-type":"","overlay-color":"","overlay-opacity":"","overlay-gradient":""}},"ast-content-background-meta":{"desktop":{"background-color":"var(--ast-global-color-5)","background-image":"","background-repeat":"repeat","background-position":"center center","background-size":"auto","background-attachment":"scroll","background-type":"","background-media":"","overlay-type":"","overlay-color":"","overlay-opacity":"","overlay-gradient":""},"tablet":{"background-color":"var(--ast-global-color-5)","background-image":"","background-repeat":"repeat","background-position":"center center","background-size":"auto","background-attachment":"scroll","background-type":"","background-media":"","overlay-type":"","overlay-color":"","overlay-opacity":"","overlay-gradient":""},"mobile":{"background-color":"var(--ast-global-color-5)","background-image":"","background-repeat":"repeat","background-position":"center center","background-size":"auto","background-attachment":"scroll","background-type":"","background-media":"","overlay-type":"","overlay-color":"","overlay-opacity":"","overlay-gradient":""}}},"product_brand":[206],"product_cat":[398,397,352],"product_tag":[],"class_list":{"0":"post-5534","1":"product","2":"type-product","3":"status-publish","4":"has-post-thumbnail","6":"product_brand-95glass","7":"product_cat-botellas-de-licor-de-1000-ml","8":"product_cat-botellas-espirituales","9":"product_cat-sin-categoria","10":"desktop-align-left","11":"tablet-align-left","12":"mobile-align-left","14":"first","15":"instock","16":"shipping-taxable","17":"purchasable","18":"product-type-simple"},"yoast_head":"<!-- This site is optimized with the Yoast SEO plugin v27.4 - https:\/\/yoast.com\/product\/yoast-seo-wordpress\/ -->\n<title>Botella de licor de boca plana, redonda, geom\u00e9trica y transparente de 1000 ml | 95Glass<\/title>\n<meta name=\"description\" content=\"Botella de licor de boca plana geom\u00e9trica redonda transparente de 1000 ml de primera calidad con dise\u00f1o decorativo, perfecta para envasar whisky, vodka y brandy.\" \/>\n<meta name=\"robots\" content=\"index, follow, max-snippet:-1, max-image-preview:large, max-video-preview:-1\" \/>\n<link rel=\"canonical\" href=\"https:\/\/95glassbottles.com\/es\/producto\/botella-de-licor-de-boca-plana-redonda-geometrica-y-transparente-de-1000-ml\/\" \/>\n<meta property=\"og:locale\" content=\"es_ES\" \/>\n<meta property=\"og:type\" content=\"article\" \/>\n<meta property=\"og:title\" content=\"Botella de licor de boca plana, redonda, geom\u00e9trica y transparente de 1000 ml | 95Glass\" \/>\n<meta property=\"og:description\" content=\"Botella de licor de boca plana geom\u00e9trica redonda transparente de 1000 ml de primera calidad con dise\u00f1o decorativo, perfecta para envasar whisky, vodka y brandy.\" \/>\n<meta property=\"og:url\" content=\"https:\/\/95glassbottles.com\/es\/producto\/botella-de-licor-de-boca-plana-redonda-geometrica-y-transparente-de-1000-ml\/\" \/>\n<meta property=\"og:site_name\" content=\"95Glass\" \/>\n<meta property=\"article:publisher\" content=\"https:\/\/www.facebook.com\/95Glass\" \/>\n<meta property=\"og:image\" content=\"https:\/\/95glassbottles.com\/wp-content\/uploads\/2025\/08\/NF113-1000ml-1200g-1.jpg\" \/>\n\t<meta property=\"og:image:width\" content=\"1000\" \/>\n\t<meta property=\"og:image:height\" content=\"1000\" \/>\n\t<meta property=\"og:image:type\" content=\"image\/jpeg\" \/>\n<meta name=\"twitter:card\" content=\"summary_large_image\" \/>\n<script type=\"application\/ld+json\" class=\"yoast-schema-graph\">{\"@context\":\"https:\\\/\\\/schema.org\",\"@graph\":[{\"@type\":[\"WebPage\",\"ItemPage\"],\"@id\":\"https:\\\/\\\/95glassbottles.com\\\/es\\\/producto\\\/botella-de-licor-de-boca-plana-redonda-geometrica-y-transparente-de-1000-ml\\\/\",\"url\":\"https:\\\/\\\/95glassbottles.com\\\/es\\\/producto\\\/botella-de-licor-de-boca-plana-redonda-geometrica-y-transparente-de-1000-ml\\\/\",\"name\":\"Botella de licor de boca plana, redonda, geom\u00e9trica y transparente de 1000 ml | 95Glass\",\"isPartOf\":{\"@id\":\"https:\\\/\\\/95glassbottles.com\\\/es\\\/#website\"},\"primaryImageOfPage\":{\"@id\":\"https:\\\/\\\/95glassbottles.com\\\/es\\\/producto\\\/botella-de-licor-de-boca-plana-redonda-geometrica-y-transparente-de-1000-ml\\\/#primaryimage\"},\"image\":{\"@id\":\"https:\\\/\\\/95glassbottles.com\\\/es\\\/producto\\\/botella-de-licor-de-boca-plana-redonda-geometrica-y-transparente-de-1000-ml\\\/#primaryimage\"},\"thumbnailUrl\":\"https:\\\/\\\/95glassbottles.com\\\/wp-content\\\/uploads\\\/2025\\\/08\\\/NF113-1000ml-1200g-1.jpg\",\"datePublished\":\"2025-08-19T09:06:34+00:00\",\"description\":\"Botella de licor de boca plana geom\u00e9trica redonda transparente de 1000 ml de primera calidad con dise\u00f1o decorativo, perfecta para envasar whisky, vodka y brandy.\",\"breadcrumb\":{\"@id\":\"https:\\\/\\\/95glassbottles.com\\\/es\\\/producto\\\/botella-de-licor-de-boca-plana-redonda-geometrica-y-transparente-de-1000-ml\\\/#breadcrumb\"},\"inLanguage\":\"es\",\"potentialAction\":[{\"@type\":\"ReadAction\",\"target\":[\"https:\\\/\\\/95glassbottles.com\\\/es\\\/producto\\\/botella-de-licor-de-boca-plana-redonda-geometrica-y-transparente-de-1000-ml\\\/\"]}]},{\"@type\":\"ImageObject\",\"inLanguage\":\"es\",\"@id\":\"https:\\\/\\\/95glassbottles.com\\\/es\\\/producto\\\/botella-de-licor-de-boca-plana-redonda-geometrica-y-transparente-de-1000-ml\\\/#primaryimage\",\"url\":\"https:\\\/\\\/95glassbottles.com\\\/wp-content\\\/uploads\\\/2025\\\/08\\\/NF113-1000ml-1200g-1.jpg\",\"contentUrl\":\"https:\\\/\\\/95glassbottles.com\\\/wp-content\\\/uploads\\\/2025\\\/08\\\/NF113-1000ml-1200g-1.jpg\",\"width\":1000,\"height\":1000,\"caption\":\"Elegante botella de licor redonda transparente de 1000 ml con dise\u00f1o geom\u00e9trico y boca plana.\"},{\"@type\":\"BreadcrumbList\",\"@id\":\"https:\\\/\\\/95glassbottles.com\\\/es\\\/producto\\\/botella-de-licor-de-boca-plana-redonda-geometrica-y-transparente-de-1000-ml\\\/#breadcrumb\",\"itemListElement\":[{\"@type\":\"ListItem\",\"position\":1,\"name\":\"Home\",\"item\":\"https:\\\/\\\/95glassbottles.com\\\/es\\\/\"},{\"@type\":\"ListItem\",\"position\":2,\"name\":\"Productos\",\"item\":\"https:\\\/\\\/95glassbottles.com\\\/es\\\/shop\\\/\"},{\"@type\":\"ListItem\",\"position\":3,\"name\":\"Botella de licor de boca plana, redonda, geom\u00e9trica y transparente, de 1000 ml\"}]},{\"@type\":\"WebSite\",\"@id\":\"https:\\\/\\\/95glassbottles.com\\\/es\\\/#website\",\"url\":\"https:\\\/\\\/95glassbottles.com\\\/es\\\/\",\"name\":\"95GlassBottles\",\"description\":\"\",\"publisher\":{\"@id\":\"https:\\\/\\\/95glassbottles.com\\\/es\\\/#organization\"},\"potentialAction\":[{\"@type\":\"SearchAction\",\"target\":{\"@type\":\"EntryPoint\",\"urlTemplate\":\"https:\\\/\\\/95glassbottles.com\\\/es\\\/?s={search_term_string}\"},\"query-input\":{\"@type\":\"PropertyValueSpecification\",\"valueRequired\":true,\"valueName\":\"search_term_string\"}}],\"inLanguage\":\"es\"},{\"@type\":\"Organization\",\"@id\":\"https:\\\/\\\/95glassbottles.com\\\/es\\\/#organization\",\"name\":\"Shandong Ninety Five Glass Co,.Ltd\",\"url\":\"https:\\\/\\\/95glassbottles.com\\\/es\\\/\",\"logo\":{\"@type\":\"ImageObject\",\"inLanguage\":\"es\",\"@id\":\"https:\\\/\\\/95glassbottles.com\\\/es\\\/#\\\/schema\\\/logo\\\/image\\\/\",\"url\":\"https:\\\/\\\/95glassbottles.com\\\/wp-content\\\/uploads\\\/2025\\\/04\\\/1-3.webp\",\"contentUrl\":\"https:\\\/\\\/95glassbottles.com\\\/wp-content\\\/uploads\\\/2025\\\/04\\\/1-3.webp\",\"width\":350,\"height\":100,\"caption\":\"Shandong Ninety Five Glass Co,.Ltd\"},\"image\":{\"@id\":\"https:\\\/\\\/95glassbottles.com\\\/es\\\/#\\\/schema\\\/logo\\\/image\\\/\"},\"sameAs\":[\"https:\\\/\\\/www.facebook.com\\\/95Glass\"]}]}<\/script>\n<!-- \/ Yoast SEO plugin. -->","yoast_head_json":{"title":"Botella de licor de boca plana, redonda, geom\u00e9trica y transparente de 1000 ml | 95Glass","description":"Botella de licor de boca plana geom\u00e9trica redonda transparente de 1000 ml de primera calidad con dise\u00f1o decorativo, perfecta para envasar whisky, vodka y brandy.","robots":{"index":"index","follow":"follow","max-snippet":"max-snippet:-1","max-image-preview":"max-image-preview:large","max-video-preview":"max-video-preview:-1"},"canonical":"https:\/\/95glassbottles.com\/es\/producto\/botella-de-licor-de-boca-plana-redonda-geometrica-y-transparente-de-1000-ml\/","og_locale":"es_ES","og_type":"article","og_title":"Botella de licor de boca plana, redonda, geom\u00e9trica y transparente de 1000 ml | 95Glass","og_description":"Botella de licor de boca plana geom\u00e9trica redonda transparente de 1000 ml de primera calidad con dise\u00f1o decorativo, perfecta para envasar whisky, vodka y brandy.","og_url":"https:\/\/95glassbottles.com\/es\/producto\/botella-de-licor-de-boca-plana-redonda-geometrica-y-transparente-de-1000-ml\/","og_site_name":"95Glass","article_publisher":"https:\/\/www.facebook.com\/95Glass","og_image":[{"width":1000,"height":1000,"url":"https:\/\/95glassbottles.com\/wp-content\/uploads\/2025\/08\/NF113-1000ml-1200g-1.jpg","type":"image\/jpeg"}],"twitter_card":"summary_large_image","schema":{"@context":"https:\/\/schema.org","@graph":[{"@type":["WebPage","ItemPage"],"@id":"https:\/\/95glassbottles.com\/es\/producto\/botella-de-licor-de-boca-plana-redonda-geometrica-y-transparente-de-1000-ml\/","url":"https:\/\/95glassbottles.com\/es\/producto\/botella-de-licor-de-boca-plana-redonda-geometrica-y-transparente-de-1000-ml\/","name":"Botella de licor de boca plana, redonda, geom\u00e9trica y transparente de 1000 ml | 95Glass","isPartOf":{"@id":"https:\/\/95glassbottles.com\/es\/#website"},"primaryImageOfPage":{"@id":"https:\/\/95glassbottles.com\/es\/producto\/botella-de-licor-de-boca-plana-redonda-geometrica-y-transparente-de-1000-ml\/#primaryimage"},"image":{"@id":"https:\/\/95glassbottles.com\/es\/producto\/botella-de-licor-de-boca-plana-redonda-geometrica-y-transparente-de-1000-ml\/#primaryimage"},"thumbnailUrl":"https:\/\/95glassbottles.com\/wp-content\/uploads\/2025\/08\/NF113-1000ml-1200g-1.jpg","datePublished":"2025-08-19T09:06:34+00:00","description":"Botella de licor de boca plana geom\u00e9trica redonda transparente de 1000 ml de primera calidad con dise\u00f1o decorativo, perfecta para envasar whisky, vodka y brandy.","breadcrumb":{"@id":"https:\/\/95glassbottles.com\/es\/producto\/botella-de-licor-de-boca-plana-redonda-geometrica-y-transparente-de-1000-ml\/#breadcrumb"},"inLanguage":"es","potentialAction":[{"@type":"ReadAction","target":["https:\/\/95glassbottles.com\/es\/producto\/botella-de-licor-de-boca-plana-redonda-geometrica-y-transparente-de-1000-ml\/"]}]},{"@type":"ImageObject","inLanguage":"es","@id":"https:\/\/95glassbottles.com\/es\/producto\/botella-de-licor-de-boca-plana-redonda-geometrica-y-transparente-de-1000-ml\/#primaryimage","url":"https:\/\/95glassbottles.com\/wp-content\/uploads\/2025\/08\/NF113-1000ml-1200g-1.jpg","contentUrl":"https:\/\/95glassbottles.com\/wp-content\/uploads\/2025\/08\/NF113-1000ml-1200g-1.jpg","width":1000,"height":1000,"caption":"Elegante botella de licor redonda transparente de 1000 ml con dise\u00f1o geom\u00e9trico y boca plana."},{"@type":"BreadcrumbList","@id":"https:\/\/95glassbottles.com\/es\/producto\/botella-de-licor-de-boca-plana-redonda-geometrica-y-transparente-de-1000-ml\/#breadcrumb","itemListElement":[{"@type":"ListItem","position":1,"name":"Home","item":"https:\/\/95glassbottles.com\/es\/"},{"@type":"ListItem","position":2,"name":"Productos","item":"https:\/\/95glassbottles.com\/es\/shop\/"},{"@type":"ListItem","position":3,"name":"Botella de licor de boca plana, redonda, geom\u00e9trica y transparente, de 1000 ml"}]},{"@type":"WebSite","@id":"https:\/\/95glassbottles.com\/es\/#website","url":"https:\/\/95glassbottles.com\/es\/","name":"95GlassBottles","description":"","publisher":{"@id":"https:\/\/95glassbottles.com\/es\/#organization"},"potentialAction":[{"@type":"SearchAction","target":{"@type":"EntryPoint","urlTemplate":"https:\/\/95glassbottles.com\/es\/?s={search_term_string}"},"query-input":{"@type":"PropertyValueSpecification","valueRequired":true,"valueName":"search_term_string"}}],"inLanguage":"es"},{"@type":"Organization","@id":"https:\/\/95glassbottles.com\/es\/#organization","name":"Shandong Ninety Five Glass Co,.Ltd","url":"https:\/\/95glassbottles.com\/es\/","logo":{"@type":"ImageObject","inLanguage":"es","@id":"https:\/\/95glassbottles.com\/es\/#\/schema\/logo\/image\/","url":"https:\/\/95glassbottles.com\/wp-content\/uploads\/2025\/04\/1-3.webp","contentUrl":"https:\/\/95glassbottles.com\/wp-content\/uploads\/2025\/04\/1-3.webp","width":350,"height":100,"caption":"Shandong Ninety Five Glass Co,.Ltd"},"image":{"@id":"https:\/\/95glassbottles.com\/es\/#\/schema\/logo\/image\/"},"sameAs":["https:\/\/www.facebook.com\/95Glass"]}]}},"_links":{"self":[{"href":"https:\/\/95glassbottles.com\/es\/wp-json\/wp\/v2\/product\/5534","targetHints":{"allow":["GET"]}}],"collection":[{"href":"https:\/\/95glassbottles.com\/es\/wp-json\/wp\/v2\/product"}],"about":[{"href":"https:\/\/95glassbottles.com\/es\/wp-json\/wp\/v2\/types\/product"}],"wp:featuredmedia":[{"embeddable":true,"href":"https:\/\/95glassbottles.com\/es\/wp-json\/wp\/v2\/media\/4631"}],"wp:attachment":[{"href":"https:\/\/95glassbottles.com\/es\/wp-json\/wp\/v2\/media?parent=5534"}],"wp:term":[{"taxonomy":"product_brand","embeddable":true,"href":"https:\/\/95glassbottles.com\/es\/wp-json\/wp\/v2\/product_brand?post=5534"},{"taxonomy":"product_cat","embeddable":true,"href":"https:\/\/95glassbottles.com\/es\/wp-json\/wp\/v2\/product_cat?post=5534"},{"taxonomy":"product_tag","embeddable":true,"href":"https:\/\/95glassbottles.com\/es\/wp-json\/wp\/v2\/product_tag?post=5534"}],"curies":[{"name":"wp","href":"https:\/\/api.w.org\/{rel}","templated":true}]}}