{"id":5658,"date":"2025-08-15T07:33:32","date_gmt":"2025-08-15T07:33:32","guid":{"rendered":"https:\/\/95glassbottles.com\/product\/tapa-de-botella-de-plastico-dorada-con-diseno-en-forma-de-t-y-multiples-orificios\/"},"modified":"2025-08-15T07:33:32","modified_gmt":"2025-08-15T07:33:32","slug":"tapa-de-botella-de-plastico-dorada-con-diseno-en-forma-de-t-y-multiples-orificios","status":"publish","type":"product","link":"https:\/\/95glassbottles.com\/es\/producto\/tapa-de-botella-de-plastico-dorada-con-diseno-en-forma-de-t-y-multiples-orificios\/","title":{"rendered":"Tapa de botella de pl\u00e1stico dorada con dise\u00f1o en forma de T y m\u00faltiples orificios"},"content":{"rendered":"<p>Estos tapones para botellas cuentan con elegantes tapas de pl\u00e1stico dorado y diferentes tipos de cuerpo. Los cuerpos de corcho natural destacan por su autenticidad y su car\u00e1cter ecol\u00f3gico. Los cuerpos de pol\u00edmero sint\u00e9tico ofrecen durabilidad y una excelente hermeticidad. Los cuerpos de corcho microagregado combinan elasticidad y resistencia para un cierre seguro. Todas las opciones garantizan una hermeticidad total para preservar la calidad y el aroma de la bebida. Ideales para whisky, vodka y otras bebidas espirituosas de alta gama, permiten personalizar la marca y ofrecen una elegante soluci\u00f3n pr\u00e1ctica para diversas necesidades de envasado.     <\/p>\n","protected":false},"excerpt":{"rendered":"<p>Tapones de pl\u00e1stico con acabado dorado y n\u00facleo de pol\u00edmero, corcho natural o corcho microagregado. Cantidad m\u00ednima de pedido 6000 piezas. Tiempo de producci\u00f3n 10\u201320 d\u00edas.<\/p>\n","protected":false},"featured_media":4553,"template":"","meta":{"site-sidebar-layout":"default","site-content-layout":"","ast-site-content-layout":"default","site-content-style":"default","site-sidebar-style":"default","ast-global-header-display":"","ast-banner-title-visibility":"","ast-main-header-display":"","ast-hfb-above-header-display":"","ast-hfb-below-header-display":"","ast-hfb-mobile-header-display":"","site-post-title":"","ast-breadcrumbs-content":"","ast-featured-img":"","footer-sml-layout":"","ast-disable-related-posts":"","theme-transparent-header-meta":"default","adv-header-id-meta":"","stick-header-meta":"","header-above-stick-meta":"","header-main-stick-meta":"","header-below-stick-meta":"","astra-migrate-meta-layouts":"default","ast-page-background-enabled":"default","ast-page-background-meta":{"desktop":{"background-color":"var(--ast-global-color-4)","background-image":"","background-repeat":"repeat","background-position":"center center","background-size":"auto","background-attachment":"scroll","background-type":"","background-media":"","overlay-type":"","overlay-color":"","overlay-opacity":"","overlay-gradient":""},"tablet":{"background-color":"","background-image":"","background-repeat":"repeat","background-position":"center center","background-size":"auto","background-attachment":"scroll","background-type":"","background-media":"","overlay-type":"","overlay-color":"","overlay-opacity":"","overlay-gradient":""},"mobile":{"background-color":"","background-image":"","background-repeat":"repeat","background-position":"center center","background-size":"auto","background-attachment":"scroll","background-type":"","background-media":"","overlay-type":"","overlay-color":"","overlay-opacity":"","overlay-gradient":""}},"ast-content-background-meta":{"desktop":{"background-color":"var(--ast-global-color-5)","background-image":"","background-repeat":"repeat","background-position":"center center","background-size":"auto","background-attachment":"scroll","background-type":"","background-media":"","overlay-type":"","overlay-color":"","overlay-opacity":"","overlay-gradient":""},"tablet":{"background-color":"var(--ast-global-color-5)","background-image":"","background-repeat":"repeat","background-position":"center center","background-size":"auto","background-attachment":"scroll","background-type":"","background-media":"","overlay-type":"","overlay-color":"","overlay-opacity":"","overlay-gradient":""},"mobile":{"background-color":"var(--ast-global-color-5)","background-image":"","background-repeat":"repeat","background-position":"center center","background-size":"auto","background-attachment":"scroll","background-type":"","background-media":"","overlay-type":"","overlay-color":"","overlay-opacity":"","overlay-gradient":""}}},"product_brand":[],"product_cat":[352,548,375],"product_tag":[],"class_list":{"0":"post-5658","1":"product","2":"type-product","3":"status-publish","4":"has-post-thumbnail","6":"product_cat-sin-categoria","7":"product_cat-tapones-para-botellas-de-bar","8":"product_cat-tapones-y-corchos-para-botellas","9":"desktop-align-left","10":"tablet-align-left","11":"mobile-align-left","13":"first","14":"instock","15":"shipping-taxable","16":"purchasable","17":"product-type-simple"},"yoast_head":"<!-- This site is optimized with the Yoast SEO plugin v27.4 - https:\/\/yoast.com\/product\/yoast-seo-wordpress\/ -->\n<title>Tapa de pl\u00e1stico dorada con dise\u00f1o en forma de T y m\u00faltiples orificios para el tap\u00f3n de botella | 95Glass<\/title>\n<meta name=\"description\" content=\"Tap\u00f3n de corcho para botellas con dise\u00f1o de cruz en la parte superior, fabricado en pl\u00e1stico dorado, con c\u00e1psula decorativa grabada; disponible con n\u00facleo de corcho natural, microagregado o sint\u00e9tico. Cantidad m\u00ednima de pedido: 5000 unidades; plazo de entrega: 10-20 d\u00edas.\" \/>\n<meta name=\"robots\" content=\"index, follow, max-snippet:-1, max-image-preview:large, max-video-preview:-1\" \/>\n<link rel=\"canonical\" href=\"https:\/\/95glassbottles.com\/es\/producto\/tapa-de-botella-de-plastico-dorada-con-diseno-en-forma-de-t-y-multiples-orificios\/\" \/>\n<meta property=\"og:locale\" content=\"es_ES\" \/>\n<meta property=\"og:type\" content=\"article\" \/>\n<meta property=\"og:title\" content=\"Tapa de pl\u00e1stico dorada con dise\u00f1o en forma de T y m\u00faltiples orificios para el tap\u00f3n de botella | 95Glass\" \/>\n<meta property=\"og:description\" content=\"Tap\u00f3n de corcho para botellas con dise\u00f1o de cruz en la parte superior, fabricado en pl\u00e1stico dorado, con c\u00e1psula decorativa grabada; disponible con n\u00facleo de corcho natural, microagregado o sint\u00e9tico. Cantidad m\u00ednima de pedido: 5000 unidades; plazo de entrega: 10-20 d\u00edas.\" \/>\n<meta property=\"og:url\" content=\"https:\/\/95glassbottles.com\/es\/producto\/tapa-de-botella-de-plastico-dorada-con-diseno-en-forma-de-t-y-multiples-orificios\/\" \/>\n<meta property=\"og:site_name\" content=\"95Glass\" \/>\n<meta property=\"article:publisher\" content=\"https:\/\/www.facebook.com\/95Glass\" \/>\n<meta property=\"og:image\" content=\"https:\/\/95glassbottles.com\/wp-content\/uploads\/2025\/08\/T101.jpg\" \/>\n\t<meta property=\"og:image:width\" content=\"1000\" \/>\n\t<meta property=\"og:image:height\" content=\"1000\" \/>\n\t<meta property=\"og:image:type\" content=\"image\/jpeg\" \/>\n<meta name=\"twitter:card\" content=\"summary_large_image\" \/>\n<meta name=\"twitter:label1\" content=\"Tiempo de lectura\" \/>\n\t<meta name=\"twitter:data1\" content=\"1 minuto\" \/>\n<script type=\"application\/ld+json\" class=\"yoast-schema-graph\">{\"@context\":\"https:\\\/\\\/schema.org\",\"@graph\":[{\"@type\":[\"WebPage\",\"ItemPage\"],\"@id\":\"https:\\\/\\\/95glassbottles.com\\\/es\\\/producto\\\/tapa-de-botella-de-plastico-dorada-con-diseno-en-forma-de-t-y-multiples-orificios\\\/\",\"url\":\"https:\\\/\\\/95glassbottles.com\\\/es\\\/producto\\\/tapa-de-botella-de-plastico-dorada-con-diseno-en-forma-de-t-y-multiples-orificios\\\/\",\"name\":\"Tapa de pl\u00e1stico dorada con dise\u00f1o en forma de T y m\u00faltiples orificios para el tap\u00f3n de botella | 95Glass\",\"isPartOf\":{\"@id\":\"https:\\\/\\\/95glassbottles.com\\\/es\\\/#website\"},\"primaryImageOfPage\":{\"@id\":\"https:\\\/\\\/95glassbottles.com\\\/es\\\/producto\\\/tapa-de-botella-de-plastico-dorada-con-diseno-en-forma-de-t-y-multiples-orificios\\\/#primaryimage\"},\"image\":{\"@id\":\"https:\\\/\\\/95glassbottles.com\\\/es\\\/producto\\\/tapa-de-botella-de-plastico-dorada-con-diseno-en-forma-de-t-y-multiples-orificios\\\/#primaryimage\"},\"thumbnailUrl\":\"https:\\\/\\\/95glassbottles.com\\\/wp-content\\\/uploads\\\/2025\\\/08\\\/T101.jpg\",\"datePublished\":\"2025-08-15T07:33:32+00:00\",\"description\":\"Tap\u00f3n de corcho para botellas con dise\u00f1o de cruz en la parte superior, fabricado en pl\u00e1stico dorado, con c\u00e1psula decorativa grabada; disponible con n\u00facleo de corcho natural, microagregado o sint\u00e9tico. Cantidad m\u00ednima de pedido: 5000 unidades; plazo de entrega: 10-20 d\u00edas.\",\"breadcrumb\":{\"@id\":\"https:\\\/\\\/95glassbottles.com\\\/es\\\/producto\\\/tapa-de-botella-de-plastico-dorada-con-diseno-en-forma-de-t-y-multiples-orificios\\\/#breadcrumb\"},\"inLanguage\":\"es\",\"potentialAction\":[{\"@type\":\"ReadAction\",\"target\":[\"https:\\\/\\\/95glassbottles.com\\\/es\\\/producto\\\/tapa-de-botella-de-plastico-dorada-con-diseno-en-forma-de-t-y-multiples-orificios\\\/\"]}]},{\"@type\":\"ImageObject\",\"inLanguage\":\"es\",\"@id\":\"https:\\\/\\\/95glassbottles.com\\\/es\\\/producto\\\/tapa-de-botella-de-plastico-dorada-con-diseno-en-forma-de-t-y-multiples-orificios\\\/#primaryimage\",\"url\":\"https:\\\/\\\/95glassbottles.com\\\/wp-content\\\/uploads\\\/2025\\\/08\\\/T101.jpg\",\"contentUrl\":\"https:\\\/\\\/95glassbottles.com\\\/wp-content\\\/uploads\\\/2025\\\/08\\\/T101.jpg\",\"width\":1000,\"height\":1000,\"caption\":\"Tap\u00f3n de botella de pl\u00e1stico dorado con dise\u00f1o en forma de T y varios orificios, disponible en tres estilos con relieve.\"},{\"@type\":\"BreadcrumbList\",\"@id\":\"https:\\\/\\\/95glassbottles.com\\\/es\\\/producto\\\/tapa-de-botella-de-plastico-dorada-con-diseno-en-forma-de-t-y-multiples-orificios\\\/#breadcrumb\",\"itemListElement\":[{\"@type\":\"ListItem\",\"position\":1,\"name\":\"Home\",\"item\":\"https:\\\/\\\/95glassbottles.com\\\/es\\\/\"},{\"@type\":\"ListItem\",\"position\":2,\"name\":\"Productos\",\"item\":\"https:\\\/\\\/95glassbottles.com\\\/es\\\/shop\\\/\"},{\"@type\":\"ListItem\",\"position\":3,\"name\":\"Tapa de botella de pl\u00e1stico dorada con dise\u00f1o en forma de T y m\u00faltiples orificios\"}]},{\"@type\":\"WebSite\",\"@id\":\"https:\\\/\\\/95glassbottles.com\\\/es\\\/#website\",\"url\":\"https:\\\/\\\/95glassbottles.com\\\/es\\\/\",\"name\":\"95GlassBottles\",\"description\":\"\",\"publisher\":{\"@id\":\"https:\\\/\\\/95glassbottles.com\\\/es\\\/#organization\"},\"potentialAction\":[{\"@type\":\"SearchAction\",\"target\":{\"@type\":\"EntryPoint\",\"urlTemplate\":\"https:\\\/\\\/95glassbottles.com\\\/es\\\/?s={search_term_string}\"},\"query-input\":{\"@type\":\"PropertyValueSpecification\",\"valueRequired\":true,\"valueName\":\"search_term_string\"}}],\"inLanguage\":\"es\"},{\"@type\":\"Organization\",\"@id\":\"https:\\\/\\\/95glassbottles.com\\\/es\\\/#organization\",\"name\":\"Shandong Ninety Five Glass Co,.Ltd\",\"url\":\"https:\\\/\\\/95glassbottles.com\\\/es\\\/\",\"logo\":{\"@type\":\"ImageObject\",\"inLanguage\":\"es\",\"@id\":\"https:\\\/\\\/95glassbottles.com\\\/es\\\/#\\\/schema\\\/logo\\\/image\\\/\",\"url\":\"https:\\\/\\\/95glassbottles.com\\\/wp-content\\\/uploads\\\/2025\\\/04\\\/1-3.webp\",\"contentUrl\":\"https:\\\/\\\/95glassbottles.com\\\/wp-content\\\/uploads\\\/2025\\\/04\\\/1-3.webp\",\"width\":350,\"height\":100,\"caption\":\"Shandong Ninety Five Glass Co,.Ltd\"},\"image\":{\"@id\":\"https:\\\/\\\/95glassbottles.com\\\/es\\\/#\\\/schema\\\/logo\\\/image\\\/\"},\"sameAs\":[\"https:\\\/\\\/www.facebook.com\\\/95Glass\"]}]}<\/script>\n<!-- \/ Yoast SEO plugin. -->","yoast_head_json":{"title":"Tapa de pl\u00e1stico dorada con dise\u00f1o en forma de T y m\u00faltiples orificios para el tap\u00f3n de botella | 95Glass","description":"Tap\u00f3n de corcho para botellas con dise\u00f1o de cruz en la parte superior, fabricado en pl\u00e1stico dorado, con c\u00e1psula decorativa grabada; disponible con n\u00facleo de corcho natural, microagregado o sint\u00e9tico. Cantidad m\u00ednima de pedido: 5000 unidades; plazo de entrega: 10-20 d\u00edas.","robots":{"index":"index","follow":"follow","max-snippet":"max-snippet:-1","max-image-preview":"max-image-preview:large","max-video-preview":"max-video-preview:-1"},"canonical":"https:\/\/95glassbottles.com\/es\/producto\/tapa-de-botella-de-plastico-dorada-con-diseno-en-forma-de-t-y-multiples-orificios\/","og_locale":"es_ES","og_type":"article","og_title":"Tapa de pl\u00e1stico dorada con dise\u00f1o en forma de T y m\u00faltiples orificios para el tap\u00f3n de botella | 95Glass","og_description":"Tap\u00f3n de corcho para botellas con dise\u00f1o de cruz en la parte superior, fabricado en pl\u00e1stico dorado, con c\u00e1psula decorativa grabada; disponible con n\u00facleo de corcho natural, microagregado o sint\u00e9tico. Cantidad m\u00ednima de pedido: 5000 unidades; plazo de entrega: 10-20 d\u00edas.","og_url":"https:\/\/95glassbottles.com\/es\/producto\/tapa-de-botella-de-plastico-dorada-con-diseno-en-forma-de-t-y-multiples-orificios\/","og_site_name":"95Glass","article_publisher":"https:\/\/www.facebook.com\/95Glass","og_image":[{"width":1000,"height":1000,"url":"https:\/\/95glassbottles.com\/wp-content\/uploads\/2025\/08\/T101.jpg","type":"image\/jpeg"}],"twitter_card":"summary_large_image","twitter_misc":{"Tiempo de lectura":"1 minuto"},"schema":{"@context":"https:\/\/schema.org","@graph":[{"@type":["WebPage","ItemPage"],"@id":"https:\/\/95glassbottles.com\/es\/producto\/tapa-de-botella-de-plastico-dorada-con-diseno-en-forma-de-t-y-multiples-orificios\/","url":"https:\/\/95glassbottles.com\/es\/producto\/tapa-de-botella-de-plastico-dorada-con-diseno-en-forma-de-t-y-multiples-orificios\/","name":"Tapa de pl\u00e1stico dorada con dise\u00f1o en forma de T y m\u00faltiples orificios para el tap\u00f3n de botella | 95Glass","isPartOf":{"@id":"https:\/\/95glassbottles.com\/es\/#website"},"primaryImageOfPage":{"@id":"https:\/\/95glassbottles.com\/es\/producto\/tapa-de-botella-de-plastico-dorada-con-diseno-en-forma-de-t-y-multiples-orificios\/#primaryimage"},"image":{"@id":"https:\/\/95glassbottles.com\/es\/producto\/tapa-de-botella-de-plastico-dorada-con-diseno-en-forma-de-t-y-multiples-orificios\/#primaryimage"},"thumbnailUrl":"https:\/\/95glassbottles.com\/wp-content\/uploads\/2025\/08\/T101.jpg","datePublished":"2025-08-15T07:33:32+00:00","description":"Tap\u00f3n de corcho para botellas con dise\u00f1o de cruz en la parte superior, fabricado en pl\u00e1stico dorado, con c\u00e1psula decorativa grabada; disponible con n\u00facleo de corcho natural, microagregado o sint\u00e9tico. Cantidad m\u00ednima de pedido: 5000 unidades; plazo de entrega: 10-20 d\u00edas.","breadcrumb":{"@id":"https:\/\/95glassbottles.com\/es\/producto\/tapa-de-botella-de-plastico-dorada-con-diseno-en-forma-de-t-y-multiples-orificios\/#breadcrumb"},"inLanguage":"es","potentialAction":[{"@type":"ReadAction","target":["https:\/\/95glassbottles.com\/es\/producto\/tapa-de-botella-de-plastico-dorada-con-diseno-en-forma-de-t-y-multiples-orificios\/"]}]},{"@type":"ImageObject","inLanguage":"es","@id":"https:\/\/95glassbottles.com\/es\/producto\/tapa-de-botella-de-plastico-dorada-con-diseno-en-forma-de-t-y-multiples-orificios\/#primaryimage","url":"https:\/\/95glassbottles.com\/wp-content\/uploads\/2025\/08\/T101.jpg","contentUrl":"https:\/\/95glassbottles.com\/wp-content\/uploads\/2025\/08\/T101.jpg","width":1000,"height":1000,"caption":"Tap\u00f3n de botella de pl\u00e1stico dorado con dise\u00f1o en forma de T y varios orificios, disponible en tres estilos con relieve."},{"@type":"BreadcrumbList","@id":"https:\/\/95glassbottles.com\/es\/producto\/tapa-de-botella-de-plastico-dorada-con-diseno-en-forma-de-t-y-multiples-orificios\/#breadcrumb","itemListElement":[{"@type":"ListItem","position":1,"name":"Home","item":"https:\/\/95glassbottles.com\/es\/"},{"@type":"ListItem","position":2,"name":"Productos","item":"https:\/\/95glassbottles.com\/es\/shop\/"},{"@type":"ListItem","position":3,"name":"Tapa de botella de pl\u00e1stico dorada con dise\u00f1o en forma de T y m\u00faltiples orificios"}]},{"@type":"WebSite","@id":"https:\/\/95glassbottles.com\/es\/#website","url":"https:\/\/95glassbottles.com\/es\/","name":"95GlassBottles","description":"","publisher":{"@id":"https:\/\/95glassbottles.com\/es\/#organization"},"potentialAction":[{"@type":"SearchAction","target":{"@type":"EntryPoint","urlTemplate":"https:\/\/95glassbottles.com\/es\/?s={search_term_string}"},"query-input":{"@type":"PropertyValueSpecification","valueRequired":true,"valueName":"search_term_string"}}],"inLanguage":"es"},{"@type":"Organization","@id":"https:\/\/95glassbottles.com\/es\/#organization","name":"Shandong Ninety Five Glass Co,.Ltd","url":"https:\/\/95glassbottles.com\/es\/","logo":{"@type":"ImageObject","inLanguage":"es","@id":"https:\/\/95glassbottles.com\/es\/#\/schema\/logo\/image\/","url":"https:\/\/95glassbottles.com\/wp-content\/uploads\/2025\/04\/1-3.webp","contentUrl":"https:\/\/95glassbottles.com\/wp-content\/uploads\/2025\/04\/1-3.webp","width":350,"height":100,"caption":"Shandong Ninety Five Glass Co,.Ltd"},"image":{"@id":"https:\/\/95glassbottles.com\/es\/#\/schema\/logo\/image\/"},"sameAs":["https:\/\/www.facebook.com\/95Glass"]}]}},"_links":{"self":[{"href":"https:\/\/95glassbottles.com\/es\/wp-json\/wp\/v2\/product\/5658","targetHints":{"allow":["GET"]}}],"collection":[{"href":"https:\/\/95glassbottles.com\/es\/wp-json\/wp\/v2\/product"}],"about":[{"href":"https:\/\/95glassbottles.com\/es\/wp-json\/wp\/v2\/types\/product"}],"wp:featuredmedia":[{"embeddable":true,"href":"https:\/\/95glassbottles.com\/es\/wp-json\/wp\/v2\/media\/4553"}],"wp:attachment":[{"href":"https:\/\/95glassbottles.com\/es\/wp-json\/wp\/v2\/media?parent=5658"}],"wp:term":[{"taxonomy":"product_brand","embeddable":true,"href":"https:\/\/95glassbottles.com\/es\/wp-json\/wp\/v2\/product_brand?post=5658"},{"taxonomy":"product_cat","embeddable":true,"href":"https:\/\/95glassbottles.com\/es\/wp-json\/wp\/v2\/product_cat?post=5658"},{"taxonomy":"product_tag","embeddable":true,"href":"https:\/\/95glassbottles.com\/es\/wp-json\/wp\/v2\/product_tag?post=5658"}],"curies":[{"name":"wp","href":"https:\/\/api.w.org\/{rel}","templated":true}]}}