{"id":5666,"date":"2025-08-13T08:37:28","date_gmt":"2025-08-13T08:37:28","guid":{"rendered":"https:\/\/95glassbottles.com\/product\/botella-de-vino-de-vidrio-de-color-ambar-oscuro-750-ml-estilo-borgona\/"},"modified":"2025-08-13T08:37:28","modified_gmt":"2025-08-13T08:37:28","slug":"botella-de-vino-de-vidrio-de-color-ambar-oscuro-750-ml-estilo-borgona","status":"publish","type":"product","link":"https:\/\/95glassbottles.com\/es\/producto\/botella-de-vino-de-vidrio-de-color-ambar-oscuro-750-ml-estilo-borgona\/","title":{"rendered":"Botella de vino de vidrio de color \u00e1mbar oscuro, 750 ml, estilo borgo\u00f1a"},"content":{"rendered":"<p>Esta botella de vino de 750 ml presenta un cuerpo alto y esbelto con cuello alargado. El vidrio color marr\u00f3n protege el vino de la luz, evitando su deterioro. Su robusta estructura garantiza un almacenamiento y transporte seguros. Su dise\u00f1o cl\u00e1sico de estilo borgo\u00f1\u00f3n mejora la presentaci\u00f3n en las estanter\u00edas y facilita el reconocimiento de la marca. Adecuada para vinos tintos, blancos y rosados, combina tradici\u00f3n y funcionalidad. Gracias a sus proporciones elegantes, esta botella permite una presentaci\u00f3n de alta calidad, tanto para bodegas como para marcas de vino personalizadas.     <\/p>\n","protected":false},"excerpt":{"rendered":"<p>Botella de vino de vidrio marr\u00f3n de 750 ml con tap\u00f3n de corcho. Cantidad m\u00ednima de pedido 12000 piezas. Tiempo de producci\u00f3n: 15-20 d\u00edas.<\/p>\n","protected":false},"featured_media":4529,"template":"","meta":{"site-sidebar-layout":"default","site-content-layout":"","ast-site-content-layout":"default","site-content-style":"default","site-sidebar-style":"default","ast-global-header-display":"","ast-banner-title-visibility":"","ast-main-header-display":"","ast-hfb-above-header-display":"","ast-hfb-below-header-display":"","ast-hfb-mobile-header-display":"","site-post-title":"","ast-breadcrumbs-content":"","ast-featured-img":"","footer-sml-layout":"","ast-disable-related-posts":"","theme-transparent-header-meta":"default","adv-header-id-meta":"","stick-header-meta":"","header-above-stick-meta":"","header-main-stick-meta":"","header-below-stick-meta":"","astra-migrate-meta-layouts":"default","ast-page-background-enabled":"default","ast-page-background-meta":{"desktop":{"background-color":"var(--ast-global-color-4)","background-image":"","background-repeat":"repeat","background-position":"center center","background-size":"auto","background-attachment":"scroll","background-type":"","background-media":"","overlay-type":"","overlay-color":"","overlay-opacity":"","overlay-gradient":""},"tablet":{"background-color":"","background-image":"","background-repeat":"repeat","background-position":"center center","background-size":"auto","background-attachment":"scroll","background-type":"","background-media":"","overlay-type":"","overlay-color":"","overlay-opacity":"","overlay-gradient":""},"mobile":{"background-color":"","background-image":"","background-repeat":"repeat","background-position":"center center","background-size":"auto","background-attachment":"scroll","background-type":"","background-media":"","overlay-type":"","overlay-color":"","overlay-opacity":"","overlay-gradient":""}},"ast-content-background-meta":{"desktop":{"background-color":"var(--ast-global-color-5)","background-image":"","background-repeat":"repeat","background-position":"center center","background-size":"auto","background-attachment":"scroll","background-type":"","background-media":"","overlay-type":"","overlay-color":"","overlay-opacity":"","overlay-gradient":""},"tablet":{"background-color":"var(--ast-global-color-5)","background-image":"","background-repeat":"repeat","background-position":"center center","background-size":"auto","background-attachment":"scroll","background-type":"","background-media":"","overlay-type":"","overlay-color":"","overlay-opacity":"","overlay-gradient":""},"mobile":{"background-color":"var(--ast-global-color-5)","background-image":"","background-repeat":"repeat","background-position":"center center","background-size":"auto","background-attachment":"scroll","background-type":"","background-media":"","overlay-type":"","overlay-color":"","overlay-opacity":"","overlay-gradient":""}}},"product_brand":[],"product_cat":[567,568,352],"product_tag":[],"class_list":{"0":"post-5666","1":"product","2":"type-product","3":"status-publish","4":"has-post-thumbnail","6":"product_cat-botellas-de-vino","7":"product_cat-botellas-de-vino-de-750-ml","8":"product_cat-sin-categoria","9":"desktop-align-left","10":"tablet-align-left","11":"mobile-align-left","13":"first","14":"instock","15":"shipping-taxable","16":"purchasable","17":"product-type-simple"},"yoast_head":"<!-- This site is optimized with the Yoast SEO plugin v27.4 - https:\/\/yoast.com\/product\/yoast-seo-wordpress\/ -->\n<title>Botella de vino de vidrio de estilo borgo\u00f1\u00f3n, color \u00e1mbar oscuro, 750 ml | 95Glass<\/title>\n<meta name=\"description\" content=\"Botellas de vino a granel de estilo borgo\u00f1\u00f3n de color \u00e1mbar oscuro con protecci\u00f3n UV y dise\u00f1o elegante, ideales para bodegas, envasadoras y empresas de distribuci\u00f3n de vino.\" \/>\n<meta name=\"robots\" content=\"index, follow, max-snippet:-1, max-image-preview:large, max-video-preview:-1\" \/>\n<link rel=\"canonical\" href=\"https:\/\/95glassbottles.com\/es\/producto\/botella-de-vino-de-vidrio-de-color-ambar-oscuro-750-ml-estilo-borgona\/\" \/>\n<meta property=\"og:locale\" content=\"es_ES\" \/>\n<meta property=\"og:type\" content=\"article\" \/>\n<meta property=\"og:title\" content=\"Botella de vino de vidrio de estilo borgo\u00f1\u00f3n, color \u00e1mbar oscuro, 750 ml | 95Glass\" \/>\n<meta property=\"og:description\" content=\"Botellas de vino a granel de estilo borgo\u00f1\u00f3n de color \u00e1mbar oscuro con protecci\u00f3n UV y dise\u00f1o elegante, ideales para bodegas, envasadoras y empresas de distribuci\u00f3n de vino.\" \/>\n<meta property=\"og:url\" content=\"https:\/\/95glassbottles.com\/es\/producto\/botella-de-vino-de-vidrio-de-color-ambar-oscuro-750-ml-estilo-borgona\/\" \/>\n<meta property=\"og:site_name\" content=\"95Glass\" \/>\n<meta property=\"article:publisher\" content=\"https:\/\/www.facebook.com\/95Glass\" \/>\n<meta property=\"og:image\" content=\"https:\/\/95glassbottles.com\/wp-content\/uploads\/2025\/08\/NF2103-750ML-636g.png\" \/>\n\t<meta property=\"og:image:width\" content=\"800\" \/>\n\t<meta property=\"og:image:height\" content=\"800\" \/>\n\t<meta property=\"og:image:type\" content=\"image\/png\" \/>\n<meta name=\"twitter:card\" content=\"summary_large_image\" \/>\n<script type=\"application\/ld+json\" class=\"yoast-schema-graph\">{\"@context\":\"https:\\\/\\\/schema.org\",\"@graph\":[{\"@type\":[\"WebPage\",\"ItemPage\"],\"@id\":\"https:\\\/\\\/95glassbottles.com\\\/es\\\/producto\\\/botella-de-vino-de-vidrio-de-color-ambar-oscuro-750-ml-estilo-borgona\\\/\",\"url\":\"https:\\\/\\\/95glassbottles.com\\\/es\\\/producto\\\/botella-de-vino-de-vidrio-de-color-ambar-oscuro-750-ml-estilo-borgona\\\/\",\"name\":\"Botella de vino de vidrio de estilo borgo\u00f1\u00f3n, color \u00e1mbar oscuro, 750 ml | 95Glass\",\"isPartOf\":{\"@id\":\"https:\\\/\\\/95glassbottles.com\\\/es\\\/#website\"},\"primaryImageOfPage\":{\"@id\":\"https:\\\/\\\/95glassbottles.com\\\/es\\\/producto\\\/botella-de-vino-de-vidrio-de-color-ambar-oscuro-750-ml-estilo-borgona\\\/#primaryimage\"},\"image\":{\"@id\":\"https:\\\/\\\/95glassbottles.com\\\/es\\\/producto\\\/botella-de-vino-de-vidrio-de-color-ambar-oscuro-750-ml-estilo-borgona\\\/#primaryimage\"},\"thumbnailUrl\":\"https:\\\/\\\/95glassbottles.com\\\/wp-content\\\/uploads\\\/2025\\\/08\\\/NF2103-750ML-636g.png\",\"datePublished\":\"2025-08-13T08:37:28+00:00\",\"description\":\"Botellas de vino a granel de estilo borgo\u00f1\u00f3n de color \u00e1mbar oscuro con protecci\u00f3n UV y dise\u00f1o elegante, ideales para bodegas, envasadoras y empresas de distribuci\u00f3n de vino.\",\"breadcrumb\":{\"@id\":\"https:\\\/\\\/95glassbottles.com\\\/es\\\/producto\\\/botella-de-vino-de-vidrio-de-color-ambar-oscuro-750-ml-estilo-borgona\\\/#breadcrumb\"},\"inLanguage\":\"es\",\"potentialAction\":[{\"@type\":\"ReadAction\",\"target\":[\"https:\\\/\\\/95glassbottles.com\\\/es\\\/producto\\\/botella-de-vino-de-vidrio-de-color-ambar-oscuro-750-ml-estilo-borgona\\\/\"]}]},{\"@type\":\"ImageObject\",\"inLanguage\":\"es\",\"@id\":\"https:\\\/\\\/95glassbottles.com\\\/es\\\/producto\\\/botella-de-vino-de-vidrio-de-color-ambar-oscuro-750-ml-estilo-borgona\\\/#primaryimage\",\"url\":\"https:\\\/\\\/95glassbottles.com\\\/wp-content\\\/uploads\\\/2025\\\/08\\\/NF2103-750ML-636g.png\",\"contentUrl\":\"https:\\\/\\\/95glassbottles.com\\\/wp-content\\\/uploads\\\/2025\\\/08\\\/NF2103-750ML-636g.png\",\"width\":800,\"height\":800,\"caption\":\"Botella de vino a granel de estilo borgo\u00f1\u00f3n de color \u00e1mbar oscuro, con cuello alto y superficie lisa.\"},{\"@type\":\"BreadcrumbList\",\"@id\":\"https:\\\/\\\/95glassbottles.com\\\/es\\\/producto\\\/botella-de-vino-de-vidrio-de-color-ambar-oscuro-750-ml-estilo-borgona\\\/#breadcrumb\",\"itemListElement\":[{\"@type\":\"ListItem\",\"position\":1,\"name\":\"Home\",\"item\":\"https:\\\/\\\/95glassbottles.com\\\/es\\\/\"},{\"@type\":\"ListItem\",\"position\":2,\"name\":\"Productos\",\"item\":\"https:\\\/\\\/95glassbottles.com\\\/es\\\/shop\\\/\"},{\"@type\":\"ListItem\",\"position\":3,\"name\":\"Botella de vino de vidrio de color \u00e1mbar oscuro, 750 ml, estilo borgo\u00f1a\"}]},{\"@type\":\"WebSite\",\"@id\":\"https:\\\/\\\/95glassbottles.com\\\/es\\\/#website\",\"url\":\"https:\\\/\\\/95glassbottles.com\\\/es\\\/\",\"name\":\"95GlassBottles\",\"description\":\"\",\"publisher\":{\"@id\":\"https:\\\/\\\/95glassbottles.com\\\/es\\\/#organization\"},\"potentialAction\":[{\"@type\":\"SearchAction\",\"target\":{\"@type\":\"EntryPoint\",\"urlTemplate\":\"https:\\\/\\\/95glassbottles.com\\\/es\\\/?s={search_term_string}\"},\"query-input\":{\"@type\":\"PropertyValueSpecification\",\"valueRequired\":true,\"valueName\":\"search_term_string\"}}],\"inLanguage\":\"es\"},{\"@type\":\"Organization\",\"@id\":\"https:\\\/\\\/95glassbottles.com\\\/es\\\/#organization\",\"name\":\"Shandong Ninety Five Glass Co,.Ltd\",\"url\":\"https:\\\/\\\/95glassbottles.com\\\/es\\\/\",\"logo\":{\"@type\":\"ImageObject\",\"inLanguage\":\"es\",\"@id\":\"https:\\\/\\\/95glassbottles.com\\\/es\\\/#\\\/schema\\\/logo\\\/image\\\/\",\"url\":\"https:\\\/\\\/95glassbottles.com\\\/wp-content\\\/uploads\\\/2025\\\/04\\\/1-3.webp\",\"contentUrl\":\"https:\\\/\\\/95glassbottles.com\\\/wp-content\\\/uploads\\\/2025\\\/04\\\/1-3.webp\",\"width\":350,\"height\":100,\"caption\":\"Shandong Ninety Five Glass Co,.Ltd\"},\"image\":{\"@id\":\"https:\\\/\\\/95glassbottles.com\\\/es\\\/#\\\/schema\\\/logo\\\/image\\\/\"},\"sameAs\":[\"https:\\\/\\\/www.facebook.com\\\/95Glass\"]}]}<\/script>\n<!-- \/ Yoast SEO plugin. -->","yoast_head_json":{"title":"Botella de vino de vidrio de estilo borgo\u00f1\u00f3n, color \u00e1mbar oscuro, 750 ml | 95Glass","description":"Botellas de vino a granel de estilo borgo\u00f1\u00f3n de color \u00e1mbar oscuro con protecci\u00f3n UV y dise\u00f1o elegante, ideales para bodegas, envasadoras y empresas de distribuci\u00f3n de vino.","robots":{"index":"index","follow":"follow","max-snippet":"max-snippet:-1","max-image-preview":"max-image-preview:large","max-video-preview":"max-video-preview:-1"},"canonical":"https:\/\/95glassbottles.com\/es\/producto\/botella-de-vino-de-vidrio-de-color-ambar-oscuro-750-ml-estilo-borgona\/","og_locale":"es_ES","og_type":"article","og_title":"Botella de vino de vidrio de estilo borgo\u00f1\u00f3n, color \u00e1mbar oscuro, 750 ml | 95Glass","og_description":"Botellas de vino a granel de estilo borgo\u00f1\u00f3n de color \u00e1mbar oscuro con protecci\u00f3n UV y dise\u00f1o elegante, ideales para bodegas, envasadoras y empresas de distribuci\u00f3n de vino.","og_url":"https:\/\/95glassbottles.com\/es\/producto\/botella-de-vino-de-vidrio-de-color-ambar-oscuro-750-ml-estilo-borgona\/","og_site_name":"95Glass","article_publisher":"https:\/\/www.facebook.com\/95Glass","og_image":[{"width":800,"height":800,"url":"https:\/\/95glassbottles.com\/wp-content\/uploads\/2025\/08\/NF2103-750ML-636g.png","type":"image\/png"}],"twitter_card":"summary_large_image","schema":{"@context":"https:\/\/schema.org","@graph":[{"@type":["WebPage","ItemPage"],"@id":"https:\/\/95glassbottles.com\/es\/producto\/botella-de-vino-de-vidrio-de-color-ambar-oscuro-750-ml-estilo-borgona\/","url":"https:\/\/95glassbottles.com\/es\/producto\/botella-de-vino-de-vidrio-de-color-ambar-oscuro-750-ml-estilo-borgona\/","name":"Botella de vino de vidrio de estilo borgo\u00f1\u00f3n, color \u00e1mbar oscuro, 750 ml | 95Glass","isPartOf":{"@id":"https:\/\/95glassbottles.com\/es\/#website"},"primaryImageOfPage":{"@id":"https:\/\/95glassbottles.com\/es\/producto\/botella-de-vino-de-vidrio-de-color-ambar-oscuro-750-ml-estilo-borgona\/#primaryimage"},"image":{"@id":"https:\/\/95glassbottles.com\/es\/producto\/botella-de-vino-de-vidrio-de-color-ambar-oscuro-750-ml-estilo-borgona\/#primaryimage"},"thumbnailUrl":"https:\/\/95glassbottles.com\/wp-content\/uploads\/2025\/08\/NF2103-750ML-636g.png","datePublished":"2025-08-13T08:37:28+00:00","description":"Botellas de vino a granel de estilo borgo\u00f1\u00f3n de color \u00e1mbar oscuro con protecci\u00f3n UV y dise\u00f1o elegante, ideales para bodegas, envasadoras y empresas de distribuci\u00f3n de vino.","breadcrumb":{"@id":"https:\/\/95glassbottles.com\/es\/producto\/botella-de-vino-de-vidrio-de-color-ambar-oscuro-750-ml-estilo-borgona\/#breadcrumb"},"inLanguage":"es","potentialAction":[{"@type":"ReadAction","target":["https:\/\/95glassbottles.com\/es\/producto\/botella-de-vino-de-vidrio-de-color-ambar-oscuro-750-ml-estilo-borgona\/"]}]},{"@type":"ImageObject","inLanguage":"es","@id":"https:\/\/95glassbottles.com\/es\/producto\/botella-de-vino-de-vidrio-de-color-ambar-oscuro-750-ml-estilo-borgona\/#primaryimage","url":"https:\/\/95glassbottles.com\/wp-content\/uploads\/2025\/08\/NF2103-750ML-636g.png","contentUrl":"https:\/\/95glassbottles.com\/wp-content\/uploads\/2025\/08\/NF2103-750ML-636g.png","width":800,"height":800,"caption":"Botella de vino a granel de estilo borgo\u00f1\u00f3n de color \u00e1mbar oscuro, con cuello alto y superficie lisa."},{"@type":"BreadcrumbList","@id":"https:\/\/95glassbottles.com\/es\/producto\/botella-de-vino-de-vidrio-de-color-ambar-oscuro-750-ml-estilo-borgona\/#breadcrumb","itemListElement":[{"@type":"ListItem","position":1,"name":"Home","item":"https:\/\/95glassbottles.com\/es\/"},{"@type":"ListItem","position":2,"name":"Productos","item":"https:\/\/95glassbottles.com\/es\/shop\/"},{"@type":"ListItem","position":3,"name":"Botella de vino de vidrio de color \u00e1mbar oscuro, 750 ml, estilo borgo\u00f1a"}]},{"@type":"WebSite","@id":"https:\/\/95glassbottles.com\/es\/#website","url":"https:\/\/95glassbottles.com\/es\/","name":"95GlassBottles","description":"","publisher":{"@id":"https:\/\/95glassbottles.com\/es\/#organization"},"potentialAction":[{"@type":"SearchAction","target":{"@type":"EntryPoint","urlTemplate":"https:\/\/95glassbottles.com\/es\/?s={search_term_string}"},"query-input":{"@type":"PropertyValueSpecification","valueRequired":true,"valueName":"search_term_string"}}],"inLanguage":"es"},{"@type":"Organization","@id":"https:\/\/95glassbottles.com\/es\/#organization","name":"Shandong Ninety Five Glass Co,.Ltd","url":"https:\/\/95glassbottles.com\/es\/","logo":{"@type":"ImageObject","inLanguage":"es","@id":"https:\/\/95glassbottles.com\/es\/#\/schema\/logo\/image\/","url":"https:\/\/95glassbottles.com\/wp-content\/uploads\/2025\/04\/1-3.webp","contentUrl":"https:\/\/95glassbottles.com\/wp-content\/uploads\/2025\/04\/1-3.webp","width":350,"height":100,"caption":"Shandong Ninety Five Glass Co,.Ltd"},"image":{"@id":"https:\/\/95glassbottles.com\/es\/#\/schema\/logo\/image\/"},"sameAs":["https:\/\/www.facebook.com\/95Glass"]}]}},"_links":{"self":[{"href":"https:\/\/95glassbottles.com\/es\/wp-json\/wp\/v2\/product\/5666","targetHints":{"allow":["GET"]}}],"collection":[{"href":"https:\/\/95glassbottles.com\/es\/wp-json\/wp\/v2\/product"}],"about":[{"href":"https:\/\/95glassbottles.com\/es\/wp-json\/wp\/v2\/types\/product"}],"wp:featuredmedia":[{"embeddable":true,"href":"https:\/\/95glassbottles.com\/es\/wp-json\/wp\/v2\/media\/4529"}],"wp:attachment":[{"href":"https:\/\/95glassbottles.com\/es\/wp-json\/wp\/v2\/media?parent=5666"}],"wp:term":[{"taxonomy":"product_brand","embeddable":true,"href":"https:\/\/95glassbottles.com\/es\/wp-json\/wp\/v2\/product_brand?post=5666"},{"taxonomy":"product_cat","embeddable":true,"href":"https:\/\/95glassbottles.com\/es\/wp-json\/wp\/v2\/product_cat?post=5666"},{"taxonomy":"product_tag","embeddable":true,"href":"https:\/\/95glassbottles.com\/es\/wp-json\/wp\/v2\/product_tag?post=5666"}],"curies":[{"name":"wp","href":"https:\/\/api.w.org\/{rel}","templated":true}]}}