{"id":5676,"date":"2025-08-13T06:19:27","date_gmt":"2025-08-13T06:19:27","guid":{"rendered":"https:\/\/95glassbottles.com\/product\/botellas-pequenas-de-vino-de-375-ml-en-vidrio-verde\/"},"modified":"2025-08-13T06:19:27","modified_gmt":"2025-08-13T06:19:27","slug":"botellas-pequenas-de-vino-de-375-ml-en-vidrio-verde","status":"publish","type":"product","link":"https:\/\/95glassbottles.com\/es\/producto\/botellas-pequenas-de-vino-de-375-ml-en-vidrio-verde\/","title":{"rendered":"Botellas peque\u00f1as de vino de 375 ml en vidrio verde"},"content":{"rendered":"<p>Esta botella de vino de 375 ml est\u00e1 fabricada con vidrio marr\u00f3n resistente. Su cierre de rosca garantiza un sellado herm\u00e9tico y una conservaci\u00f3n \u00f3ptima. Su dise\u00f1o elegante, inspirado en las botellas de Borgo\u00f1a, combina estilo y funcionalidad. El vidrio marr\u00f3n protege eficazmente contra los rayos UV, preservando el sabor y la frescura del vino. Ideal para vinos dulces, porciones individuales o packs promocionales, ofrece versatilidad para bodegas y marcas de bebidas. Ligera y compacta, facilita su transporte y distribuci\u00f3n.     <\/p>\n","protected":false},"excerpt":{"rendered":"<p>Botella de vino de vidrio de 375 ml con cierre de rosca, cuerpo cil\u00edndrico y fino, y base c\u00f3ncava. Ideal para vinos tintos y blancos.  Cantidad m\u00ednima de pedido 12000 piezas. Tiempo de producci\u00f3n: 15-20 d\u00edas.<\/p>\n","protected":false},"featured_media":4511,"template":"","meta":{"site-sidebar-layout":"default","site-content-layout":"","ast-site-content-layout":"default","site-content-style":"default","site-sidebar-style":"default","ast-global-header-display":"","ast-banner-title-visibility":"","ast-main-header-display":"","ast-hfb-above-header-display":"","ast-hfb-below-header-display":"","ast-hfb-mobile-header-display":"","site-post-title":"","ast-breadcrumbs-content":"","ast-featured-img":"","footer-sml-layout":"","ast-disable-related-posts":"","theme-transparent-header-meta":"default","adv-header-id-meta":"","stick-header-meta":"","header-above-stick-meta":"","header-main-stick-meta":"","header-below-stick-meta":"","astra-migrate-meta-layouts":"default","ast-page-background-enabled":"default","ast-page-background-meta":{"desktop":{"background-color":"var(--ast-global-color-4)","background-image":"","background-repeat":"repeat","background-position":"center center","background-size":"auto","background-attachment":"scroll","background-type":"","background-media":"","overlay-type":"","overlay-color":"","overlay-opacity":"","overlay-gradient":""},"tablet":{"background-color":"","background-image":"","background-repeat":"repeat","background-position":"center center","background-size":"auto","background-attachment":"scroll","background-type":"","background-media":"","overlay-type":"","overlay-color":"","overlay-opacity":"","overlay-gradient":""},"mobile":{"background-color":"","background-image":"","background-repeat":"repeat","background-position":"center center","background-size":"auto","background-attachment":"scroll","background-type":"","background-media":"","overlay-type":"","overlay-color":"","overlay-opacity":"","overlay-gradient":""}},"ast-content-background-meta":{"desktop":{"background-color":"var(--ast-global-color-5)","background-image":"","background-repeat":"repeat","background-position":"center center","background-size":"auto","background-attachment":"scroll","background-type":"","background-media":"","overlay-type":"","overlay-color":"","overlay-opacity":"","overlay-gradient":""},"tablet":{"background-color":"var(--ast-global-color-5)","background-image":"","background-repeat":"repeat","background-position":"center center","background-size":"auto","background-attachment":"scroll","background-type":"","background-media":"","overlay-type":"","overlay-color":"","overlay-opacity":"","overlay-gradient":""},"mobile":{"background-color":"var(--ast-global-color-5)","background-image":"","background-repeat":"repeat","background-position":"center center","background-size":"auto","background-attachment":"scroll","background-type":"","background-media":"","overlay-type":"","overlay-color":"","overlay-opacity":"","overlay-gradient":""}}},"product_brand":[],"product_cat":[567,578,352],"product_tag":[],"class_list":{"0":"post-5676","1":"product","2":"type-product","3":"status-publish","4":"has-post-thumbnail","6":"product_cat-botellas-de-vino","7":"product_cat-botellas-de-vino-de-375-ml","8":"product_cat-sin-categoria","9":"desktop-align-left","10":"tablet-align-left","11":"mobile-align-left","13":"first","14":"instock","15":"shipping-taxable","16":"purchasable","17":"product-type-simple"},"yoast_head":"<!-- This site is optimized with the Yoast SEO plugin v27.4 - https:\/\/yoast.com\/product\/yoast-seo-wordpress\/ -->\n<title>Botellas peque\u00f1as de vino de vidrio verde para un almacenamiento de calidad | 95Glass<\/title>\n<meta name=\"description\" content=\"Botellas peque\u00f1as de vino de cristal verde de alta calidad, dise\u00f1adas para ser duraderas, con protecci\u00f3n UV y un elegante dise\u00f1o, ideales tanto para bodegas como para uso dom\u00e9stico.\" \/>\n<meta name=\"robots\" content=\"index, follow, max-snippet:-1, max-image-preview:large, max-video-preview:-1\" \/>\n<link rel=\"canonical\" href=\"https:\/\/95glassbottles.com\/es\/producto\/botellas-pequenas-de-vino-de-375-ml-en-vidrio-verde\/\" \/>\n<meta property=\"og:locale\" content=\"es_ES\" \/>\n<meta property=\"og:type\" content=\"article\" \/>\n<meta property=\"og:title\" content=\"Botellas peque\u00f1as de vino de vidrio verde para un almacenamiento de calidad | 95Glass\" \/>\n<meta property=\"og:description\" content=\"Botellas peque\u00f1as de vino de cristal verde de alta calidad, dise\u00f1adas para ser duraderas, con protecci\u00f3n UV y un elegante dise\u00f1o, ideales tanto para bodegas como para uso dom\u00e9stico.\" \/>\n<meta property=\"og:url\" content=\"https:\/\/95glassbottles.com\/es\/producto\/botellas-pequenas-de-vino-de-375-ml-en-vidrio-verde\/\" \/>\n<meta property=\"og:site_name\" content=\"95Glass\" \/>\n<meta property=\"article:publisher\" content=\"https:\/\/www.facebook.com\/95Glass\" \/>\n<meta property=\"og:image\" content=\"https:\/\/95glassbottles.com\/wp-content\/uploads\/2025\/08\/NF2105-375ml-200G.jpg\" \/>\n\t<meta property=\"og:image:width\" content=\"500\" \/>\n\t<meta property=\"og:image:height\" content=\"500\" \/>\n\t<meta property=\"og:image:type\" content=\"image\/jpeg\" \/>\n<meta name=\"twitter:card\" content=\"summary_large_image\" \/>\n<script type=\"application\/ld+json\" class=\"yoast-schema-graph\">{\"@context\":\"https:\\\/\\\/schema.org\",\"@graph\":[{\"@type\":[\"WebPage\",\"ItemPage\"],\"@id\":\"https:\\\/\\\/95glassbottles.com\\\/es\\\/producto\\\/botellas-pequenas-de-vino-de-375-ml-en-vidrio-verde\\\/\",\"url\":\"https:\\\/\\\/95glassbottles.com\\\/es\\\/producto\\\/botellas-pequenas-de-vino-de-375-ml-en-vidrio-verde\\\/\",\"name\":\"Botellas peque\u00f1as de vino de vidrio verde para un almacenamiento de calidad | 95Glass\",\"isPartOf\":{\"@id\":\"https:\\\/\\\/95glassbottles.com\\\/es\\\/#website\"},\"primaryImageOfPage\":{\"@id\":\"https:\\\/\\\/95glassbottles.com\\\/es\\\/producto\\\/botellas-pequenas-de-vino-de-375-ml-en-vidrio-verde\\\/#primaryimage\"},\"image\":{\"@id\":\"https:\\\/\\\/95glassbottles.com\\\/es\\\/producto\\\/botellas-pequenas-de-vino-de-375-ml-en-vidrio-verde\\\/#primaryimage\"},\"thumbnailUrl\":\"https:\\\/\\\/95glassbottles.com\\\/wp-content\\\/uploads\\\/2025\\\/08\\\/NF2105-375ml-200G.jpg\",\"datePublished\":\"2025-08-13T06:19:27+00:00\",\"description\":\"Botellas peque\u00f1as de vino de cristal verde de alta calidad, dise\u00f1adas para ser duraderas, con protecci\u00f3n UV y un elegante dise\u00f1o, ideales tanto para bodegas como para uso dom\u00e9stico.\",\"breadcrumb\":{\"@id\":\"https:\\\/\\\/95glassbottles.com\\\/es\\\/producto\\\/botellas-pequenas-de-vino-de-375-ml-en-vidrio-verde\\\/#breadcrumb\"},\"inLanguage\":\"es\",\"potentialAction\":[{\"@type\":\"ReadAction\",\"target\":[\"https:\\\/\\\/95glassbottles.com\\\/es\\\/producto\\\/botellas-pequenas-de-vino-de-375-ml-en-vidrio-verde\\\/\"]}]},{\"@type\":\"ImageObject\",\"inLanguage\":\"es\",\"@id\":\"https:\\\/\\\/95glassbottles.com\\\/es\\\/producto\\\/botellas-pequenas-de-vino-de-375-ml-en-vidrio-verde\\\/#primaryimage\",\"url\":\"https:\\\/\\\/95glassbottles.com\\\/wp-content\\\/uploads\\\/2025\\\/08\\\/NF2105-375ml-200G.jpg\",\"contentUrl\":\"https:\\\/\\\/95glassbottles.com\\\/wp-content\\\/uploads\\\/2025\\\/08\\\/NF2105-375ml-200G.jpg\",\"width\":500,\"height\":500,\"caption\":\"Peque\u00f1a botella de vino de cristal verde de alta calidad para el almacenamiento de vinos selectos.\"},{\"@type\":\"BreadcrumbList\",\"@id\":\"https:\\\/\\\/95glassbottles.com\\\/es\\\/producto\\\/botellas-pequenas-de-vino-de-375-ml-en-vidrio-verde\\\/#breadcrumb\",\"itemListElement\":[{\"@type\":\"ListItem\",\"position\":1,\"name\":\"Home\",\"item\":\"https:\\\/\\\/95glassbottles.com\\\/es\\\/\"},{\"@type\":\"ListItem\",\"position\":2,\"name\":\"Productos\",\"item\":\"https:\\\/\\\/95glassbottles.com\\\/es\\\/shop\\\/\"},{\"@type\":\"ListItem\",\"position\":3,\"name\":\"Botellas peque\u00f1as de vino de 375 ml en vidrio verde\"}]},{\"@type\":\"WebSite\",\"@id\":\"https:\\\/\\\/95glassbottles.com\\\/es\\\/#website\",\"url\":\"https:\\\/\\\/95glassbottles.com\\\/es\\\/\",\"name\":\"95GlassBottles\",\"description\":\"\",\"publisher\":{\"@id\":\"https:\\\/\\\/95glassbottles.com\\\/es\\\/#organization\"},\"potentialAction\":[{\"@type\":\"SearchAction\",\"target\":{\"@type\":\"EntryPoint\",\"urlTemplate\":\"https:\\\/\\\/95glassbottles.com\\\/es\\\/?s={search_term_string}\"},\"query-input\":{\"@type\":\"PropertyValueSpecification\",\"valueRequired\":true,\"valueName\":\"search_term_string\"}}],\"inLanguage\":\"es\"},{\"@type\":\"Organization\",\"@id\":\"https:\\\/\\\/95glassbottles.com\\\/es\\\/#organization\",\"name\":\"Shandong Ninety Five Glass Co,.Ltd\",\"url\":\"https:\\\/\\\/95glassbottles.com\\\/es\\\/\",\"logo\":{\"@type\":\"ImageObject\",\"inLanguage\":\"es\",\"@id\":\"https:\\\/\\\/95glassbottles.com\\\/es\\\/#\\\/schema\\\/logo\\\/image\\\/\",\"url\":\"https:\\\/\\\/95glassbottles.com\\\/wp-content\\\/uploads\\\/2025\\\/04\\\/1-3.webp\",\"contentUrl\":\"https:\\\/\\\/95glassbottles.com\\\/wp-content\\\/uploads\\\/2025\\\/04\\\/1-3.webp\",\"width\":350,\"height\":100,\"caption\":\"Shandong Ninety Five Glass Co,.Ltd\"},\"image\":{\"@id\":\"https:\\\/\\\/95glassbottles.com\\\/es\\\/#\\\/schema\\\/logo\\\/image\\\/\"},\"sameAs\":[\"https:\\\/\\\/www.facebook.com\\\/95Glass\"]}]}<\/script>\n<!-- \/ Yoast SEO plugin. -->","yoast_head_json":{"title":"Botellas peque\u00f1as de vino de vidrio verde para un almacenamiento de calidad | 95Glass","description":"Botellas peque\u00f1as de vino de cristal verde de alta calidad, dise\u00f1adas para ser duraderas, con protecci\u00f3n UV y un elegante dise\u00f1o, ideales tanto para bodegas como para uso dom\u00e9stico.","robots":{"index":"index","follow":"follow","max-snippet":"max-snippet:-1","max-image-preview":"max-image-preview:large","max-video-preview":"max-video-preview:-1"},"canonical":"https:\/\/95glassbottles.com\/es\/producto\/botellas-pequenas-de-vino-de-375-ml-en-vidrio-verde\/","og_locale":"es_ES","og_type":"article","og_title":"Botellas peque\u00f1as de vino de vidrio verde para un almacenamiento de calidad | 95Glass","og_description":"Botellas peque\u00f1as de vino de cristal verde de alta calidad, dise\u00f1adas para ser duraderas, con protecci\u00f3n UV y un elegante dise\u00f1o, ideales tanto para bodegas como para uso dom\u00e9stico.","og_url":"https:\/\/95glassbottles.com\/es\/producto\/botellas-pequenas-de-vino-de-375-ml-en-vidrio-verde\/","og_site_name":"95Glass","article_publisher":"https:\/\/www.facebook.com\/95Glass","og_image":[{"width":500,"height":500,"url":"https:\/\/95glassbottles.com\/wp-content\/uploads\/2025\/08\/NF2105-375ml-200G.jpg","type":"image\/jpeg"}],"twitter_card":"summary_large_image","schema":{"@context":"https:\/\/schema.org","@graph":[{"@type":["WebPage","ItemPage"],"@id":"https:\/\/95glassbottles.com\/es\/producto\/botellas-pequenas-de-vino-de-375-ml-en-vidrio-verde\/","url":"https:\/\/95glassbottles.com\/es\/producto\/botellas-pequenas-de-vino-de-375-ml-en-vidrio-verde\/","name":"Botellas peque\u00f1as de vino de vidrio verde para un almacenamiento de calidad | 95Glass","isPartOf":{"@id":"https:\/\/95glassbottles.com\/es\/#website"},"primaryImageOfPage":{"@id":"https:\/\/95glassbottles.com\/es\/producto\/botellas-pequenas-de-vino-de-375-ml-en-vidrio-verde\/#primaryimage"},"image":{"@id":"https:\/\/95glassbottles.com\/es\/producto\/botellas-pequenas-de-vino-de-375-ml-en-vidrio-verde\/#primaryimage"},"thumbnailUrl":"https:\/\/95glassbottles.com\/wp-content\/uploads\/2025\/08\/NF2105-375ml-200G.jpg","datePublished":"2025-08-13T06:19:27+00:00","description":"Botellas peque\u00f1as de vino de cristal verde de alta calidad, dise\u00f1adas para ser duraderas, con protecci\u00f3n UV y un elegante dise\u00f1o, ideales tanto para bodegas como para uso dom\u00e9stico.","breadcrumb":{"@id":"https:\/\/95glassbottles.com\/es\/producto\/botellas-pequenas-de-vino-de-375-ml-en-vidrio-verde\/#breadcrumb"},"inLanguage":"es","potentialAction":[{"@type":"ReadAction","target":["https:\/\/95glassbottles.com\/es\/producto\/botellas-pequenas-de-vino-de-375-ml-en-vidrio-verde\/"]}]},{"@type":"ImageObject","inLanguage":"es","@id":"https:\/\/95glassbottles.com\/es\/producto\/botellas-pequenas-de-vino-de-375-ml-en-vidrio-verde\/#primaryimage","url":"https:\/\/95glassbottles.com\/wp-content\/uploads\/2025\/08\/NF2105-375ml-200G.jpg","contentUrl":"https:\/\/95glassbottles.com\/wp-content\/uploads\/2025\/08\/NF2105-375ml-200G.jpg","width":500,"height":500,"caption":"Peque\u00f1a botella de vino de cristal verde de alta calidad para el almacenamiento de vinos selectos."},{"@type":"BreadcrumbList","@id":"https:\/\/95glassbottles.com\/es\/producto\/botellas-pequenas-de-vino-de-375-ml-en-vidrio-verde\/#breadcrumb","itemListElement":[{"@type":"ListItem","position":1,"name":"Home","item":"https:\/\/95glassbottles.com\/es\/"},{"@type":"ListItem","position":2,"name":"Productos","item":"https:\/\/95glassbottles.com\/es\/shop\/"},{"@type":"ListItem","position":3,"name":"Botellas peque\u00f1as de vino de 375 ml en vidrio verde"}]},{"@type":"WebSite","@id":"https:\/\/95glassbottles.com\/es\/#website","url":"https:\/\/95glassbottles.com\/es\/","name":"95GlassBottles","description":"","publisher":{"@id":"https:\/\/95glassbottles.com\/es\/#organization"},"potentialAction":[{"@type":"SearchAction","target":{"@type":"EntryPoint","urlTemplate":"https:\/\/95glassbottles.com\/es\/?s={search_term_string}"},"query-input":{"@type":"PropertyValueSpecification","valueRequired":true,"valueName":"search_term_string"}}],"inLanguage":"es"},{"@type":"Organization","@id":"https:\/\/95glassbottles.com\/es\/#organization","name":"Shandong Ninety Five Glass Co,.Ltd","url":"https:\/\/95glassbottles.com\/es\/","logo":{"@type":"ImageObject","inLanguage":"es","@id":"https:\/\/95glassbottles.com\/es\/#\/schema\/logo\/image\/","url":"https:\/\/95glassbottles.com\/wp-content\/uploads\/2025\/04\/1-3.webp","contentUrl":"https:\/\/95glassbottles.com\/wp-content\/uploads\/2025\/04\/1-3.webp","width":350,"height":100,"caption":"Shandong Ninety Five Glass Co,.Ltd"},"image":{"@id":"https:\/\/95glassbottles.com\/es\/#\/schema\/logo\/image\/"},"sameAs":["https:\/\/www.facebook.com\/95Glass"]}]}},"_links":{"self":[{"href":"https:\/\/95glassbottles.com\/es\/wp-json\/wp\/v2\/product\/5676","targetHints":{"allow":["GET"]}}],"collection":[{"href":"https:\/\/95glassbottles.com\/es\/wp-json\/wp\/v2\/product"}],"about":[{"href":"https:\/\/95glassbottles.com\/es\/wp-json\/wp\/v2\/types\/product"}],"wp:featuredmedia":[{"embeddable":true,"href":"https:\/\/95glassbottles.com\/es\/wp-json\/wp\/v2\/media\/4511"}],"wp:attachment":[{"href":"https:\/\/95glassbottles.com\/es\/wp-json\/wp\/v2\/media?parent=5676"}],"wp:term":[{"taxonomy":"product_brand","embeddable":true,"href":"https:\/\/95glassbottles.com\/es\/wp-json\/wp\/v2\/product_brand?post=5676"},{"taxonomy":"product_cat","embeddable":true,"href":"https:\/\/95glassbottles.com\/es\/wp-json\/wp\/v2\/product_cat?post=5676"},{"taxonomy":"product_tag","embeddable":true,"href":"https:\/\/95glassbottles.com\/es\/wp-json\/wp\/v2\/product_tag?post=5676"}],"curies":[{"name":"wp","href":"https:\/\/api.w.org\/{rel}","templated":true}]}}