{"id":5745,"date":"2025-08-11T08:56:10","date_gmt":"2025-08-11T08:56:10","guid":{"rendered":"https:\/\/95glassbottles.com\/product\/mejores-botellas-de-750ml-para-whisky-y-licores\/"},"modified":"2025-08-11T08:56:10","modified_gmt":"2025-08-11T08:56:10","slug":"mejores-botellas-de-750ml-para-whisky-y-licores","status":"publish","type":"product","link":"https:\/\/95glassbottles.com\/es\/producto\/mejores-botellas-de-750ml-para-whisky-y-licores\/","title":{"rendered":"Mejores botellas de 750ml para whisky y licores"},"content":{"rendered":"<p>Esta botella de licor presenta un dise\u00f1o de hombros cuadrados y robustos que transmite fuerza y \u200b\u200belegancia. Fabricada en vidrio transparente de alta calidad, ofrece durabilidad y una apariencia premium. Su base pesada garantiza estabilidad y realza el aspecto general de la botella. Su cuerpo transparente permite apreciar el color del whisky, vodka o brandy, lo que la convierte en una opci\u00f3n vers\u00e1til para destiler\u00edas y marcas de bebidas espirituosas. Su cuello estilizado permite el uso de diferentes tipos de tapones, asegurando un cierre herm\u00e9tico. Esta botella est\u00e1 dise\u00f1ada para combinar est\u00e9tica y funcionalidad, reflejando una artesan\u00eda moderna y potenciando la imagen de marca.     <\/p>\n","protected":false},"excerpt":{"rendered":"<p>Botella de alcohol de alta calidad con base cuadrada y pesada y cuello corto. Ideal para whisky, vodka o brandy. Cantidad m\u00ednima de pedido: 12.000 unidades. Plazo de entrega: 15-20 d\u00edas.  <\/p>\n<p>&nbsp;<\/p>\n","protected":false},"featured_media":4407,"template":"","meta":{"site-sidebar-layout":"default","site-content-layout":"","ast-site-content-layout":"default","site-content-style":"default","site-sidebar-style":"default","ast-global-header-display":"","ast-banner-title-visibility":"","ast-main-header-display":"","ast-hfb-above-header-display":"","ast-hfb-below-header-display":"","ast-hfb-mobile-header-display":"","site-post-title":"","ast-breadcrumbs-content":"","ast-featured-img":"","footer-sml-layout":"","ast-disable-related-posts":"","theme-transparent-header-meta":"default","adv-header-id-meta":"","stick-header-meta":"","header-above-stick-meta":"","header-main-stick-meta":"","header-below-stick-meta":"","astra-migrate-meta-layouts":"default","ast-page-background-enabled":"default","ast-page-background-meta":{"desktop":{"background-color":"var(--ast-global-color-4)","background-image":"","background-repeat":"repeat","background-position":"center center","background-size":"auto","background-attachment":"scroll","background-type":"","background-media":"","overlay-type":"","overlay-color":"","overlay-opacity":"","overlay-gradient":""},"tablet":{"background-color":"","background-image":"","background-repeat":"repeat","background-position":"center center","background-size":"auto","background-attachment":"scroll","background-type":"","background-media":"","overlay-type":"","overlay-color":"","overlay-opacity":"","overlay-gradient":""},"mobile":{"background-color":"","background-image":"","background-repeat":"repeat","background-position":"center center","background-size":"auto","background-attachment":"scroll","background-type":"","background-media":"","overlay-type":"","overlay-color":"","overlay-opacity":"","overlay-gradient":""}},"ast-content-background-meta":{"desktop":{"background-color":"var(--ast-global-color-5)","background-image":"","background-repeat":"repeat","background-position":"center center","background-size":"auto","background-attachment":"scroll","background-type":"","background-media":"","overlay-type":"","overlay-color":"","overlay-opacity":"","overlay-gradient":""},"tablet":{"background-color":"var(--ast-global-color-5)","background-image":"","background-repeat":"repeat","background-position":"center center","background-size":"auto","background-attachment":"scroll","background-type":"","background-media":"","overlay-type":"","overlay-color":"","overlay-opacity":"","overlay-gradient":""},"mobile":{"background-color":"var(--ast-global-color-5)","background-image":"","background-repeat":"repeat","background-position":"center center","background-size":"auto","background-attachment":"scroll","background-type":"","background-media":"","overlay-type":"","overlay-color":"","overlay-opacity":"","overlay-gradient":""}}},"product_brand":[],"product_cat":[561,397],"product_tag":[],"class_list":{"0":"post-5745","1":"product","2":"type-product","3":"status-publish","4":"has-post-thumbnail","6":"product_cat-botellas-de-licor-de-750-ml","7":"product_cat-botellas-espirituales","8":"desktop-align-left","9":"tablet-align-left","10":"mobile-align-left","12":"first","13":"instock","14":"shipping-taxable","15":"purchasable","16":"product-type-simple"},"yoast_head":"<!-- This site is optimized with the Yoast SEO plugin v27.4 - https:\/\/yoast.com\/product\/yoast-seo-wordpress\/ -->\n<title>Las mejores botellas de bebidas alcoh\u00f3licas con base cuadrada y pesada | 95Glass<\/title>\n<meta name=\"description\" content=\"Botella de alcohol de alta calidad con base cuadrada y pesada y cuello corto. Ideal para whisky, vodka o brandy. Cantidad m\u00ednima de pedido: 12.000 unidades. Plazo de entrega: 15-20 d\u00edas.\" \/>\n<meta name=\"robots\" content=\"index, follow, max-snippet:-1, max-image-preview:large, max-video-preview:-1\" \/>\n<link rel=\"canonical\" href=\"https:\/\/95glassbottles.com\/es\/producto\/mejores-botellas-de-750ml-para-whisky-y-licores\/\" \/>\n<meta property=\"og:locale\" content=\"es_ES\" \/>\n<meta property=\"og:type\" content=\"article\" \/>\n<meta property=\"og:title\" content=\"Las mejores botellas de bebidas alcoh\u00f3licas con base cuadrada y pesada | 95Glass\" \/>\n<meta property=\"og:description\" content=\"Botella de alcohol de alta calidad con base cuadrada y pesada y cuello corto. Ideal para whisky, vodka o brandy. Cantidad m\u00ednima de pedido: 12.000 unidades. Plazo de entrega: 15-20 d\u00edas.\" \/>\n<meta property=\"og:url\" content=\"https:\/\/95glassbottles.com\/es\/producto\/mejores-botellas-de-750ml-para-whisky-y-licores\/\" \/>\n<meta property=\"og:site_name\" content=\"95Glass\" \/>\n<meta property=\"article:publisher\" content=\"https:\/\/www.facebook.com\/95Glass\" \/>\n<meta property=\"og:image\" content=\"https:\/\/95glassbottles.com\/wp-content\/uploads\/2025\/08\/NF1141-750ML-800G.jpg\" \/>\n\t<meta property=\"og:image:width\" content=\"1000\" \/>\n\t<meta property=\"og:image:height\" content=\"1000\" \/>\n\t<meta property=\"og:image:type\" content=\"image\/jpeg\" \/>\n<meta name=\"twitter:card\" content=\"summary_large_image\" \/>\n<meta name=\"twitter:label1\" content=\"Tiempo de lectura\" \/>\n\t<meta name=\"twitter:data1\" content=\"1 minuto\" \/>\n<script type=\"application\/ld+json\" class=\"yoast-schema-graph\">{\"@context\":\"https:\\\/\\\/schema.org\",\"@graph\":[{\"@type\":[\"WebPage\",\"ItemPage\"],\"@id\":\"https:\\\/\\\/95glassbottles.com\\\/es\\\/producto\\\/mejores-botellas-de-750ml-para-whisky-y-licores\\\/\",\"url\":\"https:\\\/\\\/95glassbottles.com\\\/es\\\/producto\\\/mejores-botellas-de-750ml-para-whisky-y-licores\\\/\",\"name\":\"Las mejores botellas de bebidas alcoh\u00f3licas con base cuadrada y pesada | 95Glass\",\"isPartOf\":{\"@id\":\"https:\\\/\\\/95glassbottles.com\\\/es\\\/#website\"},\"primaryImageOfPage\":{\"@id\":\"https:\\\/\\\/95glassbottles.com\\\/es\\\/producto\\\/mejores-botellas-de-750ml-para-whisky-y-licores\\\/#primaryimage\"},\"image\":{\"@id\":\"https:\\\/\\\/95glassbottles.com\\\/es\\\/producto\\\/mejores-botellas-de-750ml-para-whisky-y-licores\\\/#primaryimage\"},\"thumbnailUrl\":\"https:\\\/\\\/95glassbottles.com\\\/wp-content\\\/uploads\\\/2025\\\/08\\\/NF1141-750ML-800G.jpg\",\"datePublished\":\"2025-08-11T08:56:10+00:00\",\"description\":\"Botella de alcohol de alta calidad con base cuadrada y pesada y cuello corto. Ideal para whisky, vodka o brandy. Cantidad m\u00ednima de pedido: 12.000 unidades. Plazo de entrega: 15-20 d\u00edas.\",\"breadcrumb\":{\"@id\":\"https:\\\/\\\/95glassbottles.com\\\/es\\\/producto\\\/mejores-botellas-de-750ml-para-whisky-y-licores\\\/#breadcrumb\"},\"inLanguage\":\"es\",\"potentialAction\":[{\"@type\":\"ReadAction\",\"target\":[\"https:\\\/\\\/95glassbottles.com\\\/es\\\/producto\\\/mejores-botellas-de-750ml-para-whisky-y-licores\\\/\"]}]},{\"@type\":\"ImageObject\",\"inLanguage\":\"es\",\"@id\":\"https:\\\/\\\/95glassbottles.com\\\/es\\\/producto\\\/mejores-botellas-de-750ml-para-whisky-y-licores\\\/#primaryimage\",\"url\":\"https:\\\/\\\/95glassbottles.com\\\/wp-content\\\/uploads\\\/2025\\\/08\\\/NF1141-750ML-800G.jpg\",\"contentUrl\":\"https:\\\/\\\/95glassbottles.com\\\/wp-content\\\/uploads\\\/2025\\\/08\\\/NF1141-750ML-800G.jpg\",\"width\":1000,\"height\":1000,\"caption\":\"Una elegante botella de cristal perfecta para almacenar licores de alta calidad.\"},{\"@type\":\"BreadcrumbList\",\"@id\":\"https:\\\/\\\/95glassbottles.com\\\/es\\\/producto\\\/mejores-botellas-de-750ml-para-whisky-y-licores\\\/#breadcrumb\",\"itemListElement\":[{\"@type\":\"ListItem\",\"position\":1,\"name\":\"Home\",\"item\":\"https:\\\/\\\/95glassbottles.com\\\/es\\\/\"},{\"@type\":\"ListItem\",\"position\":2,\"name\":\"Productos\",\"item\":\"https:\\\/\\\/95glassbottles.com\\\/es\\\/shop\\\/\"},{\"@type\":\"ListItem\",\"position\":3,\"name\":\"Mejores botellas de 750ml para whisky y licores\"}]},{\"@type\":\"WebSite\",\"@id\":\"https:\\\/\\\/95glassbottles.com\\\/es\\\/#website\",\"url\":\"https:\\\/\\\/95glassbottles.com\\\/es\\\/\",\"name\":\"95GlassBottles\",\"description\":\"\",\"publisher\":{\"@id\":\"https:\\\/\\\/95glassbottles.com\\\/es\\\/#organization\"},\"potentialAction\":[{\"@type\":\"SearchAction\",\"target\":{\"@type\":\"EntryPoint\",\"urlTemplate\":\"https:\\\/\\\/95glassbottles.com\\\/es\\\/?s={search_term_string}\"},\"query-input\":{\"@type\":\"PropertyValueSpecification\",\"valueRequired\":true,\"valueName\":\"search_term_string\"}}],\"inLanguage\":\"es\"},{\"@type\":\"Organization\",\"@id\":\"https:\\\/\\\/95glassbottles.com\\\/es\\\/#organization\",\"name\":\"Shandong Ninety Five Glass Co,.Ltd\",\"url\":\"https:\\\/\\\/95glassbottles.com\\\/es\\\/\",\"logo\":{\"@type\":\"ImageObject\",\"inLanguage\":\"es\",\"@id\":\"https:\\\/\\\/95glassbottles.com\\\/es\\\/#\\\/schema\\\/logo\\\/image\\\/\",\"url\":\"https:\\\/\\\/95glassbottles.com\\\/wp-content\\\/uploads\\\/2025\\\/04\\\/1-3.webp\",\"contentUrl\":\"https:\\\/\\\/95glassbottles.com\\\/wp-content\\\/uploads\\\/2025\\\/04\\\/1-3.webp\",\"width\":350,\"height\":100,\"caption\":\"Shandong Ninety Five Glass Co,.Ltd\"},\"image\":{\"@id\":\"https:\\\/\\\/95glassbottles.com\\\/es\\\/#\\\/schema\\\/logo\\\/image\\\/\"},\"sameAs\":[\"https:\\\/\\\/www.facebook.com\\\/95Glass\"]}]}<\/script>\n<!-- \/ Yoast SEO plugin. -->","yoast_head_json":{"title":"Las mejores botellas de bebidas alcoh\u00f3licas con base cuadrada y pesada | 95Glass","description":"Botella de alcohol de alta calidad con base cuadrada y pesada y cuello corto. Ideal para whisky, vodka o brandy. Cantidad m\u00ednima de pedido: 12.000 unidades. Plazo de entrega: 15-20 d\u00edas.","robots":{"index":"index","follow":"follow","max-snippet":"max-snippet:-1","max-image-preview":"max-image-preview:large","max-video-preview":"max-video-preview:-1"},"canonical":"https:\/\/95glassbottles.com\/es\/producto\/mejores-botellas-de-750ml-para-whisky-y-licores\/","og_locale":"es_ES","og_type":"article","og_title":"Las mejores botellas de bebidas alcoh\u00f3licas con base cuadrada y pesada | 95Glass","og_description":"Botella de alcohol de alta calidad con base cuadrada y pesada y cuello corto. Ideal para whisky, vodka o brandy. Cantidad m\u00ednima de pedido: 12.000 unidades. Plazo de entrega: 15-20 d\u00edas.","og_url":"https:\/\/95glassbottles.com\/es\/producto\/mejores-botellas-de-750ml-para-whisky-y-licores\/","og_site_name":"95Glass","article_publisher":"https:\/\/www.facebook.com\/95Glass","og_image":[{"width":1000,"height":1000,"url":"https:\/\/95glassbottles.com\/wp-content\/uploads\/2025\/08\/NF1141-750ML-800G.jpg","type":"image\/jpeg"}],"twitter_card":"summary_large_image","twitter_misc":{"Tiempo de lectura":"1 minuto"},"schema":{"@context":"https:\/\/schema.org","@graph":[{"@type":["WebPage","ItemPage"],"@id":"https:\/\/95glassbottles.com\/es\/producto\/mejores-botellas-de-750ml-para-whisky-y-licores\/","url":"https:\/\/95glassbottles.com\/es\/producto\/mejores-botellas-de-750ml-para-whisky-y-licores\/","name":"Las mejores botellas de bebidas alcoh\u00f3licas con base cuadrada y pesada | 95Glass","isPartOf":{"@id":"https:\/\/95glassbottles.com\/es\/#website"},"primaryImageOfPage":{"@id":"https:\/\/95glassbottles.com\/es\/producto\/mejores-botellas-de-750ml-para-whisky-y-licores\/#primaryimage"},"image":{"@id":"https:\/\/95glassbottles.com\/es\/producto\/mejores-botellas-de-750ml-para-whisky-y-licores\/#primaryimage"},"thumbnailUrl":"https:\/\/95glassbottles.com\/wp-content\/uploads\/2025\/08\/NF1141-750ML-800G.jpg","datePublished":"2025-08-11T08:56:10+00:00","description":"Botella de alcohol de alta calidad con base cuadrada y pesada y cuello corto. Ideal para whisky, vodka o brandy. Cantidad m\u00ednima de pedido: 12.000 unidades. Plazo de entrega: 15-20 d\u00edas.","breadcrumb":{"@id":"https:\/\/95glassbottles.com\/es\/producto\/mejores-botellas-de-750ml-para-whisky-y-licores\/#breadcrumb"},"inLanguage":"es","potentialAction":[{"@type":"ReadAction","target":["https:\/\/95glassbottles.com\/es\/producto\/mejores-botellas-de-750ml-para-whisky-y-licores\/"]}]},{"@type":"ImageObject","inLanguage":"es","@id":"https:\/\/95glassbottles.com\/es\/producto\/mejores-botellas-de-750ml-para-whisky-y-licores\/#primaryimage","url":"https:\/\/95glassbottles.com\/wp-content\/uploads\/2025\/08\/NF1141-750ML-800G.jpg","contentUrl":"https:\/\/95glassbottles.com\/wp-content\/uploads\/2025\/08\/NF1141-750ML-800G.jpg","width":1000,"height":1000,"caption":"Una elegante botella de cristal perfecta para almacenar licores de alta calidad."},{"@type":"BreadcrumbList","@id":"https:\/\/95glassbottles.com\/es\/producto\/mejores-botellas-de-750ml-para-whisky-y-licores\/#breadcrumb","itemListElement":[{"@type":"ListItem","position":1,"name":"Home","item":"https:\/\/95glassbottles.com\/es\/"},{"@type":"ListItem","position":2,"name":"Productos","item":"https:\/\/95glassbottles.com\/es\/shop\/"},{"@type":"ListItem","position":3,"name":"Mejores botellas de 750ml para whisky y licores"}]},{"@type":"WebSite","@id":"https:\/\/95glassbottles.com\/es\/#website","url":"https:\/\/95glassbottles.com\/es\/","name":"95GlassBottles","description":"","publisher":{"@id":"https:\/\/95glassbottles.com\/es\/#organization"},"potentialAction":[{"@type":"SearchAction","target":{"@type":"EntryPoint","urlTemplate":"https:\/\/95glassbottles.com\/es\/?s={search_term_string}"},"query-input":{"@type":"PropertyValueSpecification","valueRequired":true,"valueName":"search_term_string"}}],"inLanguage":"es"},{"@type":"Organization","@id":"https:\/\/95glassbottles.com\/es\/#organization","name":"Shandong Ninety Five Glass Co,.Ltd","url":"https:\/\/95glassbottles.com\/es\/","logo":{"@type":"ImageObject","inLanguage":"es","@id":"https:\/\/95glassbottles.com\/es\/#\/schema\/logo\/image\/","url":"https:\/\/95glassbottles.com\/wp-content\/uploads\/2025\/04\/1-3.webp","contentUrl":"https:\/\/95glassbottles.com\/wp-content\/uploads\/2025\/04\/1-3.webp","width":350,"height":100,"caption":"Shandong Ninety Five Glass Co,.Ltd"},"image":{"@id":"https:\/\/95glassbottles.com\/es\/#\/schema\/logo\/image\/"},"sameAs":["https:\/\/www.facebook.com\/95Glass"]}]}},"_links":{"self":[{"href":"https:\/\/95glassbottles.com\/es\/wp-json\/wp\/v2\/product\/5745","targetHints":{"allow":["GET"]}}],"collection":[{"href":"https:\/\/95glassbottles.com\/es\/wp-json\/wp\/v2\/product"}],"about":[{"href":"https:\/\/95glassbottles.com\/es\/wp-json\/wp\/v2\/types\/product"}],"wp:featuredmedia":[{"embeddable":true,"href":"https:\/\/95glassbottles.com\/es\/wp-json\/wp\/v2\/media\/4407"}],"wp:attachment":[{"href":"https:\/\/95glassbottles.com\/es\/wp-json\/wp\/v2\/media?parent=5745"}],"wp:term":[{"taxonomy":"product_brand","embeddable":true,"href":"https:\/\/95glassbottles.com\/es\/wp-json\/wp\/v2\/product_brand?post=5745"},{"taxonomy":"product_cat","embeddable":true,"href":"https:\/\/95glassbottles.com\/es\/wp-json\/wp\/v2\/product_cat?post=5745"},{"taxonomy":"product_tag","embeddable":true,"href":"https:\/\/95glassbottles.com\/es\/wp-json\/wp\/v2\/product_tag?post=5745"}],"curies":[{"name":"wp","href":"https:\/\/api.w.org\/{rel}","templated":true}]}}