{"id":5773,"date":"2025-08-12T08:37:16","date_gmt":"2025-08-12T08:37:16","guid":{"rendered":"https:\/\/95glassbottles.com\/product\/cerraduras-ropp-de-aluminio-plateado-para-botellas-de-bebidas-alcoholicas-2\/"},"modified":"2025-08-12T08:37:16","modified_gmt":"2025-08-12T08:37:16","slug":"cerraduras-ropp-de-aluminio-plateado-para-botellas-de-bebidas-alcoholicas-2","status":"publish","type":"product","link":"https:\/\/95glassbottles.com\/es\/producto\/cerraduras-ropp-de-aluminio-plateado-para-botellas-de-bebidas-alcoholicas-2\/","title":{"rendered":"Cerraduras ROPP de aluminio plateado para botellas de bebidas alcoh\u00f3licas"},"content":{"rendered":"<p>Esta tapa roscada de aluminio ROPP presenta un acabado plateado cl\u00e1sico con bordes ranurados para facilitar su manipulaci\u00f3n. Su dise\u00f1o roscado garantiza un cierre herm\u00e9tico que evita fugas, preservando la frescura del producto y protegi\u00e9ndolo de manipulaciones. Fabricada con aluminio resistente, ofrece durabilidad y resistencia a la corrosi\u00f3n. Su superficie lisa permite una presentaci\u00f3n elegante y facilita la personalizaci\u00f3n con logotipos o relieves. Ideal para botellas de vino, bebidas espirituosas y otras bebidas, esta tapa mejora la seguridad y la est\u00e9tica del envase.    <\/p>\n","protected":false},"excerpt":{"rendered":"<p>Tapa ROPP de aluminio color plata con superficie lisa y dise\u00f1o de rosca. Cantidad m\u00ednima de pedido 6000 piezas. Tiempo de producci\u00f3n 10\u201320 d\u00edas.<\/p>\n","protected":false},"featured_media":4474,"template":"","meta":{"site-sidebar-layout":"default","site-content-layout":"","ast-site-content-layout":"default","site-content-style":"default","site-sidebar-style":"default","ast-global-header-display":"","ast-banner-title-visibility":"","ast-main-header-display":"","ast-hfb-above-header-display":"","ast-hfb-below-header-display":"","ast-hfb-mobile-header-display":"","site-post-title":"","ast-breadcrumbs-content":"","ast-featured-img":"","footer-sml-layout":"","ast-disable-related-posts":"","theme-transparent-header-meta":"default","adv-header-id-meta":"","stick-header-meta":"","header-above-stick-meta":"","header-main-stick-meta":"","header-below-stick-meta":"","astra-migrate-meta-layouts":"default","ast-page-background-enabled":"default","ast-page-background-meta":{"desktop":{"background-color":"var(--ast-global-color-4)","background-image":"","background-repeat":"repeat","background-position":"center center","background-size":"auto","background-attachment":"scroll","background-type":"","background-media":"","overlay-type":"","overlay-color":"","overlay-opacity":"","overlay-gradient":""},"tablet":{"background-color":"","background-image":"","background-repeat":"repeat","background-position":"center center","background-size":"auto","background-attachment":"scroll","background-type":"","background-media":"","overlay-type":"","overlay-color":"","overlay-opacity":"","overlay-gradient":""},"mobile":{"background-color":"","background-image":"","background-repeat":"repeat","background-position":"center center","background-size":"auto","background-attachment":"scroll","background-type":"","background-media":"","overlay-type":"","overlay-color":"","overlay-opacity":"","overlay-gradient":""}},"ast-content-background-meta":{"desktop":{"background-color":"var(--ast-global-color-5)","background-image":"","background-repeat":"repeat","background-position":"center center","background-size":"auto","background-attachment":"scroll","background-type":"","background-media":"","overlay-type":"","overlay-color":"","overlay-opacity":"","overlay-gradient":""},"tablet":{"background-color":"var(--ast-global-color-5)","background-image":"","background-repeat":"repeat","background-position":"center center","background-size":"auto","background-attachment":"scroll","background-type":"","background-media":"","overlay-type":"","overlay-color":"","overlay-opacity":"","overlay-gradient":""},"mobile":{"background-color":"var(--ast-global-color-5)","background-image":"","background-repeat":"repeat","background-position":"center center","background-size":"auto","background-attachment":"scroll","background-type":"","background-media":"","overlay-type":"","overlay-color":"","overlay-opacity":"","overlay-gradient":""}}},"product_brand":[],"product_cat":[352,640,375],"product_tag":[],"class_list":{"0":"post-5773","1":"product","2":"type-product","3":"status-publish","4":"has-post-thumbnail","6":"product_cat-sin-categoria","7":"product_cat-tapas-ropp","8":"product_cat-tapones-y-corchos-para-botellas","9":"desktop-align-left","10":"tablet-align-left","11":"mobile-align-left","13":"first","14":"instock","15":"shipping-taxable","16":"purchasable","17":"product-type-simple"},"yoast_head":"<!-- This site is optimized with the Yoast SEO plugin v27.4 - https:\/\/yoast.com\/product\/yoast-seo-wordpress\/ -->\n<title>Cerraduras ROPP de aluminio plateado | 95Glass<\/title>\n<meta name=\"description\" content=\"Cerraduras ROPP de aluminio plateado de alta calidad para botellas de bebidas alcoh\u00f3licas, que ofrecen un sellado herm\u00e9tico, seguro y a prueba de manipulaciones para destiler\u00edas y fabricantes de bebidas.\" \/>\n<meta name=\"robots\" content=\"index, follow, max-snippet:-1, max-image-preview:large, max-video-preview:-1\" \/>\n<link rel=\"canonical\" href=\"https:\/\/95glassbottles.com\/es\/producto\/cerraduras-ropp-de-aluminio-plateado-para-botellas-de-bebidas-alcoholicas-2\/\" \/>\n<meta property=\"og:locale\" content=\"es_ES\" \/>\n<meta property=\"og:type\" content=\"article\" \/>\n<meta property=\"og:title\" content=\"Cerraduras ROPP de aluminio plateado | 95Glass\" \/>\n<meta property=\"og:description\" content=\"Cerraduras ROPP de aluminio plateado de alta calidad para botellas de bebidas alcoh\u00f3licas, que ofrecen un sellado herm\u00e9tico, seguro y a prueba de manipulaciones para destiler\u00edas y fabricantes de bebidas.\" \/>\n<meta property=\"og:url\" content=\"https:\/\/95glassbottles.com\/es\/producto\/cerraduras-ropp-de-aluminio-plateado-para-botellas-de-bebidas-alcoholicas-2\/\" \/>\n<meta property=\"og:site_name\" content=\"95Glass\" \/>\n<meta property=\"article:publisher\" content=\"https:\/\/www.facebook.com\/95Glass\" \/>\n<meta property=\"og:image\" content=\"https:\/\/95glassbottles.com\/wp-content\/uploads\/2025\/08\/\u5fae\u4fe1\u56fe\u7247_20250812155700_253.jpg\" \/>\n\t<meta property=\"og:image:width\" content=\"500\" \/>\n\t<meta property=\"og:image:height\" content=\"497\" \/>\n\t<meta property=\"og:image:type\" content=\"image\/jpeg\" \/>\n<meta name=\"twitter:card\" content=\"summary_large_image\" \/>\n<script type=\"application\/ld+json\" class=\"yoast-schema-graph\">{\"@context\":\"https:\\\/\\\/schema.org\",\"@graph\":[{\"@type\":[\"WebPage\",\"ItemPage\"],\"@id\":\"https:\\\/\\\/95glassbottles.com\\\/es\\\/producto\\\/cerraduras-ropp-de-aluminio-plateado-para-botellas-de-bebidas-alcoholicas-2\\\/\",\"url\":\"https:\\\/\\\/95glassbottles.com\\\/es\\\/producto\\\/cerraduras-ropp-de-aluminio-plateado-para-botellas-de-bebidas-alcoholicas-2\\\/\",\"name\":\"Cerraduras ROPP de aluminio plateado | 95Glass\",\"isPartOf\":{\"@id\":\"https:\\\/\\\/95glassbottles.com\\\/es\\\/#website\"},\"primaryImageOfPage\":{\"@id\":\"https:\\\/\\\/95glassbottles.com\\\/es\\\/producto\\\/cerraduras-ropp-de-aluminio-plateado-para-botellas-de-bebidas-alcoholicas-2\\\/#primaryimage\"},\"image\":{\"@id\":\"https:\\\/\\\/95glassbottles.com\\\/es\\\/producto\\\/cerraduras-ropp-de-aluminio-plateado-para-botellas-de-bebidas-alcoholicas-2\\\/#primaryimage\"},\"thumbnailUrl\":\"https:\\\/\\\/95glassbottles.com\\\/wp-content\\\/uploads\\\/2025\\\/08\\\/\u5fae\u4fe1\u56fe\u7247_20250812155700_253.jpg\",\"datePublished\":\"2025-08-12T08:37:16+00:00\",\"description\":\"Cerraduras ROPP de aluminio plateado de alta calidad para botellas de bebidas alcoh\u00f3licas, que ofrecen un sellado herm\u00e9tico, seguro y a prueba de manipulaciones para destiler\u00edas y fabricantes de bebidas.\",\"breadcrumb\":{\"@id\":\"https:\\\/\\\/95glassbottles.com\\\/es\\\/producto\\\/cerraduras-ropp-de-aluminio-plateado-para-botellas-de-bebidas-alcoholicas-2\\\/#breadcrumb\"},\"inLanguage\":\"es\",\"potentialAction\":[{\"@type\":\"ReadAction\",\"target\":[\"https:\\\/\\\/95glassbottles.com\\\/es\\\/producto\\\/cerraduras-ropp-de-aluminio-plateado-para-botellas-de-bebidas-alcoholicas-2\\\/\"]}]},{\"@type\":\"ImageObject\",\"inLanguage\":\"es\",\"@id\":\"https:\\\/\\\/95glassbottles.com\\\/es\\\/producto\\\/cerraduras-ropp-de-aluminio-plateado-para-botellas-de-bebidas-alcoholicas-2\\\/#primaryimage\",\"url\":\"https:\\\/\\\/95glassbottles.com\\\/wp-content\\\/uploads\\\/2025\\\/08\\\/\u5fae\u4fe1\u56fe\u7247_20250812155700_253.jpg\",\"contentUrl\":\"https:\\\/\\\/95glassbottles.com\\\/wp-content\\\/uploads\\\/2025\\\/08\\\/\u5fae\u4fe1\u56fe\u7247_20250812155700_253.jpg\",\"width\":500,\"height\":497,\"caption\":\"Cerraduras ROPP de aluminio plateado de alta calidad para un sellado seguro y a prueba de manipulaciones.\"},{\"@type\":\"BreadcrumbList\",\"@id\":\"https:\\\/\\\/95glassbottles.com\\\/es\\\/producto\\\/cerraduras-ropp-de-aluminio-plateado-para-botellas-de-bebidas-alcoholicas-2\\\/#breadcrumb\",\"itemListElement\":[{\"@type\":\"ListItem\",\"position\":1,\"name\":\"Home\",\"item\":\"https:\\\/\\\/95glassbottles.com\\\/es\\\/\"},{\"@type\":\"ListItem\",\"position\":2,\"name\":\"Productos\",\"item\":\"https:\\\/\\\/95glassbottles.com\\\/es\\\/shop\\\/\"},{\"@type\":\"ListItem\",\"position\":3,\"name\":\"Cerraduras ROPP de aluminio plateado para botellas de bebidas alcoh\u00f3licas\"}]},{\"@type\":\"WebSite\",\"@id\":\"https:\\\/\\\/95glassbottles.com\\\/es\\\/#website\",\"url\":\"https:\\\/\\\/95glassbottles.com\\\/es\\\/\",\"name\":\"95GlassBottles\",\"description\":\"\",\"publisher\":{\"@id\":\"https:\\\/\\\/95glassbottles.com\\\/es\\\/#organization\"},\"potentialAction\":[{\"@type\":\"SearchAction\",\"target\":{\"@type\":\"EntryPoint\",\"urlTemplate\":\"https:\\\/\\\/95glassbottles.com\\\/es\\\/?s={search_term_string}\"},\"query-input\":{\"@type\":\"PropertyValueSpecification\",\"valueRequired\":true,\"valueName\":\"search_term_string\"}}],\"inLanguage\":\"es\"},{\"@type\":\"Organization\",\"@id\":\"https:\\\/\\\/95glassbottles.com\\\/es\\\/#organization\",\"name\":\"Shandong Ninety Five Glass Co,.Ltd\",\"url\":\"https:\\\/\\\/95glassbottles.com\\\/es\\\/\",\"logo\":{\"@type\":\"ImageObject\",\"inLanguage\":\"es\",\"@id\":\"https:\\\/\\\/95glassbottles.com\\\/es\\\/#\\\/schema\\\/logo\\\/image\\\/\",\"url\":\"https:\\\/\\\/95glassbottles.com\\\/wp-content\\\/uploads\\\/2025\\\/04\\\/1-3.webp\",\"contentUrl\":\"https:\\\/\\\/95glassbottles.com\\\/wp-content\\\/uploads\\\/2025\\\/04\\\/1-3.webp\",\"width\":350,\"height\":100,\"caption\":\"Shandong Ninety Five Glass Co,.Ltd\"},\"image\":{\"@id\":\"https:\\\/\\\/95glassbottles.com\\\/es\\\/#\\\/schema\\\/logo\\\/image\\\/\"},\"sameAs\":[\"https:\\\/\\\/www.facebook.com\\\/95Glass\"]}]}<\/script>\n<!-- \/ Yoast SEO plugin. -->","yoast_head_json":{"title":"Cerraduras ROPP de aluminio plateado | 95Glass","description":"Cerraduras ROPP de aluminio plateado de alta calidad para botellas de bebidas alcoh\u00f3licas, que ofrecen un sellado herm\u00e9tico, seguro y a prueba de manipulaciones para destiler\u00edas y fabricantes de bebidas.","robots":{"index":"index","follow":"follow","max-snippet":"max-snippet:-1","max-image-preview":"max-image-preview:large","max-video-preview":"max-video-preview:-1"},"canonical":"https:\/\/95glassbottles.com\/es\/producto\/cerraduras-ropp-de-aluminio-plateado-para-botellas-de-bebidas-alcoholicas-2\/","og_locale":"es_ES","og_type":"article","og_title":"Cerraduras ROPP de aluminio plateado | 95Glass","og_description":"Cerraduras ROPP de aluminio plateado de alta calidad para botellas de bebidas alcoh\u00f3licas, que ofrecen un sellado herm\u00e9tico, seguro y a prueba de manipulaciones para destiler\u00edas y fabricantes de bebidas.","og_url":"https:\/\/95glassbottles.com\/es\/producto\/cerraduras-ropp-de-aluminio-plateado-para-botellas-de-bebidas-alcoholicas-2\/","og_site_name":"95Glass","article_publisher":"https:\/\/www.facebook.com\/95Glass","og_image":[{"width":500,"height":497,"url":"https:\/\/95glassbottles.com\/wp-content\/uploads\/2025\/08\/\u5fae\u4fe1\u56fe\u7247_20250812155700_253.jpg","type":"image\/jpeg"}],"twitter_card":"summary_large_image","schema":{"@context":"https:\/\/schema.org","@graph":[{"@type":["WebPage","ItemPage"],"@id":"https:\/\/95glassbottles.com\/es\/producto\/cerraduras-ropp-de-aluminio-plateado-para-botellas-de-bebidas-alcoholicas-2\/","url":"https:\/\/95glassbottles.com\/es\/producto\/cerraduras-ropp-de-aluminio-plateado-para-botellas-de-bebidas-alcoholicas-2\/","name":"Cerraduras ROPP de aluminio plateado | 95Glass","isPartOf":{"@id":"https:\/\/95glassbottles.com\/es\/#website"},"primaryImageOfPage":{"@id":"https:\/\/95glassbottles.com\/es\/producto\/cerraduras-ropp-de-aluminio-plateado-para-botellas-de-bebidas-alcoholicas-2\/#primaryimage"},"image":{"@id":"https:\/\/95glassbottles.com\/es\/producto\/cerraduras-ropp-de-aluminio-plateado-para-botellas-de-bebidas-alcoholicas-2\/#primaryimage"},"thumbnailUrl":"https:\/\/95glassbottles.com\/wp-content\/uploads\/2025\/08\/\u5fae\u4fe1\u56fe\u7247_20250812155700_253.jpg","datePublished":"2025-08-12T08:37:16+00:00","description":"Cerraduras ROPP de aluminio plateado de alta calidad para botellas de bebidas alcoh\u00f3licas, que ofrecen un sellado herm\u00e9tico, seguro y a prueba de manipulaciones para destiler\u00edas y fabricantes de bebidas.","breadcrumb":{"@id":"https:\/\/95glassbottles.com\/es\/producto\/cerraduras-ropp-de-aluminio-plateado-para-botellas-de-bebidas-alcoholicas-2\/#breadcrumb"},"inLanguage":"es","potentialAction":[{"@type":"ReadAction","target":["https:\/\/95glassbottles.com\/es\/producto\/cerraduras-ropp-de-aluminio-plateado-para-botellas-de-bebidas-alcoholicas-2\/"]}]},{"@type":"ImageObject","inLanguage":"es","@id":"https:\/\/95glassbottles.com\/es\/producto\/cerraduras-ropp-de-aluminio-plateado-para-botellas-de-bebidas-alcoholicas-2\/#primaryimage","url":"https:\/\/95glassbottles.com\/wp-content\/uploads\/2025\/08\/\u5fae\u4fe1\u56fe\u7247_20250812155700_253.jpg","contentUrl":"https:\/\/95glassbottles.com\/wp-content\/uploads\/2025\/08\/\u5fae\u4fe1\u56fe\u7247_20250812155700_253.jpg","width":500,"height":497,"caption":"Cerraduras ROPP de aluminio plateado de alta calidad para un sellado seguro y a prueba de manipulaciones."},{"@type":"BreadcrumbList","@id":"https:\/\/95glassbottles.com\/es\/producto\/cerraduras-ropp-de-aluminio-plateado-para-botellas-de-bebidas-alcoholicas-2\/#breadcrumb","itemListElement":[{"@type":"ListItem","position":1,"name":"Home","item":"https:\/\/95glassbottles.com\/es\/"},{"@type":"ListItem","position":2,"name":"Productos","item":"https:\/\/95glassbottles.com\/es\/shop\/"},{"@type":"ListItem","position":3,"name":"Cerraduras ROPP de aluminio plateado para botellas de bebidas alcoh\u00f3licas"}]},{"@type":"WebSite","@id":"https:\/\/95glassbottles.com\/es\/#website","url":"https:\/\/95glassbottles.com\/es\/","name":"95GlassBottles","description":"","publisher":{"@id":"https:\/\/95glassbottles.com\/es\/#organization"},"potentialAction":[{"@type":"SearchAction","target":{"@type":"EntryPoint","urlTemplate":"https:\/\/95glassbottles.com\/es\/?s={search_term_string}"},"query-input":{"@type":"PropertyValueSpecification","valueRequired":true,"valueName":"search_term_string"}}],"inLanguage":"es"},{"@type":"Organization","@id":"https:\/\/95glassbottles.com\/es\/#organization","name":"Shandong Ninety Five Glass Co,.Ltd","url":"https:\/\/95glassbottles.com\/es\/","logo":{"@type":"ImageObject","inLanguage":"es","@id":"https:\/\/95glassbottles.com\/es\/#\/schema\/logo\/image\/","url":"https:\/\/95glassbottles.com\/wp-content\/uploads\/2025\/04\/1-3.webp","contentUrl":"https:\/\/95glassbottles.com\/wp-content\/uploads\/2025\/04\/1-3.webp","width":350,"height":100,"caption":"Shandong Ninety Five Glass Co,.Ltd"},"image":{"@id":"https:\/\/95glassbottles.com\/es\/#\/schema\/logo\/image\/"},"sameAs":["https:\/\/www.facebook.com\/95Glass"]}]}},"_links":{"self":[{"href":"https:\/\/95glassbottles.com\/es\/wp-json\/wp\/v2\/product\/5773","targetHints":{"allow":["GET"]}}],"collection":[{"href":"https:\/\/95glassbottles.com\/es\/wp-json\/wp\/v2\/product"}],"about":[{"href":"https:\/\/95glassbottles.com\/es\/wp-json\/wp\/v2\/types\/product"}],"wp:featuredmedia":[{"embeddable":true,"href":"https:\/\/95glassbottles.com\/es\/wp-json\/wp\/v2\/media\/4474"}],"wp:attachment":[{"href":"https:\/\/95glassbottles.com\/es\/wp-json\/wp\/v2\/media?parent=5773"}],"wp:term":[{"taxonomy":"product_brand","embeddable":true,"href":"https:\/\/95glassbottles.com\/es\/wp-json\/wp\/v2\/product_brand?post=5773"},{"taxonomy":"product_cat","embeddable":true,"href":"https:\/\/95glassbottles.com\/es\/wp-json\/wp\/v2\/product_cat?post=5773"},{"taxonomy":"product_tag","embeddable":true,"href":"https:\/\/95glassbottles.com\/es\/wp-json\/wp\/v2\/product_tag?post=5773"}],"curies":[{"name":"wp","href":"https:\/\/api.w.org\/{rel}","templated":true}]}}