{"id":5481,"date":"2025-05-09T09:08:14","date_gmt":"2025-05-09T09:08:14","guid":{"rendered":"https:\/\/95glassbottles.com\/actualites\/"},"modified":"2025-10-04T14:03:56","modified_gmt":"2025-10-04T14:03:56","slug":"actualites","status":"publish","type":"page","link":"https:\/\/95glassbottles.com\/fr\/actualites\/","title":{"rendered":"Actualit\u00e9s"},"content":{"rendered":"\t\t<div data-elementor-type=\"wp-page\" data-elementor-id=\"5481\" class=\"elementor elementor-5481 elementor-2730\" data-elementor-post-type=\"page\">\n\t\t\t\t<div class=\"elementor-element elementor-element-52da338 e-flex e-con-boxed e-con e-parent\" data-id=\"52da338\" data-element_type=\"container\" data-e-type=\"container\" data-settings=\"{&quot;background_background&quot;:&quot;classic&quot;}\">\n\t\t\t\t\t<div class=\"e-con-inner\">\n\t\t\t\t<div class=\"elementor-element elementor-element-a5f8720 elementor-widget elementor-widget-heading\" data-id=\"a5f8720\" data-element_type=\"widget\" data-e-type=\"widget\" data-widget_type=\"heading.default\">\n\t\t\t\t\t<h1 class=\"elementor-heading-title elementor-size-default\">Actualit\u00e9s et mises \u00e0 jour de 95Glass<\/h1>\t\t\t\t<\/div>\n\t\t\t\t<div class=\"elementor-element elementor-element-1f154f9 elementor-widget elementor-widget-text-editor\" data-id=\"1f154f9\" data-element_type=\"widget\" data-e-type=\"widget\" data-widget_type=\"text-editor.default\">\n\t\t\t\t\t\t\t\t\t<p>Lancements de produits, mises \u00e0 jour de fabrication et guides pratiques pour l&#8217;emballage des vins et spiritueux.<\/p>\t\t\t\t\t\t\t\t<\/div>\n\t\t\t\t\t<\/div>\n\t\t\t\t<\/div>\n\t\t<div class=\"elementor-element elementor-element-d709b85 e-flex e-con-boxed e-con e-parent\" data-id=\"d709b85\" data-element_type=\"container\" data-e-type=\"container\">\n\t\t\t\t\t<div class=\"e-con-inner\">\n\t\t\t\t<div class=\"elementor-element elementor-element-075d5e3 elementor-grid-3 elementor-grid-tablet-2 elementor-grid-mobile-1 elementor-posts--thumbnail-top elementor-widget elementor-widget-posts\" data-id=\"075d5e3\" data-element_type=\"widget\" data-e-type=\"widget\" data-settings=\"{&quot;classic_columns&quot;:&quot;3&quot;,&quot;classic_columns_tablet&quot;:&quot;2&quot;,&quot;classic_columns_mobile&quot;:&quot;1&quot;,&quot;classic_row_gap&quot;:{&quot;unit&quot;:&quot;px&quot;,&quot;size&quot;:35,&quot;sizes&quot;:[]},&quot;classic_row_gap_tablet&quot;:{&quot;unit&quot;:&quot;px&quot;,&quot;size&quot;:&quot;&quot;,&quot;sizes&quot;:[]},&quot;classic_row_gap_mobile&quot;:{&quot;unit&quot;:&quot;px&quot;,&quot;size&quot;:&quot;&quot;,&quot;sizes&quot;:[]}}\" data-widget_type=\"posts.classic\">\n\t\t\t\t<div class=\"elementor-widget-container\">\n\t\t\t\t\t\t\t<div class=\"elementor-posts-container elementor-posts elementor-posts--skin-classic elementor-grid\" role=\"list\">\n\t\t\t\t<article class=\"elementor-post elementor-grid-item post-6070 post type-post status-publish format-standard has-post-thumbnail hentry category-materiaux-et-finitions\" role=\"listitem\">\n\t\t\t\t<a class=\"elementor-post__thumbnail__link\" href=\"https:\/\/95glassbottles.com\/fr\/verre-noir-ou-super-blanc-impact-des-materiaux-selon-le-type-de-boisson\/\" tabindex=\"-1\" >\n\t\t\t<div class=\"elementor-post__thumbnail\"><img fetchpriority=\"high\" decoding=\"async\" width=\"300\" height=\"200\" src=\"https:\/\/95glassbottles.com\/wp-content\/uploads\/2025\/10\/ChatGPT-Image-2025\u5e7410\u67084\u65e5-15_18_43-300x200.png\" class=\"attachment-medium size-medium wp-image-6066\" alt=\"Bouteilles en verre noir et verre flint c\u00f4te \u00e0 c\u00f4te en forme de Bordeaux sur bois, fond gris\" srcset=\"https:\/\/95glassbottles.com\/wp-content\/uploads\/2025\/10\/ChatGPT-Image-2025\u5e7410\u67084\u65e5-15_18_43-300x200.png 300w, https:\/\/95glassbottles.com\/wp-content\/uploads\/2025\/10\/ChatGPT-Image-2025\u5e7410\u67084\u65e5-15_18_43-1024x683.png 1024w, https:\/\/95glassbottles.com\/wp-content\/uploads\/2025\/10\/ChatGPT-Image-2025\u5e7410\u67084\u65e5-15_18_43-768x512.png 768w, https:\/\/95glassbottles.com\/wp-content\/uploads\/2025\/10\/ChatGPT-Image-2025\u5e7410\u67084\u65e5-15_18_43-600x400.png 600w, https:\/\/95glassbottles.com\/wp-content\/uploads\/2025\/10\/ChatGPT-Image-2025\u5e7410\u67084\u65e5-15_18_43.png 1536w\" sizes=\"(max-width: 300px) 100vw, 300px\" \/><\/div>\n\t\t<\/a>\n\t\t\t\t<div class=\"elementor-post__text\">\n\t\t\t\t<h3 class=\"elementor-post__title\">\n\t\t\t<a href=\"https:\/\/95glassbottles.com\/fr\/verre-noir-ou-super-blanc-impact-des-materiaux-selon-le-type-de-boisson\/\" >\n\t\t\t\tVerre noir ou super blanc : impact des mat\u00e9riaux selon le type de boisson\t\t\t<\/a>\n\t\t<\/h3>\n\t\t\n\t\t<a class=\"elementor-post__read-more\" href=\"https:\/\/95glassbottles.com\/fr\/verre-noir-ou-super-blanc-impact-des-materiaux-selon-le-type-de-boisson\/\" aria-label=\"En savoir plus sur Verre noir ou super blanc : impact des mat\u00e9riaux selon le type de boisson\" tabindex=\"-1\" >\n\t\t\tEn savoir plus \"\t\t<\/a>\n\n\t\t\t\t<\/div>\n\t\t\t\t<\/article>\n\t\t\t\t<\/div>\n\t\t\n\t\t\t\t\t\t<\/div>\n\t\t\t\t<\/div>\n\t\t\t\t\t<\/div>\n\t\t\t\t<\/div>\n\t\t\t\t<\/div>\n\t\t","protected":false},"excerpt":{"rendered":"<p>Actualit\u00e9s et mises \u00e0 jour de 95Glass Lancements de produits, mises \u00e0 jour de fabrication et guides pratiques pour l&#8217;emballage des vins et spiritueux.<\/p>\n","protected":false},"author":1,"featured_media":0,"parent":0,"menu_order":0,"comment_status":"closed","ping_status":"closed","template":"","meta":{"site-sidebar-layout":"no-sidebar","site-content-layout":"page-builder","ast-site-content-layout":"full-width-container","site-content-style":"default","site-sidebar-style":"default","ast-global-header-display":"","ast-banner-title-visibility":"","ast-main-header-display":"","ast-hfb-above-header-display":"","ast-hfb-below-header-display":"","ast-hfb-mobile-header-display":"","site-post-title":"disabled","ast-breadcrumbs-content":"","ast-featured-img":"disabled","footer-sml-layout":"","ast-disable-related-posts":"","theme-transparent-header-meta":"","adv-header-id-meta":"","stick-header-meta":"","header-above-stick-meta":"","header-main-stick-meta":"","header-below-stick-meta":"","astra-migrate-meta-layouts":"default","ast-page-background-enabled":"default","ast-page-background-meta":{"desktop":{"background-color":"var(--ast-global-color-4)","background-image":"","background-repeat":"repeat","background-position":"center center","background-size":"auto","background-attachment":"scroll","background-type":"","background-media":"","overlay-type":"","overlay-color":"","overlay-opacity":"","overlay-gradient":""},"tablet":{"background-color":"","background-image":"","background-repeat":"repeat","background-position":"center center","background-size":"auto","background-attachment":"scroll","background-type":"","background-media":"","overlay-type":"","overlay-color":"","overlay-opacity":"","overlay-gradient":""},"mobile":{"background-color":"","background-image":"","background-repeat":"repeat","background-position":"center center","background-size":"auto","background-attachment":"scroll","background-type":"","background-media":"","overlay-type":"","overlay-color":"","overlay-opacity":"","overlay-gradient":""}},"ast-content-background-meta":{"desktop":{"background-color":"var(--ast-global-color-5)","background-image":"","background-repeat":"repeat","background-position":"center center","background-size":"auto","background-attachment":"scroll","background-type":"","background-media":"","overlay-type":"","overlay-color":"","overlay-opacity":"","overlay-gradient":""},"tablet":{"background-color":"var(--ast-global-color-5)","background-image":"","background-repeat":"repeat","background-position":"center center","background-size":"auto","background-attachment":"scroll","background-type":"","background-media":"","overlay-type":"","overlay-color":"","overlay-opacity":"","overlay-gradient":""},"mobile":{"background-color":"var(--ast-global-color-5)","background-image":"","background-repeat":"repeat","background-position":"center center","background-size":"auto","background-attachment":"scroll","background-type":"","background-media":"","overlay-type":"","overlay-color":"","overlay-opacity":"","overlay-gradient":""}},"footnotes":""},"class_list":["post-5481","page","type-page","status-publish","hentry"],"yoast_head":"<!-- This site is optimized with the Yoast SEO plugin v27.4 - https:\/\/yoast.com\/product\/yoast-seo-wordpress\/ -->\n<title>Actualit\u00e9s: bouteilles en verre | 95GlassBottles<\/title>\n<meta name=\"description\" content=\"Restez inform\u00e9 des derni\u00e8res actualit\u00e9s industrielles sur la fabrication de bouteilles en verre, les tendances en mati\u00e8re de d\u00e9veloppement durable, les innovations d&#039;emballage et les mises \u00e0 jour de la cha\u00eene d&#039;approvisionnement mondiale \u2014 propos\u00e9es par 95GlassBottles.\" \/>\n<meta name=\"robots\" content=\"index, follow, max-snippet:-1, max-image-preview:large, max-video-preview:-1\" \/>\n<link rel=\"canonical\" href=\"https:\/\/95glassbottles.com\/fr\/actualites\/\" \/>\n<meta property=\"og:locale\" content=\"fr_FR\" \/>\n<meta property=\"og:type\" content=\"article\" \/>\n<meta property=\"og:title\" content=\"Actualit\u00e9s: bouteilles en verre | 95GlassBottles\" \/>\n<meta property=\"og:description\" content=\"Restez inform\u00e9 des derni\u00e8res actualit\u00e9s industrielles sur la fabrication de bouteilles en verre, les tendances en mati\u00e8re de d\u00e9veloppement durable, les innovations d&#039;emballage et les mises \u00e0 jour de la cha\u00eene d&#039;approvisionnement mondiale \u2014 propos\u00e9es par 95GlassBottles.\" \/>\n<meta property=\"og:url\" content=\"https:\/\/95glassbottles.com\/fr\/actualites\/\" \/>\n<meta property=\"og:site_name\" content=\"95Glass\" \/>\n<meta property=\"article:publisher\" content=\"https:\/\/www.facebook.com\/95Glass\" \/>\n<meta property=\"article:modified_time\" content=\"2025-10-04T14:03:56+00:00\" \/>\n<meta name=\"twitter:card\" content=\"summary_large_image\" \/>\n<script type=\"application\/ld+json\" class=\"yoast-schema-graph\">{\"@context\":\"https:\\\/\\\/schema.org\",\"@graph\":[{\"@type\":\"WebPage\",\"@id\":\"https:\\\/\\\/95glassbottles.com\\\/fr\\\/actualites\\\/\",\"url\":\"https:\\\/\\\/95glassbottles.com\\\/fr\\\/actualites\\\/\",\"name\":\"Actualit\u00e9s: bouteilles en verre | 95GlassBottles\",\"isPartOf\":{\"@id\":\"https:\\\/\\\/95glassbottles.com\\\/fr\\\/#website\"},\"datePublished\":\"2025-05-09T09:08:14+00:00\",\"dateModified\":\"2025-10-04T14:03:56+00:00\",\"description\":\"Restez inform\u00e9 des derni\u00e8res actualit\u00e9s industrielles sur la fabrication de bouteilles en verre, les tendances en mati\u00e8re de d\u00e9veloppement durable, les innovations d'emballage et les mises \u00e0 jour de la cha\u00eene d'approvisionnement mondiale \u2014 propos\u00e9es par 95GlassBottles.\",\"breadcrumb\":{\"@id\":\"https:\\\/\\\/95glassbottles.com\\\/fr\\\/actualites\\\/#breadcrumb\"},\"inLanguage\":\"fr-FR\",\"potentialAction\":[{\"@type\":\"ReadAction\",\"target\":[\"https:\\\/\\\/95glassbottles.com\\\/fr\\\/actualites\\\/\"]}]},{\"@type\":\"BreadcrumbList\",\"@id\":\"https:\\\/\\\/95glassbottles.com\\\/fr\\\/actualites\\\/#breadcrumb\",\"itemListElement\":[{\"@type\":\"ListItem\",\"position\":1,\"name\":\"Home\",\"item\":\"https:\\\/\\\/95glassbottles.com\\\/fr\\\/\"},{\"@type\":\"ListItem\",\"position\":2,\"name\":\"Actualit\u00e9s\"}]},{\"@type\":\"WebSite\",\"@id\":\"https:\\\/\\\/95glassbottles.com\\\/fr\\\/#website\",\"url\":\"https:\\\/\\\/95glassbottles.com\\\/fr\\\/\",\"name\":\"95GlassBottles\",\"description\":\"\",\"publisher\":{\"@id\":\"https:\\\/\\\/95glassbottles.com\\\/fr\\\/#organization\"},\"potentialAction\":[{\"@type\":\"SearchAction\",\"target\":{\"@type\":\"EntryPoint\",\"urlTemplate\":\"https:\\\/\\\/95glassbottles.com\\\/fr\\\/?s={search_term_string}\"},\"query-input\":{\"@type\":\"PropertyValueSpecification\",\"valueRequired\":true,\"valueName\":\"search_term_string\"}}],\"inLanguage\":\"fr-FR\"},{\"@type\":\"Organization\",\"@id\":\"https:\\\/\\\/95glassbottles.com\\\/fr\\\/#organization\",\"name\":\"Shandong Ninety Five Glass Co,.Ltd\",\"url\":\"https:\\\/\\\/95glassbottles.com\\\/fr\\\/\",\"logo\":{\"@type\":\"ImageObject\",\"inLanguage\":\"fr-FR\",\"@id\":\"https:\\\/\\\/95glassbottles.com\\\/fr\\\/#\\\/schema\\\/logo\\\/image\\\/\",\"url\":\"https:\\\/\\\/95glassbottles.com\\\/wp-content\\\/uploads\\\/2025\\\/04\\\/1-3.webp\",\"contentUrl\":\"https:\\\/\\\/95glassbottles.com\\\/wp-content\\\/uploads\\\/2025\\\/04\\\/1-3.webp\",\"width\":350,\"height\":100,\"caption\":\"Shandong Ninety Five Glass Co,.Ltd\"},\"image\":{\"@id\":\"https:\\\/\\\/95glassbottles.com\\\/fr\\\/#\\\/schema\\\/logo\\\/image\\\/\"},\"sameAs\":[\"https:\\\/\\\/www.facebook.com\\\/95Glass\"]}]}<\/script>\n<!-- \/ Yoast SEO plugin. -->","yoast_head_json":{"title":"Actualit\u00e9s: bouteilles en verre | 95GlassBottles","description":"Restez inform\u00e9 des derni\u00e8res actualit\u00e9s industrielles sur la fabrication de bouteilles en verre, les tendances en mati\u00e8re de d\u00e9veloppement durable, les innovations d'emballage et les mises \u00e0 jour de la cha\u00eene d'approvisionnement mondiale \u2014 propos\u00e9es par 95GlassBottles.","robots":{"index":"index","follow":"follow","max-snippet":"max-snippet:-1","max-image-preview":"max-image-preview:large","max-video-preview":"max-video-preview:-1"},"canonical":"https:\/\/95glassbottles.com\/fr\/actualites\/","og_locale":"fr_FR","og_type":"article","og_title":"Actualit\u00e9s: bouteilles en verre | 95GlassBottles","og_description":"Restez inform\u00e9 des derni\u00e8res actualit\u00e9s industrielles sur la fabrication de bouteilles en verre, les tendances en mati\u00e8re de d\u00e9veloppement durable, les innovations d'emballage et les mises \u00e0 jour de la cha\u00eene d'approvisionnement mondiale \u2014 propos\u00e9es par 95GlassBottles.","og_url":"https:\/\/95glassbottles.com\/fr\/actualites\/","og_site_name":"95Glass","article_publisher":"https:\/\/www.facebook.com\/95Glass","article_modified_time":"2025-10-04T14:03:56+00:00","twitter_card":"summary_large_image","schema":{"@context":"https:\/\/schema.org","@graph":[{"@type":"WebPage","@id":"https:\/\/95glassbottles.com\/fr\/actualites\/","url":"https:\/\/95glassbottles.com\/fr\/actualites\/","name":"Actualit\u00e9s: bouteilles en verre | 95GlassBottles","isPartOf":{"@id":"https:\/\/95glassbottles.com\/fr\/#website"},"datePublished":"2025-05-09T09:08:14+00:00","dateModified":"2025-10-04T14:03:56+00:00","description":"Restez inform\u00e9 des derni\u00e8res actualit\u00e9s industrielles sur la fabrication de bouteilles en verre, les tendances en mati\u00e8re de d\u00e9veloppement durable, les innovations d'emballage et les mises \u00e0 jour de la cha\u00eene d'approvisionnement mondiale \u2014 propos\u00e9es par 95GlassBottles.","breadcrumb":{"@id":"https:\/\/95glassbottles.com\/fr\/actualites\/#breadcrumb"},"inLanguage":"fr-FR","potentialAction":[{"@type":"ReadAction","target":["https:\/\/95glassbottles.com\/fr\/actualites\/"]}]},{"@type":"BreadcrumbList","@id":"https:\/\/95glassbottles.com\/fr\/actualites\/#breadcrumb","itemListElement":[{"@type":"ListItem","position":1,"name":"Home","item":"https:\/\/95glassbottles.com\/fr\/"},{"@type":"ListItem","position":2,"name":"Actualit\u00e9s"}]},{"@type":"WebSite","@id":"https:\/\/95glassbottles.com\/fr\/#website","url":"https:\/\/95glassbottles.com\/fr\/","name":"95GlassBottles","description":"","publisher":{"@id":"https:\/\/95glassbottles.com\/fr\/#organization"},"potentialAction":[{"@type":"SearchAction","target":{"@type":"EntryPoint","urlTemplate":"https:\/\/95glassbottles.com\/fr\/?s={search_term_string}"},"query-input":{"@type":"PropertyValueSpecification","valueRequired":true,"valueName":"search_term_string"}}],"inLanguage":"fr-FR"},{"@type":"Organization","@id":"https:\/\/95glassbottles.com\/fr\/#organization","name":"Shandong Ninety Five Glass Co,.Ltd","url":"https:\/\/95glassbottles.com\/fr\/","logo":{"@type":"ImageObject","inLanguage":"fr-FR","@id":"https:\/\/95glassbottles.com\/fr\/#\/schema\/logo\/image\/","url":"https:\/\/95glassbottles.com\/wp-content\/uploads\/2025\/04\/1-3.webp","contentUrl":"https:\/\/95glassbottles.com\/wp-content\/uploads\/2025\/04\/1-3.webp","width":350,"height":100,"caption":"Shandong Ninety Five Glass Co,.Ltd"},"image":{"@id":"https:\/\/95glassbottles.com\/fr\/#\/schema\/logo\/image\/"},"sameAs":["https:\/\/www.facebook.com\/95Glass"]}]}},"_links":{"self":[{"href":"https:\/\/95glassbottles.com\/fr\/wp-json\/wp\/v2\/pages\/5481","targetHints":{"allow":["GET"]}}],"collection":[{"href":"https:\/\/95glassbottles.com\/fr\/wp-json\/wp\/v2\/pages"}],"about":[{"href":"https:\/\/95glassbottles.com\/fr\/wp-json\/wp\/v2\/types\/page"}],"author":[{"embeddable":true,"href":"https:\/\/95glassbottles.com\/fr\/wp-json\/wp\/v2\/users\/1"}],"replies":[{"embeddable":true,"href":"https:\/\/95glassbottles.com\/fr\/wp-json\/wp\/v2\/comments?post=5481"}],"version-history":[{"count":3,"href":"https:\/\/95glassbottles.com\/fr\/wp-json\/wp\/v2\/pages\/5481\/revisions"}],"predecessor-version":[{"id":6065,"href":"https:\/\/95glassbottles.com\/fr\/wp-json\/wp\/v2\/pages\/5481\/revisions\/6065"}],"wp:attachment":[{"href":"https:\/\/95glassbottles.com\/fr\/wp-json\/wp\/v2\/media?parent=5481"}],"curies":[{"name":"wp","href":"https:\/\/api.w.org\/{rel}","templated":true}]}}