{"id":5551,"date":"2025-09-21T09:10:06","date_gmt":"2025-09-21T09:10:06","guid":{"rendered":"https:\/\/95glassbottles.com\/product\/flacon-de-parfum-rond-personnalise-100ml\/"},"modified":"2025-09-21T09:10:06","modified_gmt":"2025-09-21T09:10:06","slug":"flacon-de-parfum-rond-personnalise-100ml","status":"publish","type":"product","link":"https:\/\/95glassbottles.com\/fr\/produit\/flacon-de-parfum-rond-personnalise-100ml\/","title":{"rendered":"Flacon de parfum rond personnalis\u00e9 100ml"},"content":{"rendered":"<p>Ce flacon de parfum personnalis\u00e9 de 100ml pr\u00e9sente un corps en verre arrondi avec une surface lisse et un fond \u00e9pais pour la stabilit\u00e9. Le verre transparent met en valeur la couleur du liquide, tandis que le bouchon sph\u00e9rique en bois ajoute une touche naturelle. Son verre de haute qualit\u00e9 garantit durabilit\u00e9 et clart\u00e9, le rendant parfait pour les parfums et fragrances de luxe. Le design \u00e9l\u00e9gant valorise l&rsquo;image de marque et am\u00e9liore l&rsquo;attrait en rayon, offrant une solution d&#8217;emballage haut de gamme.   <\/p>\n","protected":false},"excerpt":{"rendered":"<p>\u00c9l\u00e9gant flacon de parfum en verre personnalis\u00e9 de 100ml avec bouchon en bois, QMC 30 000 pi\u00e8ces, d\u00e9lai de livraison 20 jours<\/p>\n","protected":false},"featured_media":5353,"template":"","meta":{"site-sidebar-layout":"default","site-content-layout":"","ast-site-content-layout":"default","site-content-style":"default","site-sidebar-style":"default","ast-global-header-display":"","ast-banner-title-visibility":"","ast-main-header-display":"","ast-hfb-above-header-display":"","ast-hfb-below-header-display":"","ast-hfb-mobile-header-display":"","site-post-title":"","ast-breadcrumbs-content":"","ast-featured-img":"","footer-sml-layout":"","ast-disable-related-posts":"","theme-transparent-header-meta":"default","adv-header-id-meta":"","stick-header-meta":"","header-above-stick-meta":"","header-main-stick-meta":"","header-below-stick-meta":"","astra-migrate-meta-layouts":"default","ast-page-background-enabled":"default","ast-page-background-meta":{"desktop":{"background-color":"var(--ast-global-color-4)","background-image":"","background-repeat":"repeat","background-position":"center center","background-size":"auto","background-attachment":"scroll","background-type":"","background-media":"","overlay-type":"","overlay-color":"","overlay-opacity":"","overlay-gradient":""},"tablet":{"background-color":"","background-image":"","background-repeat":"repeat","background-position":"center center","background-size":"auto","background-attachment":"scroll","background-type":"","background-media":"","overlay-type":"","overlay-color":"","overlay-opacity":"","overlay-gradient":""},"mobile":{"background-color":"","background-image":"","background-repeat":"repeat","background-position":"center center","background-size":"auto","background-attachment":"scroll","background-type":"","background-media":"","overlay-type":"","overlay-color":"","overlay-opacity":"","overlay-gradient":""}},"ast-content-background-meta":{"desktop":{"background-color":"var(--ast-global-color-5)","background-image":"","background-repeat":"repeat","background-position":"center center","background-size":"auto","background-attachment":"scroll","background-type":"","background-media":"","overlay-type":"","overlay-color":"","overlay-opacity":"","overlay-gradient":""},"tablet":{"background-color":"var(--ast-global-color-5)","background-image":"","background-repeat":"repeat","background-position":"center center","background-size":"auto","background-attachment":"scroll","background-type":"","background-media":"","overlay-type":"","overlay-color":"","overlay-opacity":"","overlay-gradient":""},"mobile":{"background-color":"var(--ast-global-color-5)","background-image":"","background-repeat":"repeat","background-position":"center center","background-size":"auto","background-attachment":"scroll","background-type":"","background-media":"","overlay-type":"","overlay-color":"","overlay-opacity":"","overlay-gradient":""}}},"product_brand":[206],"product_cat":[433],"product_tag":[],"class_list":{"0":"post-5551","1":"product","2":"type-product","3":"status-publish","4":"has-post-thumbnail","6":"product_brand-95glass","7":"product_cat-flacons-de-parfum","8":"desktop-align-left","9":"tablet-align-left","10":"mobile-align-left","12":"first","13":"instock","14":"shipping-taxable","15":"purchasable","16":"product-type-simple"},"yoast_head":"<!-- This site is optimized with the Yoast SEO plugin v27.4 - https:\/\/yoast.com\/product\/yoast-seo-wordpress\/ -->\n<title>Flacon de parfum rond personnalis\u00e9 100ml | 95Glass<\/title>\n<meta name=\"description\" content=\"Flacon parfum verre 100ml, bouchon bois, base \u00e9paisse. QMC 30k, d\u00e9lai 20j. Id\u00e9al luxe.\" \/>\n<meta name=\"robots\" content=\"index, follow, max-snippet:-1, max-image-preview:large, max-video-preview:-1\" \/>\n<link rel=\"canonical\" href=\"https:\/\/95glassbottles.com\/fr\/produit\/flacon-de-parfum-rond-personnalise-100ml\/\" \/>\n<meta property=\"og:locale\" content=\"fr_FR\" \/>\n<meta property=\"og:type\" content=\"article\" \/>\n<meta property=\"og:title\" content=\"Flacon de parfum rond personnalis\u00e9 100ml | 95Glass\" \/>\n<meta property=\"og:description\" content=\"Flacon parfum verre 100ml, bouchon bois, base \u00e9paisse. QMC 30k, d\u00e9lai 20j. Id\u00e9al luxe.\" \/>\n<meta property=\"og:url\" content=\"https:\/\/95glassbottles.com\/fr\/produit\/flacon-de-parfum-rond-personnalise-100ml\/\" \/>\n<meta property=\"og:site_name\" content=\"95Glass\" \/>\n<meta property=\"article:publisher\" content=\"https:\/\/www.facebook.com\/95Glass\" \/>\n<meta property=\"og:image\" content=\"https:\/\/95glassbottles.com\/wp-content\/uploads\/2025\/09\/\u5fae\u4fe1\u56fe\u7247_20250921165541_110_58.jpg\" \/>\n\t<meta property=\"og:image:width\" content=\"1000\" \/>\n\t<meta property=\"og:image:height\" content=\"1000\" \/>\n\t<meta property=\"og:image:type\" content=\"image\/jpeg\" \/>\n<meta name=\"twitter:card\" content=\"summary_large_image\" \/>\n<script type=\"application\/ld+json\" class=\"yoast-schema-graph\">{\"@context\":\"https:\\\/\\\/schema.org\",\"@graph\":[{\"@type\":[\"WebPage\",\"ItemPage\"],\"@id\":\"https:\\\/\\\/95glassbottles.com\\\/fr\\\/produit\\\/flacon-de-parfum-rond-personnalise-100ml\\\/\",\"url\":\"https:\\\/\\\/95glassbottles.com\\\/fr\\\/produit\\\/flacon-de-parfum-rond-personnalise-100ml\\\/\",\"name\":\"Flacon de parfum rond personnalis\u00e9 100ml | 95Glass\",\"isPartOf\":{\"@id\":\"https:\\\/\\\/95glassbottles.com\\\/fr\\\/#website\"},\"primaryImageOfPage\":{\"@id\":\"https:\\\/\\\/95glassbottles.com\\\/fr\\\/produit\\\/flacon-de-parfum-rond-personnalise-100ml\\\/#primaryimage\"},\"image\":{\"@id\":\"https:\\\/\\\/95glassbottles.com\\\/fr\\\/produit\\\/flacon-de-parfum-rond-personnalise-100ml\\\/#primaryimage\"},\"thumbnailUrl\":\"https:\\\/\\\/95glassbottles.com\\\/wp-content\\\/uploads\\\/2025\\\/09\\\/\u5fae\u4fe1\u56fe\u7247_20250921165541_110_58.jpg\",\"datePublished\":\"2025-09-21T09:10:06+00:00\",\"description\":\"Flacon parfum verre 100ml, bouchon bois, base \u00e9paisse. QMC 30k, d\u00e9lai 20j. Id\u00e9al luxe.\",\"breadcrumb\":{\"@id\":\"https:\\\/\\\/95glassbottles.com\\\/fr\\\/produit\\\/flacon-de-parfum-rond-personnalise-100ml\\\/#breadcrumb\"},\"inLanguage\":\"fr-FR\",\"potentialAction\":[{\"@type\":\"ReadAction\",\"target\":[\"https:\\\/\\\/95glassbottles.com\\\/fr\\\/produit\\\/flacon-de-parfum-rond-personnalise-100ml\\\/\"]}]},{\"@type\":\"ImageObject\",\"inLanguage\":\"fr-FR\",\"@id\":\"https:\\\/\\\/95glassbottles.com\\\/fr\\\/produit\\\/flacon-de-parfum-rond-personnalise-100ml\\\/#primaryimage\",\"url\":\"https:\\\/\\\/95glassbottles.com\\\/wp-content\\\/uploads\\\/2025\\\/09\\\/\u5fae\u4fe1\u56fe\u7247_20250921165541_110_58.jpg\",\"contentUrl\":\"https:\\\/\\\/95glassbottles.com\\\/wp-content\\\/uploads\\\/2025\\\/09\\\/\u5fae\u4fe1\u56fe\u7247_20250921165541_110_58.jpg\",\"width\":1000,\"height\":1000,\"caption\":\"Flacon de parfum en verre personnalis\u00e9 avec corps rond et bouchon en bois, 100ml\"},{\"@type\":\"BreadcrumbList\",\"@id\":\"https:\\\/\\\/95glassbottles.com\\\/fr\\\/produit\\\/flacon-de-parfum-rond-personnalise-100ml\\\/#breadcrumb\",\"itemListElement\":[{\"@type\":\"ListItem\",\"position\":1,\"name\":\"Home\",\"item\":\"https:\\\/\\\/95glassbottles.com\\\/fr\\\/\"},{\"@type\":\"ListItem\",\"position\":2,\"name\":\"Produits\",\"item\":\"https:\\\/\\\/95glassbottles.com\\\/fr\\\/shop\\\/\"},{\"@type\":\"ListItem\",\"position\":3,\"name\":\"Flacon de parfum rond personnalis\u00e9 100ml\"}]},{\"@type\":\"WebSite\",\"@id\":\"https:\\\/\\\/95glassbottles.com\\\/fr\\\/#website\",\"url\":\"https:\\\/\\\/95glassbottles.com\\\/fr\\\/\",\"name\":\"95GlassBottles\",\"description\":\"\",\"publisher\":{\"@id\":\"https:\\\/\\\/95glassbottles.com\\\/fr\\\/#organization\"},\"potentialAction\":[{\"@type\":\"SearchAction\",\"target\":{\"@type\":\"EntryPoint\",\"urlTemplate\":\"https:\\\/\\\/95glassbottles.com\\\/fr\\\/?s={search_term_string}\"},\"query-input\":{\"@type\":\"PropertyValueSpecification\",\"valueRequired\":true,\"valueName\":\"search_term_string\"}}],\"inLanguage\":\"fr-FR\"},{\"@type\":\"Organization\",\"@id\":\"https:\\\/\\\/95glassbottles.com\\\/fr\\\/#organization\",\"name\":\"Shandong Ninety Five Glass Co,.Ltd\",\"url\":\"https:\\\/\\\/95glassbottles.com\\\/fr\\\/\",\"logo\":{\"@type\":\"ImageObject\",\"inLanguage\":\"fr-FR\",\"@id\":\"https:\\\/\\\/95glassbottles.com\\\/fr\\\/#\\\/schema\\\/logo\\\/image\\\/\",\"url\":\"https:\\\/\\\/95glassbottles.com\\\/wp-content\\\/uploads\\\/2025\\\/04\\\/1-3.webp\",\"contentUrl\":\"https:\\\/\\\/95glassbottles.com\\\/wp-content\\\/uploads\\\/2025\\\/04\\\/1-3.webp\",\"width\":350,\"height\":100,\"caption\":\"Shandong Ninety Five Glass Co,.Ltd\"},\"image\":{\"@id\":\"https:\\\/\\\/95glassbottles.com\\\/fr\\\/#\\\/schema\\\/logo\\\/image\\\/\"},\"sameAs\":[\"https:\\\/\\\/www.facebook.com\\\/95Glass\"]}]}<\/script>\n<!-- \/ Yoast SEO plugin. -->","yoast_head_json":{"title":"Flacon de parfum rond personnalis\u00e9 100ml | 95Glass","description":"Flacon parfum verre 100ml, bouchon bois, base \u00e9paisse. QMC 30k, d\u00e9lai 20j. Id\u00e9al luxe.","robots":{"index":"index","follow":"follow","max-snippet":"max-snippet:-1","max-image-preview":"max-image-preview:large","max-video-preview":"max-video-preview:-1"},"canonical":"https:\/\/95glassbottles.com\/fr\/produit\/flacon-de-parfum-rond-personnalise-100ml\/","og_locale":"fr_FR","og_type":"article","og_title":"Flacon de parfum rond personnalis\u00e9 100ml | 95Glass","og_description":"Flacon parfum verre 100ml, bouchon bois, base \u00e9paisse. QMC 30k, d\u00e9lai 20j. Id\u00e9al luxe.","og_url":"https:\/\/95glassbottles.com\/fr\/produit\/flacon-de-parfum-rond-personnalise-100ml\/","og_site_name":"95Glass","article_publisher":"https:\/\/www.facebook.com\/95Glass","og_image":[{"width":1000,"height":1000,"url":"https:\/\/95glassbottles.com\/wp-content\/uploads\/2025\/09\/\u5fae\u4fe1\u56fe\u7247_20250921165541_110_58.jpg","type":"image\/jpeg"}],"twitter_card":"summary_large_image","schema":{"@context":"https:\/\/schema.org","@graph":[{"@type":["WebPage","ItemPage"],"@id":"https:\/\/95glassbottles.com\/fr\/produit\/flacon-de-parfum-rond-personnalise-100ml\/","url":"https:\/\/95glassbottles.com\/fr\/produit\/flacon-de-parfum-rond-personnalise-100ml\/","name":"Flacon de parfum rond personnalis\u00e9 100ml | 95Glass","isPartOf":{"@id":"https:\/\/95glassbottles.com\/fr\/#website"},"primaryImageOfPage":{"@id":"https:\/\/95glassbottles.com\/fr\/produit\/flacon-de-parfum-rond-personnalise-100ml\/#primaryimage"},"image":{"@id":"https:\/\/95glassbottles.com\/fr\/produit\/flacon-de-parfum-rond-personnalise-100ml\/#primaryimage"},"thumbnailUrl":"https:\/\/95glassbottles.com\/wp-content\/uploads\/2025\/09\/\u5fae\u4fe1\u56fe\u7247_20250921165541_110_58.jpg","datePublished":"2025-09-21T09:10:06+00:00","description":"Flacon parfum verre 100ml, bouchon bois, base \u00e9paisse. QMC 30k, d\u00e9lai 20j. Id\u00e9al luxe.","breadcrumb":{"@id":"https:\/\/95glassbottles.com\/fr\/produit\/flacon-de-parfum-rond-personnalise-100ml\/#breadcrumb"},"inLanguage":"fr-FR","potentialAction":[{"@type":"ReadAction","target":["https:\/\/95glassbottles.com\/fr\/produit\/flacon-de-parfum-rond-personnalise-100ml\/"]}]},{"@type":"ImageObject","inLanguage":"fr-FR","@id":"https:\/\/95glassbottles.com\/fr\/produit\/flacon-de-parfum-rond-personnalise-100ml\/#primaryimage","url":"https:\/\/95glassbottles.com\/wp-content\/uploads\/2025\/09\/\u5fae\u4fe1\u56fe\u7247_20250921165541_110_58.jpg","contentUrl":"https:\/\/95glassbottles.com\/wp-content\/uploads\/2025\/09\/\u5fae\u4fe1\u56fe\u7247_20250921165541_110_58.jpg","width":1000,"height":1000,"caption":"Flacon de parfum en verre personnalis\u00e9 avec corps rond et bouchon en bois, 100ml"},{"@type":"BreadcrumbList","@id":"https:\/\/95glassbottles.com\/fr\/produit\/flacon-de-parfum-rond-personnalise-100ml\/#breadcrumb","itemListElement":[{"@type":"ListItem","position":1,"name":"Home","item":"https:\/\/95glassbottles.com\/fr\/"},{"@type":"ListItem","position":2,"name":"Produits","item":"https:\/\/95glassbottles.com\/fr\/shop\/"},{"@type":"ListItem","position":3,"name":"Flacon de parfum rond personnalis\u00e9 100ml"}]},{"@type":"WebSite","@id":"https:\/\/95glassbottles.com\/fr\/#website","url":"https:\/\/95glassbottles.com\/fr\/","name":"95GlassBottles","description":"","publisher":{"@id":"https:\/\/95glassbottles.com\/fr\/#organization"},"potentialAction":[{"@type":"SearchAction","target":{"@type":"EntryPoint","urlTemplate":"https:\/\/95glassbottles.com\/fr\/?s={search_term_string}"},"query-input":{"@type":"PropertyValueSpecification","valueRequired":true,"valueName":"search_term_string"}}],"inLanguage":"fr-FR"},{"@type":"Organization","@id":"https:\/\/95glassbottles.com\/fr\/#organization","name":"Shandong Ninety Five Glass Co,.Ltd","url":"https:\/\/95glassbottles.com\/fr\/","logo":{"@type":"ImageObject","inLanguage":"fr-FR","@id":"https:\/\/95glassbottles.com\/fr\/#\/schema\/logo\/image\/","url":"https:\/\/95glassbottles.com\/wp-content\/uploads\/2025\/04\/1-3.webp","contentUrl":"https:\/\/95glassbottles.com\/wp-content\/uploads\/2025\/04\/1-3.webp","width":350,"height":100,"caption":"Shandong Ninety Five Glass Co,.Ltd"},"image":{"@id":"https:\/\/95glassbottles.com\/fr\/#\/schema\/logo\/image\/"},"sameAs":["https:\/\/www.facebook.com\/95Glass"]}]}},"_links":{"self":[{"href":"https:\/\/95glassbottles.com\/fr\/wp-json\/wp\/v2\/product\/5551","targetHints":{"allow":["GET"]}}],"collection":[{"href":"https:\/\/95glassbottles.com\/fr\/wp-json\/wp\/v2\/product"}],"about":[{"href":"https:\/\/95glassbottles.com\/fr\/wp-json\/wp\/v2\/types\/product"}],"wp:featuredmedia":[{"embeddable":true,"href":"https:\/\/95glassbottles.com\/fr\/wp-json\/wp\/v2\/media\/5353"}],"wp:attachment":[{"href":"https:\/\/95glassbottles.com\/fr\/wp-json\/wp\/v2\/media?parent=5551"}],"wp:term":[{"taxonomy":"product_brand","embeddable":true,"href":"https:\/\/95glassbottles.com\/fr\/wp-json\/wp\/v2\/product_brand?post=5551"},{"taxonomy":"product_cat","embeddable":true,"href":"https:\/\/95glassbottles.com\/fr\/wp-json\/wp\/v2\/product_cat?post=5551"},{"taxonomy":"product_tag","embeddable":true,"href":"https:\/\/95glassbottles.com\/fr\/wp-json\/wp\/v2\/product_tag?post=5551"}],"curies":[{"name":"wp","href":"https:\/\/api.w.org\/{rel}","templated":true}]}}