{"id":5556,"date":"2025-08-20T08:36:36","date_gmt":"2025-08-20T08:36:36","guid":{"rendered":"https:\/\/95glassbottles.com\/product\/bouteille-dalcool-micro-agglomeree-ecologique-bouchons-coniques\/"},"modified":"2025-08-20T08:36:36","modified_gmt":"2025-08-20T08:36:36","slug":"bouteille-dalcool-micro-agglomeree-ecologique-bouchons-coniques","status":"publish","type":"product","link":"https:\/\/95glassbottles.com\/fr\/produit\/bouteille-dalcool-micro-agglomeree-ecologique-bouchons-coniques\/","title":{"rendered":"Bouteille d&rsquo;alcool micro-agglom\u00e9r\u00e9e \u00e9cologique Bouchons coniques"},"content":{"rendered":"<p>Ces bouchons coniques micro-agglom\u00e9r\u00e9s \u00e9cologiques allient fonctionnalit\u00e9 et aspect rustique et naturel. Fabriqu\u00e9s \u00e0 partir de particules de li\u00e8ge micro-agglom\u00e9r\u00e9es compress\u00e9es, ils offrent \u00e9lasticit\u00e9, r\u00e9silience et maintien s\u00fbr. Leur forme conique facilite l&rsquo;insertion et le retrait, tandis que la texture visible des particules de li\u00e8ge souligne leur design authentique et \u00e9co-responsable. Parfaits pour les bouteilles d&rsquo;alcool, les r\u00e9cipients pour r\u00e9actifs de laboratoire, les loisirs cr\u00e9atifs et les flacons d&rsquo;aromath\u00e9rapie.   <\/p>\n","protected":false},"excerpt":{"rendered":"<p>Bouchons coniques en microparticules naturelles avec corps conique lisse, con\u00e7us pour les bouteilles d&rsquo;alcool, les bouteilles de r\u00e9actifs, l&rsquo;artisanat et les contenants d&rsquo;ar\u00f4mes.<\/p>\n","protected":false},"featured_media":4656,"template":"","meta":{"site-sidebar-layout":"default","site-content-layout":"","ast-site-content-layout":"default","site-content-style":"default","site-sidebar-style":"default","ast-global-header-display":"","ast-banner-title-visibility":"","ast-main-header-display":"","ast-hfb-above-header-display":"","ast-hfb-below-header-display":"","ast-hfb-mobile-header-display":"","site-post-title":"","ast-breadcrumbs-content":"","ast-featured-img":"","footer-sml-layout":"","ast-disable-related-posts":"","theme-transparent-header-meta":"default","adv-header-id-meta":"","stick-header-meta":"","header-above-stick-meta":"","header-main-stick-meta":"","header-below-stick-meta":"","astra-migrate-meta-layouts":"default","ast-page-background-enabled":"default","ast-page-background-meta":{"desktop":{"background-color":"var(--ast-global-color-4)","background-image":"","background-repeat":"repeat","background-position":"center center","background-size":"auto","background-attachment":"scroll","background-type":"","background-media":"","overlay-type":"","overlay-color":"","overlay-opacity":"","overlay-gradient":""},"tablet":{"background-color":"","background-image":"","background-repeat":"repeat","background-position":"center center","background-size":"auto","background-attachment":"scroll","background-type":"","background-media":"","overlay-type":"","overlay-color":"","overlay-opacity":"","overlay-gradient":""},"mobile":{"background-color":"","background-image":"","background-repeat":"repeat","background-position":"center center","background-size":"auto","background-attachment":"scroll","background-type":"","background-media":"","overlay-type":"","overlay-color":"","overlay-opacity":"","overlay-gradient":""}},"ast-content-background-meta":{"desktop":{"background-color":"var(--ast-global-color-5)","background-image":"","background-repeat":"repeat","background-position":"center center","background-size":"auto","background-attachment":"scroll","background-type":"","background-media":"","overlay-type":"","overlay-color":"","overlay-opacity":"","overlay-gradient":""},"tablet":{"background-color":"var(--ast-global-color-5)","background-image":"","background-repeat":"repeat","background-position":"center center","background-size":"auto","background-attachment":"scroll","background-type":"","background-media":"","overlay-type":"","overlay-color":"","overlay-opacity":"","overlay-gradient":""},"mobile":{"background-color":"var(--ast-global-color-5)","background-image":"","background-repeat":"repeat","background-position":"center center","background-size":"auto","background-attachment":"scroll","background-type":"","background-media":"","overlay-type":"","overlay-color":"","overlay-opacity":"","overlay-gradient":""}}},"product_brand":[206],"product_cat":[441,440],"product_tag":[],"class_list":{"0":"post-5556","1":"product","2":"type-product","3":"status-publish","4":"has-post-thumbnail","6":"product_brand-95glass","7":"product_cat-bouchons-coniques","8":"product_cat-bouchons-et-capsules-de-bouteilles","9":"desktop-align-left","10":"tablet-align-left","11":"mobile-align-left","13":"first","14":"instock","15":"shipping-taxable","16":"purchasable","17":"product-type-simple"},"yoast_head":"<!-- This site is optimized with the Yoast SEO plugin v27.4 - https:\/\/yoast.com\/product\/yoast-seo-wordpress\/ -->\n<title>Bouteille \u00e0 liqueur microagglom\u00e9r\u00e9e avec bouchon conique | 95Glass<\/title>\n<meta name=\"description\" content=\"Bouchons coniques micro-agglom\u00e9r\u00e9s respectueux de l&#039;environnement avec texture naturelle, solution d&#039;\u00e9tanch\u00e9it\u00e9 parfaite pour les bouteilles d&#039;alcool, de r\u00e9actifs, d&#039;artisanat et d&#039;ar\u00f4mes.\" \/>\n<meta name=\"robots\" content=\"index, follow, max-snippet:-1, max-image-preview:large, max-video-preview:-1\" \/>\n<link rel=\"canonical\" href=\"https:\/\/95glassbottles.com\/fr\/produit\/bouteille-dalcool-micro-agglomeree-ecologique-bouchons-coniques\/\" \/>\n<meta property=\"og:locale\" content=\"fr_FR\" \/>\n<meta property=\"og:type\" content=\"article\" \/>\n<meta property=\"og:title\" content=\"Bouteille \u00e0 liqueur microagglom\u00e9r\u00e9e avec bouchon conique | 95Glass\" \/>\n<meta property=\"og:description\" content=\"Bouchons coniques micro-agglom\u00e9r\u00e9s respectueux de l&#039;environnement avec texture naturelle, solution d&#039;\u00e9tanch\u00e9it\u00e9 parfaite pour les bouteilles d&#039;alcool, de r\u00e9actifs, d&#039;artisanat et d&#039;ar\u00f4mes.\" \/>\n<meta property=\"og:url\" content=\"https:\/\/95glassbottles.com\/fr\/produit\/bouteille-dalcool-micro-agglomeree-ecologique-bouchons-coniques\/\" \/>\n<meta property=\"og:site_name\" content=\"95Glass\" \/>\n<meta property=\"article:publisher\" content=\"https:\/\/www.facebook.com\/95Glass\" \/>\n<meta property=\"og:image\" content=\"https:\/\/95glassbottles.com\/wp-content\/uploads\/2025\/08\/TC01.jpg\" \/>\n\t<meta property=\"og:image:width\" content=\"1000\" \/>\n\t<meta property=\"og:image:height\" content=\"1000\" \/>\n\t<meta property=\"og:image:type\" content=\"image\/jpeg\" \/>\n<meta name=\"twitter:card\" content=\"summary_large_image\" \/>\n<script type=\"application\/ld+json\" class=\"yoast-schema-graph\">{\"@context\":\"https:\\\/\\\/schema.org\",\"@graph\":[{\"@type\":[\"WebPage\",\"ItemPage\"],\"@id\":\"https:\\\/\\\/95glassbottles.com\\\/fr\\\/produit\\\/bouteille-dalcool-micro-agglomeree-ecologique-bouchons-coniques\\\/\",\"url\":\"https:\\\/\\\/95glassbottles.com\\\/fr\\\/produit\\\/bouteille-dalcool-micro-agglomeree-ecologique-bouchons-coniques\\\/\",\"name\":\"Bouteille \u00e0 liqueur microagglom\u00e9r\u00e9e avec bouchon conique | 95Glass\",\"isPartOf\":{\"@id\":\"https:\\\/\\\/95glassbottles.com\\\/fr\\\/#website\"},\"primaryImageOfPage\":{\"@id\":\"https:\\\/\\\/95glassbottles.com\\\/fr\\\/produit\\\/bouteille-dalcool-micro-agglomeree-ecologique-bouchons-coniques\\\/#primaryimage\"},\"image\":{\"@id\":\"https:\\\/\\\/95glassbottles.com\\\/fr\\\/produit\\\/bouteille-dalcool-micro-agglomeree-ecologique-bouchons-coniques\\\/#primaryimage\"},\"thumbnailUrl\":\"https:\\\/\\\/95glassbottles.com\\\/wp-content\\\/uploads\\\/2025\\\/08\\\/TC01.jpg\",\"datePublished\":\"2025-08-20T08:36:36+00:00\",\"description\":\"Bouchons coniques micro-agglom\u00e9r\u00e9s respectueux de l'environnement avec texture naturelle, solution d'\u00e9tanch\u00e9it\u00e9 parfaite pour les bouteilles d'alcool, de r\u00e9actifs, d'artisanat et d'ar\u00f4mes.\",\"breadcrumb\":{\"@id\":\"https:\\\/\\\/95glassbottles.com\\\/fr\\\/produit\\\/bouteille-dalcool-micro-agglomeree-ecologique-bouchons-coniques\\\/#breadcrumb\"},\"inLanguage\":\"fr-FR\",\"potentialAction\":[{\"@type\":\"ReadAction\",\"target\":[\"https:\\\/\\\/95glassbottles.com\\\/fr\\\/produit\\\/bouteille-dalcool-micro-agglomeree-ecologique-bouchons-coniques\\\/\"]}]},{\"@type\":\"ImageObject\",\"inLanguage\":\"fr-FR\",\"@id\":\"https:\\\/\\\/95glassbottles.com\\\/fr\\\/produit\\\/bouteille-dalcool-micro-agglomeree-ecologique-bouchons-coniques\\\/#primaryimage\",\"url\":\"https:\\\/\\\/95glassbottles.com\\\/wp-content\\\/uploads\\\/2025\\\/08\\\/TC01.jpg\",\"contentUrl\":\"https:\\\/\\\/95glassbottles.com\\\/wp-content\\\/uploads\\\/2025\\\/08\\\/TC01.jpg\",\"width\":1000,\"height\":1000,\"caption\":\"Bouchons coniques micro-agglom\u00e9r\u00e9s durables avec particules de li\u00e8ge rustiques, id\u00e9aux pour sceller les bouteilles d'alcool, de r\u00e9actifs, d'artisanat et d'ar\u00f4mes.\"},{\"@type\":\"BreadcrumbList\",\"@id\":\"https:\\\/\\\/95glassbottles.com\\\/fr\\\/produit\\\/bouteille-dalcool-micro-agglomeree-ecologique-bouchons-coniques\\\/#breadcrumb\",\"itemListElement\":[{\"@type\":\"ListItem\",\"position\":1,\"name\":\"Home\",\"item\":\"https:\\\/\\\/95glassbottles.com\\\/fr\\\/\"},{\"@type\":\"ListItem\",\"position\":2,\"name\":\"Produits\",\"item\":\"https:\\\/\\\/95glassbottles.com\\\/fr\\\/shop\\\/\"},{\"@type\":\"ListItem\",\"position\":3,\"name\":\"Bouteille d&#8217;alcool micro-agglom\u00e9r\u00e9e \u00e9cologique Bouchons coniques\"}]},{\"@type\":\"WebSite\",\"@id\":\"https:\\\/\\\/95glassbottles.com\\\/fr\\\/#website\",\"url\":\"https:\\\/\\\/95glassbottles.com\\\/fr\\\/\",\"name\":\"95GlassBottles\",\"description\":\"\",\"publisher\":{\"@id\":\"https:\\\/\\\/95glassbottles.com\\\/fr\\\/#organization\"},\"potentialAction\":[{\"@type\":\"SearchAction\",\"target\":{\"@type\":\"EntryPoint\",\"urlTemplate\":\"https:\\\/\\\/95glassbottles.com\\\/fr\\\/?s={search_term_string}\"},\"query-input\":{\"@type\":\"PropertyValueSpecification\",\"valueRequired\":true,\"valueName\":\"search_term_string\"}}],\"inLanguage\":\"fr-FR\"},{\"@type\":\"Organization\",\"@id\":\"https:\\\/\\\/95glassbottles.com\\\/fr\\\/#organization\",\"name\":\"Shandong Ninety Five Glass Co,.Ltd\",\"url\":\"https:\\\/\\\/95glassbottles.com\\\/fr\\\/\",\"logo\":{\"@type\":\"ImageObject\",\"inLanguage\":\"fr-FR\",\"@id\":\"https:\\\/\\\/95glassbottles.com\\\/fr\\\/#\\\/schema\\\/logo\\\/image\\\/\",\"url\":\"https:\\\/\\\/95glassbottles.com\\\/wp-content\\\/uploads\\\/2025\\\/04\\\/1-3.webp\",\"contentUrl\":\"https:\\\/\\\/95glassbottles.com\\\/wp-content\\\/uploads\\\/2025\\\/04\\\/1-3.webp\",\"width\":350,\"height\":100,\"caption\":\"Shandong Ninety Five Glass Co,.Ltd\"},\"image\":{\"@id\":\"https:\\\/\\\/95glassbottles.com\\\/fr\\\/#\\\/schema\\\/logo\\\/image\\\/\"},\"sameAs\":[\"https:\\\/\\\/www.facebook.com\\\/95Glass\"]}]}<\/script>\n<!-- \/ Yoast SEO plugin. -->","yoast_head_json":{"title":"Bouteille \u00e0 liqueur microagglom\u00e9r\u00e9e avec bouchon conique | 95Glass","description":"Bouchons coniques micro-agglom\u00e9r\u00e9s respectueux de l'environnement avec texture naturelle, solution d'\u00e9tanch\u00e9it\u00e9 parfaite pour les bouteilles d'alcool, de r\u00e9actifs, d'artisanat et d'ar\u00f4mes.","robots":{"index":"index","follow":"follow","max-snippet":"max-snippet:-1","max-image-preview":"max-image-preview:large","max-video-preview":"max-video-preview:-1"},"canonical":"https:\/\/95glassbottles.com\/fr\/produit\/bouteille-dalcool-micro-agglomeree-ecologique-bouchons-coniques\/","og_locale":"fr_FR","og_type":"article","og_title":"Bouteille \u00e0 liqueur microagglom\u00e9r\u00e9e avec bouchon conique | 95Glass","og_description":"Bouchons coniques micro-agglom\u00e9r\u00e9s respectueux de l'environnement avec texture naturelle, solution d'\u00e9tanch\u00e9it\u00e9 parfaite pour les bouteilles d'alcool, de r\u00e9actifs, d'artisanat et d'ar\u00f4mes.","og_url":"https:\/\/95glassbottles.com\/fr\/produit\/bouteille-dalcool-micro-agglomeree-ecologique-bouchons-coniques\/","og_site_name":"95Glass","article_publisher":"https:\/\/www.facebook.com\/95Glass","og_image":[{"width":1000,"height":1000,"url":"https:\/\/95glassbottles.com\/wp-content\/uploads\/2025\/08\/TC01.jpg","type":"image\/jpeg"}],"twitter_card":"summary_large_image","schema":{"@context":"https:\/\/schema.org","@graph":[{"@type":["WebPage","ItemPage"],"@id":"https:\/\/95glassbottles.com\/fr\/produit\/bouteille-dalcool-micro-agglomeree-ecologique-bouchons-coniques\/","url":"https:\/\/95glassbottles.com\/fr\/produit\/bouteille-dalcool-micro-agglomeree-ecologique-bouchons-coniques\/","name":"Bouteille \u00e0 liqueur microagglom\u00e9r\u00e9e avec bouchon conique | 95Glass","isPartOf":{"@id":"https:\/\/95glassbottles.com\/fr\/#website"},"primaryImageOfPage":{"@id":"https:\/\/95glassbottles.com\/fr\/produit\/bouteille-dalcool-micro-agglomeree-ecologique-bouchons-coniques\/#primaryimage"},"image":{"@id":"https:\/\/95glassbottles.com\/fr\/produit\/bouteille-dalcool-micro-agglomeree-ecologique-bouchons-coniques\/#primaryimage"},"thumbnailUrl":"https:\/\/95glassbottles.com\/wp-content\/uploads\/2025\/08\/TC01.jpg","datePublished":"2025-08-20T08:36:36+00:00","description":"Bouchons coniques micro-agglom\u00e9r\u00e9s respectueux de l'environnement avec texture naturelle, solution d'\u00e9tanch\u00e9it\u00e9 parfaite pour les bouteilles d'alcool, de r\u00e9actifs, d'artisanat et d'ar\u00f4mes.","breadcrumb":{"@id":"https:\/\/95glassbottles.com\/fr\/produit\/bouteille-dalcool-micro-agglomeree-ecologique-bouchons-coniques\/#breadcrumb"},"inLanguage":"fr-FR","potentialAction":[{"@type":"ReadAction","target":["https:\/\/95glassbottles.com\/fr\/produit\/bouteille-dalcool-micro-agglomeree-ecologique-bouchons-coniques\/"]}]},{"@type":"ImageObject","inLanguage":"fr-FR","@id":"https:\/\/95glassbottles.com\/fr\/produit\/bouteille-dalcool-micro-agglomeree-ecologique-bouchons-coniques\/#primaryimage","url":"https:\/\/95glassbottles.com\/wp-content\/uploads\/2025\/08\/TC01.jpg","contentUrl":"https:\/\/95glassbottles.com\/wp-content\/uploads\/2025\/08\/TC01.jpg","width":1000,"height":1000,"caption":"Bouchons coniques micro-agglom\u00e9r\u00e9s durables avec particules de li\u00e8ge rustiques, id\u00e9aux pour sceller les bouteilles d'alcool, de r\u00e9actifs, d'artisanat et d'ar\u00f4mes."},{"@type":"BreadcrumbList","@id":"https:\/\/95glassbottles.com\/fr\/produit\/bouteille-dalcool-micro-agglomeree-ecologique-bouchons-coniques\/#breadcrumb","itemListElement":[{"@type":"ListItem","position":1,"name":"Home","item":"https:\/\/95glassbottles.com\/fr\/"},{"@type":"ListItem","position":2,"name":"Produits","item":"https:\/\/95glassbottles.com\/fr\/shop\/"},{"@type":"ListItem","position":3,"name":"Bouteille d&#8217;alcool micro-agglom\u00e9r\u00e9e \u00e9cologique Bouchons coniques"}]},{"@type":"WebSite","@id":"https:\/\/95glassbottles.com\/fr\/#website","url":"https:\/\/95glassbottles.com\/fr\/","name":"95GlassBottles","description":"","publisher":{"@id":"https:\/\/95glassbottles.com\/fr\/#organization"},"potentialAction":[{"@type":"SearchAction","target":{"@type":"EntryPoint","urlTemplate":"https:\/\/95glassbottles.com\/fr\/?s={search_term_string}"},"query-input":{"@type":"PropertyValueSpecification","valueRequired":true,"valueName":"search_term_string"}}],"inLanguage":"fr-FR"},{"@type":"Organization","@id":"https:\/\/95glassbottles.com\/fr\/#organization","name":"Shandong Ninety Five Glass Co,.Ltd","url":"https:\/\/95glassbottles.com\/fr\/","logo":{"@type":"ImageObject","inLanguage":"fr-FR","@id":"https:\/\/95glassbottles.com\/fr\/#\/schema\/logo\/image\/","url":"https:\/\/95glassbottles.com\/wp-content\/uploads\/2025\/04\/1-3.webp","contentUrl":"https:\/\/95glassbottles.com\/wp-content\/uploads\/2025\/04\/1-3.webp","width":350,"height":100,"caption":"Shandong Ninety Five Glass Co,.Ltd"},"image":{"@id":"https:\/\/95glassbottles.com\/fr\/#\/schema\/logo\/image\/"},"sameAs":["https:\/\/www.facebook.com\/95Glass"]}]}},"_links":{"self":[{"href":"https:\/\/95glassbottles.com\/fr\/wp-json\/wp\/v2\/product\/5556","targetHints":{"allow":["GET"]}}],"collection":[{"href":"https:\/\/95glassbottles.com\/fr\/wp-json\/wp\/v2\/product"}],"about":[{"href":"https:\/\/95glassbottles.com\/fr\/wp-json\/wp\/v2\/types\/product"}],"wp:featuredmedia":[{"embeddable":true,"href":"https:\/\/95glassbottles.com\/fr\/wp-json\/wp\/v2\/media\/4656"}],"wp:attachment":[{"href":"https:\/\/95glassbottles.com\/fr\/wp-json\/wp\/v2\/media?parent=5556"}],"wp:term":[{"taxonomy":"product_brand","embeddable":true,"href":"https:\/\/95glassbottles.com\/fr\/wp-json\/wp\/v2\/product_brand?post=5556"},{"taxonomy":"product_cat","embeddable":true,"href":"https:\/\/95glassbottles.com\/fr\/wp-json\/wp\/v2\/product_cat?post=5556"},{"taxonomy":"product_tag","embeddable":true,"href":"https:\/\/95glassbottles.com\/fr\/wp-json\/wp\/v2\/product_tag?post=5556"}],"curies":[{"name":"wp","href":"https:\/\/api.w.org\/{rel}","templated":true}]}}