{"id":5561,"date":"2025-08-20T08:19:59","date_gmt":"2025-08-20T08:19:59","guid":{"rendered":"https:\/\/95glassbottles.com\/product\/bouchon-a-vis-pour-bouteille-dalcool-en-plastique-grain-de-bois\/"},"modified":"2025-08-20T08:19:59","modified_gmt":"2025-08-20T08:19:59","slug":"bouchon-a-vis-pour-bouteille-dalcool-en-plastique-grain-de-bois","status":"publish","type":"product","link":"https:\/\/95glassbottles.com\/fr\/produit\/bouchon-a-vis-pour-bouteille-dalcool-en-plastique-grain-de-bois\/","title":{"rendered":"Bouchon \u00e0 vis pour bouteille d&rsquo;alcool en plastique grain de bois"},"content":{"rendered":"<p>Ce bouchon \u00e0 vis en plastique grain de bois allie esth\u00e9tique naturelle et performances fiables. Fabriqu\u00e9 en plastique durable, il pr\u00e9sente une finition d\u00e9taill\u00e9e semblable \u00e0 du bois qui donne aux bouteilles un aspect raffin\u00e9 et \u00e9l\u00e9gant. L&rsquo;int\u00e9rieur filet\u00e9 assure un ajustement serr\u00e9 et \u00e9tanche, ce qui le rend id\u00e9al pour sceller les spiritueux, les vins et les boissons. Con\u00e7ue pour am\u00e9liorer \u00e0 la fois la fonctionnalit\u00e9 et le style, cette casquette peut \u00e9galement \u00eatre personnalis\u00e9e avec une marque, des tailles ou des \u00e9l\u00e9ments de conception uniques.<\/p>\n","protected":false},"excerpt":{"rendered":"<p>Bouchon \u00e0 vis en plastique grain de bois avec finition naturelle, l\u00e9ger et s\u00e9curis\u00e9. MOQ 6000 pi\u00e8ces, d\u00e9lai de livraison 20 jours.<\/p>\n","protected":false},"featured_media":4652,"template":"","meta":{"site-sidebar-layout":"default","site-content-layout":"","ast-site-content-layout":"default","site-content-style":"default","site-sidebar-style":"default","ast-global-header-display":"","ast-banner-title-visibility":"","ast-main-header-display":"","ast-hfb-above-header-display":"","ast-hfb-below-header-display":"","ast-hfb-mobile-header-display":"","site-post-title":"","ast-breadcrumbs-content":"","ast-featured-img":"","footer-sml-layout":"","ast-disable-related-posts":"","theme-transparent-header-meta":"default","adv-header-id-meta":"","stick-header-meta":"","header-above-stick-meta":"","header-main-stick-meta":"","header-below-stick-meta":"","astra-migrate-meta-layouts":"default","ast-page-background-enabled":"default","ast-page-background-meta":{"desktop":{"background-color":"var(--ast-global-color-4)","background-image":"","background-repeat":"repeat","background-position":"center center","background-size":"auto","background-attachment":"scroll","background-type":"","background-media":"","overlay-type":"","overlay-color":"","overlay-opacity":"","overlay-gradient":""},"tablet":{"background-color":"","background-image":"","background-repeat":"repeat","background-position":"center center","background-size":"auto","background-attachment":"scroll","background-type":"","background-media":"","overlay-type":"","overlay-color":"","overlay-opacity":"","overlay-gradient":""},"mobile":{"background-color":"","background-image":"","background-repeat":"repeat","background-position":"center center","background-size":"auto","background-attachment":"scroll","background-type":"","background-media":"","overlay-type":"","overlay-color":"","overlay-opacity":"","overlay-gradient":""}},"ast-content-background-meta":{"desktop":{"background-color":"var(--ast-global-color-5)","background-image":"","background-repeat":"repeat","background-position":"center center","background-size":"auto","background-attachment":"scroll","background-type":"","background-media":"","overlay-type":"","overlay-color":"","overlay-opacity":"","overlay-gradient":""},"tablet":{"background-color":"var(--ast-global-color-5)","background-image":"","background-repeat":"repeat","background-position":"center center","background-size":"auto","background-attachment":"scroll","background-type":"","background-media":"","overlay-type":"","overlay-color":"","overlay-opacity":"","overlay-gradient":""},"mobile":{"background-color":"var(--ast-global-color-5)","background-image":"","background-repeat":"repeat","background-position":"center center","background-size":"auto","background-attachment":"scroll","background-type":"","background-media":"","overlay-type":"","overlay-color":"","overlay-opacity":"","overlay-gradient":""}}},"product_brand":[],"product_cat":[450,440],"product_tag":[],"class_list":{"0":"post-5561","1":"product","2":"type-product","3":"status-publish","4":"has-post-thumbnail","6":"product_cat-bouchon-a-vis","7":"product_cat-bouchons-et-capsules-de-bouteilles","8":"desktop-align-left","9":"tablet-align-left","10":"mobile-align-left","12":"first","13":"instock","14":"shipping-taxable","15":"purchasable","16":"product-type-simple"},"yoast_head":"<!-- This site is optimized with the Yoast SEO plugin v27.4 - https:\/\/yoast.com\/product\/yoast-seo-wordpress\/ -->\n<title>Bouchon \u00e0 vis en plastique effet bois | 95Glass<\/title>\n<meta name=\"description\" content=\"Bouchon \u00e0 vis en plastique grain de bois avec finition naturelle, l\u00e9ger et s\u00e9curis\u00e9, con\u00e7u pour les bouteilles d&#039;alcool. MOQ 6000 pi\u00e8ces, d\u00e9lai de livraison 20 jours.\" \/>\n<meta name=\"robots\" content=\"index, follow, max-snippet:-1, max-image-preview:large, max-video-preview:-1\" \/>\n<link rel=\"canonical\" href=\"https:\/\/95glassbottles.com\/fr\/produit\/bouchon-a-vis-pour-bouteille-dalcool-en-plastique-grain-de-bois\/\" \/>\n<meta property=\"og:locale\" content=\"fr_FR\" \/>\n<meta property=\"og:type\" content=\"article\" \/>\n<meta property=\"og:title\" content=\"Bouchon \u00e0 vis en plastique effet bois | 95Glass\" \/>\n<meta property=\"og:description\" content=\"Bouchon \u00e0 vis en plastique grain de bois avec finition naturelle, l\u00e9ger et s\u00e9curis\u00e9, con\u00e7u pour les bouteilles d&#039;alcool. MOQ 6000 pi\u00e8ces, d\u00e9lai de livraison 20 jours.\" \/>\n<meta property=\"og:url\" content=\"https:\/\/95glassbottles.com\/fr\/produit\/bouchon-a-vis-pour-bouteille-dalcool-en-plastique-grain-de-bois\/\" \/>\n<meta property=\"og:site_name\" content=\"95Glass\" \/>\n<meta property=\"article:publisher\" content=\"https:\/\/www.facebook.com\/95Glass\" \/>\n<meta property=\"og:image\" content=\"https:\/\/95glassbottles.com\/wp-content\/uploads\/2025\/08\/SC6.jpg\" \/>\n\t<meta property=\"og:image:width\" content=\"1000\" \/>\n\t<meta property=\"og:image:height\" content=\"1000\" \/>\n\t<meta property=\"og:image:type\" content=\"image\/jpeg\" \/>\n<meta name=\"twitter:card\" content=\"summary_large_image\" \/>\n<script type=\"application\/ld+json\" class=\"yoast-schema-graph\">{\"@context\":\"https:\\\/\\\/schema.org\",\"@graph\":[{\"@type\":[\"WebPage\",\"ItemPage\"],\"@id\":\"https:\\\/\\\/95glassbottles.com\\\/fr\\\/produit\\\/bouchon-a-vis-pour-bouteille-dalcool-en-plastique-grain-de-bois\\\/\",\"url\":\"https:\\\/\\\/95glassbottles.com\\\/fr\\\/produit\\\/bouchon-a-vis-pour-bouteille-dalcool-en-plastique-grain-de-bois\\\/\",\"name\":\"Bouchon \u00e0 vis en plastique effet bois | 95Glass\",\"isPartOf\":{\"@id\":\"https:\\\/\\\/95glassbottles.com\\\/fr\\\/#website\"},\"primaryImageOfPage\":{\"@id\":\"https:\\\/\\\/95glassbottles.com\\\/fr\\\/produit\\\/bouchon-a-vis-pour-bouteille-dalcool-en-plastique-grain-de-bois\\\/#primaryimage\"},\"image\":{\"@id\":\"https:\\\/\\\/95glassbottles.com\\\/fr\\\/produit\\\/bouchon-a-vis-pour-bouteille-dalcool-en-plastique-grain-de-bois\\\/#primaryimage\"},\"thumbnailUrl\":\"https:\\\/\\\/95glassbottles.com\\\/wp-content\\\/uploads\\\/2025\\\/08\\\/SC6.jpg\",\"datePublished\":\"2025-08-20T08:19:59+00:00\",\"description\":\"Bouchon \u00e0 vis en plastique grain de bois avec finition naturelle, l\u00e9ger et s\u00e9curis\u00e9, con\u00e7u pour les bouteilles d'alcool. MOQ 6000 pi\u00e8ces, d\u00e9lai de livraison 20 jours.\",\"breadcrumb\":{\"@id\":\"https:\\\/\\\/95glassbottles.com\\\/fr\\\/produit\\\/bouchon-a-vis-pour-bouteille-dalcool-en-plastique-grain-de-bois\\\/#breadcrumb\"},\"inLanguage\":\"fr-FR\",\"potentialAction\":[{\"@type\":\"ReadAction\",\"target\":[\"https:\\\/\\\/95glassbottles.com\\\/fr\\\/produit\\\/bouchon-a-vis-pour-bouteille-dalcool-en-plastique-grain-de-bois\\\/\"]}]},{\"@type\":\"ImageObject\",\"inLanguage\":\"fr-FR\",\"@id\":\"https:\\\/\\\/95glassbottles.com\\\/fr\\\/produit\\\/bouchon-a-vis-pour-bouteille-dalcool-en-plastique-grain-de-bois\\\/#primaryimage\",\"url\":\"https:\\\/\\\/95glassbottles.com\\\/wp-content\\\/uploads\\\/2025\\\/08\\\/SC6.jpg\",\"contentUrl\":\"https:\\\/\\\/95glassbottles.com\\\/wp-content\\\/uploads\\\/2025\\\/08\\\/SC6.jpg\",\"width\":1000,\"height\":1000,\"caption\":\"Bouchon \u00e0 vis en plastique \u00e9l\u00e9gant avec aspect grain de bois.\"},{\"@type\":\"BreadcrumbList\",\"@id\":\"https:\\\/\\\/95glassbottles.com\\\/fr\\\/produit\\\/bouchon-a-vis-pour-bouteille-dalcool-en-plastique-grain-de-bois\\\/#breadcrumb\",\"itemListElement\":[{\"@type\":\"ListItem\",\"position\":1,\"name\":\"Home\",\"item\":\"https:\\\/\\\/95glassbottles.com\\\/fr\\\/\"},{\"@type\":\"ListItem\",\"position\":2,\"name\":\"Produits\",\"item\":\"https:\\\/\\\/95glassbottles.com\\\/fr\\\/shop\\\/\"},{\"@type\":\"ListItem\",\"position\":3,\"name\":\"Bouchon \u00e0 vis pour bouteille d&#8217;alcool en plastique grain de bois\"}]},{\"@type\":\"WebSite\",\"@id\":\"https:\\\/\\\/95glassbottles.com\\\/fr\\\/#website\",\"url\":\"https:\\\/\\\/95glassbottles.com\\\/fr\\\/\",\"name\":\"95GlassBottles\",\"description\":\"\",\"publisher\":{\"@id\":\"https:\\\/\\\/95glassbottles.com\\\/fr\\\/#organization\"},\"potentialAction\":[{\"@type\":\"SearchAction\",\"target\":{\"@type\":\"EntryPoint\",\"urlTemplate\":\"https:\\\/\\\/95glassbottles.com\\\/fr\\\/?s={search_term_string}\"},\"query-input\":{\"@type\":\"PropertyValueSpecification\",\"valueRequired\":true,\"valueName\":\"search_term_string\"}}],\"inLanguage\":\"fr-FR\"},{\"@type\":\"Organization\",\"@id\":\"https:\\\/\\\/95glassbottles.com\\\/fr\\\/#organization\",\"name\":\"Shandong Ninety Five Glass Co,.Ltd\",\"url\":\"https:\\\/\\\/95glassbottles.com\\\/fr\\\/\",\"logo\":{\"@type\":\"ImageObject\",\"inLanguage\":\"fr-FR\",\"@id\":\"https:\\\/\\\/95glassbottles.com\\\/fr\\\/#\\\/schema\\\/logo\\\/image\\\/\",\"url\":\"https:\\\/\\\/95glassbottles.com\\\/wp-content\\\/uploads\\\/2025\\\/04\\\/1-3.webp\",\"contentUrl\":\"https:\\\/\\\/95glassbottles.com\\\/wp-content\\\/uploads\\\/2025\\\/04\\\/1-3.webp\",\"width\":350,\"height\":100,\"caption\":\"Shandong Ninety Five Glass Co,.Ltd\"},\"image\":{\"@id\":\"https:\\\/\\\/95glassbottles.com\\\/fr\\\/#\\\/schema\\\/logo\\\/image\\\/\"},\"sameAs\":[\"https:\\\/\\\/www.facebook.com\\\/95Glass\"]}]}<\/script>\n<!-- \/ Yoast SEO plugin. -->","yoast_head_json":{"title":"Bouchon \u00e0 vis en plastique effet bois | 95Glass","description":"Bouchon \u00e0 vis en plastique grain de bois avec finition naturelle, l\u00e9ger et s\u00e9curis\u00e9, con\u00e7u pour les bouteilles d'alcool. MOQ 6000 pi\u00e8ces, d\u00e9lai de livraison 20 jours.","robots":{"index":"index","follow":"follow","max-snippet":"max-snippet:-1","max-image-preview":"max-image-preview:large","max-video-preview":"max-video-preview:-1"},"canonical":"https:\/\/95glassbottles.com\/fr\/produit\/bouchon-a-vis-pour-bouteille-dalcool-en-plastique-grain-de-bois\/","og_locale":"fr_FR","og_type":"article","og_title":"Bouchon \u00e0 vis en plastique effet bois | 95Glass","og_description":"Bouchon \u00e0 vis en plastique grain de bois avec finition naturelle, l\u00e9ger et s\u00e9curis\u00e9, con\u00e7u pour les bouteilles d'alcool. MOQ 6000 pi\u00e8ces, d\u00e9lai de livraison 20 jours.","og_url":"https:\/\/95glassbottles.com\/fr\/produit\/bouchon-a-vis-pour-bouteille-dalcool-en-plastique-grain-de-bois\/","og_site_name":"95Glass","article_publisher":"https:\/\/www.facebook.com\/95Glass","og_image":[{"width":1000,"height":1000,"url":"https:\/\/95glassbottles.com\/wp-content\/uploads\/2025\/08\/SC6.jpg","type":"image\/jpeg"}],"twitter_card":"summary_large_image","schema":{"@context":"https:\/\/schema.org","@graph":[{"@type":["WebPage","ItemPage"],"@id":"https:\/\/95glassbottles.com\/fr\/produit\/bouchon-a-vis-pour-bouteille-dalcool-en-plastique-grain-de-bois\/","url":"https:\/\/95glassbottles.com\/fr\/produit\/bouchon-a-vis-pour-bouteille-dalcool-en-plastique-grain-de-bois\/","name":"Bouchon \u00e0 vis en plastique effet bois | 95Glass","isPartOf":{"@id":"https:\/\/95glassbottles.com\/fr\/#website"},"primaryImageOfPage":{"@id":"https:\/\/95glassbottles.com\/fr\/produit\/bouchon-a-vis-pour-bouteille-dalcool-en-plastique-grain-de-bois\/#primaryimage"},"image":{"@id":"https:\/\/95glassbottles.com\/fr\/produit\/bouchon-a-vis-pour-bouteille-dalcool-en-plastique-grain-de-bois\/#primaryimage"},"thumbnailUrl":"https:\/\/95glassbottles.com\/wp-content\/uploads\/2025\/08\/SC6.jpg","datePublished":"2025-08-20T08:19:59+00:00","description":"Bouchon \u00e0 vis en plastique grain de bois avec finition naturelle, l\u00e9ger et s\u00e9curis\u00e9, con\u00e7u pour les bouteilles d'alcool. MOQ 6000 pi\u00e8ces, d\u00e9lai de livraison 20 jours.","breadcrumb":{"@id":"https:\/\/95glassbottles.com\/fr\/produit\/bouchon-a-vis-pour-bouteille-dalcool-en-plastique-grain-de-bois\/#breadcrumb"},"inLanguage":"fr-FR","potentialAction":[{"@type":"ReadAction","target":["https:\/\/95glassbottles.com\/fr\/produit\/bouchon-a-vis-pour-bouteille-dalcool-en-plastique-grain-de-bois\/"]}]},{"@type":"ImageObject","inLanguage":"fr-FR","@id":"https:\/\/95glassbottles.com\/fr\/produit\/bouchon-a-vis-pour-bouteille-dalcool-en-plastique-grain-de-bois\/#primaryimage","url":"https:\/\/95glassbottles.com\/wp-content\/uploads\/2025\/08\/SC6.jpg","contentUrl":"https:\/\/95glassbottles.com\/wp-content\/uploads\/2025\/08\/SC6.jpg","width":1000,"height":1000,"caption":"Bouchon \u00e0 vis en plastique \u00e9l\u00e9gant avec aspect grain de bois."},{"@type":"BreadcrumbList","@id":"https:\/\/95glassbottles.com\/fr\/produit\/bouchon-a-vis-pour-bouteille-dalcool-en-plastique-grain-de-bois\/#breadcrumb","itemListElement":[{"@type":"ListItem","position":1,"name":"Home","item":"https:\/\/95glassbottles.com\/fr\/"},{"@type":"ListItem","position":2,"name":"Produits","item":"https:\/\/95glassbottles.com\/fr\/shop\/"},{"@type":"ListItem","position":3,"name":"Bouchon \u00e0 vis pour bouteille d&#8217;alcool en plastique grain de bois"}]},{"@type":"WebSite","@id":"https:\/\/95glassbottles.com\/fr\/#website","url":"https:\/\/95glassbottles.com\/fr\/","name":"95GlassBottles","description":"","publisher":{"@id":"https:\/\/95glassbottles.com\/fr\/#organization"},"potentialAction":[{"@type":"SearchAction","target":{"@type":"EntryPoint","urlTemplate":"https:\/\/95glassbottles.com\/fr\/?s={search_term_string}"},"query-input":{"@type":"PropertyValueSpecification","valueRequired":true,"valueName":"search_term_string"}}],"inLanguage":"fr-FR"},{"@type":"Organization","@id":"https:\/\/95glassbottles.com\/fr\/#organization","name":"Shandong Ninety Five Glass Co,.Ltd","url":"https:\/\/95glassbottles.com\/fr\/","logo":{"@type":"ImageObject","inLanguage":"fr-FR","@id":"https:\/\/95glassbottles.com\/fr\/#\/schema\/logo\/image\/","url":"https:\/\/95glassbottles.com\/wp-content\/uploads\/2025\/04\/1-3.webp","contentUrl":"https:\/\/95glassbottles.com\/wp-content\/uploads\/2025\/04\/1-3.webp","width":350,"height":100,"caption":"Shandong Ninety Five Glass Co,.Ltd"},"image":{"@id":"https:\/\/95glassbottles.com\/fr\/#\/schema\/logo\/image\/"},"sameAs":["https:\/\/www.facebook.com\/95Glass"]}]}},"_links":{"self":[{"href":"https:\/\/95glassbottles.com\/fr\/wp-json\/wp\/v2\/product\/5561","targetHints":{"allow":["GET"]}}],"collection":[{"href":"https:\/\/95glassbottles.com\/fr\/wp-json\/wp\/v2\/product"}],"about":[{"href":"https:\/\/95glassbottles.com\/fr\/wp-json\/wp\/v2\/types\/product"}],"wp:featuredmedia":[{"embeddable":true,"href":"https:\/\/95glassbottles.com\/fr\/wp-json\/wp\/v2\/media\/4652"}],"wp:attachment":[{"href":"https:\/\/95glassbottles.com\/fr\/wp-json\/wp\/v2\/media?parent=5561"}],"wp:term":[{"taxonomy":"product_brand","embeddable":true,"href":"https:\/\/95glassbottles.com\/fr\/wp-json\/wp\/v2\/product_brand?post=5561"},{"taxonomy":"product_cat","embeddable":true,"href":"https:\/\/95glassbottles.com\/fr\/wp-json\/wp\/v2\/product_cat?post=5561"},{"taxonomy":"product_tag","embeddable":true,"href":"https:\/\/95glassbottles.com\/fr\/wp-json\/wp\/v2\/product_tag?post=5561"}],"curies":[{"name":"wp","href":"https:\/\/api.w.org\/{rel}","templated":true}]}}