{"id":5567,"date":"2025-08-20T07:58:22","date_gmt":"2025-08-20T07:58:22","guid":{"rendered":"https:\/\/95glassbottles.com\/product\/bouchon-a-vis-molete-en-aluminium-dore-pour-bouteille-dalcool\/"},"modified":"2025-08-20T07:58:22","modified_gmt":"2025-08-20T07:58:22","slug":"bouchon-a-vis-molete-en-aluminium-dore-pour-bouteille-dalcool","status":"publish","type":"product","link":"https:\/\/95glassbottles.com\/fr\/produit\/bouchon-a-vis-molete-en-aluminium-dore-pour-bouteille-dalcool\/","title":{"rendered":"Bouchon \u00e0 vis molet\u00e9 en aluminium dor\u00e9 pour bouteille d&rsquo;alcool"},"content":{"rendered":"<p>Ce bouchon \u00e0 vis en aluminium dor\u00e9 pr\u00e9sente une finition m\u00e9tallique brillante qui am\u00e9liore l&rsquo;apparence de la bouteille. Fabriqu\u00e9 en aluminium de haute qualit\u00e9, il offre r\u00e9sistance, durabilit\u00e9 et r\u00e9sistance \u00e0 la corrosion. Les bords stri\u00e9s am\u00e9liorent la prise en main, ce qui rend le bouchon facile \u00e0 ouvrir et \u00e0 fermer. Son int\u00e9rieur filet\u00e9 assure une \u00e9tanch\u00e9it\u00e9 fiable et \u00e9tanche aux bouteilles. Id\u00e9al pour les spiritueux, les vins et les boissons haut de gamme, il allie style et fonctionnalit\u00e9. Une marque ou des finitions personnalis\u00e9es peuvent \u00eatre ajout\u00e9es pour renforcer l&rsquo;identit\u00e9 du produit.<\/p>\n","protected":false},"excerpt":{"rendered":"<p>Bouchon \u00e0 vis en aluminium dor\u00e9 avec finition brillante et poign\u00e9e molet\u00e9e. MOQ 6000 pi\u00e8ces, d\u00e9lai de livraison 20 jours.<\/p>\n","protected":false},"featured_media":4638,"template":"","meta":{"site-sidebar-layout":"default","site-content-layout":"","ast-site-content-layout":"default","site-content-style":"default","site-sidebar-style":"default","ast-global-header-display":"","ast-banner-title-visibility":"","ast-main-header-display":"","ast-hfb-above-header-display":"","ast-hfb-below-header-display":"","ast-hfb-mobile-header-display":"","site-post-title":"","ast-breadcrumbs-content":"","ast-featured-img":"","footer-sml-layout":"","ast-disable-related-posts":"","theme-transparent-header-meta":"default","adv-header-id-meta":"","stick-header-meta":"","header-above-stick-meta":"","header-main-stick-meta":"","header-below-stick-meta":"","astra-migrate-meta-layouts":"default","ast-page-background-enabled":"default","ast-page-background-meta":{"desktop":{"background-color":"var(--ast-global-color-4)","background-image":"","background-repeat":"repeat","background-position":"center center","background-size":"auto","background-attachment":"scroll","background-type":"","background-media":"","overlay-type":"","overlay-color":"","overlay-opacity":"","overlay-gradient":""},"tablet":{"background-color":"","background-image":"","background-repeat":"repeat","background-position":"center center","background-size":"auto","background-attachment":"scroll","background-type":"","background-media":"","overlay-type":"","overlay-color":"","overlay-opacity":"","overlay-gradient":""},"mobile":{"background-color":"","background-image":"","background-repeat":"repeat","background-position":"center center","background-size":"auto","background-attachment":"scroll","background-type":"","background-media":"","overlay-type":"","overlay-color":"","overlay-opacity":"","overlay-gradient":""}},"ast-content-background-meta":{"desktop":{"background-color":"var(--ast-global-color-5)","background-image":"","background-repeat":"repeat","background-position":"center center","background-size":"auto","background-attachment":"scroll","background-type":"","background-media":"","overlay-type":"","overlay-color":"","overlay-opacity":"","overlay-gradient":""},"tablet":{"background-color":"var(--ast-global-color-5)","background-image":"","background-repeat":"repeat","background-position":"center center","background-size":"auto","background-attachment":"scroll","background-type":"","background-media":"","overlay-type":"","overlay-color":"","overlay-opacity":"","overlay-gradient":""},"mobile":{"background-color":"var(--ast-global-color-5)","background-image":"","background-repeat":"repeat","background-position":"center center","background-size":"auto","background-attachment":"scroll","background-type":"","background-media":"","overlay-type":"","overlay-color":"","overlay-opacity":"","overlay-gradient":""}}},"product_brand":[],"product_cat":[450,440],"product_tag":[],"class_list":{"0":"post-5567","1":"product","2":"type-product","3":"status-publish","4":"has-post-thumbnail","6":"product_cat-bouchon-a-vis","7":"product_cat-bouchons-et-capsules-de-bouteilles","8":"desktop-align-left","9":"tablet-align-left","10":"mobile-align-left","12":"first","13":"instock","14":"shipping-taxable","15":"purchasable","16":"product-type-simple"},"yoast_head":"<!-- This site is optimized with the Yoast SEO plugin v27.4 - https:\/\/yoast.com\/product\/yoast-seo-wordpress\/ -->\n<title>Bouchon \u00e0 vis molet\u00e9 en aluminium dor\u00e9 pour bouteille d&#039;alcool | 95Glass<\/title>\n<meta name=\"description\" content=\"Bouchon \u00e0 vis luxueux en aluminium dor\u00e9 avec c\u00f4t\u00e9 molet\u00e9 et finition m\u00e9tallique, offrant une prise antid\u00e9rapante et une \u00e9tanch\u00e9it\u00e9 de qualit\u00e9 sup\u00e9rieure pour les bouteilles d&#039;alcool.\" \/>\n<meta name=\"robots\" content=\"index, follow, max-snippet:-1, max-image-preview:large, max-video-preview:-1\" \/>\n<link rel=\"canonical\" href=\"https:\/\/95glassbottles.com\/fr\/produit\/bouchon-a-vis-molete-en-aluminium-dore-pour-bouteille-dalcool\/\" \/>\n<meta property=\"og:locale\" content=\"fr_FR\" \/>\n<meta property=\"og:type\" content=\"article\" \/>\n<meta property=\"og:title\" content=\"Bouchon \u00e0 vis molet\u00e9 en aluminium dor\u00e9 pour bouteille d&#039;alcool | 95Glass\" \/>\n<meta property=\"og:description\" content=\"Bouchon \u00e0 vis luxueux en aluminium dor\u00e9 avec c\u00f4t\u00e9 molet\u00e9 et finition m\u00e9tallique, offrant une prise antid\u00e9rapante et une \u00e9tanch\u00e9it\u00e9 de qualit\u00e9 sup\u00e9rieure pour les bouteilles d&#039;alcool.\" \/>\n<meta property=\"og:url\" content=\"https:\/\/95glassbottles.com\/fr\/produit\/bouchon-a-vis-molete-en-aluminium-dore-pour-bouteille-dalcool\/\" \/>\n<meta property=\"og:site_name\" content=\"95Glass\" \/>\n<meta property=\"article:publisher\" content=\"https:\/\/www.facebook.com\/95Glass\" \/>\n<meta property=\"og:image\" content=\"https:\/\/95glassbottles.com\/wp-content\/uploads\/2025\/08\/SC2.jpg\" \/>\n\t<meta property=\"og:image:width\" content=\"1000\" \/>\n\t<meta property=\"og:image:height\" content=\"1000\" \/>\n\t<meta property=\"og:image:type\" content=\"image\/jpeg\" \/>\n<meta name=\"twitter:card\" content=\"summary_large_image\" \/>\n<meta name=\"twitter:label1\" content=\"Dur\u00e9e de lecture estim\u00e9e\" \/>\n\t<meta name=\"twitter:data1\" content=\"1 minute\" \/>\n<script type=\"application\/ld+json\" class=\"yoast-schema-graph\">{\"@context\":\"https:\\\/\\\/schema.org\",\"@graph\":[{\"@type\":[\"WebPage\",\"ItemPage\"],\"@id\":\"https:\\\/\\\/95glassbottles.com\\\/fr\\\/produit\\\/bouchon-a-vis-molete-en-aluminium-dore-pour-bouteille-dalcool\\\/\",\"url\":\"https:\\\/\\\/95glassbottles.com\\\/fr\\\/produit\\\/bouchon-a-vis-molete-en-aluminium-dore-pour-bouteille-dalcool\\\/\",\"name\":\"Bouchon \u00e0 vis molet\u00e9 en aluminium dor\u00e9 pour bouteille d'alcool | 95Glass\",\"isPartOf\":{\"@id\":\"https:\\\/\\\/95glassbottles.com\\\/fr\\\/#website\"},\"primaryImageOfPage\":{\"@id\":\"https:\\\/\\\/95glassbottles.com\\\/fr\\\/produit\\\/bouchon-a-vis-molete-en-aluminium-dore-pour-bouteille-dalcool\\\/#primaryimage\"},\"image\":{\"@id\":\"https:\\\/\\\/95glassbottles.com\\\/fr\\\/produit\\\/bouchon-a-vis-molete-en-aluminium-dore-pour-bouteille-dalcool\\\/#primaryimage\"},\"thumbnailUrl\":\"https:\\\/\\\/95glassbottles.com\\\/wp-content\\\/uploads\\\/2025\\\/08\\\/SC2.jpg\",\"datePublished\":\"2025-08-20T07:58:22+00:00\",\"description\":\"Bouchon \u00e0 vis luxueux en aluminium dor\u00e9 avec c\u00f4t\u00e9 molet\u00e9 et finition m\u00e9tallique, offrant une prise antid\u00e9rapante et une \u00e9tanch\u00e9it\u00e9 de qualit\u00e9 sup\u00e9rieure pour les bouteilles d'alcool.\",\"breadcrumb\":{\"@id\":\"https:\\\/\\\/95glassbottles.com\\\/fr\\\/produit\\\/bouchon-a-vis-molete-en-aluminium-dore-pour-bouteille-dalcool\\\/#breadcrumb\"},\"inLanguage\":\"fr-FR\",\"potentialAction\":[{\"@type\":\"ReadAction\",\"target\":[\"https:\\\/\\\/95glassbottles.com\\\/fr\\\/produit\\\/bouchon-a-vis-molete-en-aluminium-dore-pour-bouteille-dalcool\\\/\"]}]},{\"@type\":\"ImageObject\",\"inLanguage\":\"fr-FR\",\"@id\":\"https:\\\/\\\/95glassbottles.com\\\/fr\\\/produit\\\/bouchon-a-vis-molete-en-aluminium-dore-pour-bouteille-dalcool\\\/#primaryimage\",\"url\":\"https:\\\/\\\/95glassbottles.com\\\/wp-content\\\/uploads\\\/2025\\\/08\\\/SC2.jpg\",\"contentUrl\":\"https:\\\/\\\/95glassbottles.com\\\/wp-content\\\/uploads\\\/2025\\\/08\\\/SC2.jpg\",\"width\":1000,\"height\":1000,\"caption\":\"Bouchon \u00e0 vis luxueux en aluminium dor\u00e9 avec texture molet\u00e9e fine, con\u00e7u pour l'emballage de spiritueux haut de gamme.\"},{\"@type\":\"BreadcrumbList\",\"@id\":\"https:\\\/\\\/95glassbottles.com\\\/fr\\\/produit\\\/bouchon-a-vis-molete-en-aluminium-dore-pour-bouteille-dalcool\\\/#breadcrumb\",\"itemListElement\":[{\"@type\":\"ListItem\",\"position\":1,\"name\":\"Home\",\"item\":\"https:\\\/\\\/95glassbottles.com\\\/fr\\\/\"},{\"@type\":\"ListItem\",\"position\":2,\"name\":\"Produits\",\"item\":\"https:\\\/\\\/95glassbottles.com\\\/fr\\\/shop\\\/\"},{\"@type\":\"ListItem\",\"position\":3,\"name\":\"Bouchon \u00e0 vis molet\u00e9 en aluminium dor\u00e9 pour bouteille d&#8217;alcool\"}]},{\"@type\":\"WebSite\",\"@id\":\"https:\\\/\\\/95glassbottles.com\\\/fr\\\/#website\",\"url\":\"https:\\\/\\\/95glassbottles.com\\\/fr\\\/\",\"name\":\"95GlassBottles\",\"description\":\"\",\"publisher\":{\"@id\":\"https:\\\/\\\/95glassbottles.com\\\/fr\\\/#organization\"},\"potentialAction\":[{\"@type\":\"SearchAction\",\"target\":{\"@type\":\"EntryPoint\",\"urlTemplate\":\"https:\\\/\\\/95glassbottles.com\\\/fr\\\/?s={search_term_string}\"},\"query-input\":{\"@type\":\"PropertyValueSpecification\",\"valueRequired\":true,\"valueName\":\"search_term_string\"}}],\"inLanguage\":\"fr-FR\"},{\"@type\":\"Organization\",\"@id\":\"https:\\\/\\\/95glassbottles.com\\\/fr\\\/#organization\",\"name\":\"Shandong Ninety Five Glass Co,.Ltd\",\"url\":\"https:\\\/\\\/95glassbottles.com\\\/fr\\\/\",\"logo\":{\"@type\":\"ImageObject\",\"inLanguage\":\"fr-FR\",\"@id\":\"https:\\\/\\\/95glassbottles.com\\\/fr\\\/#\\\/schema\\\/logo\\\/image\\\/\",\"url\":\"https:\\\/\\\/95glassbottles.com\\\/wp-content\\\/uploads\\\/2025\\\/04\\\/1-3.webp\",\"contentUrl\":\"https:\\\/\\\/95glassbottles.com\\\/wp-content\\\/uploads\\\/2025\\\/04\\\/1-3.webp\",\"width\":350,\"height\":100,\"caption\":\"Shandong Ninety Five Glass Co,.Ltd\"},\"image\":{\"@id\":\"https:\\\/\\\/95glassbottles.com\\\/fr\\\/#\\\/schema\\\/logo\\\/image\\\/\"},\"sameAs\":[\"https:\\\/\\\/www.facebook.com\\\/95Glass\"]}]}<\/script>\n<!-- \/ Yoast SEO plugin. -->","yoast_head_json":{"title":"Bouchon \u00e0 vis molet\u00e9 en aluminium dor\u00e9 pour bouteille d'alcool | 95Glass","description":"Bouchon \u00e0 vis luxueux en aluminium dor\u00e9 avec c\u00f4t\u00e9 molet\u00e9 et finition m\u00e9tallique, offrant une prise antid\u00e9rapante et une \u00e9tanch\u00e9it\u00e9 de qualit\u00e9 sup\u00e9rieure pour les bouteilles d'alcool.","robots":{"index":"index","follow":"follow","max-snippet":"max-snippet:-1","max-image-preview":"max-image-preview:large","max-video-preview":"max-video-preview:-1"},"canonical":"https:\/\/95glassbottles.com\/fr\/produit\/bouchon-a-vis-molete-en-aluminium-dore-pour-bouteille-dalcool\/","og_locale":"fr_FR","og_type":"article","og_title":"Bouchon \u00e0 vis molet\u00e9 en aluminium dor\u00e9 pour bouteille d'alcool | 95Glass","og_description":"Bouchon \u00e0 vis luxueux en aluminium dor\u00e9 avec c\u00f4t\u00e9 molet\u00e9 et finition m\u00e9tallique, offrant une prise antid\u00e9rapante et une \u00e9tanch\u00e9it\u00e9 de qualit\u00e9 sup\u00e9rieure pour les bouteilles d'alcool.","og_url":"https:\/\/95glassbottles.com\/fr\/produit\/bouchon-a-vis-molete-en-aluminium-dore-pour-bouteille-dalcool\/","og_site_name":"95Glass","article_publisher":"https:\/\/www.facebook.com\/95Glass","og_image":[{"width":1000,"height":1000,"url":"https:\/\/95glassbottles.com\/wp-content\/uploads\/2025\/08\/SC2.jpg","type":"image\/jpeg"}],"twitter_card":"summary_large_image","twitter_misc":{"Dur\u00e9e de lecture estim\u00e9e":"1 minute"},"schema":{"@context":"https:\/\/schema.org","@graph":[{"@type":["WebPage","ItemPage"],"@id":"https:\/\/95glassbottles.com\/fr\/produit\/bouchon-a-vis-molete-en-aluminium-dore-pour-bouteille-dalcool\/","url":"https:\/\/95glassbottles.com\/fr\/produit\/bouchon-a-vis-molete-en-aluminium-dore-pour-bouteille-dalcool\/","name":"Bouchon \u00e0 vis molet\u00e9 en aluminium dor\u00e9 pour bouteille d'alcool | 95Glass","isPartOf":{"@id":"https:\/\/95glassbottles.com\/fr\/#website"},"primaryImageOfPage":{"@id":"https:\/\/95glassbottles.com\/fr\/produit\/bouchon-a-vis-molete-en-aluminium-dore-pour-bouteille-dalcool\/#primaryimage"},"image":{"@id":"https:\/\/95glassbottles.com\/fr\/produit\/bouchon-a-vis-molete-en-aluminium-dore-pour-bouteille-dalcool\/#primaryimage"},"thumbnailUrl":"https:\/\/95glassbottles.com\/wp-content\/uploads\/2025\/08\/SC2.jpg","datePublished":"2025-08-20T07:58:22+00:00","description":"Bouchon \u00e0 vis luxueux en aluminium dor\u00e9 avec c\u00f4t\u00e9 molet\u00e9 et finition m\u00e9tallique, offrant une prise antid\u00e9rapante et une \u00e9tanch\u00e9it\u00e9 de qualit\u00e9 sup\u00e9rieure pour les bouteilles d'alcool.","breadcrumb":{"@id":"https:\/\/95glassbottles.com\/fr\/produit\/bouchon-a-vis-molete-en-aluminium-dore-pour-bouteille-dalcool\/#breadcrumb"},"inLanguage":"fr-FR","potentialAction":[{"@type":"ReadAction","target":["https:\/\/95glassbottles.com\/fr\/produit\/bouchon-a-vis-molete-en-aluminium-dore-pour-bouteille-dalcool\/"]}]},{"@type":"ImageObject","inLanguage":"fr-FR","@id":"https:\/\/95glassbottles.com\/fr\/produit\/bouchon-a-vis-molete-en-aluminium-dore-pour-bouteille-dalcool\/#primaryimage","url":"https:\/\/95glassbottles.com\/wp-content\/uploads\/2025\/08\/SC2.jpg","contentUrl":"https:\/\/95glassbottles.com\/wp-content\/uploads\/2025\/08\/SC2.jpg","width":1000,"height":1000,"caption":"Bouchon \u00e0 vis luxueux en aluminium dor\u00e9 avec texture molet\u00e9e fine, con\u00e7u pour l'emballage de spiritueux haut de gamme."},{"@type":"BreadcrumbList","@id":"https:\/\/95glassbottles.com\/fr\/produit\/bouchon-a-vis-molete-en-aluminium-dore-pour-bouteille-dalcool\/#breadcrumb","itemListElement":[{"@type":"ListItem","position":1,"name":"Home","item":"https:\/\/95glassbottles.com\/fr\/"},{"@type":"ListItem","position":2,"name":"Produits","item":"https:\/\/95glassbottles.com\/fr\/shop\/"},{"@type":"ListItem","position":3,"name":"Bouchon \u00e0 vis molet\u00e9 en aluminium dor\u00e9 pour bouteille d&#8217;alcool"}]},{"@type":"WebSite","@id":"https:\/\/95glassbottles.com\/fr\/#website","url":"https:\/\/95glassbottles.com\/fr\/","name":"95GlassBottles","description":"","publisher":{"@id":"https:\/\/95glassbottles.com\/fr\/#organization"},"potentialAction":[{"@type":"SearchAction","target":{"@type":"EntryPoint","urlTemplate":"https:\/\/95glassbottles.com\/fr\/?s={search_term_string}"},"query-input":{"@type":"PropertyValueSpecification","valueRequired":true,"valueName":"search_term_string"}}],"inLanguage":"fr-FR"},{"@type":"Organization","@id":"https:\/\/95glassbottles.com\/fr\/#organization","name":"Shandong Ninety Five Glass Co,.Ltd","url":"https:\/\/95glassbottles.com\/fr\/","logo":{"@type":"ImageObject","inLanguage":"fr-FR","@id":"https:\/\/95glassbottles.com\/fr\/#\/schema\/logo\/image\/","url":"https:\/\/95glassbottles.com\/wp-content\/uploads\/2025\/04\/1-3.webp","contentUrl":"https:\/\/95glassbottles.com\/wp-content\/uploads\/2025\/04\/1-3.webp","width":350,"height":100,"caption":"Shandong Ninety Five Glass Co,.Ltd"},"image":{"@id":"https:\/\/95glassbottles.com\/fr\/#\/schema\/logo\/image\/"},"sameAs":["https:\/\/www.facebook.com\/95Glass"]}]}},"_links":{"self":[{"href":"https:\/\/95glassbottles.com\/fr\/wp-json\/wp\/v2\/product\/5567","targetHints":{"allow":["GET"]}}],"collection":[{"href":"https:\/\/95glassbottles.com\/fr\/wp-json\/wp\/v2\/product"}],"about":[{"href":"https:\/\/95glassbottles.com\/fr\/wp-json\/wp\/v2\/types\/product"}],"wp:featuredmedia":[{"embeddable":true,"href":"https:\/\/95glassbottles.com\/fr\/wp-json\/wp\/v2\/media\/4638"}],"wp:attachment":[{"href":"https:\/\/95glassbottles.com\/fr\/wp-json\/wp\/v2\/media?parent=5567"}],"wp:term":[{"taxonomy":"product_brand","embeddable":true,"href":"https:\/\/95glassbottles.com\/fr\/wp-json\/wp\/v2\/product_brand?post=5567"},{"taxonomy":"product_cat","embeddable":true,"href":"https:\/\/95glassbottles.com\/fr\/wp-json\/wp\/v2\/product_cat?post=5567"},{"taxonomy":"product_tag","embeddable":true,"href":"https:\/\/95glassbottles.com\/fr\/wp-json\/wp\/v2\/product_tag?post=5567"}],"curies":[{"name":"wp","href":"https:\/\/api.w.org\/{rel}","templated":true}]}}