{"id":5580,"date":"2025-08-19T08:42:56","date_gmt":"2025-08-19T08:42:56","guid":{"rendered":"https:\/\/95glassbottles.com\/product\/verre-a-vin-grave-21-x-39-mm-bouchon-a-vin-en-microgranules\/"},"modified":"2025-08-19T08:42:56","modified_gmt":"2025-08-19T08:42:56","slug":"verre-a-vin-grave-21-x-39-mm-bouchon-a-vin-en-microgranules","status":"publish","type":"product","link":"https:\/\/95glassbottles.com\/fr\/produit\/verre-a-vin-grave-21-x-39-mm-bouchon-a-vin-en-microgranules\/","title":{"rendered":"Verre \u00e0 vin grav\u00e9 21 x 39 mm Bouchon \u00e0 vin en microgranules"},"content":{"rendered":"<p>Ce bouchon \u00e0 vin est fabriqu\u00e9 \u00e0 partir de particules de li\u00e8ge micro agglom\u00e9r\u00e9es pour plus de r\u00e9silience et de consistance. Son corps cylindrique pr\u00e9sente des bords arrondis pour une insertion et un retrait en douceur. Le motif imprim\u00e9 du verre \u00e0 vin ajoute un charme d\u00e9coratif et un potentiel de marque. Le bouchon assure une fermeture s\u00e9curis\u00e9e qui pr\u00e9serve la fra\u00eecheur et la saveur. C&rsquo;est un choix \u00e9cologique qui soutient les emballages durables. Adapt\u00e9 aux vins et spiritueux, ce bouchon allie fonctionnalit\u00e9 et attrait esth\u00e9tique, am\u00e9liorant ainsi la valeur du produit en rayon.<\/p>\n","protected":false},"excerpt":{"rendered":"<p>Bouchon de vin micro agglom\u00e9r\u00e9 avec gravure de verre \u00e0 vin. Joint solide pour bouteilles de vin. Quantit\u00e9 minimale de commande 6000 pi\u00e8ces. Production 10\u201320 jours.<\/p>\n","protected":false},"featured_media":4624,"template":"","meta":{"site-sidebar-layout":"default","site-content-layout":"","ast-site-content-layout":"default","site-content-style":"default","site-sidebar-style":"default","ast-global-header-display":"","ast-banner-title-visibility":"","ast-main-header-display":"","ast-hfb-above-header-display":"","ast-hfb-below-header-display":"","ast-hfb-mobile-header-display":"","site-post-title":"","ast-breadcrumbs-content":"","ast-featured-img":"","footer-sml-layout":"","ast-disable-related-posts":"","theme-transparent-header-meta":"default","adv-header-id-meta":"","stick-header-meta":"","header-above-stick-meta":"","header-main-stick-meta":"","header-below-stick-meta":"","astra-migrate-meta-layouts":"default","ast-page-background-enabled":"default","ast-page-background-meta":{"desktop":{"background-color":"var(--ast-global-color-4)","background-image":"","background-repeat":"repeat","background-position":"center center","background-size":"auto","background-attachment":"scroll","background-type":"","background-media":"","overlay-type":"","overlay-color":"","overlay-opacity":"","overlay-gradient":""},"tablet":{"background-color":"","background-image":"","background-repeat":"repeat","background-position":"center center","background-size":"auto","background-attachment":"scroll","background-type":"","background-media":"","overlay-type":"","overlay-color":"","overlay-opacity":"","overlay-gradient":""},"mobile":{"background-color":"","background-image":"","background-repeat":"repeat","background-position":"center center","background-size":"auto","background-attachment":"scroll","background-type":"","background-media":"","overlay-type":"","overlay-color":"","overlay-opacity":"","overlay-gradient":""}},"ast-content-background-meta":{"desktop":{"background-color":"var(--ast-global-color-5)","background-image":"","background-repeat":"repeat","background-position":"center center","background-size":"auto","background-attachment":"scroll","background-type":"","background-media":"","overlay-type":"","overlay-color":"","overlay-opacity":"","overlay-gradient":""},"tablet":{"background-color":"var(--ast-global-color-5)","background-image":"","background-repeat":"repeat","background-position":"center center","background-size":"auto","background-attachment":"scroll","background-type":"","background-media":"","overlay-type":"","overlay-color":"","overlay-opacity":"","overlay-gradient":""},"mobile":{"background-color":"var(--ast-global-color-5)","background-image":"","background-repeat":"repeat","background-position":"center center","background-size":"auto","background-attachment":"scroll","background-type":"","background-media":"","overlay-type":"","overlay-color":"","overlay-opacity":"","overlay-gradient":""}}},"product_brand":[],"product_cat":[468,440],"product_tag":[],"class_list":{"0":"post-5580","1":"product","2":"type-product","3":"status-publish","4":"has-post-thumbnail","6":"product_cat-bouchons-de-vin","7":"product_cat-bouchons-et-capsules-de-bouteilles","8":"desktop-align-left","9":"tablet-align-left","10":"mobile-align-left","12":"first","13":"instock","14":"shipping-taxable","15":"purchasable","16":"product-type-simple"},"yoast_head":"<!-- This site is optimized with the Yoast SEO plugin v27.4 - https:\/\/yoast.com\/product\/yoast-seo-wordpress\/ -->\n<title>Bouchon \u00e0 vin microgranul\u00e9 21 x 39 mm | 95Glass<\/title>\n<meta name=\"description\" content=\"Bouchon \u00e0 vin microgranul\u00e9 21x39 mm avec extr\u00e9mit\u00e9s arrondies et logo verre \u00e0 vin ; convient aux bouteilles avec finition li\u00e8ge. MOQ 6 000 ; d\u00e9lai de livraison 10 \u00e0 20 jours.\" \/>\n<meta name=\"robots\" content=\"index, follow, max-snippet:-1, max-image-preview:large, max-video-preview:-1\" \/>\n<link rel=\"canonical\" href=\"https:\/\/95glassbottles.com\/fr\/produit\/verre-a-vin-grave-21-x-39-mm-bouchon-a-vin-en-microgranules\/\" \/>\n<meta property=\"og:locale\" content=\"fr_FR\" \/>\n<meta property=\"og:type\" content=\"article\" \/>\n<meta property=\"og:title\" content=\"Bouchon \u00e0 vin microgranul\u00e9 21 x 39 mm | 95Glass\" \/>\n<meta property=\"og:description\" content=\"Bouchon \u00e0 vin microgranul\u00e9 21x39 mm avec extr\u00e9mit\u00e9s arrondies et logo verre \u00e0 vin ; convient aux bouteilles avec finition li\u00e8ge. MOQ 6 000 ; d\u00e9lai de livraison 10 \u00e0 20 jours.\" \/>\n<meta property=\"og:url\" content=\"https:\/\/95glassbottles.com\/fr\/produit\/verre-a-vin-grave-21-x-39-mm-bouchon-a-vin-en-microgranules\/\" \/>\n<meta property=\"og:site_name\" content=\"95Glass\" \/>\n<meta property=\"article:publisher\" content=\"https:\/\/www.facebook.com\/95Glass\" \/>\n<meta property=\"og:image\" content=\"https:\/\/95glassbottles.com\/wp-content\/uploads\/2025\/08\/W2.png\" \/>\n\t<meta property=\"og:image:width\" content=\"800\" \/>\n\t<meta property=\"og:image:height\" content=\"800\" \/>\n\t<meta property=\"og:image:type\" content=\"image\/png\" \/>\n<meta name=\"twitter:card\" content=\"summary_large_image\" \/>\n<meta name=\"twitter:label1\" content=\"Dur\u00e9e de lecture estim\u00e9e\" \/>\n\t<meta name=\"twitter:data1\" content=\"1 minute\" \/>\n<script type=\"application\/ld+json\" class=\"yoast-schema-graph\">{\"@context\":\"https:\\\/\\\/schema.org\",\"@graph\":[{\"@type\":[\"WebPage\",\"ItemPage\"],\"@id\":\"https:\\\/\\\/95glassbottles.com\\\/fr\\\/produit\\\/verre-a-vin-grave-21-x-39-mm-bouchon-a-vin-en-microgranules\\\/\",\"url\":\"https:\\\/\\\/95glassbottles.com\\\/fr\\\/produit\\\/verre-a-vin-grave-21-x-39-mm-bouchon-a-vin-en-microgranules\\\/\",\"name\":\"Bouchon \u00e0 vin microgranul\u00e9 21 x 39 mm | 95Glass\",\"isPartOf\":{\"@id\":\"https:\\\/\\\/95glassbottles.com\\\/fr\\\/#website\"},\"primaryImageOfPage\":{\"@id\":\"https:\\\/\\\/95glassbottles.com\\\/fr\\\/produit\\\/verre-a-vin-grave-21-x-39-mm-bouchon-a-vin-en-microgranules\\\/#primaryimage\"},\"image\":{\"@id\":\"https:\\\/\\\/95glassbottles.com\\\/fr\\\/produit\\\/verre-a-vin-grave-21-x-39-mm-bouchon-a-vin-en-microgranules\\\/#primaryimage\"},\"thumbnailUrl\":\"https:\\\/\\\/95glassbottles.com\\\/wp-content\\\/uploads\\\/2025\\\/08\\\/W2.png\",\"datePublished\":\"2025-08-19T08:42:56+00:00\",\"description\":\"Bouchon \u00e0 vin microgranul\u00e9 21x39 mm avec extr\u00e9mit\u00e9s arrondies et logo verre \u00e0 vin ; convient aux bouteilles avec finition li\u00e8ge. MOQ 6 000 ; d\u00e9lai de livraison 10 \u00e0 20 jours.\",\"breadcrumb\":{\"@id\":\"https:\\\/\\\/95glassbottles.com\\\/fr\\\/produit\\\/verre-a-vin-grave-21-x-39-mm-bouchon-a-vin-en-microgranules\\\/#breadcrumb\"},\"inLanguage\":\"fr-FR\",\"potentialAction\":[{\"@type\":\"ReadAction\",\"target\":[\"https:\\\/\\\/95glassbottles.com\\\/fr\\\/produit\\\/verre-a-vin-grave-21-x-39-mm-bouchon-a-vin-en-microgranules\\\/\"]}]},{\"@type\":\"ImageObject\",\"inLanguage\":\"fr-FR\",\"@id\":\"https:\\\/\\\/95glassbottles.com\\\/fr\\\/produit\\\/verre-a-vin-grave-21-x-39-mm-bouchon-a-vin-en-microgranules\\\/#primaryimage\",\"url\":\"https:\\\/\\\/95glassbottles.com\\\/wp-content\\\/uploads\\\/2025\\\/08\\\/W2.png\",\"contentUrl\":\"https:\\\/\\\/95glassbottles.com\\\/wp-content\\\/uploads\\\/2025\\\/08\\\/W2.png\",\"width\":800,\"height\":800,\"caption\":\"Bouchon \u00e0 vin microgranul\u00e9 21x39 mm \u2014 extr\u00e9mit\u00e9s arrondies, logo verre \u00e0 vin\"},{\"@type\":\"BreadcrumbList\",\"@id\":\"https:\\\/\\\/95glassbottles.com\\\/fr\\\/produit\\\/verre-a-vin-grave-21-x-39-mm-bouchon-a-vin-en-microgranules\\\/#breadcrumb\",\"itemListElement\":[{\"@type\":\"ListItem\",\"position\":1,\"name\":\"Home\",\"item\":\"https:\\\/\\\/95glassbottles.com\\\/fr\\\/\"},{\"@type\":\"ListItem\",\"position\":2,\"name\":\"Produits\",\"item\":\"https:\\\/\\\/95glassbottles.com\\\/fr\\\/shop\\\/\"},{\"@type\":\"ListItem\",\"position\":3,\"name\":\"Verre \u00e0 vin grav\u00e9 21 x 39 mm Bouchon \u00e0 vin en microgranules\"}]},{\"@type\":\"WebSite\",\"@id\":\"https:\\\/\\\/95glassbottles.com\\\/fr\\\/#website\",\"url\":\"https:\\\/\\\/95glassbottles.com\\\/fr\\\/\",\"name\":\"95GlassBottles\",\"description\":\"\",\"publisher\":{\"@id\":\"https:\\\/\\\/95glassbottles.com\\\/fr\\\/#organization\"},\"potentialAction\":[{\"@type\":\"SearchAction\",\"target\":{\"@type\":\"EntryPoint\",\"urlTemplate\":\"https:\\\/\\\/95glassbottles.com\\\/fr\\\/?s={search_term_string}\"},\"query-input\":{\"@type\":\"PropertyValueSpecification\",\"valueRequired\":true,\"valueName\":\"search_term_string\"}}],\"inLanguage\":\"fr-FR\"},{\"@type\":\"Organization\",\"@id\":\"https:\\\/\\\/95glassbottles.com\\\/fr\\\/#organization\",\"name\":\"Shandong Ninety Five Glass Co,.Ltd\",\"url\":\"https:\\\/\\\/95glassbottles.com\\\/fr\\\/\",\"logo\":{\"@type\":\"ImageObject\",\"inLanguage\":\"fr-FR\",\"@id\":\"https:\\\/\\\/95glassbottles.com\\\/fr\\\/#\\\/schema\\\/logo\\\/image\\\/\",\"url\":\"https:\\\/\\\/95glassbottles.com\\\/wp-content\\\/uploads\\\/2025\\\/04\\\/1-3.webp\",\"contentUrl\":\"https:\\\/\\\/95glassbottles.com\\\/wp-content\\\/uploads\\\/2025\\\/04\\\/1-3.webp\",\"width\":350,\"height\":100,\"caption\":\"Shandong Ninety Five Glass Co,.Ltd\"},\"image\":{\"@id\":\"https:\\\/\\\/95glassbottles.com\\\/fr\\\/#\\\/schema\\\/logo\\\/image\\\/\"},\"sameAs\":[\"https:\\\/\\\/www.facebook.com\\\/95Glass\"]}]}<\/script>\n<!-- \/ Yoast SEO plugin. -->","yoast_head_json":{"title":"Bouchon \u00e0 vin microgranul\u00e9 21 x 39 mm | 95Glass","description":"Bouchon \u00e0 vin microgranul\u00e9 21x39 mm avec extr\u00e9mit\u00e9s arrondies et logo verre \u00e0 vin ; convient aux bouteilles avec finition li\u00e8ge. MOQ 6 000 ; d\u00e9lai de livraison 10 \u00e0 20 jours.","robots":{"index":"index","follow":"follow","max-snippet":"max-snippet:-1","max-image-preview":"max-image-preview:large","max-video-preview":"max-video-preview:-1"},"canonical":"https:\/\/95glassbottles.com\/fr\/produit\/verre-a-vin-grave-21-x-39-mm-bouchon-a-vin-en-microgranules\/","og_locale":"fr_FR","og_type":"article","og_title":"Bouchon \u00e0 vin microgranul\u00e9 21 x 39 mm | 95Glass","og_description":"Bouchon \u00e0 vin microgranul\u00e9 21x39 mm avec extr\u00e9mit\u00e9s arrondies et logo verre \u00e0 vin ; convient aux bouteilles avec finition li\u00e8ge. MOQ 6 000 ; d\u00e9lai de livraison 10 \u00e0 20 jours.","og_url":"https:\/\/95glassbottles.com\/fr\/produit\/verre-a-vin-grave-21-x-39-mm-bouchon-a-vin-en-microgranules\/","og_site_name":"95Glass","article_publisher":"https:\/\/www.facebook.com\/95Glass","og_image":[{"width":800,"height":800,"url":"https:\/\/95glassbottles.com\/wp-content\/uploads\/2025\/08\/W2.png","type":"image\/png"}],"twitter_card":"summary_large_image","twitter_misc":{"Dur\u00e9e de lecture estim\u00e9e":"1 minute"},"schema":{"@context":"https:\/\/schema.org","@graph":[{"@type":["WebPage","ItemPage"],"@id":"https:\/\/95glassbottles.com\/fr\/produit\/verre-a-vin-grave-21-x-39-mm-bouchon-a-vin-en-microgranules\/","url":"https:\/\/95glassbottles.com\/fr\/produit\/verre-a-vin-grave-21-x-39-mm-bouchon-a-vin-en-microgranules\/","name":"Bouchon \u00e0 vin microgranul\u00e9 21 x 39 mm | 95Glass","isPartOf":{"@id":"https:\/\/95glassbottles.com\/fr\/#website"},"primaryImageOfPage":{"@id":"https:\/\/95glassbottles.com\/fr\/produit\/verre-a-vin-grave-21-x-39-mm-bouchon-a-vin-en-microgranules\/#primaryimage"},"image":{"@id":"https:\/\/95glassbottles.com\/fr\/produit\/verre-a-vin-grave-21-x-39-mm-bouchon-a-vin-en-microgranules\/#primaryimage"},"thumbnailUrl":"https:\/\/95glassbottles.com\/wp-content\/uploads\/2025\/08\/W2.png","datePublished":"2025-08-19T08:42:56+00:00","description":"Bouchon \u00e0 vin microgranul\u00e9 21x39 mm avec extr\u00e9mit\u00e9s arrondies et logo verre \u00e0 vin ; convient aux bouteilles avec finition li\u00e8ge. MOQ 6 000 ; d\u00e9lai de livraison 10 \u00e0 20 jours.","breadcrumb":{"@id":"https:\/\/95glassbottles.com\/fr\/produit\/verre-a-vin-grave-21-x-39-mm-bouchon-a-vin-en-microgranules\/#breadcrumb"},"inLanguage":"fr-FR","potentialAction":[{"@type":"ReadAction","target":["https:\/\/95glassbottles.com\/fr\/produit\/verre-a-vin-grave-21-x-39-mm-bouchon-a-vin-en-microgranules\/"]}]},{"@type":"ImageObject","inLanguage":"fr-FR","@id":"https:\/\/95glassbottles.com\/fr\/produit\/verre-a-vin-grave-21-x-39-mm-bouchon-a-vin-en-microgranules\/#primaryimage","url":"https:\/\/95glassbottles.com\/wp-content\/uploads\/2025\/08\/W2.png","contentUrl":"https:\/\/95glassbottles.com\/wp-content\/uploads\/2025\/08\/W2.png","width":800,"height":800,"caption":"Bouchon \u00e0 vin microgranul\u00e9 21x39 mm \u2014 extr\u00e9mit\u00e9s arrondies, logo verre \u00e0 vin"},{"@type":"BreadcrumbList","@id":"https:\/\/95glassbottles.com\/fr\/produit\/verre-a-vin-grave-21-x-39-mm-bouchon-a-vin-en-microgranules\/#breadcrumb","itemListElement":[{"@type":"ListItem","position":1,"name":"Home","item":"https:\/\/95glassbottles.com\/fr\/"},{"@type":"ListItem","position":2,"name":"Produits","item":"https:\/\/95glassbottles.com\/fr\/shop\/"},{"@type":"ListItem","position":3,"name":"Verre \u00e0 vin grav\u00e9 21 x 39 mm Bouchon \u00e0 vin en microgranules"}]},{"@type":"WebSite","@id":"https:\/\/95glassbottles.com\/fr\/#website","url":"https:\/\/95glassbottles.com\/fr\/","name":"95GlassBottles","description":"","publisher":{"@id":"https:\/\/95glassbottles.com\/fr\/#organization"},"potentialAction":[{"@type":"SearchAction","target":{"@type":"EntryPoint","urlTemplate":"https:\/\/95glassbottles.com\/fr\/?s={search_term_string}"},"query-input":{"@type":"PropertyValueSpecification","valueRequired":true,"valueName":"search_term_string"}}],"inLanguage":"fr-FR"},{"@type":"Organization","@id":"https:\/\/95glassbottles.com\/fr\/#organization","name":"Shandong Ninety Five Glass Co,.Ltd","url":"https:\/\/95glassbottles.com\/fr\/","logo":{"@type":"ImageObject","inLanguage":"fr-FR","@id":"https:\/\/95glassbottles.com\/fr\/#\/schema\/logo\/image\/","url":"https:\/\/95glassbottles.com\/wp-content\/uploads\/2025\/04\/1-3.webp","contentUrl":"https:\/\/95glassbottles.com\/wp-content\/uploads\/2025\/04\/1-3.webp","width":350,"height":100,"caption":"Shandong Ninety Five Glass Co,.Ltd"},"image":{"@id":"https:\/\/95glassbottles.com\/fr\/#\/schema\/logo\/image\/"},"sameAs":["https:\/\/www.facebook.com\/95Glass"]}]}},"_links":{"self":[{"href":"https:\/\/95glassbottles.com\/fr\/wp-json\/wp\/v2\/product\/5580","targetHints":{"allow":["GET"]}}],"collection":[{"href":"https:\/\/95glassbottles.com\/fr\/wp-json\/wp\/v2\/product"}],"about":[{"href":"https:\/\/95glassbottles.com\/fr\/wp-json\/wp\/v2\/types\/product"}],"wp:featuredmedia":[{"embeddable":true,"href":"https:\/\/95glassbottles.com\/fr\/wp-json\/wp\/v2\/media\/4624"}],"wp:attachment":[{"href":"https:\/\/95glassbottles.com\/fr\/wp-json\/wp\/v2\/media?parent=5580"}],"wp:term":[{"taxonomy":"product_brand","embeddable":true,"href":"https:\/\/95glassbottles.com\/fr\/wp-json\/wp\/v2\/product_brand?post=5580"},{"taxonomy":"product_cat","embeddable":true,"href":"https:\/\/95glassbottles.com\/fr\/wp-json\/wp\/v2\/product_cat?post=5580"},{"taxonomy":"product_tag","embeddable":true,"href":"https:\/\/95glassbottles.com\/fr\/wp-json\/wp\/v2\/product_tag?post=5580"}],"curies":[{"name":"wp","href":"https:\/\/api.w.org\/{rel}","templated":true}]}}