{"id":5610,"date":"2025-08-16T02:59:25","date_gmt":"2025-08-16T02:59:25","guid":{"rendered":"https:\/\/95glassbottles.com\/product\/bouteille-de-spiritueux-transparente-en-forme-de-carre-base-epaisse-ouverture-plate-500-ml\/"},"modified":"2025-08-16T02:59:25","modified_gmt":"2025-08-16T02:59:25","slug":"bouteille-de-spiritueux-transparente-en-forme-de-carre-base-epaisse-ouverture-plate-500-ml","status":"publish","type":"product","link":"https:\/\/95glassbottles.com\/fr\/produit\/bouteille-de-spiritueux-transparente-en-forme-de-carre-base-epaisse-ouverture-plate-500-ml\/","title":{"rendered":"Bouteille de spiritueux transparente en forme de carr\u00e9, base \u00e9paisse, ouverture plate, 500 ml"},"content":{"rendered":"<p>Cette bouteille en verre carr\u00e9e pour spiritueux allie robustesse et \u00e9l\u00e9gance moderne. Son col plat permet une fermeture herm\u00e9tique. Sa base \u00e9paisse assure une excellente stabilit\u00e9 et conf\u00e8re un aspect haut de gamme. Fabriqu\u00e9e en verre transparent, la bouteille garantit une grande r\u00e9sistance et met en valeur la clart\u00e9 du spiritueux. Sa forme g\u00e9om\u00e9trique cr\u00e9e une impression de modernit\u00e9 et de sophistication, id\u00e9ale pour les marques premium. Convient pour le whisky, le rhum et autres spiritueux, elle allie fonctionnalit\u00e9 et esth\u00e9tique distinctive.     <\/p>\n","protected":false},"excerpt":{"rendered":"<p>Bouteille \u00e9l\u00e9gante en verre transparent de 750 ml, \u00e0 base carr\u00e9e \u00e9paisse et col plat, id\u00e9ale pour les spiritueux haut de gamme. Quantit\u00e9 minimale de commande : 12 000 pi\u00e8ces, d\u00e9lai de production : 20 jours. Convient pour la personnalisation de la marque et les commandes en gros.<\/p>\n","protected":false},"featured_media":4560,"template":"","meta":{"site-sidebar-layout":"default","site-content-layout":"","ast-site-content-layout":"default","site-content-style":"default","site-sidebar-style":"default","ast-global-header-display":"","ast-banner-title-visibility":"","ast-main-header-display":"","ast-hfb-above-header-display":"","ast-hfb-below-header-display":"","ast-hfb-mobile-header-display":"","site-post-title":"","ast-breadcrumbs-content":"","ast-featured-img":"","footer-sml-layout":"","ast-disable-related-posts":"","theme-transparent-header-meta":"default","adv-header-id-meta":"","stick-header-meta":"","header-above-stick-meta":"","header-main-stick-meta":"","header-below-stick-meta":"","astra-migrate-meta-layouts":"default","ast-page-background-enabled":"default","ast-page-background-meta":{"desktop":{"background-color":"var(--ast-global-color-4)","background-image":"","background-repeat":"repeat","background-position":"center center","background-size":"auto","background-attachment":"scroll","background-type":"","background-media":"","overlay-type":"","overlay-color":"","overlay-opacity":"","overlay-gradient":""},"tablet":{"background-color":"","background-image":"","background-repeat":"repeat","background-position":"center center","background-size":"auto","background-attachment":"scroll","background-type":"","background-media":"","overlay-type":"","overlay-color":"","overlay-opacity":"","overlay-gradient":""},"mobile":{"background-color":"","background-image":"","background-repeat":"repeat","background-position":"center center","background-size":"auto","background-attachment":"scroll","background-type":"","background-media":"","overlay-type":"","overlay-color":"","overlay-opacity":"","overlay-gradient":""}},"ast-content-background-meta":{"desktop":{"background-color":"var(--ast-global-color-5)","background-image":"","background-repeat":"repeat","background-position":"center center","background-size":"auto","background-attachment":"scroll","background-type":"","background-media":"","overlay-type":"","overlay-color":"","overlay-opacity":"","overlay-gradient":""},"tablet":{"background-color":"var(--ast-global-color-5)","background-image":"","background-repeat":"repeat","background-position":"center center","background-size":"auto","background-attachment":"scroll","background-type":"","background-media":"","overlay-type":"","overlay-color":"","overlay-opacity":"","overlay-gradient":""},"mobile":{"background-color":"var(--ast-global-color-5)","background-image":"","background-repeat":"repeat","background-position":"center center","background-size":"auto","background-attachment":"scroll","background-type":"","background-media":"","overlay-type":"","overlay-color":"","overlay-opacity":"","overlay-gradient":""}}},"product_brand":[],"product_cat":[486,462,351],"product_tag":[],"class_list":{"0":"post-5610","1":"product","2":"type-product","3":"status-publish","4":"has-post-thumbnail","6":"product_cat-botellas-de-licor-de-500-ml","7":"product_cat-bouteilles-spirituelles","8":"product_cat-non-categorise","9":"desktop-align-left","10":"tablet-align-left","11":"mobile-align-left","13":"first","14":"instock","15":"shipping-taxable","16":"purchasable","17":"product-type-simple"},"yoast_head":"<!-- This site is optimized with the Yoast SEO plugin v27.4 - https:\/\/yoast.com\/product\/yoast-seo-wordpress\/ -->\n<title>Bouteille de spiritueux en verre transparent 500ml, base carr\u00e9e \u00e9paisse, goulot plat | 95Glass<\/title>\n<meta name=\"description\" content=\"Bouteille de spiritueux premium en verre transparent de 500 ml, \u00e0 base carr\u00e9e \u00e9paisse et col plat, id\u00e9ale pour le whisky, la vodka et le gin. Elle allie robustesse et un design \u00e9l\u00e9gant et moderne.\" \/>\n<meta name=\"robots\" content=\"index, follow, max-snippet:-1, max-image-preview:large, max-video-preview:-1\" \/>\n<link rel=\"canonical\" href=\"https:\/\/95glassbottles.com\/fr\/produit\/bouteille-de-spiritueux-transparente-en-forme-de-carre-base-epaisse-ouverture-plate-500-ml\/\" \/>\n<meta property=\"og:locale\" content=\"fr_FR\" \/>\n<meta property=\"og:type\" content=\"article\" \/>\n<meta property=\"og:title\" content=\"Bouteille de spiritueux en verre transparent 500ml, base carr\u00e9e \u00e9paisse, goulot plat | 95Glass\" \/>\n<meta property=\"og:description\" content=\"Bouteille de spiritueux premium en verre transparent de 500 ml, \u00e0 base carr\u00e9e \u00e9paisse et col plat, id\u00e9ale pour le whisky, la vodka et le gin. Elle allie robustesse et un design \u00e9l\u00e9gant et moderne.\" \/>\n<meta property=\"og:url\" content=\"https:\/\/95glassbottles.com\/fr\/produit\/bouteille-de-spiritueux-transparente-en-forme-de-carre-base-epaisse-ouverture-plate-500-ml\/\" \/>\n<meta property=\"og:site_name\" content=\"95Glass\" \/>\n<meta property=\"article:publisher\" content=\"https:\/\/www.facebook.com\/95Glass\" \/>\n<meta property=\"og:image\" content=\"https:\/\/95glassbottles.com\/wp-content\/uploads\/2025\/08\/NF116-500ML-750G.jpg\" \/>\n\t<meta property=\"og:image:width\" content=\"1000\" \/>\n\t<meta property=\"og:image:height\" content=\"1000\" \/>\n\t<meta property=\"og:image:type\" content=\"image\/jpeg\" \/>\n<meta name=\"twitter:card\" content=\"summary_large_image\" \/>\n<script type=\"application\/ld+json\" class=\"yoast-schema-graph\">{\"@context\":\"https:\\\/\\\/schema.org\",\"@graph\":[{\"@type\":[\"WebPage\",\"ItemPage\"],\"@id\":\"https:\\\/\\\/95glassbottles.com\\\/fr\\\/produit\\\/bouteille-de-spiritueux-transparente-en-forme-de-carre-base-epaisse-ouverture-plate-500-ml\\\/\",\"url\":\"https:\\\/\\\/95glassbottles.com\\\/fr\\\/produit\\\/bouteille-de-spiritueux-transparente-en-forme-de-carre-base-epaisse-ouverture-plate-500-ml\\\/\",\"name\":\"Bouteille de spiritueux en verre transparent 500ml, base carr\u00e9e \u00e9paisse, goulot plat | 95Glass\",\"isPartOf\":{\"@id\":\"https:\\\/\\\/95glassbottles.com\\\/fr\\\/#website\"},\"primaryImageOfPage\":{\"@id\":\"https:\\\/\\\/95glassbottles.com\\\/fr\\\/produit\\\/bouteille-de-spiritueux-transparente-en-forme-de-carre-base-epaisse-ouverture-plate-500-ml\\\/#primaryimage\"},\"image\":{\"@id\":\"https:\\\/\\\/95glassbottles.com\\\/fr\\\/produit\\\/bouteille-de-spiritueux-transparente-en-forme-de-carre-base-epaisse-ouverture-plate-500-ml\\\/#primaryimage\"},\"thumbnailUrl\":\"https:\\\/\\\/95glassbottles.com\\\/wp-content\\\/uploads\\\/2025\\\/08\\\/NF116-500ML-750G.jpg\",\"datePublished\":\"2025-08-16T02:59:25+00:00\",\"description\":\"Bouteille de spiritueux premium en verre transparent de 500 ml, \u00e0 base carr\u00e9e \u00e9paisse et col plat, id\u00e9ale pour le whisky, la vodka et le gin. Elle allie robustesse et un design \u00e9l\u00e9gant et moderne.\",\"breadcrumb\":{\"@id\":\"https:\\\/\\\/95glassbottles.com\\\/fr\\\/produit\\\/bouteille-de-spiritueux-transparente-en-forme-de-carre-base-epaisse-ouverture-plate-500-ml\\\/#breadcrumb\"},\"inLanguage\":\"fr-FR\",\"potentialAction\":[{\"@type\":\"ReadAction\",\"target\":[\"https:\\\/\\\/95glassbottles.com\\\/fr\\\/produit\\\/bouteille-de-spiritueux-transparente-en-forme-de-carre-base-epaisse-ouverture-plate-500-ml\\\/\"]}]},{\"@type\":\"ImageObject\",\"inLanguage\":\"fr-FR\",\"@id\":\"https:\\\/\\\/95glassbottles.com\\\/fr\\\/produit\\\/bouteille-de-spiritueux-transparente-en-forme-de-carre-base-epaisse-ouverture-plate-500-ml\\\/#primaryimage\",\"url\":\"https:\\\/\\\/95glassbottles.com\\\/wp-content\\\/uploads\\\/2025\\\/08\\\/NF116-500ML-750G.jpg\",\"contentUrl\":\"https:\\\/\\\/95glassbottles.com\\\/wp-content\\\/uploads\\\/2025\\\/08\\\/NF116-500ML-750G.jpg\",\"width\":1000,\"height\":1000,\"caption\":\"Bouteille \u00e9l\u00e9gante en verre transparent de 500 ml, de forme carr\u00e9e, avec base \u00e9paisse et col plat.\"},{\"@type\":\"BreadcrumbList\",\"@id\":\"https:\\\/\\\/95glassbottles.com\\\/fr\\\/produit\\\/bouteille-de-spiritueux-transparente-en-forme-de-carre-base-epaisse-ouverture-plate-500-ml\\\/#breadcrumb\",\"itemListElement\":[{\"@type\":\"ListItem\",\"position\":1,\"name\":\"Home\",\"item\":\"https:\\\/\\\/95glassbottles.com\\\/fr\\\/\"},{\"@type\":\"ListItem\",\"position\":2,\"name\":\"Produits\",\"item\":\"https:\\\/\\\/95glassbottles.com\\\/fr\\\/shop\\\/\"},{\"@type\":\"ListItem\",\"position\":3,\"name\":\"Bouteille de spiritueux transparente en forme de carr\u00e9, base \u00e9paisse, ouverture plate, 500 ml\"}]},{\"@type\":\"WebSite\",\"@id\":\"https:\\\/\\\/95glassbottles.com\\\/fr\\\/#website\",\"url\":\"https:\\\/\\\/95glassbottles.com\\\/fr\\\/\",\"name\":\"95GlassBottles\",\"description\":\"\",\"publisher\":{\"@id\":\"https:\\\/\\\/95glassbottles.com\\\/fr\\\/#organization\"},\"potentialAction\":[{\"@type\":\"SearchAction\",\"target\":{\"@type\":\"EntryPoint\",\"urlTemplate\":\"https:\\\/\\\/95glassbottles.com\\\/fr\\\/?s={search_term_string}\"},\"query-input\":{\"@type\":\"PropertyValueSpecification\",\"valueRequired\":true,\"valueName\":\"search_term_string\"}}],\"inLanguage\":\"fr-FR\"},{\"@type\":\"Organization\",\"@id\":\"https:\\\/\\\/95glassbottles.com\\\/fr\\\/#organization\",\"name\":\"Shandong Ninety Five Glass Co,.Ltd\",\"url\":\"https:\\\/\\\/95glassbottles.com\\\/fr\\\/\",\"logo\":{\"@type\":\"ImageObject\",\"inLanguage\":\"fr-FR\",\"@id\":\"https:\\\/\\\/95glassbottles.com\\\/fr\\\/#\\\/schema\\\/logo\\\/image\\\/\",\"url\":\"https:\\\/\\\/95glassbottles.com\\\/wp-content\\\/uploads\\\/2025\\\/04\\\/1-3.webp\",\"contentUrl\":\"https:\\\/\\\/95glassbottles.com\\\/wp-content\\\/uploads\\\/2025\\\/04\\\/1-3.webp\",\"width\":350,\"height\":100,\"caption\":\"Shandong Ninety Five Glass Co,.Ltd\"},\"image\":{\"@id\":\"https:\\\/\\\/95glassbottles.com\\\/fr\\\/#\\\/schema\\\/logo\\\/image\\\/\"},\"sameAs\":[\"https:\\\/\\\/www.facebook.com\\\/95Glass\"]}]}<\/script>\n<!-- \/ Yoast SEO plugin. -->","yoast_head_json":{"title":"Bouteille de spiritueux en verre transparent 500ml, base carr\u00e9e \u00e9paisse, goulot plat | 95Glass","description":"Bouteille de spiritueux premium en verre transparent de 500 ml, \u00e0 base carr\u00e9e \u00e9paisse et col plat, id\u00e9ale pour le whisky, la vodka et le gin. Elle allie robustesse et un design \u00e9l\u00e9gant et moderne.","robots":{"index":"index","follow":"follow","max-snippet":"max-snippet:-1","max-image-preview":"max-image-preview:large","max-video-preview":"max-video-preview:-1"},"canonical":"https:\/\/95glassbottles.com\/fr\/produit\/bouteille-de-spiritueux-transparente-en-forme-de-carre-base-epaisse-ouverture-plate-500-ml\/","og_locale":"fr_FR","og_type":"article","og_title":"Bouteille de spiritueux en verre transparent 500ml, base carr\u00e9e \u00e9paisse, goulot plat | 95Glass","og_description":"Bouteille de spiritueux premium en verre transparent de 500 ml, \u00e0 base carr\u00e9e \u00e9paisse et col plat, id\u00e9ale pour le whisky, la vodka et le gin. Elle allie robustesse et un design \u00e9l\u00e9gant et moderne.","og_url":"https:\/\/95glassbottles.com\/fr\/produit\/bouteille-de-spiritueux-transparente-en-forme-de-carre-base-epaisse-ouverture-plate-500-ml\/","og_site_name":"95Glass","article_publisher":"https:\/\/www.facebook.com\/95Glass","og_image":[{"width":1000,"height":1000,"url":"https:\/\/95glassbottles.com\/wp-content\/uploads\/2025\/08\/NF116-500ML-750G.jpg","type":"image\/jpeg"}],"twitter_card":"summary_large_image","schema":{"@context":"https:\/\/schema.org","@graph":[{"@type":["WebPage","ItemPage"],"@id":"https:\/\/95glassbottles.com\/fr\/produit\/bouteille-de-spiritueux-transparente-en-forme-de-carre-base-epaisse-ouverture-plate-500-ml\/","url":"https:\/\/95glassbottles.com\/fr\/produit\/bouteille-de-spiritueux-transparente-en-forme-de-carre-base-epaisse-ouverture-plate-500-ml\/","name":"Bouteille de spiritueux en verre transparent 500ml, base carr\u00e9e \u00e9paisse, goulot plat | 95Glass","isPartOf":{"@id":"https:\/\/95glassbottles.com\/fr\/#website"},"primaryImageOfPage":{"@id":"https:\/\/95glassbottles.com\/fr\/produit\/bouteille-de-spiritueux-transparente-en-forme-de-carre-base-epaisse-ouverture-plate-500-ml\/#primaryimage"},"image":{"@id":"https:\/\/95glassbottles.com\/fr\/produit\/bouteille-de-spiritueux-transparente-en-forme-de-carre-base-epaisse-ouverture-plate-500-ml\/#primaryimage"},"thumbnailUrl":"https:\/\/95glassbottles.com\/wp-content\/uploads\/2025\/08\/NF116-500ML-750G.jpg","datePublished":"2025-08-16T02:59:25+00:00","description":"Bouteille de spiritueux premium en verre transparent de 500 ml, \u00e0 base carr\u00e9e \u00e9paisse et col plat, id\u00e9ale pour le whisky, la vodka et le gin. Elle allie robustesse et un design \u00e9l\u00e9gant et moderne.","breadcrumb":{"@id":"https:\/\/95glassbottles.com\/fr\/produit\/bouteille-de-spiritueux-transparente-en-forme-de-carre-base-epaisse-ouverture-plate-500-ml\/#breadcrumb"},"inLanguage":"fr-FR","potentialAction":[{"@type":"ReadAction","target":["https:\/\/95glassbottles.com\/fr\/produit\/bouteille-de-spiritueux-transparente-en-forme-de-carre-base-epaisse-ouverture-plate-500-ml\/"]}]},{"@type":"ImageObject","inLanguage":"fr-FR","@id":"https:\/\/95glassbottles.com\/fr\/produit\/bouteille-de-spiritueux-transparente-en-forme-de-carre-base-epaisse-ouverture-plate-500-ml\/#primaryimage","url":"https:\/\/95glassbottles.com\/wp-content\/uploads\/2025\/08\/NF116-500ML-750G.jpg","contentUrl":"https:\/\/95glassbottles.com\/wp-content\/uploads\/2025\/08\/NF116-500ML-750G.jpg","width":1000,"height":1000,"caption":"Bouteille \u00e9l\u00e9gante en verre transparent de 500 ml, de forme carr\u00e9e, avec base \u00e9paisse et col plat."},{"@type":"BreadcrumbList","@id":"https:\/\/95glassbottles.com\/fr\/produit\/bouteille-de-spiritueux-transparente-en-forme-de-carre-base-epaisse-ouverture-plate-500-ml\/#breadcrumb","itemListElement":[{"@type":"ListItem","position":1,"name":"Home","item":"https:\/\/95glassbottles.com\/fr\/"},{"@type":"ListItem","position":2,"name":"Produits","item":"https:\/\/95glassbottles.com\/fr\/shop\/"},{"@type":"ListItem","position":3,"name":"Bouteille de spiritueux transparente en forme de carr\u00e9, base \u00e9paisse, ouverture plate, 500 ml"}]},{"@type":"WebSite","@id":"https:\/\/95glassbottles.com\/fr\/#website","url":"https:\/\/95glassbottles.com\/fr\/","name":"95GlassBottles","description":"","publisher":{"@id":"https:\/\/95glassbottles.com\/fr\/#organization"},"potentialAction":[{"@type":"SearchAction","target":{"@type":"EntryPoint","urlTemplate":"https:\/\/95glassbottles.com\/fr\/?s={search_term_string}"},"query-input":{"@type":"PropertyValueSpecification","valueRequired":true,"valueName":"search_term_string"}}],"inLanguage":"fr-FR"},{"@type":"Organization","@id":"https:\/\/95glassbottles.com\/fr\/#organization","name":"Shandong Ninety Five Glass Co,.Ltd","url":"https:\/\/95glassbottles.com\/fr\/","logo":{"@type":"ImageObject","inLanguage":"fr-FR","@id":"https:\/\/95glassbottles.com\/fr\/#\/schema\/logo\/image\/","url":"https:\/\/95glassbottles.com\/wp-content\/uploads\/2025\/04\/1-3.webp","contentUrl":"https:\/\/95glassbottles.com\/wp-content\/uploads\/2025\/04\/1-3.webp","width":350,"height":100,"caption":"Shandong Ninety Five Glass Co,.Ltd"},"image":{"@id":"https:\/\/95glassbottles.com\/fr\/#\/schema\/logo\/image\/"},"sameAs":["https:\/\/www.facebook.com\/95Glass"]}]}},"_links":{"self":[{"href":"https:\/\/95glassbottles.com\/fr\/wp-json\/wp\/v2\/product\/5610","targetHints":{"allow":["GET"]}}],"collection":[{"href":"https:\/\/95glassbottles.com\/fr\/wp-json\/wp\/v2\/product"}],"about":[{"href":"https:\/\/95glassbottles.com\/fr\/wp-json\/wp\/v2\/types\/product"}],"wp:featuredmedia":[{"embeddable":true,"href":"https:\/\/95glassbottles.com\/fr\/wp-json\/wp\/v2\/media\/4560"}],"wp:attachment":[{"href":"https:\/\/95glassbottles.com\/fr\/wp-json\/wp\/v2\/media?parent=5610"}],"wp:term":[{"taxonomy":"product_brand","embeddable":true,"href":"https:\/\/95glassbottles.com\/fr\/wp-json\/wp\/v2\/product_brand?post=5610"},{"taxonomy":"product_cat","embeddable":true,"href":"https:\/\/95glassbottles.com\/fr\/wp-json\/wp\/v2\/product_cat?post=5610"},{"taxonomy":"product_tag","embeddable":true,"href":"https:\/\/95glassbottles.com\/fr\/wp-json\/wp\/v2\/product_tag?post=5610"}],"curies":[{"name":"wp","href":"https:\/\/api.w.org\/{rel}","templated":true}]}}