{"id":5617,"date":"2025-08-15T07:33:32","date_gmt":"2025-08-15T07:33:32","guid":{"rendered":"https:\/\/95glassbottles.com\/product\/bouchon-de-bouteille-en-plastique-dore-a-tige-multiple-en-forme-de-t\/"},"modified":"2025-08-15T07:33:32","modified_gmt":"2025-08-15T07:33:32","slug":"bouchon-de-bouteille-en-plastique-dore-a-tige-multiple-en-forme-de-t","status":"publish","type":"product","link":"https:\/\/95glassbottles.com\/fr\/produit\/bouchon-de-bouteille-en-plastique-dore-a-tige-multiple-en-forme-de-t\/","title":{"rendered":"Bouchon de bouteille en plastique dor\u00e9 \u00e0 tige multiple en forme de T"},"content":{"rendered":"<p>Ces bouchons de bouteille sont dot\u00e9s d&rsquo;un \u00e9l\u00e9gant sommet en plastique dor\u00e9 et de diff\u00e9rents types de corps. Le corps en li\u00e8ge naturel souligne l&rsquo;authenticit\u00e9 et le caract\u00e8re \u00e9cologique du produit. Le corps en polym\u00e8re synth\u00e9tique offre une grande durabilit\u00e9 et une \u00e9tanch\u00e9it\u00e9 optimale. Le corps en li\u00e8ge micro-agglom\u00e9r\u00e9 allie souplesse et r\u00e9sistance pour une fermeture fiable. Quel que soit le mod\u00e8le, tous les bouchons garantissent une \u00e9tanch\u00e9it\u00e9 parfaite pour pr\u00e9server la qualit\u00e9 et les ar\u00f4mes des spiritueux. Id\u00e9aux pour le whisky, la vodka et les spiritueux de qualit\u00e9 sup\u00e9rieure, ils permettent une personnalisation de la marque et offrent une \u00e9l\u00e9gance pratique pour r\u00e9pondre \u00e0 divers besoins d&#8217;emballage.     <\/p>\n","protected":false},"excerpt":{"rendered":"<p>Bouchons en plastique dor\u00e9 avec tige en polym\u00e8re, en li\u00e8ge naturel ou en li\u00e8ge micro-agglom\u00e9r\u00e9. Quantit\u00e9 minimale de commande 6000 pi\u00e8ces. D\u00e9lai de production : 10 \u00e0 20 jours.<\/p>\n","protected":false},"featured_media":4553,"template":"","meta":{"site-sidebar-layout":"default","site-content-layout":"","ast-site-content-layout":"default","site-content-style":"default","site-sidebar-style":"default","ast-global-header-display":"","ast-banner-title-visibility":"","ast-main-header-display":"","ast-hfb-above-header-display":"","ast-hfb-below-header-display":"","ast-hfb-mobile-header-display":"","site-post-title":"","ast-breadcrumbs-content":"","ast-featured-img":"","footer-sml-layout":"","ast-disable-related-posts":"","theme-transparent-header-meta":"default","adv-header-id-meta":"","stick-header-meta":"","header-above-stick-meta":"","header-main-stick-meta":"","header-below-stick-meta":"","astra-migrate-meta-layouts":"default","ast-page-background-enabled":"default","ast-page-background-meta":{"desktop":{"background-color":"var(--ast-global-color-4)","background-image":"","background-repeat":"repeat","background-position":"center center","background-size":"auto","background-attachment":"scroll","background-type":"","background-media":"","overlay-type":"","overlay-color":"","overlay-opacity":"","overlay-gradient":""},"tablet":{"background-color":"","background-image":"","background-repeat":"repeat","background-position":"center center","background-size":"auto","background-attachment":"scroll","background-type":"","background-media":"","overlay-type":"","overlay-color":"","overlay-opacity":"","overlay-gradient":""},"mobile":{"background-color":"","background-image":"","background-repeat":"repeat","background-position":"center center","background-size":"auto","background-attachment":"scroll","background-type":"","background-media":"","overlay-type":"","overlay-color":"","overlay-opacity":"","overlay-gradient":""}},"ast-content-background-meta":{"desktop":{"background-color":"var(--ast-global-color-5)","background-image":"","background-repeat":"repeat","background-position":"center center","background-size":"auto","background-attachment":"scroll","background-type":"","background-media":"","overlay-type":"","overlay-color":"","overlay-opacity":"","overlay-gradient":""},"tablet":{"background-color":"var(--ast-global-color-5)","background-image":"","background-repeat":"repeat","background-position":"center center","background-size":"auto","background-attachment":"scroll","background-type":"","background-media":"","overlay-type":"","overlay-color":"","overlay-opacity":"","overlay-gradient":""},"mobile":{"background-color":"var(--ast-global-color-5)","background-image":"","background-repeat":"repeat","background-position":"center center","background-size":"auto","background-attachment":"scroll","background-type":"","background-media":"","overlay-type":"","overlay-color":"","overlay-opacity":"","overlay-gradient":""}}},"product_brand":[],"product_cat":[494,440,351],"product_tag":[],"class_list":{"0":"post-5617","1":"product","2":"type-product","3":"status-publish","4":"has-post-thumbnail","6":"product_cat-bar-top-corks","7":"product_cat-bouchons-et-capsules-de-bouteilles","8":"product_cat-non-categorise","9":"desktop-align-left","10":"tablet-align-left","11":"mobile-align-left","13":"first","14":"instock","15":"shipping-taxable","16":"purchasable","17":"product-type-simple"},"yoast_head":"<!-- This site is optimized with the Yoast SEO plugin v27.4 - https:\/\/yoast.com\/product\/yoast-seo-wordpress\/ -->\n<title>Bouchon de bouteille en plastique dor\u00e9 \u00e0 tige multiple | 95Glass<\/title>\n<meta name=\"description\" content=\"Bouchon de bouteille en plastique dor\u00e9 \u00e0 t\u00eate en T et tige multidirectionnelle, avec embout d\u00e9coratif en relief ; choix de tige en li\u00e8ge naturel, en li\u00e8ge micro-agglom\u00e9r\u00e9 ou en plastique. Quantit\u00e9 minimale de commande : 5 000 unit\u00e9s ; d\u00e9lai de livraison : 10 \u00e0 20 jours.\" \/>\n<meta name=\"robots\" content=\"index, follow, max-snippet:-1, max-image-preview:large, max-video-preview:-1\" \/>\n<link rel=\"canonical\" href=\"https:\/\/95glassbottles.com\/fr\/produit\/bouchon-de-bouteille-en-plastique-dore-a-tige-multiple-en-forme-de-t\/\" \/>\n<meta property=\"og:locale\" content=\"fr_FR\" \/>\n<meta property=\"og:type\" content=\"article\" \/>\n<meta property=\"og:title\" content=\"Bouchon de bouteille en plastique dor\u00e9 \u00e0 tige multiple | 95Glass\" \/>\n<meta property=\"og:description\" content=\"Bouchon de bouteille en plastique dor\u00e9 \u00e0 t\u00eate en T et tige multidirectionnelle, avec embout d\u00e9coratif en relief ; choix de tige en li\u00e8ge naturel, en li\u00e8ge micro-agglom\u00e9r\u00e9 ou en plastique. Quantit\u00e9 minimale de commande : 5 000 unit\u00e9s ; d\u00e9lai de livraison : 10 \u00e0 20 jours.\" \/>\n<meta property=\"og:url\" content=\"https:\/\/95glassbottles.com\/fr\/produit\/bouchon-de-bouteille-en-plastique-dore-a-tige-multiple-en-forme-de-t\/\" \/>\n<meta property=\"og:site_name\" content=\"95Glass\" \/>\n<meta property=\"article:publisher\" content=\"https:\/\/www.facebook.com\/95Glass\" \/>\n<meta property=\"og:image\" content=\"https:\/\/95glassbottles.com\/wp-content\/uploads\/2025\/08\/T101.jpg\" \/>\n\t<meta property=\"og:image:width\" content=\"1000\" \/>\n\t<meta property=\"og:image:height\" content=\"1000\" \/>\n\t<meta property=\"og:image:type\" content=\"image\/jpeg\" \/>\n<meta name=\"twitter:card\" content=\"summary_large_image\" \/>\n<meta name=\"twitter:label1\" content=\"Dur\u00e9e de lecture estim\u00e9e\" \/>\n\t<meta name=\"twitter:data1\" content=\"1 minute\" \/>\n<script type=\"application\/ld+json\" class=\"yoast-schema-graph\">{\"@context\":\"https:\\\/\\\/schema.org\",\"@graph\":[{\"@type\":[\"WebPage\",\"ItemPage\"],\"@id\":\"https:\\\/\\\/95glassbottles.com\\\/fr\\\/produit\\\/bouchon-de-bouteille-en-plastique-dore-a-tige-multiple-en-forme-de-t\\\/\",\"url\":\"https:\\\/\\\/95glassbottles.com\\\/fr\\\/produit\\\/bouchon-de-bouteille-en-plastique-dore-a-tige-multiple-en-forme-de-t\\\/\",\"name\":\"Bouchon de bouteille en plastique dor\u00e9 \u00e0 tige multiple | 95Glass\",\"isPartOf\":{\"@id\":\"https:\\\/\\\/95glassbottles.com\\\/fr\\\/#website\"},\"primaryImageOfPage\":{\"@id\":\"https:\\\/\\\/95glassbottles.com\\\/fr\\\/produit\\\/bouchon-de-bouteille-en-plastique-dore-a-tige-multiple-en-forme-de-t\\\/#primaryimage\"},\"image\":{\"@id\":\"https:\\\/\\\/95glassbottles.com\\\/fr\\\/produit\\\/bouchon-de-bouteille-en-plastique-dore-a-tige-multiple-en-forme-de-t\\\/#primaryimage\"},\"thumbnailUrl\":\"https:\\\/\\\/95glassbottles.com\\\/wp-content\\\/uploads\\\/2025\\\/08\\\/T101.jpg\",\"datePublished\":\"2025-08-15T07:33:32+00:00\",\"description\":\"Bouchon de bouteille en plastique dor\u00e9 \u00e0 t\u00eate en T et tige multidirectionnelle, avec embout d\u00e9coratif en relief ; choix de tige en li\u00e8ge naturel, en li\u00e8ge micro-agglom\u00e9r\u00e9 ou en plastique. Quantit\u00e9 minimale de commande : 5 000 unit\u00e9s ; d\u00e9lai de livraison : 10 \u00e0 20 jours.\",\"breadcrumb\":{\"@id\":\"https:\\\/\\\/95glassbottles.com\\\/fr\\\/produit\\\/bouchon-de-bouteille-en-plastique-dore-a-tige-multiple-en-forme-de-t\\\/#breadcrumb\"},\"inLanguage\":\"fr-FR\",\"potentialAction\":[{\"@type\":\"ReadAction\",\"target\":[\"https:\\\/\\\/95glassbottles.com\\\/fr\\\/produit\\\/bouchon-de-bouteille-en-plastique-dore-a-tige-multiple-en-forme-de-t\\\/\"]}]},{\"@type\":\"ImageObject\",\"inLanguage\":\"fr-FR\",\"@id\":\"https:\\\/\\\/95glassbottles.com\\\/fr\\\/produit\\\/bouchon-de-bouteille-en-plastique-dore-a-tige-multiple-en-forme-de-t\\\/#primaryimage\",\"url\":\"https:\\\/\\\/95glassbottles.com\\\/wp-content\\\/uploads\\\/2025\\\/08\\\/T101.jpg\",\"contentUrl\":\"https:\\\/\\\/95glassbottles.com\\\/wp-content\\\/uploads\\\/2025\\\/08\\\/T101.jpg\",\"width\":1000,\"height\":1000,\"caption\":\"Bouchon de bouteille en plastique dor\u00e9 \u00e0 t\u00eate en T et \u00e0 plusieurs tiges, pr\u00e9sent\u00e9 en trois styles avec motif en relief.\"},{\"@type\":\"BreadcrumbList\",\"@id\":\"https:\\\/\\\/95glassbottles.com\\\/fr\\\/produit\\\/bouchon-de-bouteille-en-plastique-dore-a-tige-multiple-en-forme-de-t\\\/#breadcrumb\",\"itemListElement\":[{\"@type\":\"ListItem\",\"position\":1,\"name\":\"Home\",\"item\":\"https:\\\/\\\/95glassbottles.com\\\/fr\\\/\"},{\"@type\":\"ListItem\",\"position\":2,\"name\":\"Produits\",\"item\":\"https:\\\/\\\/95glassbottles.com\\\/fr\\\/shop\\\/\"},{\"@type\":\"ListItem\",\"position\":3,\"name\":\"Bouchon de bouteille en plastique dor\u00e9 \u00e0 tige multiple en forme de T\"}]},{\"@type\":\"WebSite\",\"@id\":\"https:\\\/\\\/95glassbottles.com\\\/fr\\\/#website\",\"url\":\"https:\\\/\\\/95glassbottles.com\\\/fr\\\/\",\"name\":\"95GlassBottles\",\"description\":\"\",\"publisher\":{\"@id\":\"https:\\\/\\\/95glassbottles.com\\\/fr\\\/#organization\"},\"potentialAction\":[{\"@type\":\"SearchAction\",\"target\":{\"@type\":\"EntryPoint\",\"urlTemplate\":\"https:\\\/\\\/95glassbottles.com\\\/fr\\\/?s={search_term_string}\"},\"query-input\":{\"@type\":\"PropertyValueSpecification\",\"valueRequired\":true,\"valueName\":\"search_term_string\"}}],\"inLanguage\":\"fr-FR\"},{\"@type\":\"Organization\",\"@id\":\"https:\\\/\\\/95glassbottles.com\\\/fr\\\/#organization\",\"name\":\"Shandong Ninety Five Glass Co,.Ltd\",\"url\":\"https:\\\/\\\/95glassbottles.com\\\/fr\\\/\",\"logo\":{\"@type\":\"ImageObject\",\"inLanguage\":\"fr-FR\",\"@id\":\"https:\\\/\\\/95glassbottles.com\\\/fr\\\/#\\\/schema\\\/logo\\\/image\\\/\",\"url\":\"https:\\\/\\\/95glassbottles.com\\\/wp-content\\\/uploads\\\/2025\\\/04\\\/1-3.webp\",\"contentUrl\":\"https:\\\/\\\/95glassbottles.com\\\/wp-content\\\/uploads\\\/2025\\\/04\\\/1-3.webp\",\"width\":350,\"height\":100,\"caption\":\"Shandong Ninety Five Glass Co,.Ltd\"},\"image\":{\"@id\":\"https:\\\/\\\/95glassbottles.com\\\/fr\\\/#\\\/schema\\\/logo\\\/image\\\/\"},\"sameAs\":[\"https:\\\/\\\/www.facebook.com\\\/95Glass\"]}]}<\/script>\n<!-- \/ Yoast SEO plugin. -->","yoast_head_json":{"title":"Bouchon de bouteille en plastique dor\u00e9 \u00e0 tige multiple | 95Glass","description":"Bouchon de bouteille en plastique dor\u00e9 \u00e0 t\u00eate en T et tige multidirectionnelle, avec embout d\u00e9coratif en relief ; choix de tige en li\u00e8ge naturel, en li\u00e8ge micro-agglom\u00e9r\u00e9 ou en plastique. Quantit\u00e9 minimale de commande : 5 000 unit\u00e9s ; d\u00e9lai de livraison : 10 \u00e0 20 jours.","robots":{"index":"index","follow":"follow","max-snippet":"max-snippet:-1","max-image-preview":"max-image-preview:large","max-video-preview":"max-video-preview:-1"},"canonical":"https:\/\/95glassbottles.com\/fr\/produit\/bouchon-de-bouteille-en-plastique-dore-a-tige-multiple-en-forme-de-t\/","og_locale":"fr_FR","og_type":"article","og_title":"Bouchon de bouteille en plastique dor\u00e9 \u00e0 tige multiple | 95Glass","og_description":"Bouchon de bouteille en plastique dor\u00e9 \u00e0 t\u00eate en T et tige multidirectionnelle, avec embout d\u00e9coratif en relief ; choix de tige en li\u00e8ge naturel, en li\u00e8ge micro-agglom\u00e9r\u00e9 ou en plastique. Quantit\u00e9 minimale de commande : 5 000 unit\u00e9s ; d\u00e9lai de livraison : 10 \u00e0 20 jours.","og_url":"https:\/\/95glassbottles.com\/fr\/produit\/bouchon-de-bouteille-en-plastique-dore-a-tige-multiple-en-forme-de-t\/","og_site_name":"95Glass","article_publisher":"https:\/\/www.facebook.com\/95Glass","og_image":[{"width":1000,"height":1000,"url":"https:\/\/95glassbottles.com\/wp-content\/uploads\/2025\/08\/T101.jpg","type":"image\/jpeg"}],"twitter_card":"summary_large_image","twitter_misc":{"Dur\u00e9e de lecture estim\u00e9e":"1 minute"},"schema":{"@context":"https:\/\/schema.org","@graph":[{"@type":["WebPage","ItemPage"],"@id":"https:\/\/95glassbottles.com\/fr\/produit\/bouchon-de-bouteille-en-plastique-dore-a-tige-multiple-en-forme-de-t\/","url":"https:\/\/95glassbottles.com\/fr\/produit\/bouchon-de-bouteille-en-plastique-dore-a-tige-multiple-en-forme-de-t\/","name":"Bouchon de bouteille en plastique dor\u00e9 \u00e0 tige multiple | 95Glass","isPartOf":{"@id":"https:\/\/95glassbottles.com\/fr\/#website"},"primaryImageOfPage":{"@id":"https:\/\/95glassbottles.com\/fr\/produit\/bouchon-de-bouteille-en-plastique-dore-a-tige-multiple-en-forme-de-t\/#primaryimage"},"image":{"@id":"https:\/\/95glassbottles.com\/fr\/produit\/bouchon-de-bouteille-en-plastique-dore-a-tige-multiple-en-forme-de-t\/#primaryimage"},"thumbnailUrl":"https:\/\/95glassbottles.com\/wp-content\/uploads\/2025\/08\/T101.jpg","datePublished":"2025-08-15T07:33:32+00:00","description":"Bouchon de bouteille en plastique dor\u00e9 \u00e0 t\u00eate en T et tige multidirectionnelle, avec embout d\u00e9coratif en relief ; choix de tige en li\u00e8ge naturel, en li\u00e8ge micro-agglom\u00e9r\u00e9 ou en plastique. Quantit\u00e9 minimale de commande : 5 000 unit\u00e9s ; d\u00e9lai de livraison : 10 \u00e0 20 jours.","breadcrumb":{"@id":"https:\/\/95glassbottles.com\/fr\/produit\/bouchon-de-bouteille-en-plastique-dore-a-tige-multiple-en-forme-de-t\/#breadcrumb"},"inLanguage":"fr-FR","potentialAction":[{"@type":"ReadAction","target":["https:\/\/95glassbottles.com\/fr\/produit\/bouchon-de-bouteille-en-plastique-dore-a-tige-multiple-en-forme-de-t\/"]}]},{"@type":"ImageObject","inLanguage":"fr-FR","@id":"https:\/\/95glassbottles.com\/fr\/produit\/bouchon-de-bouteille-en-plastique-dore-a-tige-multiple-en-forme-de-t\/#primaryimage","url":"https:\/\/95glassbottles.com\/wp-content\/uploads\/2025\/08\/T101.jpg","contentUrl":"https:\/\/95glassbottles.com\/wp-content\/uploads\/2025\/08\/T101.jpg","width":1000,"height":1000,"caption":"Bouchon de bouteille en plastique dor\u00e9 \u00e0 t\u00eate en T et \u00e0 plusieurs tiges, pr\u00e9sent\u00e9 en trois styles avec motif en relief."},{"@type":"BreadcrumbList","@id":"https:\/\/95glassbottles.com\/fr\/produit\/bouchon-de-bouteille-en-plastique-dore-a-tige-multiple-en-forme-de-t\/#breadcrumb","itemListElement":[{"@type":"ListItem","position":1,"name":"Home","item":"https:\/\/95glassbottles.com\/fr\/"},{"@type":"ListItem","position":2,"name":"Produits","item":"https:\/\/95glassbottles.com\/fr\/shop\/"},{"@type":"ListItem","position":3,"name":"Bouchon de bouteille en plastique dor\u00e9 \u00e0 tige multiple en forme de T"}]},{"@type":"WebSite","@id":"https:\/\/95glassbottles.com\/fr\/#website","url":"https:\/\/95glassbottles.com\/fr\/","name":"95GlassBottles","description":"","publisher":{"@id":"https:\/\/95glassbottles.com\/fr\/#organization"},"potentialAction":[{"@type":"SearchAction","target":{"@type":"EntryPoint","urlTemplate":"https:\/\/95glassbottles.com\/fr\/?s={search_term_string}"},"query-input":{"@type":"PropertyValueSpecification","valueRequired":true,"valueName":"search_term_string"}}],"inLanguage":"fr-FR"},{"@type":"Organization","@id":"https:\/\/95glassbottles.com\/fr\/#organization","name":"Shandong Ninety Five Glass Co,.Ltd","url":"https:\/\/95glassbottles.com\/fr\/","logo":{"@type":"ImageObject","inLanguage":"fr-FR","@id":"https:\/\/95glassbottles.com\/fr\/#\/schema\/logo\/image\/","url":"https:\/\/95glassbottles.com\/wp-content\/uploads\/2025\/04\/1-3.webp","contentUrl":"https:\/\/95glassbottles.com\/wp-content\/uploads\/2025\/04\/1-3.webp","width":350,"height":100,"caption":"Shandong Ninety Five Glass Co,.Ltd"},"image":{"@id":"https:\/\/95glassbottles.com\/fr\/#\/schema\/logo\/image\/"},"sameAs":["https:\/\/www.facebook.com\/95Glass"]}]}},"_links":{"self":[{"href":"https:\/\/95glassbottles.com\/fr\/wp-json\/wp\/v2\/product\/5617","targetHints":{"allow":["GET"]}}],"collection":[{"href":"https:\/\/95glassbottles.com\/fr\/wp-json\/wp\/v2\/product"}],"about":[{"href":"https:\/\/95glassbottles.com\/fr\/wp-json\/wp\/v2\/types\/product"}],"wp:featuredmedia":[{"embeddable":true,"href":"https:\/\/95glassbottles.com\/fr\/wp-json\/wp\/v2\/media\/4553"}],"wp:attachment":[{"href":"https:\/\/95glassbottles.com\/fr\/wp-json\/wp\/v2\/media?parent=5617"}],"wp:term":[{"taxonomy":"product_brand","embeddable":true,"href":"https:\/\/95glassbottles.com\/fr\/wp-json\/wp\/v2\/product_brand?post=5617"},{"taxonomy":"product_cat","embeddable":true,"href":"https:\/\/95glassbottles.com\/fr\/wp-json\/wp\/v2\/product_cat?post=5617"},{"taxonomy":"product_tag","embeddable":true,"href":"https:\/\/95glassbottles.com\/fr\/wp-json\/wp\/v2\/product_tag?post=5617"}],"curies":[{"name":"wp","href":"https:\/\/api.w.org\/{rel}","templated":true}]}}