{"id":5623,"date":"2025-08-15T02:30:27","date_gmt":"2025-08-15T02:30:27","guid":{"rendered":"https:\/\/95glassbottles.com\/product\/bouteille-de-spiritueux-en-verre-transparent-a-nervures-750-ml-avec-fenetre\/"},"modified":"2025-08-15T02:30:27","modified_gmt":"2025-08-15T02:30:27","slug":"bouteille-de-spiritueux-en-verre-transparent-a-nervures-750-ml-avec-fenetre","status":"publish","type":"product","link":"https:\/\/95glassbottles.com\/fr\/produit\/bouteille-de-spiritueux-en-verre-transparent-a-nervures-750-ml-avec-fenetre\/","title":{"rendered":"Bouteille de spiritueux en verre transparent \u00e0 nervures (750 ml) avec fen\u00eatre"},"content":{"rendered":"<p>Ce flacon pour spiritueux se distingue par sa forme cylindrique \u00e9lanc\u00e9e et ses nervures verticales. Sa paroi en verre transparent met en valeur la clart\u00e9 des spiritueux de qualit\u00e9 sup\u00e9rieure. Son col \u00e0 vis assure une fermeture herm\u00e9tique. Sa base \u00e9paisse garantit une excellente stabilit\u00e9 et conf\u00e8re un aspect \u00e9l\u00e9gant et raffin\u00e9. Les nervures offrent une prise en main confortable et ajoutent une touche d&rsquo;\u00e9l\u00e9gance. Id\u00e9al pour la vodka, le gin ou le whisky, ce flacon allie fonctionnalit\u00e9 et esth\u00e9tique. Il renforce l&rsquo;identit\u00e9 de marque et am\u00e9liore l&rsquo;attractivit\u00e9 du produit en rayon.      <\/p>\n","protected":false},"excerpt":{"rendered":"<p>Bouteille \u00e9l\u00e9gante en verre transparent \u00e0 nervures, avec fen\u00eatre, id\u00e9ale pour le conditionnement de spiritueux haut de gamme. Quantit\u00e9 minimale de commande : 12 000 pi\u00e8ces, d\u00e9lai de production : 20 jours. Parfaite pour les commandes de grande envergure et la personnalisation de la marque.<\/p>\n","protected":false},"featured_media":4535,"template":"","meta":{"site-sidebar-layout":"default","site-content-layout":"","ast-site-content-layout":"default","site-content-style":"default","site-sidebar-style":"default","ast-global-header-display":"","ast-banner-title-visibility":"","ast-main-header-display":"","ast-hfb-above-header-display":"","ast-hfb-below-header-display":"","ast-hfb-mobile-header-display":"","site-post-title":"","ast-breadcrumbs-content":"","ast-featured-img":"","footer-sml-layout":"","ast-disable-related-posts":"","theme-transparent-header-meta":"default","adv-header-id-meta":"","stick-header-meta":"","header-above-stick-meta":"","header-main-stick-meta":"","header-below-stick-meta":"","astra-migrate-meta-layouts":"default","ast-page-background-enabled":"default","ast-page-background-meta":{"desktop":{"background-color":"var(--ast-global-color-4)","background-image":"","background-repeat":"repeat","background-position":"center center","background-size":"auto","background-attachment":"scroll","background-type":"","background-media":"","overlay-type":"","overlay-color":"","overlay-opacity":"","overlay-gradient":""},"tablet":{"background-color":"","background-image":"","background-repeat":"repeat","background-position":"center center","background-size":"auto","background-attachment":"scroll","background-type":"","background-media":"","overlay-type":"","overlay-color":"","overlay-opacity":"","overlay-gradient":""},"mobile":{"background-color":"","background-image":"","background-repeat":"repeat","background-position":"center center","background-size":"auto","background-attachment":"scroll","background-type":"","background-media":"","overlay-type":"","overlay-color":"","overlay-opacity":"","overlay-gradient":""}},"ast-content-background-meta":{"desktop":{"background-color":"var(--ast-global-color-5)","background-image":"","background-repeat":"repeat","background-position":"center center","background-size":"auto","background-attachment":"scroll","background-type":"","background-media":"","overlay-type":"","overlay-color":"","overlay-opacity":"","overlay-gradient":""},"tablet":{"background-color":"var(--ast-global-color-5)","background-image":"","background-repeat":"repeat","background-position":"center center","background-size":"auto","background-attachment":"scroll","background-type":"","background-media":"","overlay-type":"","overlay-color":"","overlay-opacity":"","overlay-gradient":""},"mobile":{"background-color":"var(--ast-global-color-5)","background-image":"","background-repeat":"repeat","background-position":"center center","background-size":"auto","background-attachment":"scroll","background-type":"","background-media":"","overlay-type":"","overlay-color":"","overlay-opacity":"","overlay-gradient":""}}},"product_brand":[],"product_cat":[507,462,351],"product_tag":[],"class_list":{"0":"post-5623","1":"product","2":"type-product","3":"status-publish","4":"has-post-thumbnail","6":"product_cat-bouteilles-de-spiritueux-de-750-ml","7":"product_cat-bouteilles-spirituelles","8":"product_cat-non-categorise","9":"desktop-align-left","10":"tablet-align-left","11":"mobile-align-left","13":"first","14":"instock","15":"shipping-taxable","16":"purchasable","17":"product-type-simple"},"yoast_head":"<!-- This site is optimized with the Yoast SEO plugin v27.4 - https:\/\/yoast.com\/product\/yoast-seo-wordpress\/ -->\n<title>Bouteille de spiritueux en verre transparent \u00e0 nervures (750 ml) avec fen\u00eatre | 95Glass<\/title>\n<meta name=\"description\" content=\"Bouteille en verre transparent de 750 ml \u00e0 surface nervur\u00e9e, avec fen\u00eatre, id\u00e9ale pour le conditionnement de whisky, de vodka et de gin. Elle allie \u00e9l\u00e9gance et \u00e9tanch\u00e9it\u00e9 optimale.\" \/>\n<meta name=\"robots\" content=\"index, follow, max-snippet:-1, max-image-preview:large, max-video-preview:-1\" \/>\n<link rel=\"canonical\" href=\"https:\/\/95glassbottles.com\/fr\/produit\/bouteille-de-spiritueux-en-verre-transparent-a-nervures-750-ml-avec-fenetre\/\" \/>\n<meta property=\"og:locale\" content=\"fr_FR\" \/>\n<meta property=\"og:type\" content=\"article\" \/>\n<meta property=\"og:title\" content=\"Bouteille de spiritueux en verre transparent \u00e0 nervures (750 ml) avec fen\u00eatre | 95Glass\" \/>\n<meta property=\"og:description\" content=\"Bouteille en verre transparent de 750 ml \u00e0 surface nervur\u00e9e, avec fen\u00eatre, id\u00e9ale pour le conditionnement de whisky, de vodka et de gin. Elle allie \u00e9l\u00e9gance et \u00e9tanch\u00e9it\u00e9 optimale.\" \/>\n<meta property=\"og:url\" content=\"https:\/\/95glassbottles.com\/fr\/produit\/bouteille-de-spiritueux-en-verre-transparent-a-nervures-750-ml-avec-fenetre\/\" \/>\n<meta property=\"og:site_name\" content=\"95Glass\" \/>\n<meta property=\"article:publisher\" content=\"https:\/\/www.facebook.com\/95Glass\" \/>\n<meta property=\"og:image\" content=\"https:\/\/95glassbottles.com\/wp-content\/uploads\/2025\/08\/NF975-750ML-600G.jpg\" \/>\n\t<meta property=\"og:image:width\" content=\"1000\" \/>\n\t<meta property=\"og:image:height\" content=\"1000\" \/>\n\t<meta property=\"og:image:type\" content=\"image\/jpeg\" \/>\n<meta name=\"twitter:card\" content=\"summary_large_image\" \/>\n<meta name=\"twitter:label1\" content=\"Dur\u00e9e de lecture estim\u00e9e\" \/>\n\t<meta name=\"twitter:data1\" content=\"1 minute\" \/>\n<script type=\"application\/ld+json\" class=\"yoast-schema-graph\">{\"@context\":\"https:\\\/\\\/schema.org\",\"@graph\":[{\"@type\":[\"WebPage\",\"ItemPage\"],\"@id\":\"https:\\\/\\\/95glassbottles.com\\\/fr\\\/produit\\\/bouteille-de-spiritueux-en-verre-transparent-a-nervures-750-ml-avec-fenetre\\\/\",\"url\":\"https:\\\/\\\/95glassbottles.com\\\/fr\\\/produit\\\/bouteille-de-spiritueux-en-verre-transparent-a-nervures-750-ml-avec-fenetre\\\/\",\"name\":\"Bouteille de spiritueux en verre transparent \u00e0 nervures (750 ml) avec fen\u00eatre | 95Glass\",\"isPartOf\":{\"@id\":\"https:\\\/\\\/95glassbottles.com\\\/fr\\\/#website\"},\"primaryImageOfPage\":{\"@id\":\"https:\\\/\\\/95glassbottles.com\\\/fr\\\/produit\\\/bouteille-de-spiritueux-en-verre-transparent-a-nervures-750-ml-avec-fenetre\\\/#primaryimage\"},\"image\":{\"@id\":\"https:\\\/\\\/95glassbottles.com\\\/fr\\\/produit\\\/bouteille-de-spiritueux-en-verre-transparent-a-nervures-750-ml-avec-fenetre\\\/#primaryimage\"},\"thumbnailUrl\":\"https:\\\/\\\/95glassbottles.com\\\/wp-content\\\/uploads\\\/2025\\\/08\\\/NF975-750ML-600G.jpg\",\"datePublished\":\"2025-08-15T02:30:27+00:00\",\"description\":\"Bouteille en verre transparent de 750 ml \u00e0 surface nervur\u00e9e, avec fen\u00eatre, id\u00e9ale pour le conditionnement de whisky, de vodka et de gin. Elle allie \u00e9l\u00e9gance et \u00e9tanch\u00e9it\u00e9 optimale.\",\"breadcrumb\":{\"@id\":\"https:\\\/\\\/95glassbottles.com\\\/fr\\\/produit\\\/bouteille-de-spiritueux-en-verre-transparent-a-nervures-750-ml-avec-fenetre\\\/#breadcrumb\"},\"inLanguage\":\"fr-FR\",\"potentialAction\":[{\"@type\":\"ReadAction\",\"target\":[\"https:\\\/\\\/95glassbottles.com\\\/fr\\\/produit\\\/bouteille-de-spiritueux-en-verre-transparent-a-nervures-750-ml-avec-fenetre\\\/\"]}]},{\"@type\":\"ImageObject\",\"inLanguage\":\"fr-FR\",\"@id\":\"https:\\\/\\\/95glassbottles.com\\\/fr\\\/produit\\\/bouteille-de-spiritueux-en-verre-transparent-a-nervures-750-ml-avec-fenetre\\\/#primaryimage\",\"url\":\"https:\\\/\\\/95glassbottles.com\\\/wp-content\\\/uploads\\\/2025\\\/08\\\/NF975-750ML-600G.jpg\",\"contentUrl\":\"https:\\\/\\\/95glassbottles.com\\\/wp-content\\\/uploads\\\/2025\\\/08\\\/NF975-750ML-600G.jpg\",\"width\":1000,\"height\":1000,\"caption\":\"Bouteille \u00e9l\u00e9gante en verre transparent \u00e0 nervures de 750 ml avec un motif d\u00e9coratif original sur la face avant.\"},{\"@type\":\"BreadcrumbList\",\"@id\":\"https:\\\/\\\/95glassbottles.com\\\/fr\\\/produit\\\/bouteille-de-spiritueux-en-verre-transparent-a-nervures-750-ml-avec-fenetre\\\/#breadcrumb\",\"itemListElement\":[{\"@type\":\"ListItem\",\"position\":1,\"name\":\"Home\",\"item\":\"https:\\\/\\\/95glassbottles.com\\\/fr\\\/\"},{\"@type\":\"ListItem\",\"position\":2,\"name\":\"Produits\",\"item\":\"https:\\\/\\\/95glassbottles.com\\\/fr\\\/shop\\\/\"},{\"@type\":\"ListItem\",\"position\":3,\"name\":\"Bouteille de spiritueux en verre transparent \u00e0 nervures (750 ml) avec fen\u00eatre\"}]},{\"@type\":\"WebSite\",\"@id\":\"https:\\\/\\\/95glassbottles.com\\\/fr\\\/#website\",\"url\":\"https:\\\/\\\/95glassbottles.com\\\/fr\\\/\",\"name\":\"95GlassBottles\",\"description\":\"\",\"publisher\":{\"@id\":\"https:\\\/\\\/95glassbottles.com\\\/fr\\\/#organization\"},\"potentialAction\":[{\"@type\":\"SearchAction\",\"target\":{\"@type\":\"EntryPoint\",\"urlTemplate\":\"https:\\\/\\\/95glassbottles.com\\\/fr\\\/?s={search_term_string}\"},\"query-input\":{\"@type\":\"PropertyValueSpecification\",\"valueRequired\":true,\"valueName\":\"search_term_string\"}}],\"inLanguage\":\"fr-FR\"},{\"@type\":\"Organization\",\"@id\":\"https:\\\/\\\/95glassbottles.com\\\/fr\\\/#organization\",\"name\":\"Shandong Ninety Five Glass Co,.Ltd\",\"url\":\"https:\\\/\\\/95glassbottles.com\\\/fr\\\/\",\"logo\":{\"@type\":\"ImageObject\",\"inLanguage\":\"fr-FR\",\"@id\":\"https:\\\/\\\/95glassbottles.com\\\/fr\\\/#\\\/schema\\\/logo\\\/image\\\/\",\"url\":\"https:\\\/\\\/95glassbottles.com\\\/wp-content\\\/uploads\\\/2025\\\/04\\\/1-3.webp\",\"contentUrl\":\"https:\\\/\\\/95glassbottles.com\\\/wp-content\\\/uploads\\\/2025\\\/04\\\/1-3.webp\",\"width\":350,\"height\":100,\"caption\":\"Shandong Ninety Five Glass Co,.Ltd\"},\"image\":{\"@id\":\"https:\\\/\\\/95glassbottles.com\\\/fr\\\/#\\\/schema\\\/logo\\\/image\\\/\"},\"sameAs\":[\"https:\\\/\\\/www.facebook.com\\\/95Glass\"]}]}<\/script>\n<!-- \/ Yoast SEO plugin. -->","yoast_head_json":{"title":"Bouteille de spiritueux en verre transparent \u00e0 nervures (750 ml) avec fen\u00eatre | 95Glass","description":"Bouteille en verre transparent de 750 ml \u00e0 surface nervur\u00e9e, avec fen\u00eatre, id\u00e9ale pour le conditionnement de whisky, de vodka et de gin. Elle allie \u00e9l\u00e9gance et \u00e9tanch\u00e9it\u00e9 optimale.","robots":{"index":"index","follow":"follow","max-snippet":"max-snippet:-1","max-image-preview":"max-image-preview:large","max-video-preview":"max-video-preview:-1"},"canonical":"https:\/\/95glassbottles.com\/fr\/produit\/bouteille-de-spiritueux-en-verre-transparent-a-nervures-750-ml-avec-fenetre\/","og_locale":"fr_FR","og_type":"article","og_title":"Bouteille de spiritueux en verre transparent \u00e0 nervures (750 ml) avec fen\u00eatre | 95Glass","og_description":"Bouteille en verre transparent de 750 ml \u00e0 surface nervur\u00e9e, avec fen\u00eatre, id\u00e9ale pour le conditionnement de whisky, de vodka et de gin. Elle allie \u00e9l\u00e9gance et \u00e9tanch\u00e9it\u00e9 optimale.","og_url":"https:\/\/95glassbottles.com\/fr\/produit\/bouteille-de-spiritueux-en-verre-transparent-a-nervures-750-ml-avec-fenetre\/","og_site_name":"95Glass","article_publisher":"https:\/\/www.facebook.com\/95Glass","og_image":[{"width":1000,"height":1000,"url":"https:\/\/95glassbottles.com\/wp-content\/uploads\/2025\/08\/NF975-750ML-600G.jpg","type":"image\/jpeg"}],"twitter_card":"summary_large_image","twitter_misc":{"Dur\u00e9e de lecture estim\u00e9e":"1 minute"},"schema":{"@context":"https:\/\/schema.org","@graph":[{"@type":["WebPage","ItemPage"],"@id":"https:\/\/95glassbottles.com\/fr\/produit\/bouteille-de-spiritueux-en-verre-transparent-a-nervures-750-ml-avec-fenetre\/","url":"https:\/\/95glassbottles.com\/fr\/produit\/bouteille-de-spiritueux-en-verre-transparent-a-nervures-750-ml-avec-fenetre\/","name":"Bouteille de spiritueux en verre transparent \u00e0 nervures (750 ml) avec fen\u00eatre | 95Glass","isPartOf":{"@id":"https:\/\/95glassbottles.com\/fr\/#website"},"primaryImageOfPage":{"@id":"https:\/\/95glassbottles.com\/fr\/produit\/bouteille-de-spiritueux-en-verre-transparent-a-nervures-750-ml-avec-fenetre\/#primaryimage"},"image":{"@id":"https:\/\/95glassbottles.com\/fr\/produit\/bouteille-de-spiritueux-en-verre-transparent-a-nervures-750-ml-avec-fenetre\/#primaryimage"},"thumbnailUrl":"https:\/\/95glassbottles.com\/wp-content\/uploads\/2025\/08\/NF975-750ML-600G.jpg","datePublished":"2025-08-15T02:30:27+00:00","description":"Bouteille en verre transparent de 750 ml \u00e0 surface nervur\u00e9e, avec fen\u00eatre, id\u00e9ale pour le conditionnement de whisky, de vodka et de gin. Elle allie \u00e9l\u00e9gance et \u00e9tanch\u00e9it\u00e9 optimale.","breadcrumb":{"@id":"https:\/\/95glassbottles.com\/fr\/produit\/bouteille-de-spiritueux-en-verre-transparent-a-nervures-750-ml-avec-fenetre\/#breadcrumb"},"inLanguage":"fr-FR","potentialAction":[{"@type":"ReadAction","target":["https:\/\/95glassbottles.com\/fr\/produit\/bouteille-de-spiritueux-en-verre-transparent-a-nervures-750-ml-avec-fenetre\/"]}]},{"@type":"ImageObject","inLanguage":"fr-FR","@id":"https:\/\/95glassbottles.com\/fr\/produit\/bouteille-de-spiritueux-en-verre-transparent-a-nervures-750-ml-avec-fenetre\/#primaryimage","url":"https:\/\/95glassbottles.com\/wp-content\/uploads\/2025\/08\/NF975-750ML-600G.jpg","contentUrl":"https:\/\/95glassbottles.com\/wp-content\/uploads\/2025\/08\/NF975-750ML-600G.jpg","width":1000,"height":1000,"caption":"Bouteille \u00e9l\u00e9gante en verre transparent \u00e0 nervures de 750 ml avec un motif d\u00e9coratif original sur la face avant."},{"@type":"BreadcrumbList","@id":"https:\/\/95glassbottles.com\/fr\/produit\/bouteille-de-spiritueux-en-verre-transparent-a-nervures-750-ml-avec-fenetre\/#breadcrumb","itemListElement":[{"@type":"ListItem","position":1,"name":"Home","item":"https:\/\/95glassbottles.com\/fr\/"},{"@type":"ListItem","position":2,"name":"Produits","item":"https:\/\/95glassbottles.com\/fr\/shop\/"},{"@type":"ListItem","position":3,"name":"Bouteille de spiritueux en verre transparent \u00e0 nervures (750 ml) avec fen\u00eatre"}]},{"@type":"WebSite","@id":"https:\/\/95glassbottles.com\/fr\/#website","url":"https:\/\/95glassbottles.com\/fr\/","name":"95GlassBottles","description":"","publisher":{"@id":"https:\/\/95glassbottles.com\/fr\/#organization"},"potentialAction":[{"@type":"SearchAction","target":{"@type":"EntryPoint","urlTemplate":"https:\/\/95glassbottles.com\/fr\/?s={search_term_string}"},"query-input":{"@type":"PropertyValueSpecification","valueRequired":true,"valueName":"search_term_string"}}],"inLanguage":"fr-FR"},{"@type":"Organization","@id":"https:\/\/95glassbottles.com\/fr\/#organization","name":"Shandong Ninety Five Glass Co,.Ltd","url":"https:\/\/95glassbottles.com\/fr\/","logo":{"@type":"ImageObject","inLanguage":"fr-FR","@id":"https:\/\/95glassbottles.com\/fr\/#\/schema\/logo\/image\/","url":"https:\/\/95glassbottles.com\/wp-content\/uploads\/2025\/04\/1-3.webp","contentUrl":"https:\/\/95glassbottles.com\/wp-content\/uploads\/2025\/04\/1-3.webp","width":350,"height":100,"caption":"Shandong Ninety Five Glass Co,.Ltd"},"image":{"@id":"https:\/\/95glassbottles.com\/fr\/#\/schema\/logo\/image\/"},"sameAs":["https:\/\/www.facebook.com\/95Glass"]}]}},"_links":{"self":[{"href":"https:\/\/95glassbottles.com\/fr\/wp-json\/wp\/v2\/product\/5623","targetHints":{"allow":["GET"]}}],"collection":[{"href":"https:\/\/95glassbottles.com\/fr\/wp-json\/wp\/v2\/product"}],"about":[{"href":"https:\/\/95glassbottles.com\/fr\/wp-json\/wp\/v2\/types\/product"}],"wp:featuredmedia":[{"embeddable":true,"href":"https:\/\/95glassbottles.com\/fr\/wp-json\/wp\/v2\/media\/4535"}],"wp:attachment":[{"href":"https:\/\/95glassbottles.com\/fr\/wp-json\/wp\/v2\/media?parent=5623"}],"wp:term":[{"taxonomy":"product_brand","embeddable":true,"href":"https:\/\/95glassbottles.com\/fr\/wp-json\/wp\/v2\/product_brand?post=5623"},{"taxonomy":"product_cat","embeddable":true,"href":"https:\/\/95glassbottles.com\/fr\/wp-json\/wp\/v2\/product_cat?post=5623"},{"taxonomy":"product_tag","embeddable":true,"href":"https:\/\/95glassbottles.com\/fr\/wp-json\/wp\/v2\/product_tag?post=5623"}],"curies":[{"name":"wp","href":"https:\/\/api.w.org\/{rel}","templated":true}]}}