{"id":5625,"date":"2025-08-13T08:37:28","date_gmt":"2025-08-13T08:37:28","guid":{"rendered":"https:\/\/95glassbottles.com\/product\/bouteille-de-vin-en-verre-de-bordeaux-de-750-ml-de-couleur-ambre-fonce\/"},"modified":"2025-08-13T08:37:28","modified_gmt":"2025-08-13T08:37:28","slug":"bouteille-de-vin-en-verre-de-bordeaux-de-750-ml-de-couleur-ambre-fonce","status":"publish","type":"product","link":"https:\/\/95glassbottles.com\/fr\/produit\/bouteille-de-vin-en-verre-de-bordeaux-de-750-ml-de-couleur-ambre-fonce\/","title":{"rendered":"Bouteille de vin en verre de Bordeaux de 750 ml de couleur ambre fonc\u00e9"},"content":{"rendered":"<p>Cette bouteille de vin de 750 ml se distingue par sa forme \u00e9lanc\u00e9e et son col allong\u00e9. Le verre brun prot\u00e8ge le vin des rayons lumineux nocifs. Sa robustesse assure un transport et un stockage en toute s\u00e9curit\u00e9. Sa forme classique de type Bordeaux renforce l&rsquo;attrait visuel et facilite la reconnaissance de la marque. Convient aussi bien aux vins rouges, blancs et ros\u00e9s, elle allie tradition et modernit\u00e9. Gr\u00e2ce \u00e0 ses proportions harmonieuses, cette bouteille permet une pr\u00e9sentation \u00e9l\u00e9gante et soign\u00e9e, id\u00e9ale pour les domaines viticoles et les marques de vin personnalis\u00e9es.     <\/p>\n","protected":false},"excerpt":{"rendered":"<p>Bouteille de vin en verre brun de 750ml avec bouchon en li\u00e8ge. Quantit\u00e9 minimale de commande : 12 000 pi\u00e8ces.  Production time: 15\u201320 days.<\/p>\n","protected":false},"featured_media":4529,"template":"","meta":{"site-sidebar-layout":"default","site-content-layout":"","ast-site-content-layout":"default","site-content-style":"default","site-sidebar-style":"default","ast-global-header-display":"","ast-banner-title-visibility":"","ast-main-header-display":"","ast-hfb-above-header-display":"","ast-hfb-below-header-display":"","ast-hfb-mobile-header-display":"","site-post-title":"","ast-breadcrumbs-content":"","ast-featured-img":"","footer-sml-layout":"","ast-disable-related-posts":"","theme-transparent-header-meta":"default","adv-header-id-meta":"","stick-header-meta":"","header-above-stick-meta":"","header-main-stick-meta":"","header-below-stick-meta":"","astra-migrate-meta-layouts":"default","ast-page-background-enabled":"default","ast-page-background-meta":{"desktop":{"background-color":"var(--ast-global-color-4)","background-image":"","background-repeat":"repeat","background-position":"center center","background-size":"auto","background-attachment":"scroll","background-type":"","background-media":"","overlay-type":"","overlay-color":"","overlay-opacity":"","overlay-gradient":""},"tablet":{"background-color":"","background-image":"","background-repeat":"repeat","background-position":"center center","background-size":"auto","background-attachment":"scroll","background-type":"","background-media":"","overlay-type":"","overlay-color":"","overlay-opacity":"","overlay-gradient":""},"mobile":{"background-color":"","background-image":"","background-repeat":"repeat","background-position":"center center","background-size":"auto","background-attachment":"scroll","background-type":"","background-media":"","overlay-type":"","overlay-color":"","overlay-opacity":"","overlay-gradient":""}},"ast-content-background-meta":{"desktop":{"background-color":"var(--ast-global-color-5)","background-image":"","background-repeat":"repeat","background-position":"center center","background-size":"auto","background-attachment":"scroll","background-type":"","background-media":"","overlay-type":"","overlay-color":"","overlay-opacity":"","overlay-gradient":""},"tablet":{"background-color":"var(--ast-global-color-5)","background-image":"","background-repeat":"repeat","background-position":"center center","background-size":"auto","background-attachment":"scroll","background-type":"","background-media":"","overlay-type":"","overlay-color":"","overlay-opacity":"","overlay-gradient":""},"mobile":{"background-color":"var(--ast-global-color-5)","background-image":"","background-repeat":"repeat","background-position":"center center","background-size":"auto","background-attachment":"scroll","background-type":"","background-media":"","overlay-type":"","overlay-color":"","overlay-opacity":"","overlay-gradient":""}}},"product_brand":[],"product_cat":[513,514,351],"product_tag":[],"class_list":{"0":"post-5625","1":"product","2":"type-product","3":"status-publish","4":"has-post-thumbnail","6":"product_cat-bouteilles-de-vin","7":"product_cat-bouteilles-de-vin-de-750-ml","8":"product_cat-non-categorise","9":"desktop-align-left","10":"tablet-align-left","11":"mobile-align-left","13":"first","14":"instock","15":"shipping-taxable","16":"purchasable","17":"product-type-simple"},"yoast_head":"<!-- This site is optimized with the Yoast SEO plugin v27.4 - https:\/\/yoast.com\/product\/yoast-seo-wordpress\/ -->\n<title>Bouteille de vin en verre de Bordeaux de 750ml, couleur ambre fonc\u00e9 | 95Glass<\/title>\n<meta name=\"description\" content=\"Bouteilles de vin en verre ambr\u00e9 fonc\u00e9 de style Bordeaux, avec protection UV et design \u00e9l\u00e9gant, id\u00e9ales pour les exploitations viticoles, les entreprises de mise en bouteille et le conditionnement de vin en gros.\" \/>\n<meta name=\"robots\" content=\"index, follow, max-snippet:-1, max-image-preview:large, max-video-preview:-1\" \/>\n<link rel=\"canonical\" href=\"https:\/\/95glassbottles.com\/fr\/produit\/bouteille-de-vin-en-verre-de-bordeaux-de-750-ml-de-couleur-ambre-fonce\/\" \/>\n<meta property=\"og:locale\" content=\"fr_FR\" \/>\n<meta property=\"og:type\" content=\"article\" \/>\n<meta property=\"og:title\" content=\"Bouteille de vin en verre de Bordeaux de 750ml, couleur ambre fonc\u00e9 | 95Glass\" \/>\n<meta property=\"og:description\" content=\"Bouteilles de vin en verre ambr\u00e9 fonc\u00e9 de style Bordeaux, avec protection UV et design \u00e9l\u00e9gant, id\u00e9ales pour les exploitations viticoles, les entreprises de mise en bouteille et le conditionnement de vin en gros.\" \/>\n<meta property=\"og:url\" content=\"https:\/\/95glassbottles.com\/fr\/produit\/bouteille-de-vin-en-verre-de-bordeaux-de-750-ml-de-couleur-ambre-fonce\/\" \/>\n<meta property=\"og:site_name\" content=\"95Glass\" \/>\n<meta property=\"article:publisher\" content=\"https:\/\/www.facebook.com\/95Glass\" \/>\n<meta property=\"og:image\" content=\"https:\/\/95glassbottles.com\/wp-content\/uploads\/2025\/08\/NF2103-750ML-636g.png\" \/>\n\t<meta property=\"og:image:width\" content=\"800\" \/>\n\t<meta property=\"og:image:height\" content=\"800\" \/>\n\t<meta property=\"og:image:type\" content=\"image\/png\" \/>\n<meta name=\"twitter:card\" content=\"summary_large_image\" \/>\n<meta name=\"twitter:label1\" content=\"Dur\u00e9e de lecture estim\u00e9e\" \/>\n\t<meta name=\"twitter:data1\" content=\"1 minute\" \/>\n<script type=\"application\/ld+json\" class=\"yoast-schema-graph\">{\"@context\":\"https:\\\/\\\/schema.org\",\"@graph\":[{\"@type\":[\"WebPage\",\"ItemPage\"],\"@id\":\"https:\\\/\\\/95glassbottles.com\\\/fr\\\/produit\\\/bouteille-de-vin-en-verre-de-bordeaux-de-750-ml-de-couleur-ambre-fonce\\\/\",\"url\":\"https:\\\/\\\/95glassbottles.com\\\/fr\\\/produit\\\/bouteille-de-vin-en-verre-de-bordeaux-de-750-ml-de-couleur-ambre-fonce\\\/\",\"name\":\"Bouteille de vin en verre de Bordeaux de 750ml, couleur ambre fonc\u00e9 | 95Glass\",\"isPartOf\":{\"@id\":\"https:\\\/\\\/95glassbottles.com\\\/fr\\\/#website\"},\"primaryImageOfPage\":{\"@id\":\"https:\\\/\\\/95glassbottles.com\\\/fr\\\/produit\\\/bouteille-de-vin-en-verre-de-bordeaux-de-750-ml-de-couleur-ambre-fonce\\\/#primaryimage\"},\"image\":{\"@id\":\"https:\\\/\\\/95glassbottles.com\\\/fr\\\/produit\\\/bouteille-de-vin-en-verre-de-bordeaux-de-750-ml-de-couleur-ambre-fonce\\\/#primaryimage\"},\"thumbnailUrl\":\"https:\\\/\\\/95glassbottles.com\\\/wp-content\\\/uploads\\\/2025\\\/08\\\/NF2103-750ML-636g.png\",\"datePublished\":\"2025-08-13T08:37:28+00:00\",\"description\":\"Bouteilles de vin en verre ambr\u00e9 fonc\u00e9 de style Bordeaux, avec protection UV et design \u00e9l\u00e9gant, id\u00e9ales pour les exploitations viticoles, les entreprises de mise en bouteille et le conditionnement de vin en gros.\",\"breadcrumb\":{\"@id\":\"https:\\\/\\\/95glassbottles.com\\\/fr\\\/produit\\\/bouteille-de-vin-en-verre-de-bordeaux-de-750-ml-de-couleur-ambre-fonce\\\/#breadcrumb\"},\"inLanguage\":\"fr-FR\",\"potentialAction\":[{\"@type\":\"ReadAction\",\"target\":[\"https:\\\/\\\/95glassbottles.com\\\/fr\\\/produit\\\/bouteille-de-vin-en-verre-de-bordeaux-de-750-ml-de-couleur-ambre-fonce\\\/\"]}]},{\"@type\":\"ImageObject\",\"inLanguage\":\"fr-FR\",\"@id\":\"https:\\\/\\\/95glassbottles.com\\\/fr\\\/produit\\\/bouteille-de-vin-en-verre-de-bordeaux-de-750-ml-de-couleur-ambre-fonce\\\/#primaryimage\",\"url\":\"https:\\\/\\\/95glassbottles.com\\\/wp-content\\\/uploads\\\/2025\\\/08\\\/NF2103-750ML-636g.png\",\"contentUrl\":\"https:\\\/\\\/95glassbottles.com\\\/wp-content\\\/uploads\\\/2025\\\/08\\\/NF2103-750ML-636g.png\",\"width\":800,\"height\":800,\"caption\":\"Bouteille de vin en vrac de style Bordeaux, de couleur ambre fonc\u00e9, avec un col allong\u00e9 et une finition lisse.\"},{\"@type\":\"BreadcrumbList\",\"@id\":\"https:\\\/\\\/95glassbottles.com\\\/fr\\\/produit\\\/bouteille-de-vin-en-verre-de-bordeaux-de-750-ml-de-couleur-ambre-fonce\\\/#breadcrumb\",\"itemListElement\":[{\"@type\":\"ListItem\",\"position\":1,\"name\":\"Home\",\"item\":\"https:\\\/\\\/95glassbottles.com\\\/fr\\\/\"},{\"@type\":\"ListItem\",\"position\":2,\"name\":\"Produits\",\"item\":\"https:\\\/\\\/95glassbottles.com\\\/fr\\\/shop\\\/\"},{\"@type\":\"ListItem\",\"position\":3,\"name\":\"Bouteille de vin en verre de Bordeaux de 750 ml de couleur ambre fonc\u00e9\"}]},{\"@type\":\"WebSite\",\"@id\":\"https:\\\/\\\/95glassbottles.com\\\/fr\\\/#website\",\"url\":\"https:\\\/\\\/95glassbottles.com\\\/fr\\\/\",\"name\":\"95GlassBottles\",\"description\":\"\",\"publisher\":{\"@id\":\"https:\\\/\\\/95glassbottles.com\\\/fr\\\/#organization\"},\"potentialAction\":[{\"@type\":\"SearchAction\",\"target\":{\"@type\":\"EntryPoint\",\"urlTemplate\":\"https:\\\/\\\/95glassbottles.com\\\/fr\\\/?s={search_term_string}\"},\"query-input\":{\"@type\":\"PropertyValueSpecification\",\"valueRequired\":true,\"valueName\":\"search_term_string\"}}],\"inLanguage\":\"fr-FR\"},{\"@type\":\"Organization\",\"@id\":\"https:\\\/\\\/95glassbottles.com\\\/fr\\\/#organization\",\"name\":\"Shandong Ninety Five Glass Co,.Ltd\",\"url\":\"https:\\\/\\\/95glassbottles.com\\\/fr\\\/\",\"logo\":{\"@type\":\"ImageObject\",\"inLanguage\":\"fr-FR\",\"@id\":\"https:\\\/\\\/95glassbottles.com\\\/fr\\\/#\\\/schema\\\/logo\\\/image\\\/\",\"url\":\"https:\\\/\\\/95glassbottles.com\\\/wp-content\\\/uploads\\\/2025\\\/04\\\/1-3.webp\",\"contentUrl\":\"https:\\\/\\\/95glassbottles.com\\\/wp-content\\\/uploads\\\/2025\\\/04\\\/1-3.webp\",\"width\":350,\"height\":100,\"caption\":\"Shandong Ninety Five Glass Co,.Ltd\"},\"image\":{\"@id\":\"https:\\\/\\\/95glassbottles.com\\\/fr\\\/#\\\/schema\\\/logo\\\/image\\\/\"},\"sameAs\":[\"https:\\\/\\\/www.facebook.com\\\/95Glass\"]}]}<\/script>\n<!-- \/ Yoast SEO plugin. -->","yoast_head_json":{"title":"Bouteille de vin en verre de Bordeaux de 750ml, couleur ambre fonc\u00e9 | 95Glass","description":"Bouteilles de vin en verre ambr\u00e9 fonc\u00e9 de style Bordeaux, avec protection UV et design \u00e9l\u00e9gant, id\u00e9ales pour les exploitations viticoles, les entreprises de mise en bouteille et le conditionnement de vin en gros.","robots":{"index":"index","follow":"follow","max-snippet":"max-snippet:-1","max-image-preview":"max-image-preview:large","max-video-preview":"max-video-preview:-1"},"canonical":"https:\/\/95glassbottles.com\/fr\/produit\/bouteille-de-vin-en-verre-de-bordeaux-de-750-ml-de-couleur-ambre-fonce\/","og_locale":"fr_FR","og_type":"article","og_title":"Bouteille de vin en verre de Bordeaux de 750ml, couleur ambre fonc\u00e9 | 95Glass","og_description":"Bouteilles de vin en verre ambr\u00e9 fonc\u00e9 de style Bordeaux, avec protection UV et design \u00e9l\u00e9gant, id\u00e9ales pour les exploitations viticoles, les entreprises de mise en bouteille et le conditionnement de vin en gros.","og_url":"https:\/\/95glassbottles.com\/fr\/produit\/bouteille-de-vin-en-verre-de-bordeaux-de-750-ml-de-couleur-ambre-fonce\/","og_site_name":"95Glass","article_publisher":"https:\/\/www.facebook.com\/95Glass","og_image":[{"width":800,"height":800,"url":"https:\/\/95glassbottles.com\/wp-content\/uploads\/2025\/08\/NF2103-750ML-636g.png","type":"image\/png"}],"twitter_card":"summary_large_image","twitter_misc":{"Dur\u00e9e de lecture estim\u00e9e":"1 minute"},"schema":{"@context":"https:\/\/schema.org","@graph":[{"@type":["WebPage","ItemPage"],"@id":"https:\/\/95glassbottles.com\/fr\/produit\/bouteille-de-vin-en-verre-de-bordeaux-de-750-ml-de-couleur-ambre-fonce\/","url":"https:\/\/95glassbottles.com\/fr\/produit\/bouteille-de-vin-en-verre-de-bordeaux-de-750-ml-de-couleur-ambre-fonce\/","name":"Bouteille de vin en verre de Bordeaux de 750ml, couleur ambre fonc\u00e9 | 95Glass","isPartOf":{"@id":"https:\/\/95glassbottles.com\/fr\/#website"},"primaryImageOfPage":{"@id":"https:\/\/95glassbottles.com\/fr\/produit\/bouteille-de-vin-en-verre-de-bordeaux-de-750-ml-de-couleur-ambre-fonce\/#primaryimage"},"image":{"@id":"https:\/\/95glassbottles.com\/fr\/produit\/bouteille-de-vin-en-verre-de-bordeaux-de-750-ml-de-couleur-ambre-fonce\/#primaryimage"},"thumbnailUrl":"https:\/\/95glassbottles.com\/wp-content\/uploads\/2025\/08\/NF2103-750ML-636g.png","datePublished":"2025-08-13T08:37:28+00:00","description":"Bouteilles de vin en verre ambr\u00e9 fonc\u00e9 de style Bordeaux, avec protection UV et design \u00e9l\u00e9gant, id\u00e9ales pour les exploitations viticoles, les entreprises de mise en bouteille et le conditionnement de vin en gros.","breadcrumb":{"@id":"https:\/\/95glassbottles.com\/fr\/produit\/bouteille-de-vin-en-verre-de-bordeaux-de-750-ml-de-couleur-ambre-fonce\/#breadcrumb"},"inLanguage":"fr-FR","potentialAction":[{"@type":"ReadAction","target":["https:\/\/95glassbottles.com\/fr\/produit\/bouteille-de-vin-en-verre-de-bordeaux-de-750-ml-de-couleur-ambre-fonce\/"]}]},{"@type":"ImageObject","inLanguage":"fr-FR","@id":"https:\/\/95glassbottles.com\/fr\/produit\/bouteille-de-vin-en-verre-de-bordeaux-de-750-ml-de-couleur-ambre-fonce\/#primaryimage","url":"https:\/\/95glassbottles.com\/wp-content\/uploads\/2025\/08\/NF2103-750ML-636g.png","contentUrl":"https:\/\/95glassbottles.com\/wp-content\/uploads\/2025\/08\/NF2103-750ML-636g.png","width":800,"height":800,"caption":"Bouteille de vin en vrac de style Bordeaux, de couleur ambre fonc\u00e9, avec un col allong\u00e9 et une finition lisse."},{"@type":"BreadcrumbList","@id":"https:\/\/95glassbottles.com\/fr\/produit\/bouteille-de-vin-en-verre-de-bordeaux-de-750-ml-de-couleur-ambre-fonce\/#breadcrumb","itemListElement":[{"@type":"ListItem","position":1,"name":"Home","item":"https:\/\/95glassbottles.com\/fr\/"},{"@type":"ListItem","position":2,"name":"Produits","item":"https:\/\/95glassbottles.com\/fr\/shop\/"},{"@type":"ListItem","position":3,"name":"Bouteille de vin en verre de Bordeaux de 750 ml de couleur ambre fonc\u00e9"}]},{"@type":"WebSite","@id":"https:\/\/95glassbottles.com\/fr\/#website","url":"https:\/\/95glassbottles.com\/fr\/","name":"95GlassBottles","description":"","publisher":{"@id":"https:\/\/95glassbottles.com\/fr\/#organization"},"potentialAction":[{"@type":"SearchAction","target":{"@type":"EntryPoint","urlTemplate":"https:\/\/95glassbottles.com\/fr\/?s={search_term_string}"},"query-input":{"@type":"PropertyValueSpecification","valueRequired":true,"valueName":"search_term_string"}}],"inLanguage":"fr-FR"},{"@type":"Organization","@id":"https:\/\/95glassbottles.com\/fr\/#organization","name":"Shandong Ninety Five Glass Co,.Ltd","url":"https:\/\/95glassbottles.com\/fr\/","logo":{"@type":"ImageObject","inLanguage":"fr-FR","@id":"https:\/\/95glassbottles.com\/fr\/#\/schema\/logo\/image\/","url":"https:\/\/95glassbottles.com\/wp-content\/uploads\/2025\/04\/1-3.webp","contentUrl":"https:\/\/95glassbottles.com\/wp-content\/uploads\/2025\/04\/1-3.webp","width":350,"height":100,"caption":"Shandong Ninety Five Glass Co,.Ltd"},"image":{"@id":"https:\/\/95glassbottles.com\/fr\/#\/schema\/logo\/image\/"},"sameAs":["https:\/\/www.facebook.com\/95Glass"]}]}},"_links":{"self":[{"href":"https:\/\/95glassbottles.com\/fr\/wp-json\/wp\/v2\/product\/5625","targetHints":{"allow":["GET"]}}],"collection":[{"href":"https:\/\/95glassbottles.com\/fr\/wp-json\/wp\/v2\/product"}],"about":[{"href":"https:\/\/95glassbottles.com\/fr\/wp-json\/wp\/v2\/types\/product"}],"wp:featuredmedia":[{"embeddable":true,"href":"https:\/\/95glassbottles.com\/fr\/wp-json\/wp\/v2\/media\/4529"}],"wp:attachment":[{"href":"https:\/\/95glassbottles.com\/fr\/wp-json\/wp\/v2\/media?parent=5625"}],"wp:term":[{"taxonomy":"product_brand","embeddable":true,"href":"https:\/\/95glassbottles.com\/fr\/wp-json\/wp\/v2\/product_brand?post=5625"},{"taxonomy":"product_cat","embeddable":true,"href":"https:\/\/95glassbottles.com\/fr\/wp-json\/wp\/v2\/product_cat?post=5625"},{"taxonomy":"product_tag","embeddable":true,"href":"https:\/\/95glassbottles.com\/fr\/wp-json\/wp\/v2\/product_tag?post=5625"}],"curies":[{"name":"wp","href":"https:\/\/api.w.org\/{rel}","templated":true}]}}