{"id":5627,"date":"2025-08-13T08:35:10","date_gmt":"2025-08-13T08:35:10","guid":{"rendered":"https:\/\/95glassbottles.com\/product\/bouteille-de-vin-en-verre-ambre-fonce-de-style-bordeaux-750-ml\/"},"modified":"2025-08-13T08:35:10","modified_gmt":"2025-08-13T08:35:10","slug":"bouteille-de-vin-en-verre-ambre-fonce-de-style-bordeaux-750-ml","status":"publish","type":"product","link":"https:\/\/95glassbottles.com\/fr\/produit\/bouteille-de-vin-en-verre-ambre-fonce-de-style-bordeaux-750-ml\/","title":{"rendered":"Bouteille de vin en verre ambr\u00e9 fonc\u00e9 de style Bordeaux, 750 ml"},"content":{"rendered":"<p>Cette bouteille de vin de 750 ml est fabriqu\u00e9e en verre \u00e9pais et r\u00e9sistant de couleur brun fonc\u00e9. Sa structure robuste assure une grande stabilit\u00e9 et une excellente prise en main. Son design, inspir\u00e9 de celui des bouteilles de Bordeaux, se caract\u00e9rise par un corps \u00e9lanc\u00e9 et un long col. La couleur fonc\u00e9e offre une excellente protection contre les rayons UV. Convient aussi bien aux vins rouges, blancs et ros\u00e9s, et permet de pr\u00e9server la qualit\u00e9 pendant le stockage et le transport. Id\u00e9al pour les domaines viticoles et les marques de vin haut de gamme, il am\u00e9liore l&rsquo;attractivit\u00e9 en rayon et renforce la notori\u00e9t\u00e9 de la marque.<\/p>\n","protected":false},"excerpt":{"rendered":"<p>Bouteille de vin en verre fonc\u00e9 de 750 ml avec bouchon en li\u00e8ge. Quantit\u00e9 minimale de commande : 12 000 pi\u00e8ces. D\u00e9lai de production : 15 \u00e0 20 jours.<\/p>\n","protected":false},"featured_media":4527,"template":"","meta":{"site-sidebar-layout":"default","site-content-layout":"","ast-site-content-layout":"default","site-content-style":"default","site-sidebar-style":"default","ast-global-header-display":"","ast-banner-title-visibility":"","ast-main-header-display":"","ast-hfb-above-header-display":"","ast-hfb-below-header-display":"","ast-hfb-mobile-header-display":"","site-post-title":"","ast-breadcrumbs-content":"","ast-featured-img":"","footer-sml-layout":"","ast-disable-related-posts":"","theme-transparent-header-meta":"default","adv-header-id-meta":"","stick-header-meta":"","header-above-stick-meta":"","header-main-stick-meta":"","header-below-stick-meta":"","astra-migrate-meta-layouts":"default","ast-page-background-enabled":"default","ast-page-background-meta":{"desktop":{"background-color":"var(--ast-global-color-4)","background-image":"","background-repeat":"repeat","background-position":"center center","background-size":"auto","background-attachment":"scroll","background-type":"","background-media":"","overlay-type":"","overlay-color":"","overlay-opacity":"","overlay-gradient":""},"tablet":{"background-color":"","background-image":"","background-repeat":"repeat","background-position":"center center","background-size":"auto","background-attachment":"scroll","background-type":"","background-media":"","overlay-type":"","overlay-color":"","overlay-opacity":"","overlay-gradient":""},"mobile":{"background-color":"","background-image":"","background-repeat":"repeat","background-position":"center center","background-size":"auto","background-attachment":"scroll","background-type":"","background-media":"","overlay-type":"","overlay-color":"","overlay-opacity":"","overlay-gradient":""}},"ast-content-background-meta":{"desktop":{"background-color":"var(--ast-global-color-5)","background-image":"","background-repeat":"repeat","background-position":"center center","background-size":"auto","background-attachment":"scroll","background-type":"","background-media":"","overlay-type":"","overlay-color":"","overlay-opacity":"","overlay-gradient":""},"tablet":{"background-color":"var(--ast-global-color-5)","background-image":"","background-repeat":"repeat","background-position":"center center","background-size":"auto","background-attachment":"scroll","background-type":"","background-media":"","overlay-type":"","overlay-color":"","overlay-opacity":"","overlay-gradient":""},"mobile":{"background-color":"var(--ast-global-color-5)","background-image":"","background-repeat":"repeat","background-position":"center center","background-size":"auto","background-attachment":"scroll","background-type":"","background-media":"","overlay-type":"","overlay-color":"","overlay-opacity":"","overlay-gradient":""}}},"product_brand":[],"product_cat":[513,514,351],"product_tag":[],"class_list":{"0":"post-5627","1":"product","2":"type-product","3":"status-publish","4":"has-post-thumbnail","6":"product_cat-bouteilles-de-vin","7":"product_cat-bouteilles-de-vin-de-750-ml","8":"product_cat-non-categorise","9":"desktop-align-left","10":"tablet-align-left","11":"mobile-align-left","13":"first","14":"instock","15":"shipping-taxable","16":"purchasable","17":"product-type-simple"},"yoast_head":"<!-- This site is optimized with the Yoast SEO plugin v27.4 - https:\/\/yoast.com\/product\/yoast-seo-wordpress\/ -->\n<title>Bouteille de vin de Bordeaux de 750ml, de couleur ambre fonc\u00e9 | 95Glass<\/title>\n<meta name=\"description\" content=\"Bouteille de vin de Bordeaux de couleur ambre fonc\u00e9, aux \u00e9paules larges et offrant une protection contre les UV, con\u00e7ue pour le stockage, le vieillissement et la pr\u00e9sentation \u00e9l\u00e9gante des vins de grande qualit\u00e9.\" \/>\n<meta name=\"robots\" content=\"index, follow, max-snippet:-1, max-image-preview:large, max-video-preview:-1\" \/>\n<link rel=\"canonical\" href=\"https:\/\/95glassbottles.com\/fr\/produit\/bouteille-de-vin-en-verre-ambre-fonce-de-style-bordeaux-750-ml\/\" \/>\n<meta property=\"og:locale\" content=\"fr_FR\" \/>\n<meta property=\"og:type\" content=\"article\" \/>\n<meta property=\"og:title\" content=\"Bouteille de vin de Bordeaux de 750ml, de couleur ambre fonc\u00e9 | 95Glass\" \/>\n<meta property=\"og:description\" content=\"Bouteille de vin de Bordeaux de couleur ambre fonc\u00e9, aux \u00e9paules larges et offrant une protection contre les UV, con\u00e7ue pour le stockage, le vieillissement et la pr\u00e9sentation \u00e9l\u00e9gante des vins de grande qualit\u00e9.\" \/>\n<meta property=\"og:url\" content=\"https:\/\/95glassbottles.com\/fr\/produit\/bouteille-de-vin-en-verre-ambre-fonce-de-style-bordeaux-750-ml\/\" \/>\n<meta property=\"og:site_name\" content=\"95Glass\" \/>\n<meta property=\"article:publisher\" content=\"https:\/\/www.facebook.com\/95Glass\" \/>\n<meta property=\"og:image\" content=\"https:\/\/95glassbottles.com\/wp-content\/uploads\/2025\/08\/NF2102-750ML-970G.png\" \/>\n\t<meta property=\"og:image:width\" content=\"800\" \/>\n\t<meta property=\"og:image:height\" content=\"800\" \/>\n\t<meta property=\"og:image:type\" content=\"image\/png\" \/>\n<meta name=\"twitter:card\" content=\"summary_large_image\" \/>\n<meta name=\"twitter:label1\" content=\"Dur\u00e9e de lecture estim\u00e9e\" \/>\n\t<meta name=\"twitter:data1\" content=\"1 minute\" \/>\n<script type=\"application\/ld+json\" class=\"yoast-schema-graph\">{\"@context\":\"https:\\\/\\\/schema.org\",\"@graph\":[{\"@type\":[\"WebPage\",\"ItemPage\"],\"@id\":\"https:\\\/\\\/95glassbottles.com\\\/fr\\\/produit\\\/bouteille-de-vin-en-verre-ambre-fonce-de-style-bordeaux-750-ml\\\/\",\"url\":\"https:\\\/\\\/95glassbottles.com\\\/fr\\\/produit\\\/bouteille-de-vin-en-verre-ambre-fonce-de-style-bordeaux-750-ml\\\/\",\"name\":\"Bouteille de vin de Bordeaux de 750ml, de couleur ambre fonc\u00e9 | 95Glass\",\"isPartOf\":{\"@id\":\"https:\\\/\\\/95glassbottles.com\\\/fr\\\/#website\"},\"primaryImageOfPage\":{\"@id\":\"https:\\\/\\\/95glassbottles.com\\\/fr\\\/produit\\\/bouteille-de-vin-en-verre-ambre-fonce-de-style-bordeaux-750-ml\\\/#primaryimage\"},\"image\":{\"@id\":\"https:\\\/\\\/95glassbottles.com\\\/fr\\\/produit\\\/bouteille-de-vin-en-verre-ambre-fonce-de-style-bordeaux-750-ml\\\/#primaryimage\"},\"thumbnailUrl\":\"https:\\\/\\\/95glassbottles.com\\\/wp-content\\\/uploads\\\/2025\\\/08\\\/NF2102-750ML-970G.png\",\"datePublished\":\"2025-08-13T08:35:10+00:00\",\"description\":\"Bouteille de vin de Bordeaux de couleur ambre fonc\u00e9, aux \u00e9paules larges et offrant une protection contre les UV, con\u00e7ue pour le stockage, le vieillissement et la pr\u00e9sentation \u00e9l\u00e9gante des vins de grande qualit\u00e9.\",\"breadcrumb\":{\"@id\":\"https:\\\/\\\/95glassbottles.com\\\/fr\\\/produit\\\/bouteille-de-vin-en-verre-ambre-fonce-de-style-bordeaux-750-ml\\\/#breadcrumb\"},\"inLanguage\":\"fr-FR\",\"potentialAction\":[{\"@type\":\"ReadAction\",\"target\":[\"https:\\\/\\\/95glassbottles.com\\\/fr\\\/produit\\\/bouteille-de-vin-en-verre-ambre-fonce-de-style-bordeaux-750-ml\\\/\"]}]},{\"@type\":\"ImageObject\",\"inLanguage\":\"fr-FR\",\"@id\":\"https:\\\/\\\/95glassbottles.com\\\/fr\\\/produit\\\/bouteille-de-vin-en-verre-ambre-fonce-de-style-bordeaux-750-ml\\\/#primaryimage\",\"url\":\"https:\\\/\\\/95glassbottles.com\\\/wp-content\\\/uploads\\\/2025\\\/08\\\/NF2102-750ML-970G.png\",\"contentUrl\":\"https:\\\/\\\/95glassbottles.com\\\/wp-content\\\/uploads\\\/2025\\\/08\\\/NF2102-750ML-970G.png\",\"width\":800,\"height\":800,\"caption\":\"Bouteille de vin de Bordeaux de 750 ml de couleur ambre fonc\u00e9, avec des \u00e9paules larges, id\u00e9ale pour le vieillissement des vins de qualit\u00e9.\"},{\"@type\":\"BreadcrumbList\",\"@id\":\"https:\\\/\\\/95glassbottles.com\\\/fr\\\/produit\\\/bouteille-de-vin-en-verre-ambre-fonce-de-style-bordeaux-750-ml\\\/#breadcrumb\",\"itemListElement\":[{\"@type\":\"ListItem\",\"position\":1,\"name\":\"Home\",\"item\":\"https:\\\/\\\/95glassbottles.com\\\/fr\\\/\"},{\"@type\":\"ListItem\",\"position\":2,\"name\":\"Produits\",\"item\":\"https:\\\/\\\/95glassbottles.com\\\/fr\\\/shop\\\/\"},{\"@type\":\"ListItem\",\"position\":3,\"name\":\"Bouteille de vin en verre ambr\u00e9 fonc\u00e9 de style Bordeaux, 750 ml\"}]},{\"@type\":\"WebSite\",\"@id\":\"https:\\\/\\\/95glassbottles.com\\\/fr\\\/#website\",\"url\":\"https:\\\/\\\/95glassbottles.com\\\/fr\\\/\",\"name\":\"95GlassBottles\",\"description\":\"\",\"publisher\":{\"@id\":\"https:\\\/\\\/95glassbottles.com\\\/fr\\\/#organization\"},\"potentialAction\":[{\"@type\":\"SearchAction\",\"target\":{\"@type\":\"EntryPoint\",\"urlTemplate\":\"https:\\\/\\\/95glassbottles.com\\\/fr\\\/?s={search_term_string}\"},\"query-input\":{\"@type\":\"PropertyValueSpecification\",\"valueRequired\":true,\"valueName\":\"search_term_string\"}}],\"inLanguage\":\"fr-FR\"},{\"@type\":\"Organization\",\"@id\":\"https:\\\/\\\/95glassbottles.com\\\/fr\\\/#organization\",\"name\":\"Shandong Ninety Five Glass Co,.Ltd\",\"url\":\"https:\\\/\\\/95glassbottles.com\\\/fr\\\/\",\"logo\":{\"@type\":\"ImageObject\",\"inLanguage\":\"fr-FR\",\"@id\":\"https:\\\/\\\/95glassbottles.com\\\/fr\\\/#\\\/schema\\\/logo\\\/image\\\/\",\"url\":\"https:\\\/\\\/95glassbottles.com\\\/wp-content\\\/uploads\\\/2025\\\/04\\\/1-3.webp\",\"contentUrl\":\"https:\\\/\\\/95glassbottles.com\\\/wp-content\\\/uploads\\\/2025\\\/04\\\/1-3.webp\",\"width\":350,\"height\":100,\"caption\":\"Shandong Ninety Five Glass Co,.Ltd\"},\"image\":{\"@id\":\"https:\\\/\\\/95glassbottles.com\\\/fr\\\/#\\\/schema\\\/logo\\\/image\\\/\"},\"sameAs\":[\"https:\\\/\\\/www.facebook.com\\\/95Glass\"]}]}<\/script>\n<!-- \/ Yoast SEO plugin. -->","yoast_head_json":{"title":"Bouteille de vin de Bordeaux de 750ml, de couleur ambre fonc\u00e9 | 95Glass","description":"Bouteille de vin de Bordeaux de couleur ambre fonc\u00e9, aux \u00e9paules larges et offrant une protection contre les UV, con\u00e7ue pour le stockage, le vieillissement et la pr\u00e9sentation \u00e9l\u00e9gante des vins de grande qualit\u00e9.","robots":{"index":"index","follow":"follow","max-snippet":"max-snippet:-1","max-image-preview":"max-image-preview:large","max-video-preview":"max-video-preview:-1"},"canonical":"https:\/\/95glassbottles.com\/fr\/produit\/bouteille-de-vin-en-verre-ambre-fonce-de-style-bordeaux-750-ml\/","og_locale":"fr_FR","og_type":"article","og_title":"Bouteille de vin de Bordeaux de 750ml, de couleur ambre fonc\u00e9 | 95Glass","og_description":"Bouteille de vin de Bordeaux de couleur ambre fonc\u00e9, aux \u00e9paules larges et offrant une protection contre les UV, con\u00e7ue pour le stockage, le vieillissement et la pr\u00e9sentation \u00e9l\u00e9gante des vins de grande qualit\u00e9.","og_url":"https:\/\/95glassbottles.com\/fr\/produit\/bouteille-de-vin-en-verre-ambre-fonce-de-style-bordeaux-750-ml\/","og_site_name":"95Glass","article_publisher":"https:\/\/www.facebook.com\/95Glass","og_image":[{"width":800,"height":800,"url":"https:\/\/95glassbottles.com\/wp-content\/uploads\/2025\/08\/NF2102-750ML-970G.png","type":"image\/png"}],"twitter_card":"summary_large_image","twitter_misc":{"Dur\u00e9e de lecture estim\u00e9e":"1 minute"},"schema":{"@context":"https:\/\/schema.org","@graph":[{"@type":["WebPage","ItemPage"],"@id":"https:\/\/95glassbottles.com\/fr\/produit\/bouteille-de-vin-en-verre-ambre-fonce-de-style-bordeaux-750-ml\/","url":"https:\/\/95glassbottles.com\/fr\/produit\/bouteille-de-vin-en-verre-ambre-fonce-de-style-bordeaux-750-ml\/","name":"Bouteille de vin de Bordeaux de 750ml, de couleur ambre fonc\u00e9 | 95Glass","isPartOf":{"@id":"https:\/\/95glassbottles.com\/fr\/#website"},"primaryImageOfPage":{"@id":"https:\/\/95glassbottles.com\/fr\/produit\/bouteille-de-vin-en-verre-ambre-fonce-de-style-bordeaux-750-ml\/#primaryimage"},"image":{"@id":"https:\/\/95glassbottles.com\/fr\/produit\/bouteille-de-vin-en-verre-ambre-fonce-de-style-bordeaux-750-ml\/#primaryimage"},"thumbnailUrl":"https:\/\/95glassbottles.com\/wp-content\/uploads\/2025\/08\/NF2102-750ML-970G.png","datePublished":"2025-08-13T08:35:10+00:00","description":"Bouteille de vin de Bordeaux de couleur ambre fonc\u00e9, aux \u00e9paules larges et offrant une protection contre les UV, con\u00e7ue pour le stockage, le vieillissement et la pr\u00e9sentation \u00e9l\u00e9gante des vins de grande qualit\u00e9.","breadcrumb":{"@id":"https:\/\/95glassbottles.com\/fr\/produit\/bouteille-de-vin-en-verre-ambre-fonce-de-style-bordeaux-750-ml\/#breadcrumb"},"inLanguage":"fr-FR","potentialAction":[{"@type":"ReadAction","target":["https:\/\/95glassbottles.com\/fr\/produit\/bouteille-de-vin-en-verre-ambre-fonce-de-style-bordeaux-750-ml\/"]}]},{"@type":"ImageObject","inLanguage":"fr-FR","@id":"https:\/\/95glassbottles.com\/fr\/produit\/bouteille-de-vin-en-verre-ambre-fonce-de-style-bordeaux-750-ml\/#primaryimage","url":"https:\/\/95glassbottles.com\/wp-content\/uploads\/2025\/08\/NF2102-750ML-970G.png","contentUrl":"https:\/\/95glassbottles.com\/wp-content\/uploads\/2025\/08\/NF2102-750ML-970G.png","width":800,"height":800,"caption":"Bouteille de vin de Bordeaux de 750 ml de couleur ambre fonc\u00e9, avec des \u00e9paules larges, id\u00e9ale pour le vieillissement des vins de qualit\u00e9."},{"@type":"BreadcrumbList","@id":"https:\/\/95glassbottles.com\/fr\/produit\/bouteille-de-vin-en-verre-ambre-fonce-de-style-bordeaux-750-ml\/#breadcrumb","itemListElement":[{"@type":"ListItem","position":1,"name":"Home","item":"https:\/\/95glassbottles.com\/fr\/"},{"@type":"ListItem","position":2,"name":"Produits","item":"https:\/\/95glassbottles.com\/fr\/shop\/"},{"@type":"ListItem","position":3,"name":"Bouteille de vin en verre ambr\u00e9 fonc\u00e9 de style Bordeaux, 750 ml"}]},{"@type":"WebSite","@id":"https:\/\/95glassbottles.com\/fr\/#website","url":"https:\/\/95glassbottles.com\/fr\/","name":"95GlassBottles","description":"","publisher":{"@id":"https:\/\/95glassbottles.com\/fr\/#organization"},"potentialAction":[{"@type":"SearchAction","target":{"@type":"EntryPoint","urlTemplate":"https:\/\/95glassbottles.com\/fr\/?s={search_term_string}"},"query-input":{"@type":"PropertyValueSpecification","valueRequired":true,"valueName":"search_term_string"}}],"inLanguage":"fr-FR"},{"@type":"Organization","@id":"https:\/\/95glassbottles.com\/fr\/#organization","name":"Shandong Ninety Five Glass Co,.Ltd","url":"https:\/\/95glassbottles.com\/fr\/","logo":{"@type":"ImageObject","inLanguage":"fr-FR","@id":"https:\/\/95glassbottles.com\/fr\/#\/schema\/logo\/image\/","url":"https:\/\/95glassbottles.com\/wp-content\/uploads\/2025\/04\/1-3.webp","contentUrl":"https:\/\/95glassbottles.com\/wp-content\/uploads\/2025\/04\/1-3.webp","width":350,"height":100,"caption":"Shandong Ninety Five Glass Co,.Ltd"},"image":{"@id":"https:\/\/95glassbottles.com\/fr\/#\/schema\/logo\/image\/"},"sameAs":["https:\/\/www.facebook.com\/95Glass"]}]}},"_links":{"self":[{"href":"https:\/\/95glassbottles.com\/fr\/wp-json\/wp\/v2\/product\/5627","targetHints":{"allow":["GET"]}}],"collection":[{"href":"https:\/\/95glassbottles.com\/fr\/wp-json\/wp\/v2\/product"}],"about":[{"href":"https:\/\/95glassbottles.com\/fr\/wp-json\/wp\/v2\/types\/product"}],"wp:featuredmedia":[{"embeddable":true,"href":"https:\/\/95glassbottles.com\/fr\/wp-json\/wp\/v2\/media\/4527"}],"wp:attachment":[{"href":"https:\/\/95glassbottles.com\/fr\/wp-json\/wp\/v2\/media?parent=5627"}],"wp:term":[{"taxonomy":"product_brand","embeddable":true,"href":"https:\/\/95glassbottles.com\/fr\/wp-json\/wp\/v2\/product_brand?post=5627"},{"taxonomy":"product_cat","embeddable":true,"href":"https:\/\/95glassbottles.com\/fr\/wp-json\/wp\/v2\/product_cat?post=5627"},{"taxonomy":"product_tag","embeddable":true,"href":"https:\/\/95glassbottles.com\/fr\/wp-json\/wp\/v2\/product_tag?post=5627"}],"curies":[{"name":"wp","href":"https:\/\/api.w.org\/{rel}","templated":true}]}}