{"id":5633,"date":"2025-08-13T06:23:46","date_gmt":"2025-08-13T06:23:46","guid":{"rendered":"https:\/\/95glassbottles.com\/product\/bouteilles-de-vin-en-verre-vert-de-375-ml-avec-bouchon-a-vis\/"},"modified":"2025-08-13T06:23:46","modified_gmt":"2025-08-13T06:23:46","slug":"bouteilles-de-vin-en-verre-vert-de-375-ml-avec-bouchon-a-vis","status":"publish","type":"product","link":"https:\/\/95glassbottles.com\/fr\/produit\/bouteilles-de-vin-en-verre-vert-de-375-ml-avec-bouchon-a-vis\/","title":{"rendered":"Bouteilles de vin en verre vert de 375 ml avec bouchon \u00e0 vis"},"content":{"rendered":"<p>Cette bouteille de vin de 375 ml, dot\u00e9e d&rsquo;un bouchon \u00e0 vis, assure une fermeture herm\u00e9tique. Le verre brun prot\u00e8ge le contenu des rayons UV. Sa forme \u00e9lanc\u00e9e et sa l\u00e9g\u00e8ret\u00e9 la rendent pratique et \u00e9l\u00e9gante. Ce format est id\u00e9al pour les portions de vin en demi-volume, les vins de dessert et les packs promotionnels. Facile \u00e0 manipuler et \u00e0 transporter, elle convient aussi bien aux domaines viticoles qu&rsquo;aux marques de boissons. Gr\u00e2ce \u00e0 sa conception compacte, cette bouteille allie efficacit\u00e9, praticit\u00e9 et esth\u00e9tique, ce qui la rend adapt\u00e9e \u00e0 de nombreuses applications.     <\/p>\n","protected":false},"excerpt":{"rendered":"<p>Bouteille en verre pour vin de 375 ml avec fermeture \u00e0 vis, corps fin et fond bomb\u00e9. Id\u00e9ale pour le conditionnement de petits formats de vin.  Quantit\u00e9 minimale de commande : 12 000 pi\u00e8ces. D\u00e9lai de production : 15 \u00e0 20 jours.<\/p>\n","protected":false},"featured_media":4513,"template":"","meta":{"site-sidebar-layout":"default","site-content-layout":"","ast-site-content-layout":"default","site-content-style":"default","site-sidebar-style":"default","ast-global-header-display":"","ast-banner-title-visibility":"","ast-main-header-display":"","ast-hfb-above-header-display":"","ast-hfb-below-header-display":"","ast-hfb-mobile-header-display":"","site-post-title":"","ast-breadcrumbs-content":"","ast-featured-img":"","footer-sml-layout":"","ast-disable-related-posts":"","theme-transparent-header-meta":"default","adv-header-id-meta":"","stick-header-meta":"","header-above-stick-meta":"","header-main-stick-meta":"","header-below-stick-meta":"","astra-migrate-meta-layouts":"default","ast-page-background-enabled":"default","ast-page-background-meta":{"desktop":{"background-color":"var(--ast-global-color-4)","background-image":"","background-repeat":"repeat","background-position":"center center","background-size":"auto","background-attachment":"scroll","background-type":"","background-media":"","overlay-type":"","overlay-color":"","overlay-opacity":"","overlay-gradient":""},"tablet":{"background-color":"","background-image":"","background-repeat":"repeat","background-position":"center center","background-size":"auto","background-attachment":"scroll","background-type":"","background-media":"","overlay-type":"","overlay-color":"","overlay-opacity":"","overlay-gradient":""},"mobile":{"background-color":"","background-image":"","background-repeat":"repeat","background-position":"center center","background-size":"auto","background-attachment":"scroll","background-type":"","background-media":"","overlay-type":"","overlay-color":"","overlay-opacity":"","overlay-gradient":""}},"ast-content-background-meta":{"desktop":{"background-color":"var(--ast-global-color-5)","background-image":"","background-repeat":"repeat","background-position":"center center","background-size":"auto","background-attachment":"scroll","background-type":"","background-media":"","overlay-type":"","overlay-color":"","overlay-opacity":"","overlay-gradient":""},"tablet":{"background-color":"var(--ast-global-color-5)","background-image":"","background-repeat":"repeat","background-position":"center center","background-size":"auto","background-attachment":"scroll","background-type":"","background-media":"","overlay-type":"","overlay-color":"","overlay-opacity":"","overlay-gradient":""},"mobile":{"background-color":"var(--ast-global-color-5)","background-image":"","background-repeat":"repeat","background-position":"center center","background-size":"auto","background-attachment":"scroll","background-type":"","background-media":"","overlay-type":"","overlay-color":"","overlay-opacity":"","overlay-gradient":""}}},"product_brand":[],"product_cat":[513,524,351],"product_tag":[],"class_list":{"0":"post-5633","1":"product","2":"type-product","3":"status-publish","4":"has-post-thumbnail","6":"product_cat-bouteilles-de-vin","7":"product_cat-bouteilles-de-vin-de-375-ml","8":"product_cat-non-categorise","9":"desktop-align-left","10":"tablet-align-left","11":"mobile-align-left","13":"first","14":"instock","15":"shipping-taxable","16":"purchasable","17":"product-type-simple"},"yoast_head":"<!-- This site is optimized with the Yoast SEO plugin v27.4 - https:\/\/yoast.com\/product\/yoast-seo-wordpress\/ -->\n<title>Petites bouteilles de vin en verre vert avec bouchon \u00e0 vis | 95Glass<\/title>\n<meta name=\"description\" content=\"\u00c9l\u00e9gantes petites bouteilles de vin en verre vert avec un col fin et un bouchon \u00e0 vis, offrant une protection UV, de la fra\u00eecheur et du style pour le stockage du vin ou pour offrir.\" \/>\n<meta name=\"robots\" content=\"index, follow, max-snippet:-1, max-image-preview:large, max-video-preview:-1\" \/>\n<link rel=\"canonical\" href=\"https:\/\/95glassbottles.com\/fr\/produit\/bouteilles-de-vin-en-verre-vert-de-375-ml-avec-bouchon-a-vis\/\" \/>\n<meta property=\"og:locale\" content=\"fr_FR\" \/>\n<meta property=\"og:type\" content=\"article\" \/>\n<meta property=\"og:title\" content=\"Petites bouteilles de vin en verre vert avec bouchon \u00e0 vis | 95Glass\" \/>\n<meta property=\"og:description\" content=\"\u00c9l\u00e9gantes petites bouteilles de vin en verre vert avec un col fin et un bouchon \u00e0 vis, offrant une protection UV, de la fra\u00eecheur et du style pour le stockage du vin ou pour offrir.\" \/>\n<meta property=\"og:url\" content=\"https:\/\/95glassbottles.com\/fr\/produit\/bouteilles-de-vin-en-verre-vert-de-375-ml-avec-bouchon-a-vis\/\" \/>\n<meta property=\"og:site_name\" content=\"95Glass\" \/>\n<meta property=\"article:publisher\" content=\"https:\/\/www.facebook.com\/95Glass\" \/>\n<meta property=\"og:image\" content=\"https:\/\/95glassbottles.com\/wp-content\/uploads\/2025\/08\/NF2108-375ML-200G.jpg\" \/>\n\t<meta property=\"og:image:width\" content=\"500\" \/>\n\t<meta property=\"og:image:height\" content=\"500\" \/>\n\t<meta property=\"og:image:type\" content=\"image\/jpeg\" \/>\n<meta name=\"twitter:card\" content=\"summary_large_image\" \/>\n<script type=\"application\/ld+json\" class=\"yoast-schema-graph\">{\"@context\":\"https:\\\/\\\/schema.org\",\"@graph\":[{\"@type\":[\"WebPage\",\"ItemPage\"],\"@id\":\"https:\\\/\\\/95glassbottles.com\\\/fr\\\/produit\\\/bouteilles-de-vin-en-verre-vert-de-375-ml-avec-bouchon-a-vis\\\/\",\"url\":\"https:\\\/\\\/95glassbottles.com\\\/fr\\\/produit\\\/bouteilles-de-vin-en-verre-vert-de-375-ml-avec-bouchon-a-vis\\\/\",\"name\":\"Petites bouteilles de vin en verre vert avec bouchon \u00e0 vis | 95Glass\",\"isPartOf\":{\"@id\":\"https:\\\/\\\/95glassbottles.com\\\/fr\\\/#website\"},\"primaryImageOfPage\":{\"@id\":\"https:\\\/\\\/95glassbottles.com\\\/fr\\\/produit\\\/bouteilles-de-vin-en-verre-vert-de-375-ml-avec-bouchon-a-vis\\\/#primaryimage\"},\"image\":{\"@id\":\"https:\\\/\\\/95glassbottles.com\\\/fr\\\/produit\\\/bouteilles-de-vin-en-verre-vert-de-375-ml-avec-bouchon-a-vis\\\/#primaryimage\"},\"thumbnailUrl\":\"https:\\\/\\\/95glassbottles.com\\\/wp-content\\\/uploads\\\/2025\\\/08\\\/NF2108-375ML-200G.jpg\",\"datePublished\":\"2025-08-13T06:23:46+00:00\",\"description\":\"\u00c9l\u00e9gantes petites bouteilles de vin en verre vert avec un col fin et un bouchon \u00e0 vis, offrant une protection UV, de la fra\u00eecheur et du style pour le stockage du vin ou pour offrir.\",\"breadcrumb\":{\"@id\":\"https:\\\/\\\/95glassbottles.com\\\/fr\\\/produit\\\/bouteilles-de-vin-en-verre-vert-de-375-ml-avec-bouchon-a-vis\\\/#breadcrumb\"},\"inLanguage\":\"fr-FR\",\"potentialAction\":[{\"@type\":\"ReadAction\",\"target\":[\"https:\\\/\\\/95glassbottles.com\\\/fr\\\/produit\\\/bouteilles-de-vin-en-verre-vert-de-375-ml-avec-bouchon-a-vis\\\/\"]}]},{\"@type\":\"ImageObject\",\"inLanguage\":\"fr-FR\",\"@id\":\"https:\\\/\\\/95glassbottles.com\\\/fr\\\/produit\\\/bouteilles-de-vin-en-verre-vert-de-375-ml-avec-bouchon-a-vis\\\/#primaryimage\",\"url\":\"https:\\\/\\\/95glassbottles.com\\\/wp-content\\\/uploads\\\/2025\\\/08\\\/NF2108-375ML-200G.jpg\",\"contentUrl\":\"https:\\\/\\\/95glassbottles.com\\\/wp-content\\\/uploads\\\/2025\\\/08\\\/NF2108-375ML-200G.jpg\",\"width\":500,\"height\":500,\"caption\":\"Bouteille de vin en verre vert \u00e9l\u00e9gante de petite taille avec bouchon \u00e0 vis herm\u00e9tique, id\u00e9ale pour la conservation du vin.\"},{\"@type\":\"BreadcrumbList\",\"@id\":\"https:\\\/\\\/95glassbottles.com\\\/fr\\\/produit\\\/bouteilles-de-vin-en-verre-vert-de-375-ml-avec-bouchon-a-vis\\\/#breadcrumb\",\"itemListElement\":[{\"@type\":\"ListItem\",\"position\":1,\"name\":\"Home\",\"item\":\"https:\\\/\\\/95glassbottles.com\\\/fr\\\/\"},{\"@type\":\"ListItem\",\"position\":2,\"name\":\"Produits\",\"item\":\"https:\\\/\\\/95glassbottles.com\\\/fr\\\/shop\\\/\"},{\"@type\":\"ListItem\",\"position\":3,\"name\":\"Bouteilles de vin en verre vert de 375 ml avec bouchon \u00e0 vis\"}]},{\"@type\":\"WebSite\",\"@id\":\"https:\\\/\\\/95glassbottles.com\\\/fr\\\/#website\",\"url\":\"https:\\\/\\\/95glassbottles.com\\\/fr\\\/\",\"name\":\"95GlassBottles\",\"description\":\"\",\"publisher\":{\"@id\":\"https:\\\/\\\/95glassbottles.com\\\/fr\\\/#organization\"},\"potentialAction\":[{\"@type\":\"SearchAction\",\"target\":{\"@type\":\"EntryPoint\",\"urlTemplate\":\"https:\\\/\\\/95glassbottles.com\\\/fr\\\/?s={search_term_string}\"},\"query-input\":{\"@type\":\"PropertyValueSpecification\",\"valueRequired\":true,\"valueName\":\"search_term_string\"}}],\"inLanguage\":\"fr-FR\"},{\"@type\":\"Organization\",\"@id\":\"https:\\\/\\\/95glassbottles.com\\\/fr\\\/#organization\",\"name\":\"Shandong Ninety Five Glass Co,.Ltd\",\"url\":\"https:\\\/\\\/95glassbottles.com\\\/fr\\\/\",\"logo\":{\"@type\":\"ImageObject\",\"inLanguage\":\"fr-FR\",\"@id\":\"https:\\\/\\\/95glassbottles.com\\\/fr\\\/#\\\/schema\\\/logo\\\/image\\\/\",\"url\":\"https:\\\/\\\/95glassbottles.com\\\/wp-content\\\/uploads\\\/2025\\\/04\\\/1-3.webp\",\"contentUrl\":\"https:\\\/\\\/95glassbottles.com\\\/wp-content\\\/uploads\\\/2025\\\/04\\\/1-3.webp\",\"width\":350,\"height\":100,\"caption\":\"Shandong Ninety Five Glass Co,.Ltd\"},\"image\":{\"@id\":\"https:\\\/\\\/95glassbottles.com\\\/fr\\\/#\\\/schema\\\/logo\\\/image\\\/\"},\"sameAs\":[\"https:\\\/\\\/www.facebook.com\\\/95Glass\"]}]}<\/script>\n<!-- \/ Yoast SEO plugin. -->","yoast_head_json":{"title":"Petites bouteilles de vin en verre vert avec bouchon \u00e0 vis | 95Glass","description":"\u00c9l\u00e9gantes petites bouteilles de vin en verre vert avec un col fin et un bouchon \u00e0 vis, offrant une protection UV, de la fra\u00eecheur et du style pour le stockage du vin ou pour offrir.","robots":{"index":"index","follow":"follow","max-snippet":"max-snippet:-1","max-image-preview":"max-image-preview:large","max-video-preview":"max-video-preview:-1"},"canonical":"https:\/\/95glassbottles.com\/fr\/produit\/bouteilles-de-vin-en-verre-vert-de-375-ml-avec-bouchon-a-vis\/","og_locale":"fr_FR","og_type":"article","og_title":"Petites bouteilles de vin en verre vert avec bouchon \u00e0 vis | 95Glass","og_description":"\u00c9l\u00e9gantes petites bouteilles de vin en verre vert avec un col fin et un bouchon \u00e0 vis, offrant une protection UV, de la fra\u00eecheur et du style pour le stockage du vin ou pour offrir.","og_url":"https:\/\/95glassbottles.com\/fr\/produit\/bouteilles-de-vin-en-verre-vert-de-375-ml-avec-bouchon-a-vis\/","og_site_name":"95Glass","article_publisher":"https:\/\/www.facebook.com\/95Glass","og_image":[{"width":500,"height":500,"url":"https:\/\/95glassbottles.com\/wp-content\/uploads\/2025\/08\/NF2108-375ML-200G.jpg","type":"image\/jpeg"}],"twitter_card":"summary_large_image","schema":{"@context":"https:\/\/schema.org","@graph":[{"@type":["WebPage","ItemPage"],"@id":"https:\/\/95glassbottles.com\/fr\/produit\/bouteilles-de-vin-en-verre-vert-de-375-ml-avec-bouchon-a-vis\/","url":"https:\/\/95glassbottles.com\/fr\/produit\/bouteilles-de-vin-en-verre-vert-de-375-ml-avec-bouchon-a-vis\/","name":"Petites bouteilles de vin en verre vert avec bouchon \u00e0 vis | 95Glass","isPartOf":{"@id":"https:\/\/95glassbottles.com\/fr\/#website"},"primaryImageOfPage":{"@id":"https:\/\/95glassbottles.com\/fr\/produit\/bouteilles-de-vin-en-verre-vert-de-375-ml-avec-bouchon-a-vis\/#primaryimage"},"image":{"@id":"https:\/\/95glassbottles.com\/fr\/produit\/bouteilles-de-vin-en-verre-vert-de-375-ml-avec-bouchon-a-vis\/#primaryimage"},"thumbnailUrl":"https:\/\/95glassbottles.com\/wp-content\/uploads\/2025\/08\/NF2108-375ML-200G.jpg","datePublished":"2025-08-13T06:23:46+00:00","description":"\u00c9l\u00e9gantes petites bouteilles de vin en verre vert avec un col fin et un bouchon \u00e0 vis, offrant une protection UV, de la fra\u00eecheur et du style pour le stockage du vin ou pour offrir.","breadcrumb":{"@id":"https:\/\/95glassbottles.com\/fr\/produit\/bouteilles-de-vin-en-verre-vert-de-375-ml-avec-bouchon-a-vis\/#breadcrumb"},"inLanguage":"fr-FR","potentialAction":[{"@type":"ReadAction","target":["https:\/\/95glassbottles.com\/fr\/produit\/bouteilles-de-vin-en-verre-vert-de-375-ml-avec-bouchon-a-vis\/"]}]},{"@type":"ImageObject","inLanguage":"fr-FR","@id":"https:\/\/95glassbottles.com\/fr\/produit\/bouteilles-de-vin-en-verre-vert-de-375-ml-avec-bouchon-a-vis\/#primaryimage","url":"https:\/\/95glassbottles.com\/wp-content\/uploads\/2025\/08\/NF2108-375ML-200G.jpg","contentUrl":"https:\/\/95glassbottles.com\/wp-content\/uploads\/2025\/08\/NF2108-375ML-200G.jpg","width":500,"height":500,"caption":"Bouteille de vin en verre vert \u00e9l\u00e9gante de petite taille avec bouchon \u00e0 vis herm\u00e9tique, id\u00e9ale pour la conservation du vin."},{"@type":"BreadcrumbList","@id":"https:\/\/95glassbottles.com\/fr\/produit\/bouteilles-de-vin-en-verre-vert-de-375-ml-avec-bouchon-a-vis\/#breadcrumb","itemListElement":[{"@type":"ListItem","position":1,"name":"Home","item":"https:\/\/95glassbottles.com\/fr\/"},{"@type":"ListItem","position":2,"name":"Produits","item":"https:\/\/95glassbottles.com\/fr\/shop\/"},{"@type":"ListItem","position":3,"name":"Bouteilles de vin en verre vert de 375 ml avec bouchon \u00e0 vis"}]},{"@type":"WebSite","@id":"https:\/\/95glassbottles.com\/fr\/#website","url":"https:\/\/95glassbottles.com\/fr\/","name":"95GlassBottles","description":"","publisher":{"@id":"https:\/\/95glassbottles.com\/fr\/#organization"},"potentialAction":[{"@type":"SearchAction","target":{"@type":"EntryPoint","urlTemplate":"https:\/\/95glassbottles.com\/fr\/?s={search_term_string}"},"query-input":{"@type":"PropertyValueSpecification","valueRequired":true,"valueName":"search_term_string"}}],"inLanguage":"fr-FR"},{"@type":"Organization","@id":"https:\/\/95glassbottles.com\/fr\/#organization","name":"Shandong Ninety Five Glass Co,.Ltd","url":"https:\/\/95glassbottles.com\/fr\/","logo":{"@type":"ImageObject","inLanguage":"fr-FR","@id":"https:\/\/95glassbottles.com\/fr\/#\/schema\/logo\/image\/","url":"https:\/\/95glassbottles.com\/wp-content\/uploads\/2025\/04\/1-3.webp","contentUrl":"https:\/\/95glassbottles.com\/wp-content\/uploads\/2025\/04\/1-3.webp","width":350,"height":100,"caption":"Shandong Ninety Five Glass Co,.Ltd"},"image":{"@id":"https:\/\/95glassbottles.com\/fr\/#\/schema\/logo\/image\/"},"sameAs":["https:\/\/www.facebook.com\/95Glass"]}]}},"_links":{"self":[{"href":"https:\/\/95glassbottles.com\/fr\/wp-json\/wp\/v2\/product\/5633","targetHints":{"allow":["GET"]}}],"collection":[{"href":"https:\/\/95glassbottles.com\/fr\/wp-json\/wp\/v2\/product"}],"about":[{"href":"https:\/\/95glassbottles.com\/fr\/wp-json\/wp\/v2\/types\/product"}],"wp:featuredmedia":[{"embeddable":true,"href":"https:\/\/95glassbottles.com\/fr\/wp-json\/wp\/v2\/media\/4513"}],"wp:attachment":[{"href":"https:\/\/95glassbottles.com\/fr\/wp-json\/wp\/v2\/media?parent=5633"}],"wp:term":[{"taxonomy":"product_brand","embeddable":true,"href":"https:\/\/95glassbottles.com\/fr\/wp-json\/wp\/v2\/product_brand?post=5633"},{"taxonomy":"product_cat","embeddable":true,"href":"https:\/\/95glassbottles.com\/fr\/wp-json\/wp\/v2\/product_cat?post=5633"},{"taxonomy":"product_tag","embeddable":true,"href":"https:\/\/95glassbottles.com\/fr\/wp-json\/wp\/v2\/product_tag?post=5633"}],"curies":[{"name":"wp","href":"https:\/\/api.w.org\/{rel}","templated":true}]}}