{"id":5639,"date":"2025-08-13T05:35:16","date_gmt":"2025-08-13T05:35:16","guid":{"rendered":"https:\/\/95glassbottles.com\/product\/bouteille-de-vin-en-verre-ambre-de-750-ml-personnalisable\/"},"modified":"2025-08-13T05:35:16","modified_gmt":"2025-08-13T05:35:16","slug":"bouteille-de-vin-en-verre-ambre-de-750-ml-personnalisable","status":"publish","type":"product","link":"https:\/\/95glassbottles.com\/fr\/produit\/bouteille-de-vin-en-verre-ambre-de-750-ml-personnalisable\/","title":{"rendered":"Bouteille de vin en verre ambr\u00e9 de 750 ml personnalisable"},"content":{"rendered":"<p>Cette bouteille de vin de 750 ml est fabriqu\u00e9e en verre brun r\u00e9sistant. Son bouchon \u00e0 vis assure une fermeture herm\u00e9tique et pratique. Son design \u00e9l\u00e9gant et \u00e9lanc\u00e9, inspir\u00e9 des bouteilles de Bordeaux, conf\u00e8re un aspect raffin\u00e9 et haut de gamme. Le verre brun prot\u00e8ge efficacement le vin des rayons UV, pr\u00e9servant ainsi sa fra\u00eecheur et ses ar\u00f4mes. Convient aussi bien aux vins rouges qu&rsquo;aux vins blancs et aux boissons sp\u00e9ciales, elle allie fonctionnalit\u00e9 et \u00e9l\u00e9gance. L\u00e9g\u00e8re mais robuste, elle r\u00e9pond aux besoins des domaines viticoles, des marques de boissons et de tous ceux qui recherchent un conditionnement de qualit\u00e9 sup\u00e9rieure.     <\/p>\n","protected":false},"excerpt":{"rendered":"<p>Bouteille de vin en verre ambr\u00e9 de 750 ml avec fermeture \u00e0 vis, corps fin et col arrondi. Un design robuste et \u00e9l\u00e9gant, id\u00e9al pour les vins blancs et les vins effervescents.  Quantit\u00e9 minimale de commande : 12 000 pi\u00e8ces. D\u00e9lai de production : 15 \u00e0 20 jours.<\/p>\n","protected":false},"featured_media":4506,"template":"","meta":{"site-sidebar-layout":"default","site-content-layout":"","ast-site-content-layout":"default","site-content-style":"default","site-sidebar-style":"default","ast-global-header-display":"","ast-banner-title-visibility":"","ast-main-header-display":"","ast-hfb-above-header-display":"","ast-hfb-below-header-display":"","ast-hfb-mobile-header-display":"","site-post-title":"","ast-breadcrumbs-content":"","ast-featured-img":"","footer-sml-layout":"","ast-disable-related-posts":"","theme-transparent-header-meta":"default","adv-header-id-meta":"","stick-header-meta":"","header-above-stick-meta":"","header-main-stick-meta":"","header-below-stick-meta":"","astra-migrate-meta-layouts":"default","ast-page-background-enabled":"default","ast-page-background-meta":{"desktop":{"background-color":"var(--ast-global-color-4)","background-image":"","background-repeat":"repeat","background-position":"center center","background-size":"auto","background-attachment":"scroll","background-type":"","background-media":"","overlay-type":"","overlay-color":"","overlay-opacity":"","overlay-gradient":""},"tablet":{"background-color":"","background-image":"","background-repeat":"repeat","background-position":"center center","background-size":"auto","background-attachment":"scroll","background-type":"","background-media":"","overlay-type":"","overlay-color":"","overlay-opacity":"","overlay-gradient":""},"mobile":{"background-color":"","background-image":"","background-repeat":"repeat","background-position":"center center","background-size":"auto","background-attachment":"scroll","background-type":"","background-media":"","overlay-type":"","overlay-color":"","overlay-opacity":"","overlay-gradient":""}},"ast-content-background-meta":{"desktop":{"background-color":"var(--ast-global-color-5)","background-image":"","background-repeat":"repeat","background-position":"center center","background-size":"auto","background-attachment":"scroll","background-type":"","background-media":"","overlay-type":"","overlay-color":"","overlay-opacity":"","overlay-gradient":""},"tablet":{"background-color":"var(--ast-global-color-5)","background-image":"","background-repeat":"repeat","background-position":"center center","background-size":"auto","background-attachment":"scroll","background-type":"","background-media":"","overlay-type":"","overlay-color":"","overlay-opacity":"","overlay-gradient":""},"mobile":{"background-color":"var(--ast-global-color-5)","background-image":"","background-repeat":"repeat","background-position":"center center","background-size":"auto","background-attachment":"scroll","background-type":"","background-media":"","overlay-type":"","overlay-color":"","overlay-opacity":"","overlay-gradient":""}}},"product_brand":[],"product_cat":[513,514,351],"product_tag":[],"class_list":{"0":"post-5639","1":"product","2":"type-product","3":"status-publish","4":"has-post-thumbnail","6":"product_cat-bouteilles-de-vin","7":"product_cat-bouteilles-de-vin-de-750-ml","8":"product_cat-non-categorise","9":"desktop-align-left","10":"tablet-align-left","11":"mobile-align-left","13":"first","14":"instock","15":"shipping-taxable","16":"purchasable","17":"product-type-simple"},"yoast_head":"<!-- This site is optimized with the Yoast SEO plugin v27.4 - https:\/\/yoast.com\/product\/yoast-seo-wordpress\/ -->\n<title>Bouteilles de vin en verre ambr\u00e9 personnalis\u00e9es | 95Glass<\/title>\n<meta name=\"description\" content=\"Bouteilles de vin en verre ambr\u00e9 personnalis\u00e9es au design \u00e9l\u00e9gant avec col allong\u00e9, parfaites pour le conditionnement et la mise en valeur des vins, tout en prot\u00e9geant le vin de la lumi\u00e8re.\" \/>\n<meta name=\"robots\" content=\"index, follow, max-snippet:-1, max-image-preview:large, max-video-preview:-1\" \/>\n<link rel=\"canonical\" href=\"https:\/\/95glassbottles.com\/fr\/produit\/bouteille-de-vin-en-verre-ambre-de-750-ml-personnalisable\/\" \/>\n<meta property=\"og:locale\" content=\"fr_FR\" \/>\n<meta property=\"og:type\" content=\"article\" \/>\n<meta property=\"og:title\" content=\"Bouteilles de vin en verre ambr\u00e9 personnalis\u00e9es | 95Glass\" \/>\n<meta property=\"og:description\" content=\"Bouteilles de vin en verre ambr\u00e9 personnalis\u00e9es au design \u00e9l\u00e9gant avec col allong\u00e9, parfaites pour le conditionnement et la mise en valeur des vins, tout en prot\u00e9geant le vin de la lumi\u00e8re.\" \/>\n<meta property=\"og:url\" content=\"https:\/\/95glassbottles.com\/fr\/produit\/bouteille-de-vin-en-verre-ambre-de-750-ml-personnalisable\/\" \/>\n<meta property=\"og:site_name\" content=\"95Glass\" \/>\n<meta property=\"article:publisher\" content=\"https:\/\/www.facebook.com\/95Glass\" \/>\n<meta property=\"og:image\" content=\"https:\/\/95glassbottles.com\/wp-content\/uploads\/2025\/08\/NF2144-750ML-650g.jpg\" \/>\n\t<meta property=\"og:image:width\" content=\"500\" \/>\n\t<meta property=\"og:image:height\" content=\"500\" \/>\n\t<meta property=\"og:image:type\" content=\"image\/jpeg\" \/>\n<meta name=\"twitter:card\" content=\"summary_large_image\" \/>\n<meta name=\"twitter:label1\" content=\"Dur\u00e9e de lecture estim\u00e9e\" \/>\n\t<meta name=\"twitter:data1\" content=\"1 minute\" \/>\n<script type=\"application\/ld+json\" class=\"yoast-schema-graph\">{\"@context\":\"https:\\\/\\\/schema.org\",\"@graph\":[{\"@type\":[\"WebPage\",\"ItemPage\"],\"@id\":\"https:\\\/\\\/95glassbottles.com\\\/fr\\\/produit\\\/bouteille-de-vin-en-verre-ambre-de-750-ml-personnalisable\\\/\",\"url\":\"https:\\\/\\\/95glassbottles.com\\\/fr\\\/produit\\\/bouteille-de-vin-en-verre-ambre-de-750-ml-personnalisable\\\/\",\"name\":\"Bouteilles de vin en verre ambr\u00e9 personnalis\u00e9es | 95Glass\",\"isPartOf\":{\"@id\":\"https:\\\/\\\/95glassbottles.com\\\/fr\\\/#website\"},\"primaryImageOfPage\":{\"@id\":\"https:\\\/\\\/95glassbottles.com\\\/fr\\\/produit\\\/bouteille-de-vin-en-verre-ambre-de-750-ml-personnalisable\\\/#primaryimage\"},\"image\":{\"@id\":\"https:\\\/\\\/95glassbottles.com\\\/fr\\\/produit\\\/bouteille-de-vin-en-verre-ambre-de-750-ml-personnalisable\\\/#primaryimage\"},\"thumbnailUrl\":\"https:\\\/\\\/95glassbottles.com\\\/wp-content\\\/uploads\\\/2025\\\/08\\\/NF2144-750ML-650g.jpg\",\"datePublished\":\"2025-08-13T05:35:16+00:00\",\"description\":\"Bouteilles de vin en verre ambr\u00e9 personnalis\u00e9es au design \u00e9l\u00e9gant avec col allong\u00e9, parfaites pour le conditionnement et la mise en valeur des vins, tout en prot\u00e9geant le vin de la lumi\u00e8re.\",\"breadcrumb\":{\"@id\":\"https:\\\/\\\/95glassbottles.com\\\/fr\\\/produit\\\/bouteille-de-vin-en-verre-ambre-de-750-ml-personnalisable\\\/#breadcrumb\"},\"inLanguage\":\"fr-FR\",\"potentialAction\":[{\"@type\":\"ReadAction\",\"target\":[\"https:\\\/\\\/95glassbottles.com\\\/fr\\\/produit\\\/bouteille-de-vin-en-verre-ambre-de-750-ml-personnalisable\\\/\"]}]},{\"@type\":\"ImageObject\",\"inLanguage\":\"fr-FR\",\"@id\":\"https:\\\/\\\/95glassbottles.com\\\/fr\\\/produit\\\/bouteille-de-vin-en-verre-ambre-de-750-ml-personnalisable\\\/#primaryimage\",\"url\":\"https:\\\/\\\/95glassbottles.com\\\/wp-content\\\/uploads\\\/2025\\\/08\\\/NF2144-750ML-650g.jpg\",\"contentUrl\":\"https:\\\/\\\/95glassbottles.com\\\/wp-content\\\/uploads\\\/2025\\\/08\\\/NF2144-750ML-650g.jpg\",\"width\":500,\"height\":500,\"caption\":\"Bouteille de vin en verre ambr\u00e9 de 750 ml personnalisable, id\u00e9ale pour le conditionnement de vin.\"},{\"@type\":\"BreadcrumbList\",\"@id\":\"https:\\\/\\\/95glassbottles.com\\\/fr\\\/produit\\\/bouteille-de-vin-en-verre-ambre-de-750-ml-personnalisable\\\/#breadcrumb\",\"itemListElement\":[{\"@type\":\"ListItem\",\"position\":1,\"name\":\"Home\",\"item\":\"https:\\\/\\\/95glassbottles.com\\\/fr\\\/\"},{\"@type\":\"ListItem\",\"position\":2,\"name\":\"Produits\",\"item\":\"https:\\\/\\\/95glassbottles.com\\\/fr\\\/shop\\\/\"},{\"@type\":\"ListItem\",\"position\":3,\"name\":\"Bouteille de vin en verre ambr\u00e9 de 750 ml personnalisable\"}]},{\"@type\":\"WebSite\",\"@id\":\"https:\\\/\\\/95glassbottles.com\\\/fr\\\/#website\",\"url\":\"https:\\\/\\\/95glassbottles.com\\\/fr\\\/\",\"name\":\"95GlassBottles\",\"description\":\"\",\"publisher\":{\"@id\":\"https:\\\/\\\/95glassbottles.com\\\/fr\\\/#organization\"},\"potentialAction\":[{\"@type\":\"SearchAction\",\"target\":{\"@type\":\"EntryPoint\",\"urlTemplate\":\"https:\\\/\\\/95glassbottles.com\\\/fr\\\/?s={search_term_string}\"},\"query-input\":{\"@type\":\"PropertyValueSpecification\",\"valueRequired\":true,\"valueName\":\"search_term_string\"}}],\"inLanguage\":\"fr-FR\"},{\"@type\":\"Organization\",\"@id\":\"https:\\\/\\\/95glassbottles.com\\\/fr\\\/#organization\",\"name\":\"Shandong Ninety Five Glass Co,.Ltd\",\"url\":\"https:\\\/\\\/95glassbottles.com\\\/fr\\\/\",\"logo\":{\"@type\":\"ImageObject\",\"inLanguage\":\"fr-FR\",\"@id\":\"https:\\\/\\\/95glassbottles.com\\\/fr\\\/#\\\/schema\\\/logo\\\/image\\\/\",\"url\":\"https:\\\/\\\/95glassbottles.com\\\/wp-content\\\/uploads\\\/2025\\\/04\\\/1-3.webp\",\"contentUrl\":\"https:\\\/\\\/95glassbottles.com\\\/wp-content\\\/uploads\\\/2025\\\/04\\\/1-3.webp\",\"width\":350,\"height\":100,\"caption\":\"Shandong Ninety Five Glass Co,.Ltd\"},\"image\":{\"@id\":\"https:\\\/\\\/95glassbottles.com\\\/fr\\\/#\\\/schema\\\/logo\\\/image\\\/\"},\"sameAs\":[\"https:\\\/\\\/www.facebook.com\\\/95Glass\"]}]}<\/script>\n<!-- \/ Yoast SEO plugin. -->","yoast_head_json":{"title":"Bouteilles de vin en verre ambr\u00e9 personnalis\u00e9es | 95Glass","description":"Bouteilles de vin en verre ambr\u00e9 personnalis\u00e9es au design \u00e9l\u00e9gant avec col allong\u00e9, parfaites pour le conditionnement et la mise en valeur des vins, tout en prot\u00e9geant le vin de la lumi\u00e8re.","robots":{"index":"index","follow":"follow","max-snippet":"max-snippet:-1","max-image-preview":"max-image-preview:large","max-video-preview":"max-video-preview:-1"},"canonical":"https:\/\/95glassbottles.com\/fr\/produit\/bouteille-de-vin-en-verre-ambre-de-750-ml-personnalisable\/","og_locale":"fr_FR","og_type":"article","og_title":"Bouteilles de vin en verre ambr\u00e9 personnalis\u00e9es | 95Glass","og_description":"Bouteilles de vin en verre ambr\u00e9 personnalis\u00e9es au design \u00e9l\u00e9gant avec col allong\u00e9, parfaites pour le conditionnement et la mise en valeur des vins, tout en prot\u00e9geant le vin de la lumi\u00e8re.","og_url":"https:\/\/95glassbottles.com\/fr\/produit\/bouteille-de-vin-en-verre-ambre-de-750-ml-personnalisable\/","og_site_name":"95Glass","article_publisher":"https:\/\/www.facebook.com\/95Glass","og_image":[{"width":500,"height":500,"url":"https:\/\/95glassbottles.com\/wp-content\/uploads\/2025\/08\/NF2144-750ML-650g.jpg","type":"image\/jpeg"}],"twitter_card":"summary_large_image","twitter_misc":{"Dur\u00e9e de lecture estim\u00e9e":"1 minute"},"schema":{"@context":"https:\/\/schema.org","@graph":[{"@type":["WebPage","ItemPage"],"@id":"https:\/\/95glassbottles.com\/fr\/produit\/bouteille-de-vin-en-verre-ambre-de-750-ml-personnalisable\/","url":"https:\/\/95glassbottles.com\/fr\/produit\/bouteille-de-vin-en-verre-ambre-de-750-ml-personnalisable\/","name":"Bouteilles de vin en verre ambr\u00e9 personnalis\u00e9es | 95Glass","isPartOf":{"@id":"https:\/\/95glassbottles.com\/fr\/#website"},"primaryImageOfPage":{"@id":"https:\/\/95glassbottles.com\/fr\/produit\/bouteille-de-vin-en-verre-ambre-de-750-ml-personnalisable\/#primaryimage"},"image":{"@id":"https:\/\/95glassbottles.com\/fr\/produit\/bouteille-de-vin-en-verre-ambre-de-750-ml-personnalisable\/#primaryimage"},"thumbnailUrl":"https:\/\/95glassbottles.com\/wp-content\/uploads\/2025\/08\/NF2144-750ML-650g.jpg","datePublished":"2025-08-13T05:35:16+00:00","description":"Bouteilles de vin en verre ambr\u00e9 personnalis\u00e9es au design \u00e9l\u00e9gant avec col allong\u00e9, parfaites pour le conditionnement et la mise en valeur des vins, tout en prot\u00e9geant le vin de la lumi\u00e8re.","breadcrumb":{"@id":"https:\/\/95glassbottles.com\/fr\/produit\/bouteille-de-vin-en-verre-ambre-de-750-ml-personnalisable\/#breadcrumb"},"inLanguage":"fr-FR","potentialAction":[{"@type":"ReadAction","target":["https:\/\/95glassbottles.com\/fr\/produit\/bouteille-de-vin-en-verre-ambre-de-750-ml-personnalisable\/"]}]},{"@type":"ImageObject","inLanguage":"fr-FR","@id":"https:\/\/95glassbottles.com\/fr\/produit\/bouteille-de-vin-en-verre-ambre-de-750-ml-personnalisable\/#primaryimage","url":"https:\/\/95glassbottles.com\/wp-content\/uploads\/2025\/08\/NF2144-750ML-650g.jpg","contentUrl":"https:\/\/95glassbottles.com\/wp-content\/uploads\/2025\/08\/NF2144-750ML-650g.jpg","width":500,"height":500,"caption":"Bouteille de vin en verre ambr\u00e9 de 750 ml personnalisable, id\u00e9ale pour le conditionnement de vin."},{"@type":"BreadcrumbList","@id":"https:\/\/95glassbottles.com\/fr\/produit\/bouteille-de-vin-en-verre-ambre-de-750-ml-personnalisable\/#breadcrumb","itemListElement":[{"@type":"ListItem","position":1,"name":"Home","item":"https:\/\/95glassbottles.com\/fr\/"},{"@type":"ListItem","position":2,"name":"Produits","item":"https:\/\/95glassbottles.com\/fr\/shop\/"},{"@type":"ListItem","position":3,"name":"Bouteille de vin en verre ambr\u00e9 de 750 ml personnalisable"}]},{"@type":"WebSite","@id":"https:\/\/95glassbottles.com\/fr\/#website","url":"https:\/\/95glassbottles.com\/fr\/","name":"95GlassBottles","description":"","publisher":{"@id":"https:\/\/95glassbottles.com\/fr\/#organization"},"potentialAction":[{"@type":"SearchAction","target":{"@type":"EntryPoint","urlTemplate":"https:\/\/95glassbottles.com\/fr\/?s={search_term_string}"},"query-input":{"@type":"PropertyValueSpecification","valueRequired":true,"valueName":"search_term_string"}}],"inLanguage":"fr-FR"},{"@type":"Organization","@id":"https:\/\/95glassbottles.com\/fr\/#organization","name":"Shandong Ninety Five Glass Co,.Ltd","url":"https:\/\/95glassbottles.com\/fr\/","logo":{"@type":"ImageObject","inLanguage":"fr-FR","@id":"https:\/\/95glassbottles.com\/fr\/#\/schema\/logo\/image\/","url":"https:\/\/95glassbottles.com\/wp-content\/uploads\/2025\/04\/1-3.webp","contentUrl":"https:\/\/95glassbottles.com\/wp-content\/uploads\/2025\/04\/1-3.webp","width":350,"height":100,"caption":"Shandong Ninety Five Glass Co,.Ltd"},"image":{"@id":"https:\/\/95glassbottles.com\/fr\/#\/schema\/logo\/image\/"},"sameAs":["https:\/\/www.facebook.com\/95Glass"]}]}},"_links":{"self":[{"href":"https:\/\/95glassbottles.com\/fr\/wp-json\/wp\/v2\/product\/5639","targetHints":{"allow":["GET"]}}],"collection":[{"href":"https:\/\/95glassbottles.com\/fr\/wp-json\/wp\/v2\/product"}],"about":[{"href":"https:\/\/95glassbottles.com\/fr\/wp-json\/wp\/v2\/types\/product"}],"wp:featuredmedia":[{"embeddable":true,"href":"https:\/\/95glassbottles.com\/fr\/wp-json\/wp\/v2\/media\/4506"}],"wp:attachment":[{"href":"https:\/\/95glassbottles.com\/fr\/wp-json\/wp\/v2\/media?parent=5639"}],"wp:term":[{"taxonomy":"product_brand","embeddable":true,"href":"https:\/\/95glassbottles.com\/fr\/wp-json\/wp\/v2\/product_brand?post=5639"},{"taxonomy":"product_cat","embeddable":true,"href":"https:\/\/95glassbottles.com\/fr\/wp-json\/wp\/v2\/product_cat?post=5639"},{"taxonomy":"product_tag","embeddable":true,"href":"https:\/\/95glassbottles.com\/fr\/wp-json\/wp\/v2\/product_tag?post=5639"}],"curies":[{"name":"wp","href":"https:\/\/api.w.org\/{rel}","templated":true}]}}