{"id":5641,"date":"2025-08-13T05:25:46","date_gmt":"2025-08-13T05:25:46","guid":{"rendered":"https:\/\/95glassbottles.com\/product\/bouteille-a-vin-en-verre-de-750-ml-au-design-unique\/"},"modified":"2025-08-13T05:25:46","modified_gmt":"2025-08-13T05:25:46","slug":"bouteille-a-vin-en-verre-de-750-ml-au-design-unique","status":"publish","type":"product","link":"https:\/\/95glassbottles.com\/fr\/produit\/bouteille-a-vin-en-verre-de-750-ml-au-design-unique\/","title":{"rendered":"Bouteille \u00e0 vin en verre de 750 ml au design unique"},"content":{"rendered":"<p>Cette bouteille de vin de 750 ml est fabriqu\u00e9e en verre brun de qualit\u00e9 sup\u00e9rieure. Son design original \u00e0 motifs ondul\u00e9s lui conf\u00e8re un aspect \u00e9l\u00e9gant et moderne. Le col allong\u00e9 avec son embout \u00e0 vis assure une fermeture herm\u00e9tique et facilite le remplissage. Le verre brun offre une excellente protection contre les UV, pr\u00e9servant ainsi la fra\u00eecheur et les ar\u00f4mes du vin. Id\u00e9ale pour les domaines viticoles souhaitant un conditionnement original, cette bouteille renforce l&rsquo;image de marque. Alliant robustesse, \u00e9l\u00e9gance et innovation, elle est parfaite pour les \u00e9ditions limit\u00e9es et les vins de grande qualit\u00e9.     <\/p>\n","protected":false},"excerpt":{"rendered":"<p>Bouteille de vin en verre de 750 ml avec motif ondul\u00e9 en relief et bouchon en li\u00e8ge. Un design unique et \u00e9l\u00e9gant pour un packaging de vin haut de gamme.  Quantit\u00e9 minimale de commande : 12 000 pi\u00e8ces. D\u00e9lai de production : 15 \u00e0 20 jours.<\/p>\n","protected":false},"featured_media":4502,"template":"","meta":{"site-sidebar-layout":"default","site-content-layout":"","ast-site-content-layout":"default","site-content-style":"default","site-sidebar-style":"default","ast-global-header-display":"","ast-banner-title-visibility":"","ast-main-header-display":"","ast-hfb-above-header-display":"","ast-hfb-below-header-display":"","ast-hfb-mobile-header-display":"","site-post-title":"","ast-breadcrumbs-content":"","ast-featured-img":"","footer-sml-layout":"","ast-disable-related-posts":"","theme-transparent-header-meta":"default","adv-header-id-meta":"","stick-header-meta":"","header-above-stick-meta":"","header-main-stick-meta":"","header-below-stick-meta":"","astra-migrate-meta-layouts":"default","ast-page-background-enabled":"default","ast-page-background-meta":{"desktop":{"background-color":"var(--ast-global-color-4)","background-image":"","background-repeat":"repeat","background-position":"center center","background-size":"auto","background-attachment":"scroll","background-type":"","background-media":"","overlay-type":"","overlay-color":"","overlay-opacity":"","overlay-gradient":""},"tablet":{"background-color":"","background-image":"","background-repeat":"repeat","background-position":"center center","background-size":"auto","background-attachment":"scroll","background-type":"","background-media":"","overlay-type":"","overlay-color":"","overlay-opacity":"","overlay-gradient":""},"mobile":{"background-color":"","background-image":"","background-repeat":"repeat","background-position":"center center","background-size":"auto","background-attachment":"scroll","background-type":"","background-media":"","overlay-type":"","overlay-color":"","overlay-opacity":"","overlay-gradient":""}},"ast-content-background-meta":{"desktop":{"background-color":"var(--ast-global-color-5)","background-image":"","background-repeat":"repeat","background-position":"center center","background-size":"auto","background-attachment":"scroll","background-type":"","background-media":"","overlay-type":"","overlay-color":"","overlay-opacity":"","overlay-gradient":""},"tablet":{"background-color":"var(--ast-global-color-5)","background-image":"","background-repeat":"repeat","background-position":"center center","background-size":"auto","background-attachment":"scroll","background-type":"","background-media":"","overlay-type":"","overlay-color":"","overlay-opacity":"","overlay-gradient":""},"mobile":{"background-color":"var(--ast-global-color-5)","background-image":"","background-repeat":"repeat","background-position":"center center","background-size":"auto","background-attachment":"scroll","background-type":"","background-media":"","overlay-type":"","overlay-color":"","overlay-opacity":"","overlay-gradient":""}}},"product_brand":[],"product_cat":[513,514,351],"product_tag":[],"class_list":{"0":"post-5641","1":"product","2":"type-product","3":"status-publish","4":"has-post-thumbnail","6":"product_cat-bouteilles-de-vin","7":"product_cat-bouteilles-de-vin-de-750-ml","8":"product_cat-non-categorise","9":"desktop-align-left","10":"tablet-align-left","11":"mobile-align-left","13":"first","14":"instock","15":"shipping-taxable","16":"purchasable","17":"product-type-simple"},"yoast_head":"<!-- This site is optimized with the Yoast SEO plugin v27.4 - https:\/\/yoast.com\/product\/yoast-seo-wordpress\/ -->\n<title>Verre \u00e0 vin unique en verre 95Glass<\/title>\n<meta name=\"description\" content=\"Bouteille en verre de qualit\u00e9 sup\u00e9rieure pour vin, au design unique avec des c\u00f4t\u00e9s ondul\u00e9s, id\u00e9ale pour mettre en valeur les grands crus et rehausser l&#039;\u00e9l\u00e9gance de votre marque.\" \/>\n<meta name=\"robots\" content=\"index, follow, max-snippet:-1, max-image-preview:large, max-video-preview:-1\" \/>\n<link rel=\"canonical\" href=\"https:\/\/95glassbottles.com\/fr\/produit\/bouteille-a-vin-en-verre-de-750-ml-au-design-unique\/\" \/>\n<meta property=\"og:locale\" content=\"fr_FR\" \/>\n<meta property=\"og:type\" content=\"article\" \/>\n<meta property=\"og:title\" content=\"Verre \u00e0 vin unique en verre 95Glass\" \/>\n<meta property=\"og:description\" content=\"Bouteille en verre de qualit\u00e9 sup\u00e9rieure pour vin, au design unique avec des c\u00f4t\u00e9s ondul\u00e9s, id\u00e9ale pour mettre en valeur les grands crus et rehausser l&#039;\u00e9l\u00e9gance de votre marque.\" \/>\n<meta property=\"og:url\" content=\"https:\/\/95glassbottles.com\/fr\/produit\/bouteille-a-vin-en-verre-de-750-ml-au-design-unique\/\" \/>\n<meta property=\"og:site_name\" content=\"95Glass\" \/>\n<meta property=\"article:publisher\" content=\"https:\/\/www.facebook.com\/95Glass\" \/>\n<meta property=\"og:image\" content=\"https:\/\/95glassbottles.com\/wp-content\/uploads\/2025\/08\/NF2104-750ml-680g.jpg\" \/>\n\t<meta property=\"og:image:width\" content=\"501\" \/>\n\t<meta property=\"og:image:height\" content=\"500\" \/>\n\t<meta property=\"og:image:type\" content=\"image\/jpeg\" \/>\n<meta name=\"twitter:card\" content=\"summary_large_image\" \/>\n<meta name=\"twitter:label1\" content=\"Dur\u00e9e de lecture estim\u00e9e\" \/>\n\t<meta name=\"twitter:data1\" content=\"1 minute\" \/>\n<script type=\"application\/ld+json\" class=\"yoast-schema-graph\">{\"@context\":\"https:\\\/\\\/schema.org\",\"@graph\":[{\"@type\":[\"WebPage\",\"ItemPage\"],\"@id\":\"https:\\\/\\\/95glassbottles.com\\\/fr\\\/produit\\\/bouteille-a-vin-en-verre-de-750-ml-au-design-unique\\\/\",\"url\":\"https:\\\/\\\/95glassbottles.com\\\/fr\\\/produit\\\/bouteille-a-vin-en-verre-de-750-ml-au-design-unique\\\/\",\"name\":\"Verre \u00e0 vin unique en verre 95Glass\",\"isPartOf\":{\"@id\":\"https:\\\/\\\/95glassbottles.com\\\/fr\\\/#website\"},\"primaryImageOfPage\":{\"@id\":\"https:\\\/\\\/95glassbottles.com\\\/fr\\\/produit\\\/bouteille-a-vin-en-verre-de-750-ml-au-design-unique\\\/#primaryimage\"},\"image\":{\"@id\":\"https:\\\/\\\/95glassbottles.com\\\/fr\\\/produit\\\/bouteille-a-vin-en-verre-de-750-ml-au-design-unique\\\/#primaryimage\"},\"thumbnailUrl\":\"https:\\\/\\\/95glassbottles.com\\\/wp-content\\\/uploads\\\/2025\\\/08\\\/NF2104-750ml-680g.jpg\",\"datePublished\":\"2025-08-13T05:25:46+00:00\",\"description\":\"Bouteille en verre de qualit\u00e9 sup\u00e9rieure pour vin, au design unique avec des c\u00f4t\u00e9s ondul\u00e9s, id\u00e9ale pour mettre en valeur les grands crus et rehausser l'\u00e9l\u00e9gance de votre marque.\",\"breadcrumb\":{\"@id\":\"https:\\\/\\\/95glassbottles.com\\\/fr\\\/produit\\\/bouteille-a-vin-en-verre-de-750-ml-au-design-unique\\\/#breadcrumb\"},\"inLanguage\":\"fr-FR\",\"potentialAction\":[{\"@type\":\"ReadAction\",\"target\":[\"https:\\\/\\\/95glassbottles.com\\\/fr\\\/produit\\\/bouteille-a-vin-en-verre-de-750-ml-au-design-unique\\\/\"]}]},{\"@type\":\"ImageObject\",\"inLanguage\":\"fr-FR\",\"@id\":\"https:\\\/\\\/95glassbottles.com\\\/fr\\\/produit\\\/bouteille-a-vin-en-verre-de-750-ml-au-design-unique\\\/#primaryimage\",\"url\":\"https:\\\/\\\/95glassbottles.com\\\/wp-content\\\/uploads\\\/2025\\\/08\\\/NF2104-750ml-680g.jpg\",\"contentUrl\":\"https:\\\/\\\/95glassbottles.com\\\/wp-content\\\/uploads\\\/2025\\\/08\\\/NF2104-750ml-680g.jpg\",\"width\":501,\"height\":500,\"caption\":\"Un \u00e9l\u00e9gant verre \u00e0 vin en verre de la marque 95Glass, aux contours ondul\u00e9s et au design original.\"},{\"@type\":\"BreadcrumbList\",\"@id\":\"https:\\\/\\\/95glassbottles.com\\\/fr\\\/produit\\\/bouteille-a-vin-en-verre-de-750-ml-au-design-unique\\\/#breadcrumb\",\"itemListElement\":[{\"@type\":\"ListItem\",\"position\":1,\"name\":\"Home\",\"item\":\"https:\\\/\\\/95glassbottles.com\\\/fr\\\/\"},{\"@type\":\"ListItem\",\"position\":2,\"name\":\"Produits\",\"item\":\"https:\\\/\\\/95glassbottles.com\\\/fr\\\/shop\\\/\"},{\"@type\":\"ListItem\",\"position\":3,\"name\":\"Bouteille \u00e0 vin en verre de 750 ml au design unique\"}]},{\"@type\":\"WebSite\",\"@id\":\"https:\\\/\\\/95glassbottles.com\\\/fr\\\/#website\",\"url\":\"https:\\\/\\\/95glassbottles.com\\\/fr\\\/\",\"name\":\"95GlassBottles\",\"description\":\"\",\"publisher\":{\"@id\":\"https:\\\/\\\/95glassbottles.com\\\/fr\\\/#organization\"},\"potentialAction\":[{\"@type\":\"SearchAction\",\"target\":{\"@type\":\"EntryPoint\",\"urlTemplate\":\"https:\\\/\\\/95glassbottles.com\\\/fr\\\/?s={search_term_string}\"},\"query-input\":{\"@type\":\"PropertyValueSpecification\",\"valueRequired\":true,\"valueName\":\"search_term_string\"}}],\"inLanguage\":\"fr-FR\"},{\"@type\":\"Organization\",\"@id\":\"https:\\\/\\\/95glassbottles.com\\\/fr\\\/#organization\",\"name\":\"Shandong Ninety Five Glass Co,.Ltd\",\"url\":\"https:\\\/\\\/95glassbottles.com\\\/fr\\\/\",\"logo\":{\"@type\":\"ImageObject\",\"inLanguage\":\"fr-FR\",\"@id\":\"https:\\\/\\\/95glassbottles.com\\\/fr\\\/#\\\/schema\\\/logo\\\/image\\\/\",\"url\":\"https:\\\/\\\/95glassbottles.com\\\/wp-content\\\/uploads\\\/2025\\\/04\\\/1-3.webp\",\"contentUrl\":\"https:\\\/\\\/95glassbottles.com\\\/wp-content\\\/uploads\\\/2025\\\/04\\\/1-3.webp\",\"width\":350,\"height\":100,\"caption\":\"Shandong Ninety Five Glass Co,.Ltd\"},\"image\":{\"@id\":\"https:\\\/\\\/95glassbottles.com\\\/fr\\\/#\\\/schema\\\/logo\\\/image\\\/\"},\"sameAs\":[\"https:\\\/\\\/www.facebook.com\\\/95Glass\"]}]}<\/script>\n<!-- \/ Yoast SEO plugin. -->","yoast_head_json":{"title":"Verre \u00e0 vin unique en verre 95Glass","description":"Bouteille en verre de qualit\u00e9 sup\u00e9rieure pour vin, au design unique avec des c\u00f4t\u00e9s ondul\u00e9s, id\u00e9ale pour mettre en valeur les grands crus et rehausser l'\u00e9l\u00e9gance de votre marque.","robots":{"index":"index","follow":"follow","max-snippet":"max-snippet:-1","max-image-preview":"max-image-preview:large","max-video-preview":"max-video-preview:-1"},"canonical":"https:\/\/95glassbottles.com\/fr\/produit\/bouteille-a-vin-en-verre-de-750-ml-au-design-unique\/","og_locale":"fr_FR","og_type":"article","og_title":"Verre \u00e0 vin unique en verre 95Glass","og_description":"Bouteille en verre de qualit\u00e9 sup\u00e9rieure pour vin, au design unique avec des c\u00f4t\u00e9s ondul\u00e9s, id\u00e9ale pour mettre en valeur les grands crus et rehausser l'\u00e9l\u00e9gance de votre marque.","og_url":"https:\/\/95glassbottles.com\/fr\/produit\/bouteille-a-vin-en-verre-de-750-ml-au-design-unique\/","og_site_name":"95Glass","article_publisher":"https:\/\/www.facebook.com\/95Glass","og_image":[{"width":501,"height":500,"url":"https:\/\/95glassbottles.com\/wp-content\/uploads\/2025\/08\/NF2104-750ml-680g.jpg","type":"image\/jpeg"}],"twitter_card":"summary_large_image","twitter_misc":{"Dur\u00e9e de lecture estim\u00e9e":"1 minute"},"schema":{"@context":"https:\/\/schema.org","@graph":[{"@type":["WebPage","ItemPage"],"@id":"https:\/\/95glassbottles.com\/fr\/produit\/bouteille-a-vin-en-verre-de-750-ml-au-design-unique\/","url":"https:\/\/95glassbottles.com\/fr\/produit\/bouteille-a-vin-en-verre-de-750-ml-au-design-unique\/","name":"Verre \u00e0 vin unique en verre 95Glass","isPartOf":{"@id":"https:\/\/95glassbottles.com\/fr\/#website"},"primaryImageOfPage":{"@id":"https:\/\/95glassbottles.com\/fr\/produit\/bouteille-a-vin-en-verre-de-750-ml-au-design-unique\/#primaryimage"},"image":{"@id":"https:\/\/95glassbottles.com\/fr\/produit\/bouteille-a-vin-en-verre-de-750-ml-au-design-unique\/#primaryimage"},"thumbnailUrl":"https:\/\/95glassbottles.com\/wp-content\/uploads\/2025\/08\/NF2104-750ml-680g.jpg","datePublished":"2025-08-13T05:25:46+00:00","description":"Bouteille en verre de qualit\u00e9 sup\u00e9rieure pour vin, au design unique avec des c\u00f4t\u00e9s ondul\u00e9s, id\u00e9ale pour mettre en valeur les grands crus et rehausser l'\u00e9l\u00e9gance de votre marque.","breadcrumb":{"@id":"https:\/\/95glassbottles.com\/fr\/produit\/bouteille-a-vin-en-verre-de-750-ml-au-design-unique\/#breadcrumb"},"inLanguage":"fr-FR","potentialAction":[{"@type":"ReadAction","target":["https:\/\/95glassbottles.com\/fr\/produit\/bouteille-a-vin-en-verre-de-750-ml-au-design-unique\/"]}]},{"@type":"ImageObject","inLanguage":"fr-FR","@id":"https:\/\/95glassbottles.com\/fr\/produit\/bouteille-a-vin-en-verre-de-750-ml-au-design-unique\/#primaryimage","url":"https:\/\/95glassbottles.com\/wp-content\/uploads\/2025\/08\/NF2104-750ml-680g.jpg","contentUrl":"https:\/\/95glassbottles.com\/wp-content\/uploads\/2025\/08\/NF2104-750ml-680g.jpg","width":501,"height":500,"caption":"Un \u00e9l\u00e9gant verre \u00e0 vin en verre de la marque 95Glass, aux contours ondul\u00e9s et au design original."},{"@type":"BreadcrumbList","@id":"https:\/\/95glassbottles.com\/fr\/produit\/bouteille-a-vin-en-verre-de-750-ml-au-design-unique\/#breadcrumb","itemListElement":[{"@type":"ListItem","position":1,"name":"Home","item":"https:\/\/95glassbottles.com\/fr\/"},{"@type":"ListItem","position":2,"name":"Produits","item":"https:\/\/95glassbottles.com\/fr\/shop\/"},{"@type":"ListItem","position":3,"name":"Bouteille \u00e0 vin en verre de 750 ml au design unique"}]},{"@type":"WebSite","@id":"https:\/\/95glassbottles.com\/fr\/#website","url":"https:\/\/95glassbottles.com\/fr\/","name":"95GlassBottles","description":"","publisher":{"@id":"https:\/\/95glassbottles.com\/fr\/#organization"},"potentialAction":[{"@type":"SearchAction","target":{"@type":"EntryPoint","urlTemplate":"https:\/\/95glassbottles.com\/fr\/?s={search_term_string}"},"query-input":{"@type":"PropertyValueSpecification","valueRequired":true,"valueName":"search_term_string"}}],"inLanguage":"fr-FR"},{"@type":"Organization","@id":"https:\/\/95glassbottles.com\/fr\/#organization","name":"Shandong Ninety Five Glass Co,.Ltd","url":"https:\/\/95glassbottles.com\/fr\/","logo":{"@type":"ImageObject","inLanguage":"fr-FR","@id":"https:\/\/95glassbottles.com\/fr\/#\/schema\/logo\/image\/","url":"https:\/\/95glassbottles.com\/wp-content\/uploads\/2025\/04\/1-3.webp","contentUrl":"https:\/\/95glassbottles.com\/wp-content\/uploads\/2025\/04\/1-3.webp","width":350,"height":100,"caption":"Shandong Ninety Five Glass Co,.Ltd"},"image":{"@id":"https:\/\/95glassbottles.com\/fr\/#\/schema\/logo\/image\/"},"sameAs":["https:\/\/www.facebook.com\/95Glass"]}]}},"_links":{"self":[{"href":"https:\/\/95glassbottles.com\/fr\/wp-json\/wp\/v2\/product\/5641","targetHints":{"allow":["GET"]}}],"collection":[{"href":"https:\/\/95glassbottles.com\/fr\/wp-json\/wp\/v2\/product"}],"about":[{"href":"https:\/\/95glassbottles.com\/fr\/wp-json\/wp\/v2\/types\/product"}],"wp:featuredmedia":[{"embeddable":true,"href":"https:\/\/95glassbottles.com\/fr\/wp-json\/wp\/v2\/media\/4502"}],"wp:attachment":[{"href":"https:\/\/95glassbottles.com\/fr\/wp-json\/wp\/v2\/media?parent=5641"}],"wp:term":[{"taxonomy":"product_brand","embeddable":true,"href":"https:\/\/95glassbottles.com\/fr\/wp-json\/wp\/v2\/product_brand?post=5641"},{"taxonomy":"product_cat","embeddable":true,"href":"https:\/\/95glassbottles.com\/fr\/wp-json\/wp\/v2\/product_cat?post=5641"},{"taxonomy":"product_tag","embeddable":true,"href":"https:\/\/95glassbottles.com\/fr\/wp-json\/wp\/v2\/product_tag?post=5641"}],"curies":[{"name":"wp","href":"https:\/\/api.w.org\/{rel}","templated":true}]}}