{"id":5692,"date":"2025-08-12T12:30:07","date_gmt":"2025-08-12T12:30:07","guid":{"rendered":"https:\/\/95glassbottles.com\/product\/bouteille-de-spiritueux-classique-en-verre-rond-de-750-ml-avec-col-etroit\/"},"modified":"2025-08-12T12:30:07","modified_gmt":"2025-08-12T12:30:07","slug":"bouteille-de-spiritueux-classique-en-verre-rond-de-750-ml-avec-col-etroit","status":"publish","type":"product","link":"https:\/\/95glassbottles.com\/fr\/produit\/bouteille-de-spiritueux-classique-en-verre-rond-de-750-ml-avec-col-etroit\/","title":{"rendered":"Bouteille de spiritueux classique en verre rond de 750 ml avec col \u00e9troit"},"content":{"rendered":"<p>Fabriqu\u00e9e en verre de cristal ultra-transparent et exempt d&rsquo;impuret\u00e9s, cette bouteille de spiritueux ronde et \u00e9lanc\u00e9e allie \u00e9l\u00e9gance intemporelle et design fonctionnel. Ses \u00e9paules incurv\u00e9es et \u00e9l\u00e9gantes se prolongent en un col fin, id\u00e9al pour les bouchons \u00e0 vis ou les bouchons en li\u00e8ge. Sa forme cylindrique offre un espace g\u00e9n\u00e9reux pour l&rsquo;\u00e9tiquetage ou le gaufrage personnalis\u00e9, tandis que sa base \u00e9paisse et stable assure une grande robustesse. Parfaite pour le whisky, la vodka, le gin, le rhum ou les liqueurs, cette bouteille est adapt\u00e9e aux distilleries, au conditionnement pour la vente au d\u00e9tail et aux collections de bouteilles.   <\/p>\n","protected":false},"excerpt":{"rendered":"<p>Bouteille de spiritueux ronde classique avec col \u00e0 vis allong\u00e9 et base \u00e9paisse. Quantit\u00e9 minimale de commande : 12 000 pi\u00e8ces. D\u00e9lai de livraison : 15 \u00e0 20 jours. <\/p>\n","protected":false},"featured_media":4485,"template":"","meta":{"site-sidebar-layout":"default","site-content-layout":"","ast-site-content-layout":"default","site-content-style":"default","site-sidebar-style":"default","ast-global-header-display":"","ast-banner-title-visibility":"","ast-main-header-display":"","ast-hfb-above-header-display":"","ast-hfb-below-header-display":"","ast-hfb-mobile-header-display":"","site-post-title":"","ast-breadcrumbs-content":"","ast-featured-img":"","footer-sml-layout":"","ast-disable-related-posts":"","theme-transparent-header-meta":"default","adv-header-id-meta":"","stick-header-meta":"","header-above-stick-meta":"","header-main-stick-meta":"","header-below-stick-meta":"","astra-migrate-meta-layouts":"default","ast-page-background-enabled":"default","ast-page-background-meta":{"desktop":{"background-color":"var(--ast-global-color-4)","background-image":"","background-repeat":"repeat","background-position":"center center","background-size":"auto","background-attachment":"scroll","background-type":"","background-media":"","overlay-type":"","overlay-color":"","overlay-opacity":"","overlay-gradient":""},"tablet":{"background-color":"","background-image":"","background-repeat":"repeat","background-position":"center center","background-size":"auto","background-attachment":"scroll","background-type":"","background-media":"","overlay-type":"","overlay-color":"","overlay-opacity":"","overlay-gradient":""},"mobile":{"background-color":"","background-image":"","background-repeat":"repeat","background-position":"center center","background-size":"auto","background-attachment":"scroll","background-type":"","background-media":"","overlay-type":"","overlay-color":"","overlay-opacity":"","overlay-gradient":""}},"ast-content-background-meta":{"desktop":{"background-color":"var(--ast-global-color-5)","background-image":"","background-repeat":"repeat","background-position":"center center","background-size":"auto","background-attachment":"scroll","background-type":"","background-media":"","overlay-type":"","overlay-color":"","overlay-opacity":"","overlay-gradient":""},"tablet":{"background-color":"var(--ast-global-color-5)","background-image":"","background-repeat":"repeat","background-position":"center center","background-size":"auto","background-attachment":"scroll","background-type":"","background-media":"","overlay-type":"","overlay-color":"","overlay-opacity":"","overlay-gradient":""},"mobile":{"background-color":"var(--ast-global-color-5)","background-image":"","background-repeat":"repeat","background-position":"center center","background-size":"auto","background-attachment":"scroll","background-type":"","background-media":"","overlay-type":"","overlay-color":"","overlay-opacity":"","overlay-gradient":""}}},"product_brand":[],"product_cat":[507,462,351],"product_tag":[],"class_list":{"0":"post-5692","1":"product","2":"type-product","3":"status-publish","4":"has-post-thumbnail","6":"product_cat-bouteilles-de-spiritueux-de-750-ml","7":"product_cat-bouteilles-spirituelles","8":"product_cat-non-categorise","9":"desktop-align-left","10":"tablet-align-left","11":"mobile-align-left","13":"first","14":"instock","15":"shipping-taxable","16":"purchasable","17":"product-type-simple"},"yoast_head":"<!-- This site is optimized with the Yoast SEO plugin v27.4 - https:\/\/yoast.com\/product\/yoast-seo-wordpress\/ -->\n<title>Bouteille \u00e0 spiritueux ronde et haute au col \u00e9troit | 95Glass<\/title>\n<meta name=\"description\" content=\"Bouteille de spiritueux ronde et \u00e9lanc\u00e9e au design classique, avec des \u00e9paules lisses et un col fin, id\u00e9ale pour le whisky, la vodka, le gin et les autres spiritueux de qualit\u00e9 sup\u00e9rieure.\" \/>\n<meta name=\"robots\" content=\"index, follow, max-snippet:-1, max-image-preview:large, max-video-preview:-1\" \/>\n<link rel=\"canonical\" href=\"https:\/\/95glassbottles.com\/fr\/produit\/bouteille-de-spiritueux-classique-en-verre-rond-de-750-ml-avec-col-etroit\/\" \/>\n<meta property=\"og:locale\" content=\"fr_FR\" \/>\n<meta property=\"og:type\" content=\"article\" \/>\n<meta property=\"og:title\" content=\"Bouteille \u00e0 spiritueux ronde et haute au col \u00e9troit | 95Glass\" \/>\n<meta property=\"og:description\" content=\"Bouteille de spiritueux ronde et \u00e9lanc\u00e9e au design classique, avec des \u00e9paules lisses et un col fin, id\u00e9ale pour le whisky, la vodka, le gin et les autres spiritueux de qualit\u00e9 sup\u00e9rieure.\" \/>\n<meta property=\"og:url\" content=\"https:\/\/95glassbottles.com\/fr\/produit\/bouteille-de-spiritueux-classique-en-verre-rond-de-750-ml-avec-col-etroit\/\" \/>\n<meta property=\"og:site_name\" content=\"95Glass\" \/>\n<meta property=\"article:publisher\" content=\"https:\/\/www.facebook.com\/95Glass\" \/>\n<meta property=\"og:image\" content=\"https:\/\/95glassbottles.com\/wp-content\/uploads\/2025\/08\/NF1039-750ML-550G.jpg\" \/>\n\t<meta property=\"og:image:width\" content=\"1000\" \/>\n\t<meta property=\"og:image:height\" content=\"1000\" \/>\n\t<meta property=\"og:image:type\" content=\"image\/jpeg\" \/>\n<meta name=\"twitter:card\" content=\"summary_large_image\" \/>\n<meta name=\"twitter:label1\" content=\"Dur\u00e9e de lecture estim\u00e9e\" \/>\n\t<meta name=\"twitter:data1\" content=\"1 minute\" \/>\n<script type=\"application\/ld+json\" class=\"yoast-schema-graph\">{\"@context\":\"https:\\\/\\\/schema.org\",\"@graph\":[{\"@type\":[\"WebPage\",\"ItemPage\"],\"@id\":\"https:\\\/\\\/95glassbottles.com\\\/fr\\\/produit\\\/bouteille-de-spiritueux-classique-en-verre-rond-de-750-ml-avec-col-etroit\\\/\",\"url\":\"https:\\\/\\\/95glassbottles.com\\\/fr\\\/produit\\\/bouteille-de-spiritueux-classique-en-verre-rond-de-750-ml-avec-col-etroit\\\/\",\"name\":\"Bouteille \u00e0 spiritueux ronde et haute au col \u00e9troit | 95Glass\",\"isPartOf\":{\"@id\":\"https:\\\/\\\/95glassbottles.com\\\/fr\\\/#website\"},\"primaryImageOfPage\":{\"@id\":\"https:\\\/\\\/95glassbottles.com\\\/fr\\\/produit\\\/bouteille-de-spiritueux-classique-en-verre-rond-de-750-ml-avec-col-etroit\\\/#primaryimage\"},\"image\":{\"@id\":\"https:\\\/\\\/95glassbottles.com\\\/fr\\\/produit\\\/bouteille-de-spiritueux-classique-en-verre-rond-de-750-ml-avec-col-etroit\\\/#primaryimage\"},\"thumbnailUrl\":\"https:\\\/\\\/95glassbottles.com\\\/wp-content\\\/uploads\\\/2025\\\/08\\\/NF1039-750ML-550G.jpg\",\"datePublished\":\"2025-08-12T12:30:07+00:00\",\"description\":\"Bouteille de spiritueux ronde et \u00e9lanc\u00e9e au design classique, avec des \u00e9paules lisses et un col fin, id\u00e9ale pour le whisky, la vodka, le gin et les autres spiritueux de qualit\u00e9 sup\u00e9rieure.\",\"breadcrumb\":{\"@id\":\"https:\\\/\\\/95glassbottles.com\\\/fr\\\/produit\\\/bouteille-de-spiritueux-classique-en-verre-rond-de-750-ml-avec-col-etroit\\\/#breadcrumb\"},\"inLanguage\":\"fr-FR\",\"potentialAction\":[{\"@type\":\"ReadAction\",\"target\":[\"https:\\\/\\\/95glassbottles.com\\\/fr\\\/produit\\\/bouteille-de-spiritueux-classique-en-verre-rond-de-750-ml-avec-col-etroit\\\/\"]}]},{\"@type\":\"ImageObject\",\"inLanguage\":\"fr-FR\",\"@id\":\"https:\\\/\\\/95glassbottles.com\\\/fr\\\/produit\\\/bouteille-de-spiritueux-classique-en-verre-rond-de-750-ml-avec-col-etroit\\\/#primaryimage\",\"url\":\"https:\\\/\\\/95glassbottles.com\\\/wp-content\\\/uploads\\\/2025\\\/08\\\/NF1039-750ML-550G.jpg\",\"contentUrl\":\"https:\\\/\\\/95glassbottles.com\\\/wp-content\\\/uploads\\\/2025\\\/08\\\/NF1039-750ML-550G.jpg\",\"width\":1000,\"height\":1000,\"caption\":\"Bouteille \u00e0 spiritueux ronde et \u00e9lanc\u00e9e de style classique, avec un col fin et un verre d'une clart\u00e9 cristalline.\"},{\"@type\":\"BreadcrumbList\",\"@id\":\"https:\\\/\\\/95glassbottles.com\\\/fr\\\/produit\\\/bouteille-de-spiritueux-classique-en-verre-rond-de-750-ml-avec-col-etroit\\\/#breadcrumb\",\"itemListElement\":[{\"@type\":\"ListItem\",\"position\":1,\"name\":\"Home\",\"item\":\"https:\\\/\\\/95glassbottles.com\\\/fr\\\/\"},{\"@type\":\"ListItem\",\"position\":2,\"name\":\"Produits\",\"item\":\"https:\\\/\\\/95glassbottles.com\\\/fr\\\/shop\\\/\"},{\"@type\":\"ListItem\",\"position\":3,\"name\":\"Bouteille de spiritueux classique en verre rond de 750 ml avec col \u00e9troit\"}]},{\"@type\":\"WebSite\",\"@id\":\"https:\\\/\\\/95glassbottles.com\\\/fr\\\/#website\",\"url\":\"https:\\\/\\\/95glassbottles.com\\\/fr\\\/\",\"name\":\"95GlassBottles\",\"description\":\"\",\"publisher\":{\"@id\":\"https:\\\/\\\/95glassbottles.com\\\/fr\\\/#organization\"},\"potentialAction\":[{\"@type\":\"SearchAction\",\"target\":{\"@type\":\"EntryPoint\",\"urlTemplate\":\"https:\\\/\\\/95glassbottles.com\\\/fr\\\/?s={search_term_string}\"},\"query-input\":{\"@type\":\"PropertyValueSpecification\",\"valueRequired\":true,\"valueName\":\"search_term_string\"}}],\"inLanguage\":\"fr-FR\"},{\"@type\":\"Organization\",\"@id\":\"https:\\\/\\\/95glassbottles.com\\\/fr\\\/#organization\",\"name\":\"Shandong Ninety Five Glass Co,.Ltd\",\"url\":\"https:\\\/\\\/95glassbottles.com\\\/fr\\\/\",\"logo\":{\"@type\":\"ImageObject\",\"inLanguage\":\"fr-FR\",\"@id\":\"https:\\\/\\\/95glassbottles.com\\\/fr\\\/#\\\/schema\\\/logo\\\/image\\\/\",\"url\":\"https:\\\/\\\/95glassbottles.com\\\/wp-content\\\/uploads\\\/2025\\\/04\\\/1-3.webp\",\"contentUrl\":\"https:\\\/\\\/95glassbottles.com\\\/wp-content\\\/uploads\\\/2025\\\/04\\\/1-3.webp\",\"width\":350,\"height\":100,\"caption\":\"Shandong Ninety Five Glass Co,.Ltd\"},\"image\":{\"@id\":\"https:\\\/\\\/95glassbottles.com\\\/fr\\\/#\\\/schema\\\/logo\\\/image\\\/\"},\"sameAs\":[\"https:\\\/\\\/www.facebook.com\\\/95Glass\"]}]}<\/script>\n<!-- \/ Yoast SEO plugin. -->","yoast_head_json":{"title":"Bouteille \u00e0 spiritueux ronde et haute au col \u00e9troit | 95Glass","description":"Bouteille de spiritueux ronde et \u00e9lanc\u00e9e au design classique, avec des \u00e9paules lisses et un col fin, id\u00e9ale pour le whisky, la vodka, le gin et les autres spiritueux de qualit\u00e9 sup\u00e9rieure.","robots":{"index":"index","follow":"follow","max-snippet":"max-snippet:-1","max-image-preview":"max-image-preview:large","max-video-preview":"max-video-preview:-1"},"canonical":"https:\/\/95glassbottles.com\/fr\/produit\/bouteille-de-spiritueux-classique-en-verre-rond-de-750-ml-avec-col-etroit\/","og_locale":"fr_FR","og_type":"article","og_title":"Bouteille \u00e0 spiritueux ronde et haute au col \u00e9troit | 95Glass","og_description":"Bouteille de spiritueux ronde et \u00e9lanc\u00e9e au design classique, avec des \u00e9paules lisses et un col fin, id\u00e9ale pour le whisky, la vodka, le gin et les autres spiritueux de qualit\u00e9 sup\u00e9rieure.","og_url":"https:\/\/95glassbottles.com\/fr\/produit\/bouteille-de-spiritueux-classique-en-verre-rond-de-750-ml-avec-col-etroit\/","og_site_name":"95Glass","article_publisher":"https:\/\/www.facebook.com\/95Glass","og_image":[{"width":1000,"height":1000,"url":"https:\/\/95glassbottles.com\/wp-content\/uploads\/2025\/08\/NF1039-750ML-550G.jpg","type":"image\/jpeg"}],"twitter_card":"summary_large_image","twitter_misc":{"Dur\u00e9e de lecture estim\u00e9e":"1 minute"},"schema":{"@context":"https:\/\/schema.org","@graph":[{"@type":["WebPage","ItemPage"],"@id":"https:\/\/95glassbottles.com\/fr\/produit\/bouteille-de-spiritueux-classique-en-verre-rond-de-750-ml-avec-col-etroit\/","url":"https:\/\/95glassbottles.com\/fr\/produit\/bouteille-de-spiritueux-classique-en-verre-rond-de-750-ml-avec-col-etroit\/","name":"Bouteille \u00e0 spiritueux ronde et haute au col \u00e9troit | 95Glass","isPartOf":{"@id":"https:\/\/95glassbottles.com\/fr\/#website"},"primaryImageOfPage":{"@id":"https:\/\/95glassbottles.com\/fr\/produit\/bouteille-de-spiritueux-classique-en-verre-rond-de-750-ml-avec-col-etroit\/#primaryimage"},"image":{"@id":"https:\/\/95glassbottles.com\/fr\/produit\/bouteille-de-spiritueux-classique-en-verre-rond-de-750-ml-avec-col-etroit\/#primaryimage"},"thumbnailUrl":"https:\/\/95glassbottles.com\/wp-content\/uploads\/2025\/08\/NF1039-750ML-550G.jpg","datePublished":"2025-08-12T12:30:07+00:00","description":"Bouteille de spiritueux ronde et \u00e9lanc\u00e9e au design classique, avec des \u00e9paules lisses et un col fin, id\u00e9ale pour le whisky, la vodka, le gin et les autres spiritueux de qualit\u00e9 sup\u00e9rieure.","breadcrumb":{"@id":"https:\/\/95glassbottles.com\/fr\/produit\/bouteille-de-spiritueux-classique-en-verre-rond-de-750-ml-avec-col-etroit\/#breadcrumb"},"inLanguage":"fr-FR","potentialAction":[{"@type":"ReadAction","target":["https:\/\/95glassbottles.com\/fr\/produit\/bouteille-de-spiritueux-classique-en-verre-rond-de-750-ml-avec-col-etroit\/"]}]},{"@type":"ImageObject","inLanguage":"fr-FR","@id":"https:\/\/95glassbottles.com\/fr\/produit\/bouteille-de-spiritueux-classique-en-verre-rond-de-750-ml-avec-col-etroit\/#primaryimage","url":"https:\/\/95glassbottles.com\/wp-content\/uploads\/2025\/08\/NF1039-750ML-550G.jpg","contentUrl":"https:\/\/95glassbottles.com\/wp-content\/uploads\/2025\/08\/NF1039-750ML-550G.jpg","width":1000,"height":1000,"caption":"Bouteille \u00e0 spiritueux ronde et \u00e9lanc\u00e9e de style classique, avec un col fin et un verre d'une clart\u00e9 cristalline."},{"@type":"BreadcrumbList","@id":"https:\/\/95glassbottles.com\/fr\/produit\/bouteille-de-spiritueux-classique-en-verre-rond-de-750-ml-avec-col-etroit\/#breadcrumb","itemListElement":[{"@type":"ListItem","position":1,"name":"Home","item":"https:\/\/95glassbottles.com\/fr\/"},{"@type":"ListItem","position":2,"name":"Produits","item":"https:\/\/95glassbottles.com\/fr\/shop\/"},{"@type":"ListItem","position":3,"name":"Bouteille de spiritueux classique en verre rond de 750 ml avec col \u00e9troit"}]},{"@type":"WebSite","@id":"https:\/\/95glassbottles.com\/fr\/#website","url":"https:\/\/95glassbottles.com\/fr\/","name":"95GlassBottles","description":"","publisher":{"@id":"https:\/\/95glassbottles.com\/fr\/#organization"},"potentialAction":[{"@type":"SearchAction","target":{"@type":"EntryPoint","urlTemplate":"https:\/\/95glassbottles.com\/fr\/?s={search_term_string}"},"query-input":{"@type":"PropertyValueSpecification","valueRequired":true,"valueName":"search_term_string"}}],"inLanguage":"fr-FR"},{"@type":"Organization","@id":"https:\/\/95glassbottles.com\/fr\/#organization","name":"Shandong Ninety Five Glass Co,.Ltd","url":"https:\/\/95glassbottles.com\/fr\/","logo":{"@type":"ImageObject","inLanguage":"fr-FR","@id":"https:\/\/95glassbottles.com\/fr\/#\/schema\/logo\/image\/","url":"https:\/\/95glassbottles.com\/wp-content\/uploads\/2025\/04\/1-3.webp","contentUrl":"https:\/\/95glassbottles.com\/wp-content\/uploads\/2025\/04\/1-3.webp","width":350,"height":100,"caption":"Shandong Ninety Five Glass Co,.Ltd"},"image":{"@id":"https:\/\/95glassbottles.com\/fr\/#\/schema\/logo\/image\/"},"sameAs":["https:\/\/www.facebook.com\/95Glass"]}]}},"_links":{"self":[{"href":"https:\/\/95glassbottles.com\/fr\/wp-json\/wp\/v2\/product\/5692","targetHints":{"allow":["GET"]}}],"collection":[{"href":"https:\/\/95glassbottles.com\/fr\/wp-json\/wp\/v2\/product"}],"about":[{"href":"https:\/\/95glassbottles.com\/fr\/wp-json\/wp\/v2\/types\/product"}],"wp:featuredmedia":[{"embeddable":true,"href":"https:\/\/95glassbottles.com\/fr\/wp-json\/wp\/v2\/media\/4485"}],"wp:attachment":[{"href":"https:\/\/95glassbottles.com\/fr\/wp-json\/wp\/v2\/media?parent=5692"}],"wp:term":[{"taxonomy":"product_brand","embeddable":true,"href":"https:\/\/95glassbottles.com\/fr\/wp-json\/wp\/v2\/product_brand?post=5692"},{"taxonomy":"product_cat","embeddable":true,"href":"https:\/\/95glassbottles.com\/fr\/wp-json\/wp\/v2\/product_cat?post=5692"},{"taxonomy":"product_tag","embeddable":true,"href":"https:\/\/95glassbottles.com\/fr\/wp-json\/wp\/v2\/product_tag?post=5692"}],"curies":[{"name":"wp","href":"https:\/\/api.w.org\/{rel}","templated":true}]}}