{"id":5698,"date":"2025-08-12T12:21:40","date_gmt":"2025-08-12T12:21:40","guid":{"rendered":"https:\/\/95glassbottles.com\/product\/bouteille-en-verre-moderne-pour-whisky-750ml-format-grand-format\/"},"modified":"2025-09-24T08:45:15","modified_gmt":"2025-09-24T08:45:15","slug":"bouteille-en-verre-moderne-pour-whisky-750ml-format-grand-format","status":"publish","type":"product","link":"https:\/\/95glassbottles.com\/fr\/produit\/bouteille-en-verre-moderne-pour-whisky-750ml-format-grand-format\/","title":{"rendered":"Bouteille en verre moderne pour whisky, 750ml, format grand format"},"content":{"rendered":"<p>Fabriqu\u00e9e en verre de cristal ultra-transparent et exempt d&rsquo;impuret\u00e9s, cette bouteille allie \u00e9l\u00e9gance moderne et robustesse. Sa forme cylindrique et \u00e9lanc\u00e9e, rehauss\u00e9e par une \u00e9paule incurv\u00e9e en forme de V, lui conf\u00e8re un aspect raffin\u00e9 et contemporain. Sa base \u00e9paisse assure une excellente stabilit\u00e9, tandis que son col \u00e9troit permet l&rsquo;utilisation de bouchons en li\u00e8ge ou de bouchons \u00e0 vis. Parfaite pour le whisky, le bourbon, le scotch ou les liqueurs artisanales, cette bouteille en verre est id\u00e9ale pour les distilleries, les collectionneurs et tous ceux qui recherchent un conditionnement haut de gamme.   <\/p>\n","protected":false},"excerpt":{"rendered":"<p>Bouteille en verre pour whisky avec \u00e9paulement en forme de V et col allong\u00e9. Quantit\u00e9 minimale de commande : 12 000 pi\u00e8ces. D\u00e9lai de livraison : 15 \u00e0 20 jours. <\/p>\n","protected":false},"featured_media":4481,"template":"","meta":{"site-sidebar-layout":"default","site-content-layout":"","ast-site-content-layout":"default","site-content-style":"default","site-sidebar-style":"default","ast-global-header-display":"","ast-banner-title-visibility":"","ast-main-header-display":"","ast-hfb-above-header-display":"","ast-hfb-below-header-display":"","ast-hfb-mobile-header-display":"","site-post-title":"","ast-breadcrumbs-content":"","ast-featured-img":"","footer-sml-layout":"","ast-disable-related-posts":"","theme-transparent-header-meta":"default","adv-header-id-meta":"","stick-header-meta":"","header-above-stick-meta":"","header-main-stick-meta":"","header-below-stick-meta":"","astra-migrate-meta-layouts":"default","ast-page-background-enabled":"default","ast-page-background-meta":{"desktop":{"background-color":"var(--ast-global-color-4)","background-image":"","background-repeat":"repeat","background-position":"center center","background-size":"auto","background-attachment":"scroll","background-type":"","background-media":"","overlay-type":"","overlay-color":"","overlay-opacity":"","overlay-gradient":""},"tablet":{"background-color":"","background-image":"","background-repeat":"repeat","background-position":"center center","background-size":"auto","background-attachment":"scroll","background-type":"","background-media":"","overlay-type":"","overlay-color":"","overlay-opacity":"","overlay-gradient":""},"mobile":{"background-color":"","background-image":"","background-repeat":"repeat","background-position":"center center","background-size":"auto","background-attachment":"scroll","background-type":"","background-media":"","overlay-type":"","overlay-color":"","overlay-opacity":"","overlay-gradient":""}},"ast-content-background-meta":{"desktop":{"background-color":"var(--ast-global-color-5)","background-image":"","background-repeat":"repeat","background-position":"center center","background-size":"auto","background-attachment":"scroll","background-type":"","background-media":"","overlay-type":"","overlay-color":"","overlay-opacity":"","overlay-gradient":""},"tablet":{"background-color":"var(--ast-global-color-5)","background-image":"","background-repeat":"repeat","background-position":"center center","background-size":"auto","background-attachment":"scroll","background-type":"","background-media":"","overlay-type":"","overlay-color":"","overlay-opacity":"","overlay-gradient":""},"mobile":{"background-color":"var(--ast-global-color-5)","background-image":"","background-repeat":"repeat","background-position":"center center","background-size":"auto","background-attachment":"scroll","background-type":"","background-media":"","overlay-type":"","overlay-color":"","overlay-opacity":"","overlay-gradient":""}}},"product_brand":[],"product_cat":[507,462,351],"product_tag":[],"class_list":{"0":"post-5698","1":"product","2":"type-product","3":"status-publish","4":"has-post-thumbnail","6":"product_cat-bouteilles-de-spiritueux-de-750-ml","7":"product_cat-bouteilles-spirituelles","8":"product_cat-non-categorise","9":"desktop-align-left","10":"tablet-align-left","11":"mobile-align-left","13":"first","14":"instock","15":"shipping-taxable","16":"purchasable","17":"product-type-simple"},"yoast_head":"<!-- This site is optimized with the Yoast SEO plugin v27.4 - https:\/\/yoast.com\/product\/yoast-seo-wordpress\/ -->\n<title>Bouteille \u00e0 whisky en verre moderne et \u00e9lanc\u00e9e | 95Glass<\/title>\n<meta name=\"description\" content=\"Bouteille de whisky en verre transparent de haute qualit\u00e9, avec un col en forme de V moderne et une base \u00e9paisse, id\u00e9ale pour les whiskys, bourbons et autres spiritueux de grande qualit\u00e9.\" \/>\n<meta name=\"robots\" content=\"index, follow, max-snippet:-1, max-image-preview:large, max-video-preview:-1\" \/>\n<link rel=\"canonical\" href=\"https:\/\/95glassbottles.com\/fr\/produit\/bouteille-en-verre-moderne-pour-whisky-750ml-format-grand-format\/\" \/>\n<meta property=\"og:locale\" content=\"fr_FR\" \/>\n<meta property=\"og:type\" content=\"article\" \/>\n<meta property=\"og:title\" content=\"Bouteille \u00e0 whisky en verre moderne et \u00e9lanc\u00e9e | 95Glass\" \/>\n<meta property=\"og:description\" content=\"Bouteille de whisky en verre transparent de haute qualit\u00e9, avec un col en forme de V moderne et une base \u00e9paisse, id\u00e9ale pour les whiskys, bourbons et autres spiritueux de grande qualit\u00e9.\" \/>\n<meta property=\"og:url\" content=\"https:\/\/95glassbottles.com\/fr\/produit\/bouteille-en-verre-moderne-pour-whisky-750ml-format-grand-format\/\" \/>\n<meta property=\"og:site_name\" content=\"95Glass\" \/>\n<meta property=\"article:publisher\" content=\"https:\/\/www.facebook.com\/95Glass\" \/>\n<meta property=\"article:modified_time\" content=\"2025-09-24T08:45:15+00:00\" \/>\n<meta property=\"og:image\" content=\"https:\/\/95glassbottles.com\/wp-content\/uploads\/2025\/08\/NF1056-750ML-800G.jpg\" \/>\n\t<meta property=\"og:image:width\" content=\"1000\" \/>\n\t<meta property=\"og:image:height\" content=\"1000\" \/>\n\t<meta property=\"og:image:type\" content=\"image\/jpeg\" \/>\n<meta name=\"twitter:card\" content=\"summary_large_image\" \/>\n<meta name=\"twitter:label1\" content=\"Dur\u00e9e de lecture estim\u00e9e\" \/>\n\t<meta name=\"twitter:data1\" content=\"1 minute\" \/>\n<script type=\"application\/ld+json\" class=\"yoast-schema-graph\">{\"@context\":\"https:\\\/\\\/schema.org\",\"@graph\":[{\"@type\":[\"WebPage\",\"ItemPage\"],\"@id\":\"https:\\\/\\\/95glassbottles.com\\\/fr\\\/produit\\\/bouteille-en-verre-moderne-pour-whisky-750ml-format-grand-format\\\/\",\"url\":\"https:\\\/\\\/95glassbottles.com\\\/fr\\\/produit\\\/bouteille-en-verre-moderne-pour-whisky-750ml-format-grand-format\\\/\",\"name\":\"Bouteille \u00e0 whisky en verre moderne et \u00e9lanc\u00e9e | 95Glass\",\"isPartOf\":{\"@id\":\"https:\\\/\\\/95glassbottles.com\\\/fr\\\/#website\"},\"primaryImageOfPage\":{\"@id\":\"https:\\\/\\\/95glassbottles.com\\\/fr\\\/produit\\\/bouteille-en-verre-moderne-pour-whisky-750ml-format-grand-format\\\/#primaryimage\"},\"image\":{\"@id\":\"https:\\\/\\\/95glassbottles.com\\\/fr\\\/produit\\\/bouteille-en-verre-moderne-pour-whisky-750ml-format-grand-format\\\/#primaryimage\"},\"thumbnailUrl\":\"https:\\\/\\\/95glassbottles.com\\\/wp-content\\\/uploads\\\/2025\\\/08\\\/NF1056-750ML-800G.jpg\",\"datePublished\":\"2025-08-12T12:21:40+00:00\",\"dateModified\":\"2025-09-24T08:45:15+00:00\",\"description\":\"Bouteille de whisky en verre transparent de haute qualit\u00e9, avec un col en forme de V moderne et une base \u00e9paisse, id\u00e9ale pour les whiskys, bourbons et autres spiritueux de grande qualit\u00e9.\",\"breadcrumb\":{\"@id\":\"https:\\\/\\\/95glassbottles.com\\\/fr\\\/produit\\\/bouteille-en-verre-moderne-pour-whisky-750ml-format-grand-format\\\/#breadcrumb\"},\"inLanguage\":\"fr-FR\",\"potentialAction\":[{\"@type\":\"ReadAction\",\"target\":[\"https:\\\/\\\/95glassbottles.com\\\/fr\\\/produit\\\/bouteille-en-verre-moderne-pour-whisky-750ml-format-grand-format\\\/\"]}]},{\"@type\":\"ImageObject\",\"inLanguage\":\"fr-FR\",\"@id\":\"https:\\\/\\\/95glassbottles.com\\\/fr\\\/produit\\\/bouteille-en-verre-moderne-pour-whisky-750ml-format-grand-format\\\/#primaryimage\",\"url\":\"https:\\\/\\\/95glassbottles.com\\\/wp-content\\\/uploads\\\/2025\\\/08\\\/NF1056-750ML-800G.jpg\",\"contentUrl\":\"https:\\\/\\\/95glassbottles.com\\\/wp-content\\\/uploads\\\/2025\\\/08\\\/NF1056-750ML-800G.jpg\",\"width\":1000,\"height\":1000,\"caption\":\"Bouteille \u00e9l\u00e9gante en verre pour whisky, de grande taille, avec une forme moderne aux \u00e9paules incurv\u00e9es et une base \u00e9paisse.\"},{\"@type\":\"BreadcrumbList\",\"@id\":\"https:\\\/\\\/95glassbottles.com\\\/fr\\\/produit\\\/bouteille-en-verre-moderne-pour-whisky-750ml-format-grand-format\\\/#breadcrumb\",\"itemListElement\":[{\"@type\":\"ListItem\",\"position\":1,\"name\":\"Home\",\"item\":\"https:\\\/\\\/95glassbottles.com\\\/fr\\\/\"},{\"@type\":\"ListItem\",\"position\":2,\"name\":\"Produits\",\"item\":\"https:\\\/\\\/95glassbottles.com\\\/fr\\\/shop\\\/\"},{\"@type\":\"ListItem\",\"position\":3,\"name\":\"Bouteille en verre moderne pour whisky, 750ml, format grand format\"}]},{\"@type\":\"WebSite\",\"@id\":\"https:\\\/\\\/95glassbottles.com\\\/fr\\\/#website\",\"url\":\"https:\\\/\\\/95glassbottles.com\\\/fr\\\/\",\"name\":\"95GlassBottles\",\"description\":\"\",\"publisher\":{\"@id\":\"https:\\\/\\\/95glassbottles.com\\\/fr\\\/#organization\"},\"potentialAction\":[{\"@type\":\"SearchAction\",\"target\":{\"@type\":\"EntryPoint\",\"urlTemplate\":\"https:\\\/\\\/95glassbottles.com\\\/fr\\\/?s={search_term_string}\"},\"query-input\":{\"@type\":\"PropertyValueSpecification\",\"valueRequired\":true,\"valueName\":\"search_term_string\"}}],\"inLanguage\":\"fr-FR\"},{\"@type\":\"Organization\",\"@id\":\"https:\\\/\\\/95glassbottles.com\\\/fr\\\/#organization\",\"name\":\"Shandong Ninety Five Glass Co,.Ltd\",\"url\":\"https:\\\/\\\/95glassbottles.com\\\/fr\\\/\",\"logo\":{\"@type\":\"ImageObject\",\"inLanguage\":\"fr-FR\",\"@id\":\"https:\\\/\\\/95glassbottles.com\\\/fr\\\/#\\\/schema\\\/logo\\\/image\\\/\",\"url\":\"https:\\\/\\\/95glassbottles.com\\\/wp-content\\\/uploads\\\/2025\\\/04\\\/1-3.webp\",\"contentUrl\":\"https:\\\/\\\/95glassbottles.com\\\/wp-content\\\/uploads\\\/2025\\\/04\\\/1-3.webp\",\"width\":350,\"height\":100,\"caption\":\"Shandong Ninety Five Glass Co,.Ltd\"},\"image\":{\"@id\":\"https:\\\/\\\/95glassbottles.com\\\/fr\\\/#\\\/schema\\\/logo\\\/image\\\/\"},\"sameAs\":[\"https:\\\/\\\/www.facebook.com\\\/95Glass\"]}]}<\/script>\n<!-- \/ Yoast SEO plugin. -->","yoast_head_json":{"title":"Bouteille \u00e0 whisky en verre moderne et \u00e9lanc\u00e9e | 95Glass","description":"Bouteille de whisky en verre transparent de haute qualit\u00e9, avec un col en forme de V moderne et une base \u00e9paisse, id\u00e9ale pour les whiskys, bourbons et autres spiritueux de grande qualit\u00e9.","robots":{"index":"index","follow":"follow","max-snippet":"max-snippet:-1","max-image-preview":"max-image-preview:large","max-video-preview":"max-video-preview:-1"},"canonical":"https:\/\/95glassbottles.com\/fr\/produit\/bouteille-en-verre-moderne-pour-whisky-750ml-format-grand-format\/","og_locale":"fr_FR","og_type":"article","og_title":"Bouteille \u00e0 whisky en verre moderne et \u00e9lanc\u00e9e | 95Glass","og_description":"Bouteille de whisky en verre transparent de haute qualit\u00e9, avec un col en forme de V moderne et une base \u00e9paisse, id\u00e9ale pour les whiskys, bourbons et autres spiritueux de grande qualit\u00e9.","og_url":"https:\/\/95glassbottles.com\/fr\/produit\/bouteille-en-verre-moderne-pour-whisky-750ml-format-grand-format\/","og_site_name":"95Glass","article_publisher":"https:\/\/www.facebook.com\/95Glass","article_modified_time":"2025-09-24T08:45:15+00:00","og_image":[{"width":1000,"height":1000,"url":"https:\/\/95glassbottles.com\/wp-content\/uploads\/2025\/08\/NF1056-750ML-800G.jpg","type":"image\/jpeg"}],"twitter_card":"summary_large_image","twitter_misc":{"Dur\u00e9e de lecture estim\u00e9e":"1 minute"},"schema":{"@context":"https:\/\/schema.org","@graph":[{"@type":["WebPage","ItemPage"],"@id":"https:\/\/95glassbottles.com\/fr\/produit\/bouteille-en-verre-moderne-pour-whisky-750ml-format-grand-format\/","url":"https:\/\/95glassbottles.com\/fr\/produit\/bouteille-en-verre-moderne-pour-whisky-750ml-format-grand-format\/","name":"Bouteille \u00e0 whisky en verre moderne et \u00e9lanc\u00e9e | 95Glass","isPartOf":{"@id":"https:\/\/95glassbottles.com\/fr\/#website"},"primaryImageOfPage":{"@id":"https:\/\/95glassbottles.com\/fr\/produit\/bouteille-en-verre-moderne-pour-whisky-750ml-format-grand-format\/#primaryimage"},"image":{"@id":"https:\/\/95glassbottles.com\/fr\/produit\/bouteille-en-verre-moderne-pour-whisky-750ml-format-grand-format\/#primaryimage"},"thumbnailUrl":"https:\/\/95glassbottles.com\/wp-content\/uploads\/2025\/08\/NF1056-750ML-800G.jpg","datePublished":"2025-08-12T12:21:40+00:00","dateModified":"2025-09-24T08:45:15+00:00","description":"Bouteille de whisky en verre transparent de haute qualit\u00e9, avec un col en forme de V moderne et une base \u00e9paisse, id\u00e9ale pour les whiskys, bourbons et autres spiritueux de grande qualit\u00e9.","breadcrumb":{"@id":"https:\/\/95glassbottles.com\/fr\/produit\/bouteille-en-verre-moderne-pour-whisky-750ml-format-grand-format\/#breadcrumb"},"inLanguage":"fr-FR","potentialAction":[{"@type":"ReadAction","target":["https:\/\/95glassbottles.com\/fr\/produit\/bouteille-en-verre-moderne-pour-whisky-750ml-format-grand-format\/"]}]},{"@type":"ImageObject","inLanguage":"fr-FR","@id":"https:\/\/95glassbottles.com\/fr\/produit\/bouteille-en-verre-moderne-pour-whisky-750ml-format-grand-format\/#primaryimage","url":"https:\/\/95glassbottles.com\/wp-content\/uploads\/2025\/08\/NF1056-750ML-800G.jpg","contentUrl":"https:\/\/95glassbottles.com\/wp-content\/uploads\/2025\/08\/NF1056-750ML-800G.jpg","width":1000,"height":1000,"caption":"Bouteille \u00e9l\u00e9gante en verre pour whisky, de grande taille, avec une forme moderne aux \u00e9paules incurv\u00e9es et une base \u00e9paisse."},{"@type":"BreadcrumbList","@id":"https:\/\/95glassbottles.com\/fr\/produit\/bouteille-en-verre-moderne-pour-whisky-750ml-format-grand-format\/#breadcrumb","itemListElement":[{"@type":"ListItem","position":1,"name":"Home","item":"https:\/\/95glassbottles.com\/fr\/"},{"@type":"ListItem","position":2,"name":"Produits","item":"https:\/\/95glassbottles.com\/fr\/shop\/"},{"@type":"ListItem","position":3,"name":"Bouteille en verre moderne pour whisky, 750ml, format grand format"}]},{"@type":"WebSite","@id":"https:\/\/95glassbottles.com\/fr\/#website","url":"https:\/\/95glassbottles.com\/fr\/","name":"95GlassBottles","description":"","publisher":{"@id":"https:\/\/95glassbottles.com\/fr\/#organization"},"potentialAction":[{"@type":"SearchAction","target":{"@type":"EntryPoint","urlTemplate":"https:\/\/95glassbottles.com\/fr\/?s={search_term_string}"},"query-input":{"@type":"PropertyValueSpecification","valueRequired":true,"valueName":"search_term_string"}}],"inLanguage":"fr-FR"},{"@type":"Organization","@id":"https:\/\/95glassbottles.com\/fr\/#organization","name":"Shandong Ninety Five Glass Co,.Ltd","url":"https:\/\/95glassbottles.com\/fr\/","logo":{"@type":"ImageObject","inLanguage":"fr-FR","@id":"https:\/\/95glassbottles.com\/fr\/#\/schema\/logo\/image\/","url":"https:\/\/95glassbottles.com\/wp-content\/uploads\/2025\/04\/1-3.webp","contentUrl":"https:\/\/95glassbottles.com\/wp-content\/uploads\/2025\/04\/1-3.webp","width":350,"height":100,"caption":"Shandong Ninety Five Glass Co,.Ltd"},"image":{"@id":"https:\/\/95glassbottles.com\/fr\/#\/schema\/logo\/image\/"},"sameAs":["https:\/\/www.facebook.com\/95Glass"]}]}},"_links":{"self":[{"href":"https:\/\/95glassbottles.com\/fr\/wp-json\/wp\/v2\/product\/5698","targetHints":{"allow":["GET"]}}],"collection":[{"href":"https:\/\/95glassbottles.com\/fr\/wp-json\/wp\/v2\/product"}],"about":[{"href":"https:\/\/95glassbottles.com\/fr\/wp-json\/wp\/v2\/types\/product"}],"wp:featuredmedia":[{"embeddable":true,"href":"https:\/\/95glassbottles.com\/fr\/wp-json\/wp\/v2\/media\/4481"}],"wp:attachment":[{"href":"https:\/\/95glassbottles.com\/fr\/wp-json\/wp\/v2\/media?parent=5698"}],"wp:term":[{"taxonomy":"product_brand","embeddable":true,"href":"https:\/\/95glassbottles.com\/fr\/wp-json\/wp\/v2\/product_brand?post=5698"},{"taxonomy":"product_cat","embeddable":true,"href":"https:\/\/95glassbottles.com\/fr\/wp-json\/wp\/v2\/product_cat?post=5698"},{"taxonomy":"product_tag","embeddable":true,"href":"https:\/\/95glassbottles.com\/fr\/wp-json\/wp\/v2\/product_tag?post=5698"}],"curies":[{"name":"wp","href":"https:\/\/api.w.org\/{rel}","templated":true}]}}