{"id":5702,"date":"2025-08-12T12:13:03","date_gmt":"2025-08-12T12:13:03","guid":{"rendered":"https:\/\/95glassbottles.com\/product\/bouteille-en-verre-cylindrique-haute-de-750-ml-bouteille-ronde-pour-boissons-alcoolisees\/"},"modified":"2025-08-12T12:13:03","modified_gmt":"2025-08-12T12:13:03","slug":"bouteille-en-verre-cylindrique-haute-de-750-ml-bouteille-ronde-pour-boissons-alcoolisees","status":"publish","type":"product","link":"https:\/\/95glassbottles.com\/fr\/produit\/bouteille-en-verre-cylindrique-haute-de-750-ml-bouteille-ronde-pour-boissons-alcoolisees\/","title":{"rendered":"Bouteille en verre cylindrique haute de 750 ml, bouteille ronde pour boissons alcoolis\u00e9es"},"content":{"rendered":"<p>Cette bouteille de spiritueux ronde est en verre transparent. Son corps \u00e9lanc\u00e9 et lisse, son col fin \u00e0 vis et sa base \u00e9paisse et robuste assurent une grande stabilit\u00e9. Sa forme simple et moderne la rend id\u00e9ale pour les spiritueux tels que la vodka, le whisky, le rhum ou les cocktails. Un choix s\u00fbr, que ce soit pour un usage standard ou pour une personnalisation de marque. Quantit\u00e9 minimale de commande : 12 000 pi\u00e8ces. D\u00e9lai de livraison : 15 \u00e0 20 jours.    <\/p>\n","protected":false},"excerpt":{"rendered":"<p>Bouteille en verre transparent de forme ronde avec bouchon \u00e0 vis et base \u00e9paisse. Quantit\u00e9 minimale de commande : 12 000 pi\u00e8ces. D\u00e9lai de livraison : 15 \u00e0 20 jours. <\/p>\n","protected":false},"featured_media":4477,"template":"","meta":{"site-sidebar-layout":"default","site-content-layout":"","ast-site-content-layout":"default","site-content-style":"default","site-sidebar-style":"default","ast-global-header-display":"","ast-banner-title-visibility":"","ast-main-header-display":"","ast-hfb-above-header-display":"","ast-hfb-below-header-display":"","ast-hfb-mobile-header-display":"","site-post-title":"","ast-breadcrumbs-content":"","ast-featured-img":"","footer-sml-layout":"","ast-disable-related-posts":"","theme-transparent-header-meta":"default","adv-header-id-meta":"","stick-header-meta":"","header-above-stick-meta":"","header-main-stick-meta":"","header-below-stick-meta":"","astra-migrate-meta-layouts":"default","ast-page-background-enabled":"default","ast-page-background-meta":{"desktop":{"background-color":"var(--ast-global-color-4)","background-image":"","background-repeat":"repeat","background-position":"center center","background-size":"auto","background-attachment":"scroll","background-type":"","background-media":"","overlay-type":"","overlay-color":"","overlay-opacity":"","overlay-gradient":""},"tablet":{"background-color":"","background-image":"","background-repeat":"repeat","background-position":"center center","background-size":"auto","background-attachment":"scroll","background-type":"","background-media":"","overlay-type":"","overlay-color":"","overlay-opacity":"","overlay-gradient":""},"mobile":{"background-color":"","background-image":"","background-repeat":"repeat","background-position":"center center","background-size":"auto","background-attachment":"scroll","background-type":"","background-media":"","overlay-type":"","overlay-color":"","overlay-opacity":"","overlay-gradient":""}},"ast-content-background-meta":{"desktop":{"background-color":"var(--ast-global-color-5)","background-image":"","background-repeat":"repeat","background-position":"center center","background-size":"auto","background-attachment":"scroll","background-type":"","background-media":"","overlay-type":"","overlay-color":"","overlay-opacity":"","overlay-gradient":""},"tablet":{"background-color":"var(--ast-global-color-5)","background-image":"","background-repeat":"repeat","background-position":"center center","background-size":"auto","background-attachment":"scroll","background-type":"","background-media":"","overlay-type":"","overlay-color":"","overlay-opacity":"","overlay-gradient":""},"mobile":{"background-color":"var(--ast-global-color-5)","background-image":"","background-repeat":"repeat","background-position":"center center","background-size":"auto","background-attachment":"scroll","background-type":"","background-media":"","overlay-type":"","overlay-color":"","overlay-opacity":"","overlay-gradient":""}}},"product_brand":[],"product_cat":[507,462],"product_tag":[],"class_list":{"0":"post-5702","1":"product","2":"type-product","3":"status-publish","4":"has-post-thumbnail","6":"product_cat-bouteilles-de-spiritueux-de-750-ml","7":"product_cat-bouteilles-spirituelles","8":"desktop-align-left","9":"tablet-align-left","10":"mobile-align-left","12":"first","13":"instock","14":"shipping-taxable","15":"purchasable","16":"product-type-simple"},"yoast_head":"<!-- This site is optimized with the Yoast SEO plugin v27.4 - https:\/\/yoast.com\/product\/yoast-seo-wordpress\/ -->\n<title>Bouteille en verre cylindrique haute et ronde pour boissons alcoolis\u00e9es | 95Glass<\/title>\n<meta name=\"description\" content=\"Bouteille cylindrique en verre transparent de haute qualit\u00e9 \u2013 un r\u00e9cipient \u00e9l\u00e9gant pour les spiritueux tels que le whisky, la vodka, le gin, etc. Design raffin\u00e9 avec un fond robuste.\" \/>\n<meta name=\"robots\" content=\"index, follow, max-snippet:-1, max-image-preview:large, max-video-preview:-1\" \/>\n<link rel=\"canonical\" href=\"https:\/\/95glassbottles.com\/fr\/produit\/bouteille-en-verre-cylindrique-haute-de-750-ml-bouteille-ronde-pour-boissons-alcoolisees\/\" \/>\n<meta property=\"og:locale\" content=\"fr_FR\" \/>\n<meta property=\"og:type\" content=\"article\" \/>\n<meta property=\"og:title\" content=\"Bouteille en verre cylindrique haute et ronde pour boissons alcoolis\u00e9es | 95Glass\" \/>\n<meta property=\"og:description\" content=\"Bouteille cylindrique en verre transparent de haute qualit\u00e9 \u2013 un r\u00e9cipient \u00e9l\u00e9gant pour les spiritueux tels que le whisky, la vodka, le gin, etc. Design raffin\u00e9 avec un fond robuste.\" \/>\n<meta property=\"og:url\" content=\"https:\/\/95glassbottles.com\/fr\/produit\/bouteille-en-verre-cylindrique-haute-de-750-ml-bouteille-ronde-pour-boissons-alcoolisees\/\" \/>\n<meta property=\"og:site_name\" content=\"95Glass\" \/>\n<meta property=\"article:publisher\" content=\"https:\/\/www.facebook.com\/95Glass\" \/>\n<meta property=\"og:image\" content=\"https:\/\/95glassbottles.com\/wp-content\/uploads\/2025\/08\/NF1060-750ML-850G.jpg\" \/>\n\t<meta property=\"og:image:width\" content=\"1000\" \/>\n\t<meta property=\"og:image:height\" content=\"1000\" \/>\n\t<meta property=\"og:image:type\" content=\"image\/jpeg\" \/>\n<meta name=\"twitter:card\" content=\"summary_large_image\" \/>\n<script type=\"application\/ld+json\" class=\"yoast-schema-graph\">{\"@context\":\"https:\\\/\\\/schema.org\",\"@graph\":[{\"@type\":[\"WebPage\",\"ItemPage\"],\"@id\":\"https:\\\/\\\/95glassbottles.com\\\/fr\\\/produit\\\/bouteille-en-verre-cylindrique-haute-de-750-ml-bouteille-ronde-pour-boissons-alcoolisees\\\/\",\"url\":\"https:\\\/\\\/95glassbottles.com\\\/fr\\\/produit\\\/bouteille-en-verre-cylindrique-haute-de-750-ml-bouteille-ronde-pour-boissons-alcoolisees\\\/\",\"name\":\"Bouteille en verre cylindrique haute et ronde pour boissons alcoolis\u00e9es | 95Glass\",\"isPartOf\":{\"@id\":\"https:\\\/\\\/95glassbottles.com\\\/fr\\\/#website\"},\"primaryImageOfPage\":{\"@id\":\"https:\\\/\\\/95glassbottles.com\\\/fr\\\/produit\\\/bouteille-en-verre-cylindrique-haute-de-750-ml-bouteille-ronde-pour-boissons-alcoolisees\\\/#primaryimage\"},\"image\":{\"@id\":\"https:\\\/\\\/95glassbottles.com\\\/fr\\\/produit\\\/bouteille-en-verre-cylindrique-haute-de-750-ml-bouteille-ronde-pour-boissons-alcoolisees\\\/#primaryimage\"},\"thumbnailUrl\":\"https:\\\/\\\/95glassbottles.com\\\/wp-content\\\/uploads\\\/2025\\\/08\\\/NF1060-750ML-850G.jpg\",\"datePublished\":\"2025-08-12T12:13:03+00:00\",\"description\":\"Bouteille cylindrique en verre transparent de haute qualit\u00e9 \u2013 un r\u00e9cipient \u00e9l\u00e9gant pour les spiritueux tels que le whisky, la vodka, le gin, etc. Design raffin\u00e9 avec un fond robuste.\",\"breadcrumb\":{\"@id\":\"https:\\\/\\\/95glassbottles.com\\\/fr\\\/produit\\\/bouteille-en-verre-cylindrique-haute-de-750-ml-bouteille-ronde-pour-boissons-alcoolisees\\\/#breadcrumb\"},\"inLanguage\":\"fr-FR\",\"potentialAction\":[{\"@type\":\"ReadAction\",\"target\":[\"https:\\\/\\\/95glassbottles.com\\\/fr\\\/produit\\\/bouteille-en-verre-cylindrique-haute-de-750-ml-bouteille-ronde-pour-boissons-alcoolisees\\\/\"]}]},{\"@type\":\"ImageObject\",\"inLanguage\":\"fr-FR\",\"@id\":\"https:\\\/\\\/95glassbottles.com\\\/fr\\\/produit\\\/bouteille-en-verre-cylindrique-haute-de-750-ml-bouteille-ronde-pour-boissons-alcoolisees\\\/#primaryimage\",\"url\":\"https:\\\/\\\/95glassbottles.com\\\/wp-content\\\/uploads\\\/2025\\\/08\\\/NF1060-750ML-850G.jpg\",\"contentUrl\":\"https:\\\/\\\/95glassbottles.com\\\/wp-content\\\/uploads\\\/2025\\\/08\\\/NF1060-750ML-850G.jpg\",\"width\":1000,\"height\":1000,\"caption\":\"Bouteille \u00e9l\u00e9gante en cristal transparent de forme ronde et de grande hauteur, au design cylindrique \u00e9pur\u00e9.\"},{\"@type\":\"BreadcrumbList\",\"@id\":\"https:\\\/\\\/95glassbottles.com\\\/fr\\\/produit\\\/bouteille-en-verre-cylindrique-haute-de-750-ml-bouteille-ronde-pour-boissons-alcoolisees\\\/#breadcrumb\",\"itemListElement\":[{\"@type\":\"ListItem\",\"position\":1,\"name\":\"Home\",\"item\":\"https:\\\/\\\/95glassbottles.com\\\/fr\\\/\"},{\"@type\":\"ListItem\",\"position\":2,\"name\":\"Produits\",\"item\":\"https:\\\/\\\/95glassbottles.com\\\/fr\\\/shop\\\/\"},{\"@type\":\"ListItem\",\"position\":3,\"name\":\"Bouteille en verre cylindrique haute de 750 ml, bouteille ronde pour boissons alcoolis\u00e9es\"}]},{\"@type\":\"WebSite\",\"@id\":\"https:\\\/\\\/95glassbottles.com\\\/fr\\\/#website\",\"url\":\"https:\\\/\\\/95glassbottles.com\\\/fr\\\/\",\"name\":\"95GlassBottles\",\"description\":\"\",\"publisher\":{\"@id\":\"https:\\\/\\\/95glassbottles.com\\\/fr\\\/#organization\"},\"potentialAction\":[{\"@type\":\"SearchAction\",\"target\":{\"@type\":\"EntryPoint\",\"urlTemplate\":\"https:\\\/\\\/95glassbottles.com\\\/fr\\\/?s={search_term_string}\"},\"query-input\":{\"@type\":\"PropertyValueSpecification\",\"valueRequired\":true,\"valueName\":\"search_term_string\"}}],\"inLanguage\":\"fr-FR\"},{\"@type\":\"Organization\",\"@id\":\"https:\\\/\\\/95glassbottles.com\\\/fr\\\/#organization\",\"name\":\"Shandong Ninety Five Glass Co,.Ltd\",\"url\":\"https:\\\/\\\/95glassbottles.com\\\/fr\\\/\",\"logo\":{\"@type\":\"ImageObject\",\"inLanguage\":\"fr-FR\",\"@id\":\"https:\\\/\\\/95glassbottles.com\\\/fr\\\/#\\\/schema\\\/logo\\\/image\\\/\",\"url\":\"https:\\\/\\\/95glassbottles.com\\\/wp-content\\\/uploads\\\/2025\\\/04\\\/1-3.webp\",\"contentUrl\":\"https:\\\/\\\/95glassbottles.com\\\/wp-content\\\/uploads\\\/2025\\\/04\\\/1-3.webp\",\"width\":350,\"height\":100,\"caption\":\"Shandong Ninety Five Glass Co,.Ltd\"},\"image\":{\"@id\":\"https:\\\/\\\/95glassbottles.com\\\/fr\\\/#\\\/schema\\\/logo\\\/image\\\/\"},\"sameAs\":[\"https:\\\/\\\/www.facebook.com\\\/95Glass\"]}]}<\/script>\n<!-- \/ Yoast SEO plugin. -->","yoast_head_json":{"title":"Bouteille en verre cylindrique haute et ronde pour boissons alcoolis\u00e9es | 95Glass","description":"Bouteille cylindrique en verre transparent de haute qualit\u00e9 \u2013 un r\u00e9cipient \u00e9l\u00e9gant pour les spiritueux tels que le whisky, la vodka, le gin, etc. Design raffin\u00e9 avec un fond robuste.","robots":{"index":"index","follow":"follow","max-snippet":"max-snippet:-1","max-image-preview":"max-image-preview:large","max-video-preview":"max-video-preview:-1"},"canonical":"https:\/\/95glassbottles.com\/fr\/produit\/bouteille-en-verre-cylindrique-haute-de-750-ml-bouteille-ronde-pour-boissons-alcoolisees\/","og_locale":"fr_FR","og_type":"article","og_title":"Bouteille en verre cylindrique haute et ronde pour boissons alcoolis\u00e9es | 95Glass","og_description":"Bouteille cylindrique en verre transparent de haute qualit\u00e9 \u2013 un r\u00e9cipient \u00e9l\u00e9gant pour les spiritueux tels que le whisky, la vodka, le gin, etc. Design raffin\u00e9 avec un fond robuste.","og_url":"https:\/\/95glassbottles.com\/fr\/produit\/bouteille-en-verre-cylindrique-haute-de-750-ml-bouteille-ronde-pour-boissons-alcoolisees\/","og_site_name":"95Glass","article_publisher":"https:\/\/www.facebook.com\/95Glass","og_image":[{"width":1000,"height":1000,"url":"https:\/\/95glassbottles.com\/wp-content\/uploads\/2025\/08\/NF1060-750ML-850G.jpg","type":"image\/jpeg"}],"twitter_card":"summary_large_image","schema":{"@context":"https:\/\/schema.org","@graph":[{"@type":["WebPage","ItemPage"],"@id":"https:\/\/95glassbottles.com\/fr\/produit\/bouteille-en-verre-cylindrique-haute-de-750-ml-bouteille-ronde-pour-boissons-alcoolisees\/","url":"https:\/\/95glassbottles.com\/fr\/produit\/bouteille-en-verre-cylindrique-haute-de-750-ml-bouteille-ronde-pour-boissons-alcoolisees\/","name":"Bouteille en verre cylindrique haute et ronde pour boissons alcoolis\u00e9es | 95Glass","isPartOf":{"@id":"https:\/\/95glassbottles.com\/fr\/#website"},"primaryImageOfPage":{"@id":"https:\/\/95glassbottles.com\/fr\/produit\/bouteille-en-verre-cylindrique-haute-de-750-ml-bouteille-ronde-pour-boissons-alcoolisees\/#primaryimage"},"image":{"@id":"https:\/\/95glassbottles.com\/fr\/produit\/bouteille-en-verre-cylindrique-haute-de-750-ml-bouteille-ronde-pour-boissons-alcoolisees\/#primaryimage"},"thumbnailUrl":"https:\/\/95glassbottles.com\/wp-content\/uploads\/2025\/08\/NF1060-750ML-850G.jpg","datePublished":"2025-08-12T12:13:03+00:00","description":"Bouteille cylindrique en verre transparent de haute qualit\u00e9 \u2013 un r\u00e9cipient \u00e9l\u00e9gant pour les spiritueux tels que le whisky, la vodka, le gin, etc. Design raffin\u00e9 avec un fond robuste.","breadcrumb":{"@id":"https:\/\/95glassbottles.com\/fr\/produit\/bouteille-en-verre-cylindrique-haute-de-750-ml-bouteille-ronde-pour-boissons-alcoolisees\/#breadcrumb"},"inLanguage":"fr-FR","potentialAction":[{"@type":"ReadAction","target":["https:\/\/95glassbottles.com\/fr\/produit\/bouteille-en-verre-cylindrique-haute-de-750-ml-bouteille-ronde-pour-boissons-alcoolisees\/"]}]},{"@type":"ImageObject","inLanguage":"fr-FR","@id":"https:\/\/95glassbottles.com\/fr\/produit\/bouteille-en-verre-cylindrique-haute-de-750-ml-bouteille-ronde-pour-boissons-alcoolisees\/#primaryimage","url":"https:\/\/95glassbottles.com\/wp-content\/uploads\/2025\/08\/NF1060-750ML-850G.jpg","contentUrl":"https:\/\/95glassbottles.com\/wp-content\/uploads\/2025\/08\/NF1060-750ML-850G.jpg","width":1000,"height":1000,"caption":"Bouteille \u00e9l\u00e9gante en cristal transparent de forme ronde et de grande hauteur, au design cylindrique \u00e9pur\u00e9."},{"@type":"BreadcrumbList","@id":"https:\/\/95glassbottles.com\/fr\/produit\/bouteille-en-verre-cylindrique-haute-de-750-ml-bouteille-ronde-pour-boissons-alcoolisees\/#breadcrumb","itemListElement":[{"@type":"ListItem","position":1,"name":"Home","item":"https:\/\/95glassbottles.com\/fr\/"},{"@type":"ListItem","position":2,"name":"Produits","item":"https:\/\/95glassbottles.com\/fr\/shop\/"},{"@type":"ListItem","position":3,"name":"Bouteille en verre cylindrique haute de 750 ml, bouteille ronde pour boissons alcoolis\u00e9es"}]},{"@type":"WebSite","@id":"https:\/\/95glassbottles.com\/fr\/#website","url":"https:\/\/95glassbottles.com\/fr\/","name":"95GlassBottles","description":"","publisher":{"@id":"https:\/\/95glassbottles.com\/fr\/#organization"},"potentialAction":[{"@type":"SearchAction","target":{"@type":"EntryPoint","urlTemplate":"https:\/\/95glassbottles.com\/fr\/?s={search_term_string}"},"query-input":{"@type":"PropertyValueSpecification","valueRequired":true,"valueName":"search_term_string"}}],"inLanguage":"fr-FR"},{"@type":"Organization","@id":"https:\/\/95glassbottles.com\/fr\/#organization","name":"Shandong Ninety Five Glass Co,.Ltd","url":"https:\/\/95glassbottles.com\/fr\/","logo":{"@type":"ImageObject","inLanguage":"fr-FR","@id":"https:\/\/95glassbottles.com\/fr\/#\/schema\/logo\/image\/","url":"https:\/\/95glassbottles.com\/wp-content\/uploads\/2025\/04\/1-3.webp","contentUrl":"https:\/\/95glassbottles.com\/wp-content\/uploads\/2025\/04\/1-3.webp","width":350,"height":100,"caption":"Shandong Ninety Five Glass Co,.Ltd"},"image":{"@id":"https:\/\/95glassbottles.com\/fr\/#\/schema\/logo\/image\/"},"sameAs":["https:\/\/www.facebook.com\/95Glass"]}]}},"_links":{"self":[{"href":"https:\/\/95glassbottles.com\/fr\/wp-json\/wp\/v2\/product\/5702","targetHints":{"allow":["GET"]}}],"collection":[{"href":"https:\/\/95glassbottles.com\/fr\/wp-json\/wp\/v2\/product"}],"about":[{"href":"https:\/\/95glassbottles.com\/fr\/wp-json\/wp\/v2\/types\/product"}],"wp:featuredmedia":[{"embeddable":true,"href":"https:\/\/95glassbottles.com\/fr\/wp-json\/wp\/v2\/media\/4477"}],"wp:attachment":[{"href":"https:\/\/95glassbottles.com\/fr\/wp-json\/wp\/v2\/media?parent=5702"}],"wp:term":[{"taxonomy":"product_brand","embeddable":true,"href":"https:\/\/95glassbottles.com\/fr\/wp-json\/wp\/v2\/product_brand?post=5702"},{"taxonomy":"product_cat","embeddable":true,"href":"https:\/\/95glassbottles.com\/fr\/wp-json\/wp\/v2\/product_cat?post=5702"},{"taxonomy":"product_tag","embeddable":true,"href":"https:\/\/95glassbottles.com\/fr\/wp-json\/wp\/v2\/product_tag?post=5702"}],"curies":[{"name":"wp","href":"https:\/\/api.w.org\/{rel}","templated":true}]}}