{"id":5710,"date":"2025-08-12T08:27:18","date_gmt":"2025-08-12T08:27:18","guid":{"rendered":"https:\/\/95glassbottles.com\/product\/bouchons-ropp-en-aluminium-dore-pour-bouteilles-de-spiritueux\/"},"modified":"2025-08-12T08:27:18","modified_gmt":"2025-08-12T08:27:18","slug":"bouchons-ropp-en-aluminium-dore-pour-bouteilles-de-spiritueux","status":"publish","type":"product","link":"https:\/\/95glassbottles.com\/fr\/produit\/bouchons-ropp-en-aluminium-dore-pour-bouteilles-de-spiritueux\/","title":{"rendered":"Bouchons ROPP en aluminium dor\u00e9 pour bouteilles de spiritueux"},"content":{"rendered":"<p data-start=\"121\" data-end=\"581\">Ce bouchon \u00e0 vis en aluminium ROPP poss\u00e8de une surface m\u00e9tallique lisse et un filetage pr\u00e9cis qui assure une fermeture herm\u00e9tique et s\u00e9curis\u00e9e. Il offre ainsi une grande durabilit\u00e9, une protection contre les manipulations frauduleuses et emp\u00eache les fuites lors du stockage et du transport, tout en am\u00e9liorant la s\u00e9curit\u00e9 du produit et en prolongeant sa dur\u00e9e de conservation. Largement utilis\u00e9 pour les bouteilles de spiritueux, de vin et de boissons, ce bouchon garantit une fiabilit\u00e9 fonctionnelle et renforce l&rsquo;image de marque gr\u00e2ce \u00e0 son aspect professionnel. C&rsquo;est donc un choix de premier choix parmi les solutions de fermeture propos\u00e9es par 95Glass.<\/p>\n","protected":false},"excerpt":{"rendered":"<p>Bouchon ROPP en aluminium dor\u00e9 avec partie sup\u00e9rieure plate et bord cannel\u00e9. Quantit\u00e9 minimale de commande 6000 pi\u00e8ces. D\u00e9lai de production : 10 \u00e0 20 jours.<\/p>\n","protected":false},"featured_media":4466,"template":"","meta":{"site-sidebar-layout":"default","site-content-layout":"","ast-site-content-layout":"default","site-content-style":"default","site-sidebar-style":"default","ast-global-header-display":"","ast-banner-title-visibility":"","ast-main-header-display":"","ast-hfb-above-header-display":"","ast-hfb-below-header-display":"","ast-hfb-mobile-header-display":"","site-post-title":"","ast-breadcrumbs-content":"","ast-featured-img":"","footer-sml-layout":"","ast-disable-related-posts":"","theme-transparent-header-meta":"default","adv-header-id-meta":"","stick-header-meta":"","header-above-stick-meta":"","header-main-stick-meta":"","header-below-stick-meta":"","astra-migrate-meta-layouts":"default","ast-page-background-enabled":"default","ast-page-background-meta":{"desktop":{"background-color":"var(--ast-global-color-4)","background-image":"","background-repeat":"repeat","background-position":"center center","background-size":"auto","background-attachment":"scroll","background-type":"","background-media":"","overlay-type":"","overlay-color":"","overlay-opacity":"","overlay-gradient":""},"tablet":{"background-color":"","background-image":"","background-repeat":"repeat","background-position":"center center","background-size":"auto","background-attachment":"scroll","background-type":"","background-media":"","overlay-type":"","overlay-color":"","overlay-opacity":"","overlay-gradient":""},"mobile":{"background-color":"","background-image":"","background-repeat":"repeat","background-position":"center center","background-size":"auto","background-attachment":"scroll","background-type":"","background-media":"","overlay-type":"","overlay-color":"","overlay-opacity":"","overlay-gradient":""}},"ast-content-background-meta":{"desktop":{"background-color":"var(--ast-global-color-5)","background-image":"","background-repeat":"repeat","background-position":"center center","background-size":"auto","background-attachment":"scroll","background-type":"","background-media":"","overlay-type":"","overlay-color":"","overlay-opacity":"","overlay-gradient":""},"tablet":{"background-color":"var(--ast-global-color-5)","background-image":"","background-repeat":"repeat","background-position":"center center","background-size":"auto","background-attachment":"scroll","background-type":"","background-media":"","overlay-type":"","overlay-color":"","overlay-opacity":"","overlay-gradient":""},"mobile":{"background-color":"var(--ast-global-color-5)","background-image":"","background-repeat":"repeat","background-position":"center center","background-size":"auto","background-attachment":"scroll","background-type":"","background-media":"","overlay-type":"","overlay-color":"","overlay-opacity":"","overlay-gradient":""}}},"product_brand":[],"product_cat":[440,602,351],"product_tag":[],"class_list":{"0":"post-5710","1":"product","2":"type-product","3":"status-publish","4":"has-post-thumbnail","6":"product_cat-bouchons-et-capsules-de-bouteilles","7":"product_cat-casquettes-ropp","8":"product_cat-non-categorise","9":"desktop-align-left","10":"tablet-align-left","11":"mobile-align-left","13":"first","14":"instock","15":"shipping-taxable","16":"purchasable","17":"product-type-simple"},"yoast_head":"<!-- This site is optimized with the Yoast SEO plugin v27.4 - https:\/\/yoast.com\/product\/yoast-seo-wordpress\/ -->\n<title>Fermetures ROPP en aluminium dor\u00e9 | 95Glass<\/title>\n<meta name=\"description\" content=\"Fermetures ROPP en aluminium dor\u00e9 de qualit\u00e9 sup\u00e9rieure pour les bouteilles de spiritueux, garantissant une \u00e9tanch\u00e9it\u00e9 herm\u00e9tique et s\u00e9curis\u00e9e pour les distilleries et les marques de boissons.\" \/>\n<meta name=\"robots\" content=\"index, follow, max-snippet:-1, max-image-preview:large, max-video-preview:-1\" \/>\n<link rel=\"canonical\" href=\"https:\/\/95glassbottles.com\/fr\/produit\/bouchons-ropp-en-aluminium-dore-pour-bouteilles-de-spiritueux\/\" \/>\n<meta property=\"og:locale\" content=\"fr_FR\" \/>\n<meta property=\"og:type\" content=\"article\" \/>\n<meta property=\"og:title\" content=\"Fermetures ROPP en aluminium dor\u00e9 | 95Glass\" \/>\n<meta property=\"og:description\" content=\"Fermetures ROPP en aluminium dor\u00e9 de qualit\u00e9 sup\u00e9rieure pour les bouteilles de spiritueux, garantissant une \u00e9tanch\u00e9it\u00e9 herm\u00e9tique et s\u00e9curis\u00e9e pour les distilleries et les marques de boissons.\" \/>\n<meta property=\"og:url\" content=\"https:\/\/95glassbottles.com\/fr\/produit\/bouchons-ropp-en-aluminium-dore-pour-bouteilles-de-spiritueux\/\" \/>\n<meta property=\"og:site_name\" content=\"95Glass\" \/>\n<meta property=\"article:publisher\" content=\"https:\/\/www.facebook.com\/95Glass\" \/>\n<meta property=\"og:image\" content=\"https:\/\/95glassbottles.com\/wp-content\/uploads\/2025\/08\/\u5fae\u4fe1\u56fe\u7247_20250812155700_250.jpg\" \/>\n\t<meta property=\"og:image:width\" content=\"500\" \/>\n\t<meta property=\"og:image:height\" content=\"500\" \/>\n\t<meta property=\"og:image:type\" content=\"image\/jpeg\" \/>\n<meta name=\"twitter:card\" content=\"summary_large_image\" \/>\n<meta name=\"twitter:label1\" content=\"Dur\u00e9e de lecture estim\u00e9e\" \/>\n\t<meta name=\"twitter:data1\" content=\"1 minute\" \/>\n<script type=\"application\/ld+json\" class=\"yoast-schema-graph\">{\"@context\":\"https:\\\/\\\/schema.org\",\"@graph\":[{\"@type\":[\"WebPage\",\"ItemPage\"],\"@id\":\"https:\\\/\\\/95glassbottles.com\\\/fr\\\/produit\\\/bouchons-ropp-en-aluminium-dore-pour-bouteilles-de-spiritueux\\\/\",\"url\":\"https:\\\/\\\/95glassbottles.com\\\/fr\\\/produit\\\/bouchons-ropp-en-aluminium-dore-pour-bouteilles-de-spiritueux\\\/\",\"name\":\"Fermetures ROPP en aluminium dor\u00e9 | 95Glass\",\"isPartOf\":{\"@id\":\"https:\\\/\\\/95glassbottles.com\\\/fr\\\/#website\"},\"primaryImageOfPage\":{\"@id\":\"https:\\\/\\\/95glassbottles.com\\\/fr\\\/produit\\\/bouchons-ropp-en-aluminium-dore-pour-bouteilles-de-spiritueux\\\/#primaryimage\"},\"image\":{\"@id\":\"https:\\\/\\\/95glassbottles.com\\\/fr\\\/produit\\\/bouchons-ropp-en-aluminium-dore-pour-bouteilles-de-spiritueux\\\/#primaryimage\"},\"thumbnailUrl\":\"https:\\\/\\\/95glassbottles.com\\\/wp-content\\\/uploads\\\/2025\\\/08\\\/\u5fae\u4fe1\u56fe\u7247_20250812155700_250.jpg\",\"datePublished\":\"2025-08-12T08:27:18+00:00\",\"description\":\"Fermetures ROPP en aluminium dor\u00e9 de qualit\u00e9 sup\u00e9rieure pour les bouteilles de spiritueux, garantissant une \u00e9tanch\u00e9it\u00e9 herm\u00e9tique et s\u00e9curis\u00e9e pour les distilleries et les marques de boissons.\",\"breadcrumb\":{\"@id\":\"https:\\\/\\\/95glassbottles.com\\\/fr\\\/produit\\\/bouchons-ropp-en-aluminium-dore-pour-bouteilles-de-spiritueux\\\/#breadcrumb\"},\"inLanguage\":\"fr-FR\",\"potentialAction\":[{\"@type\":\"ReadAction\",\"target\":[\"https:\\\/\\\/95glassbottles.com\\\/fr\\\/produit\\\/bouchons-ropp-en-aluminium-dore-pour-bouteilles-de-spiritueux\\\/\"]}]},{\"@type\":\"ImageObject\",\"inLanguage\":\"fr-FR\",\"@id\":\"https:\\\/\\\/95glassbottles.com\\\/fr\\\/produit\\\/bouchons-ropp-en-aluminium-dore-pour-bouteilles-de-spiritueux\\\/#primaryimage\",\"url\":\"https:\\\/\\\/95glassbottles.com\\\/wp-content\\\/uploads\\\/2025\\\/08\\\/\u5fae\u4fe1\u56fe\u7247_20250812155700_250.jpg\",\"contentUrl\":\"https:\\\/\\\/95glassbottles.com\\\/wp-content\\\/uploads\\\/2025\\\/08\\\/\u5fae\u4fe1\u56fe\u7247_20250812155700_250.jpg\",\"width\":500,\"height\":500,\"caption\":\"Bouchons ROPP en aluminium dor\u00e9 de qualit\u00e9 sup\u00e9rieure pour une fermeture herm\u00e9tique des bouteilles\"},{\"@type\":\"BreadcrumbList\",\"@id\":\"https:\\\/\\\/95glassbottles.com\\\/fr\\\/produit\\\/bouchons-ropp-en-aluminium-dore-pour-bouteilles-de-spiritueux\\\/#breadcrumb\",\"itemListElement\":[{\"@type\":\"ListItem\",\"position\":1,\"name\":\"Home\",\"item\":\"https:\\\/\\\/95glassbottles.com\\\/fr\\\/\"},{\"@type\":\"ListItem\",\"position\":2,\"name\":\"Produits\",\"item\":\"https:\\\/\\\/95glassbottles.com\\\/fr\\\/shop\\\/\"},{\"@type\":\"ListItem\",\"position\":3,\"name\":\"Bouchons ROPP en aluminium dor\u00e9 pour bouteilles de spiritueux\"}]},{\"@type\":\"WebSite\",\"@id\":\"https:\\\/\\\/95glassbottles.com\\\/fr\\\/#website\",\"url\":\"https:\\\/\\\/95glassbottles.com\\\/fr\\\/\",\"name\":\"95GlassBottles\",\"description\":\"\",\"publisher\":{\"@id\":\"https:\\\/\\\/95glassbottles.com\\\/fr\\\/#organization\"},\"potentialAction\":[{\"@type\":\"SearchAction\",\"target\":{\"@type\":\"EntryPoint\",\"urlTemplate\":\"https:\\\/\\\/95glassbottles.com\\\/fr\\\/?s={search_term_string}\"},\"query-input\":{\"@type\":\"PropertyValueSpecification\",\"valueRequired\":true,\"valueName\":\"search_term_string\"}}],\"inLanguage\":\"fr-FR\"},{\"@type\":\"Organization\",\"@id\":\"https:\\\/\\\/95glassbottles.com\\\/fr\\\/#organization\",\"name\":\"Shandong Ninety Five Glass Co,.Ltd\",\"url\":\"https:\\\/\\\/95glassbottles.com\\\/fr\\\/\",\"logo\":{\"@type\":\"ImageObject\",\"inLanguage\":\"fr-FR\",\"@id\":\"https:\\\/\\\/95glassbottles.com\\\/fr\\\/#\\\/schema\\\/logo\\\/image\\\/\",\"url\":\"https:\\\/\\\/95glassbottles.com\\\/wp-content\\\/uploads\\\/2025\\\/04\\\/1-3.webp\",\"contentUrl\":\"https:\\\/\\\/95glassbottles.com\\\/wp-content\\\/uploads\\\/2025\\\/04\\\/1-3.webp\",\"width\":350,\"height\":100,\"caption\":\"Shandong Ninety Five Glass Co,.Ltd\"},\"image\":{\"@id\":\"https:\\\/\\\/95glassbottles.com\\\/fr\\\/#\\\/schema\\\/logo\\\/image\\\/\"},\"sameAs\":[\"https:\\\/\\\/www.facebook.com\\\/95Glass\"]}]}<\/script>\n<!-- \/ Yoast SEO plugin. -->","yoast_head_json":{"title":"Fermetures ROPP en aluminium dor\u00e9 | 95Glass","description":"Fermetures ROPP en aluminium dor\u00e9 de qualit\u00e9 sup\u00e9rieure pour les bouteilles de spiritueux, garantissant une \u00e9tanch\u00e9it\u00e9 herm\u00e9tique et s\u00e9curis\u00e9e pour les distilleries et les marques de boissons.","robots":{"index":"index","follow":"follow","max-snippet":"max-snippet:-1","max-image-preview":"max-image-preview:large","max-video-preview":"max-video-preview:-1"},"canonical":"https:\/\/95glassbottles.com\/fr\/produit\/bouchons-ropp-en-aluminium-dore-pour-bouteilles-de-spiritueux\/","og_locale":"fr_FR","og_type":"article","og_title":"Fermetures ROPP en aluminium dor\u00e9 | 95Glass","og_description":"Fermetures ROPP en aluminium dor\u00e9 de qualit\u00e9 sup\u00e9rieure pour les bouteilles de spiritueux, garantissant une \u00e9tanch\u00e9it\u00e9 herm\u00e9tique et s\u00e9curis\u00e9e pour les distilleries et les marques de boissons.","og_url":"https:\/\/95glassbottles.com\/fr\/produit\/bouchons-ropp-en-aluminium-dore-pour-bouteilles-de-spiritueux\/","og_site_name":"95Glass","article_publisher":"https:\/\/www.facebook.com\/95Glass","og_image":[{"width":500,"height":500,"url":"https:\/\/95glassbottles.com\/wp-content\/uploads\/2025\/08\/\u5fae\u4fe1\u56fe\u7247_20250812155700_250.jpg","type":"image\/jpeg"}],"twitter_card":"summary_large_image","twitter_misc":{"Dur\u00e9e de lecture estim\u00e9e":"1 minute"},"schema":{"@context":"https:\/\/schema.org","@graph":[{"@type":["WebPage","ItemPage"],"@id":"https:\/\/95glassbottles.com\/fr\/produit\/bouchons-ropp-en-aluminium-dore-pour-bouteilles-de-spiritueux\/","url":"https:\/\/95glassbottles.com\/fr\/produit\/bouchons-ropp-en-aluminium-dore-pour-bouteilles-de-spiritueux\/","name":"Fermetures ROPP en aluminium dor\u00e9 | 95Glass","isPartOf":{"@id":"https:\/\/95glassbottles.com\/fr\/#website"},"primaryImageOfPage":{"@id":"https:\/\/95glassbottles.com\/fr\/produit\/bouchons-ropp-en-aluminium-dore-pour-bouteilles-de-spiritueux\/#primaryimage"},"image":{"@id":"https:\/\/95glassbottles.com\/fr\/produit\/bouchons-ropp-en-aluminium-dore-pour-bouteilles-de-spiritueux\/#primaryimage"},"thumbnailUrl":"https:\/\/95glassbottles.com\/wp-content\/uploads\/2025\/08\/\u5fae\u4fe1\u56fe\u7247_20250812155700_250.jpg","datePublished":"2025-08-12T08:27:18+00:00","description":"Fermetures ROPP en aluminium dor\u00e9 de qualit\u00e9 sup\u00e9rieure pour les bouteilles de spiritueux, garantissant une \u00e9tanch\u00e9it\u00e9 herm\u00e9tique et s\u00e9curis\u00e9e pour les distilleries et les marques de boissons.","breadcrumb":{"@id":"https:\/\/95glassbottles.com\/fr\/produit\/bouchons-ropp-en-aluminium-dore-pour-bouteilles-de-spiritueux\/#breadcrumb"},"inLanguage":"fr-FR","potentialAction":[{"@type":"ReadAction","target":["https:\/\/95glassbottles.com\/fr\/produit\/bouchons-ropp-en-aluminium-dore-pour-bouteilles-de-spiritueux\/"]}]},{"@type":"ImageObject","inLanguage":"fr-FR","@id":"https:\/\/95glassbottles.com\/fr\/produit\/bouchons-ropp-en-aluminium-dore-pour-bouteilles-de-spiritueux\/#primaryimage","url":"https:\/\/95glassbottles.com\/wp-content\/uploads\/2025\/08\/\u5fae\u4fe1\u56fe\u7247_20250812155700_250.jpg","contentUrl":"https:\/\/95glassbottles.com\/wp-content\/uploads\/2025\/08\/\u5fae\u4fe1\u56fe\u7247_20250812155700_250.jpg","width":500,"height":500,"caption":"Bouchons ROPP en aluminium dor\u00e9 de qualit\u00e9 sup\u00e9rieure pour une fermeture herm\u00e9tique des bouteilles"},{"@type":"BreadcrumbList","@id":"https:\/\/95glassbottles.com\/fr\/produit\/bouchons-ropp-en-aluminium-dore-pour-bouteilles-de-spiritueux\/#breadcrumb","itemListElement":[{"@type":"ListItem","position":1,"name":"Home","item":"https:\/\/95glassbottles.com\/fr\/"},{"@type":"ListItem","position":2,"name":"Produits","item":"https:\/\/95glassbottles.com\/fr\/shop\/"},{"@type":"ListItem","position":3,"name":"Bouchons ROPP en aluminium dor\u00e9 pour bouteilles de spiritueux"}]},{"@type":"WebSite","@id":"https:\/\/95glassbottles.com\/fr\/#website","url":"https:\/\/95glassbottles.com\/fr\/","name":"95GlassBottles","description":"","publisher":{"@id":"https:\/\/95glassbottles.com\/fr\/#organization"},"potentialAction":[{"@type":"SearchAction","target":{"@type":"EntryPoint","urlTemplate":"https:\/\/95glassbottles.com\/fr\/?s={search_term_string}"},"query-input":{"@type":"PropertyValueSpecification","valueRequired":true,"valueName":"search_term_string"}}],"inLanguage":"fr-FR"},{"@type":"Organization","@id":"https:\/\/95glassbottles.com\/fr\/#organization","name":"Shandong Ninety Five Glass Co,.Ltd","url":"https:\/\/95glassbottles.com\/fr\/","logo":{"@type":"ImageObject","inLanguage":"fr-FR","@id":"https:\/\/95glassbottles.com\/fr\/#\/schema\/logo\/image\/","url":"https:\/\/95glassbottles.com\/wp-content\/uploads\/2025\/04\/1-3.webp","contentUrl":"https:\/\/95glassbottles.com\/wp-content\/uploads\/2025\/04\/1-3.webp","width":350,"height":100,"caption":"Shandong Ninety Five Glass Co,.Ltd"},"image":{"@id":"https:\/\/95glassbottles.com\/fr\/#\/schema\/logo\/image\/"},"sameAs":["https:\/\/www.facebook.com\/95Glass"]}]}},"_links":{"self":[{"href":"https:\/\/95glassbottles.com\/fr\/wp-json\/wp\/v2\/product\/5710","targetHints":{"allow":["GET"]}}],"collection":[{"href":"https:\/\/95glassbottles.com\/fr\/wp-json\/wp\/v2\/product"}],"about":[{"href":"https:\/\/95glassbottles.com\/fr\/wp-json\/wp\/v2\/types\/product"}],"wp:featuredmedia":[{"embeddable":true,"href":"https:\/\/95glassbottles.com\/fr\/wp-json\/wp\/v2\/media\/4466"}],"wp:attachment":[{"href":"https:\/\/95glassbottles.com\/fr\/wp-json\/wp\/v2\/media?parent=5710"}],"wp:term":[{"taxonomy":"product_brand","embeddable":true,"href":"https:\/\/95glassbottles.com\/fr\/wp-json\/wp\/v2\/product_brand?post=5710"},{"taxonomy":"product_cat","embeddable":true,"href":"https:\/\/95glassbottles.com\/fr\/wp-json\/wp\/v2\/product_cat?post=5710"},{"taxonomy":"product_tag","embeddable":true,"href":"https:\/\/95glassbottles.com\/fr\/wp-json\/wp\/v2\/product_tag?post=5710"}],"curies":[{"name":"wp","href":"https:\/\/api.w.org\/{rel}","templated":true}]}}