{"id":5712,"date":"2025-08-12T04:22:10","date_gmt":"2025-08-12T04:22:10","guid":{"rendered":"https:\/\/95glassbottles.com\/product\/bouteille-en-verre-ronde-et-haute-de-750-ml-fabricant-de-bouteilles-pour-spiritueux\/"},"modified":"2025-08-12T04:22:10","modified_gmt":"2025-08-12T04:22:10","slug":"bouteille-en-verre-ronde-et-haute-de-750-ml-fabricant-de-bouteilles-pour-spiritueux","status":"publish","type":"product","link":"https:\/\/95glassbottles.com\/fr\/produit\/bouteille-en-verre-ronde-et-haute-de-750-ml-fabricant-de-bouteilles-pour-spiritueux\/","title":{"rendered":"Bouteille en verre ronde et haute de 750 ml \u2013 Fabricant de bouteilles pour spiritueux"},"content":{"rendered":"<p>Cette bouteille en verre transparent de grande taille se distingue par son design cylindrique \u00e9l\u00e9gant, son col allong\u00e9 et sa base massive qui lui conf\u00e8re stabilit\u00e9 et \u00e9l\u00e9gance, en faisant un emballage raffin\u00e9 pour les spiritueux haut de gamme, les vodkas et les gins. Fabriqu\u00e9e en verre de haute qualit\u00e9, elle garantit une transparence, une durabilit\u00e9 et une finition premium. Son design minimaliste et sophistiqu\u00e9 rehausse l&rsquo;attrait en rayon et renforce la valeur de la marque, offrant ainsi un \u00e9quilibre id\u00e9al entre fonctionnalit\u00e9 et esth\u00e9tique pour les emballages de spiritueux haut de gamme.<\/p>\n","protected":false},"excerpt":{"rendered":"<p>Bouteille en verre transparent de grande taille avec un col allong\u00e9 et une base robuste. Id\u00e9ale pour la vodka, le whisky ou le gin. Quantit\u00e9 minimale de commande : 12 000 pi\u00e8ces. D\u00e9lai de livraison : 15 \u00e0 20 jours.  <\/p>\n","protected":false},"featured_media":4457,"template":"","meta":{"site-sidebar-layout":"default","site-content-layout":"","ast-site-content-layout":"default","site-content-style":"default","site-sidebar-style":"default","ast-global-header-display":"","ast-banner-title-visibility":"","ast-main-header-display":"","ast-hfb-above-header-display":"","ast-hfb-below-header-display":"","ast-hfb-mobile-header-display":"","site-post-title":"","ast-breadcrumbs-content":"","ast-featured-img":"","footer-sml-layout":"","ast-disable-related-posts":"","theme-transparent-header-meta":"default","adv-header-id-meta":"","stick-header-meta":"","header-above-stick-meta":"","header-main-stick-meta":"","header-below-stick-meta":"","astra-migrate-meta-layouts":"default","ast-page-background-enabled":"default","ast-page-background-meta":{"desktop":{"background-color":"var(--ast-global-color-4)","background-image":"","background-repeat":"repeat","background-position":"center center","background-size":"auto","background-attachment":"scroll","background-type":"","background-media":"","overlay-type":"","overlay-color":"","overlay-opacity":"","overlay-gradient":""},"tablet":{"background-color":"","background-image":"","background-repeat":"repeat","background-position":"center center","background-size":"auto","background-attachment":"scroll","background-type":"","background-media":"","overlay-type":"","overlay-color":"","overlay-opacity":"","overlay-gradient":""},"mobile":{"background-color":"","background-image":"","background-repeat":"repeat","background-position":"center center","background-size":"auto","background-attachment":"scroll","background-type":"","background-media":"","overlay-type":"","overlay-color":"","overlay-opacity":"","overlay-gradient":""}},"ast-content-background-meta":{"desktop":{"background-color":"var(--ast-global-color-5)","background-image":"","background-repeat":"repeat","background-position":"center center","background-size":"auto","background-attachment":"scroll","background-type":"","background-media":"","overlay-type":"","overlay-color":"","overlay-opacity":"","overlay-gradient":""},"tablet":{"background-color":"var(--ast-global-color-5)","background-image":"","background-repeat":"repeat","background-position":"center center","background-size":"auto","background-attachment":"scroll","background-type":"","background-media":"","overlay-type":"","overlay-color":"","overlay-opacity":"","overlay-gradient":""},"mobile":{"background-color":"var(--ast-global-color-5)","background-image":"","background-repeat":"repeat","background-position":"center center","background-size":"auto","background-attachment":"scroll","background-type":"","background-media":"","overlay-type":"","overlay-color":"","overlay-opacity":"","overlay-gradient":""}}},"product_brand":[],"product_cat":[507,462,351],"product_tag":[],"class_list":{"0":"post-5712","1":"product","2":"type-product","3":"status-publish","4":"has-post-thumbnail","6":"product_cat-bouteilles-de-spiritueux-de-750-ml","7":"product_cat-bouteilles-spirituelles","8":"product_cat-non-categorise","9":"desktop-align-left","10":"tablet-align-left","11":"mobile-align-left","13":"first","14":"instock","15":"shipping-taxable","16":"purchasable","17":"product-type-simple"},"yoast_head":"<!-- This site is optimized with the Yoast SEO plugin v27.4 - https:\/\/yoast.com\/product\/yoast-seo-wordpress\/ -->\n<title>Bouteilles en verre rondes et hautes \u2013 Fabricant de bouteilles pour spiritueux | 95Glass<\/title>\n<meta name=\"description\" content=\"Bouteille en verre transparent de forme cylindrique et de grande hauteur \u2013 un design haut de gamme propos\u00e9 par un fabricant sp\u00e9cialis\u00e9 dans les bouteilles pour spiritueux (whisky, vodka, gin, etc.).\" \/>\n<meta name=\"robots\" content=\"index, follow, max-snippet:-1, max-image-preview:large, max-video-preview:-1\" \/>\n<link rel=\"canonical\" href=\"https:\/\/95glassbottles.com\/fr\/produit\/bouteille-en-verre-ronde-et-haute-de-750-ml-fabricant-de-bouteilles-pour-spiritueux\/\" \/>\n<meta property=\"og:locale\" content=\"fr_FR\" \/>\n<meta property=\"og:type\" content=\"article\" \/>\n<meta property=\"og:title\" content=\"Bouteilles en verre rondes et hautes \u2013 Fabricant de bouteilles pour spiritueux | 95Glass\" \/>\n<meta property=\"og:description\" content=\"Bouteille en verre transparent de forme cylindrique et de grande hauteur \u2013 un design haut de gamme propos\u00e9 par un fabricant sp\u00e9cialis\u00e9 dans les bouteilles pour spiritueux (whisky, vodka, gin, etc.).\" \/>\n<meta property=\"og:url\" content=\"https:\/\/95glassbottles.com\/fr\/produit\/bouteille-en-verre-ronde-et-haute-de-750-ml-fabricant-de-bouteilles-pour-spiritueux\/\" \/>\n<meta property=\"og:site_name\" content=\"95Glass\" \/>\n<meta property=\"article:publisher\" content=\"https:\/\/www.facebook.com\/95Glass\" \/>\n<meta property=\"og:image\" content=\"https:\/\/95glassbottles.com\/wp-content\/uploads\/2025\/08\/NF1074-750ML-620G-1.jpg\" \/>\n\t<meta property=\"og:image:width\" content=\"1000\" \/>\n\t<meta property=\"og:image:height\" content=\"1000\" \/>\n\t<meta property=\"og:image:type\" content=\"image\/jpeg\" \/>\n<meta name=\"twitter:card\" content=\"summary_large_image\" \/>\n<script type=\"application\/ld+json\" class=\"yoast-schema-graph\">{\"@context\":\"https:\\\/\\\/schema.org\",\"@graph\":[{\"@type\":[\"WebPage\",\"ItemPage\"],\"@id\":\"https:\\\/\\\/95glassbottles.com\\\/fr\\\/produit\\\/bouteille-en-verre-ronde-et-haute-de-750-ml-fabricant-de-bouteilles-pour-spiritueux\\\/\",\"url\":\"https:\\\/\\\/95glassbottles.com\\\/fr\\\/produit\\\/bouteille-en-verre-ronde-et-haute-de-750-ml-fabricant-de-bouteilles-pour-spiritueux\\\/\",\"name\":\"Bouteilles en verre rondes et hautes \u2013 Fabricant de bouteilles pour spiritueux | 95Glass\",\"isPartOf\":{\"@id\":\"https:\\\/\\\/95glassbottles.com\\\/fr\\\/#website\"},\"primaryImageOfPage\":{\"@id\":\"https:\\\/\\\/95glassbottles.com\\\/fr\\\/produit\\\/bouteille-en-verre-ronde-et-haute-de-750-ml-fabricant-de-bouteilles-pour-spiritueux\\\/#primaryimage\"},\"image\":{\"@id\":\"https:\\\/\\\/95glassbottles.com\\\/fr\\\/produit\\\/bouteille-en-verre-ronde-et-haute-de-750-ml-fabricant-de-bouteilles-pour-spiritueux\\\/#primaryimage\"},\"thumbnailUrl\":\"https:\\\/\\\/95glassbottles.com\\\/wp-content\\\/uploads\\\/2025\\\/08\\\/NF1074-750ML-620G-1.jpg\",\"datePublished\":\"2025-08-12T04:22:10+00:00\",\"description\":\"Bouteille en verre transparent de forme cylindrique et de grande hauteur \u2013 un design haut de gamme propos\u00e9 par un fabricant sp\u00e9cialis\u00e9 dans les bouteilles pour spiritueux (whisky, vodka, gin, etc.).\",\"breadcrumb\":{\"@id\":\"https:\\\/\\\/95glassbottles.com\\\/fr\\\/produit\\\/bouteille-en-verre-ronde-et-haute-de-750-ml-fabricant-de-bouteilles-pour-spiritueux\\\/#breadcrumb\"},\"inLanguage\":\"fr-FR\",\"potentialAction\":[{\"@type\":\"ReadAction\",\"target\":[\"https:\\\/\\\/95glassbottles.com\\\/fr\\\/produit\\\/bouteille-en-verre-ronde-et-haute-de-750-ml-fabricant-de-bouteilles-pour-spiritueux\\\/\"]}]},{\"@type\":\"ImageObject\",\"inLanguage\":\"fr-FR\",\"@id\":\"https:\\\/\\\/95glassbottles.com\\\/fr\\\/produit\\\/bouteille-en-verre-ronde-et-haute-de-750-ml-fabricant-de-bouteilles-pour-spiritueux\\\/#primaryimage\",\"url\":\"https:\\\/\\\/95glassbottles.com\\\/wp-content\\\/uploads\\\/2025\\\/08\\\/NF1074-750ML-620G-1.jpg\",\"contentUrl\":\"https:\\\/\\\/95glassbottles.com\\\/wp-content\\\/uploads\\\/2025\\\/08\\\/NF1074-750ML-620G-1.jpg\",\"width\":1000,\"height\":1000,\"caption\":\"Bouteille \u00e9l\u00e9gante en verre transparent de forme cylindrique \u2013 un choix privil\u00e9gi\u00e9 par les fabricants de bouteilles pour spiritueux.\"},{\"@type\":\"BreadcrumbList\",\"@id\":\"https:\\\/\\\/95glassbottles.com\\\/fr\\\/produit\\\/bouteille-en-verre-ronde-et-haute-de-750-ml-fabricant-de-bouteilles-pour-spiritueux\\\/#breadcrumb\",\"itemListElement\":[{\"@type\":\"ListItem\",\"position\":1,\"name\":\"Home\",\"item\":\"https:\\\/\\\/95glassbottles.com\\\/fr\\\/\"},{\"@type\":\"ListItem\",\"position\":2,\"name\":\"Produits\",\"item\":\"https:\\\/\\\/95glassbottles.com\\\/fr\\\/shop\\\/\"},{\"@type\":\"ListItem\",\"position\":3,\"name\":\"Bouteille en verre ronde et haute de 750 ml \u2013 Fabricant de bouteilles pour spiritueux\"}]},{\"@type\":\"WebSite\",\"@id\":\"https:\\\/\\\/95glassbottles.com\\\/fr\\\/#website\",\"url\":\"https:\\\/\\\/95glassbottles.com\\\/fr\\\/\",\"name\":\"95GlassBottles\",\"description\":\"\",\"publisher\":{\"@id\":\"https:\\\/\\\/95glassbottles.com\\\/fr\\\/#organization\"},\"potentialAction\":[{\"@type\":\"SearchAction\",\"target\":{\"@type\":\"EntryPoint\",\"urlTemplate\":\"https:\\\/\\\/95glassbottles.com\\\/fr\\\/?s={search_term_string}\"},\"query-input\":{\"@type\":\"PropertyValueSpecification\",\"valueRequired\":true,\"valueName\":\"search_term_string\"}}],\"inLanguage\":\"fr-FR\"},{\"@type\":\"Organization\",\"@id\":\"https:\\\/\\\/95glassbottles.com\\\/fr\\\/#organization\",\"name\":\"Shandong Ninety Five Glass Co,.Ltd\",\"url\":\"https:\\\/\\\/95glassbottles.com\\\/fr\\\/\",\"logo\":{\"@type\":\"ImageObject\",\"inLanguage\":\"fr-FR\",\"@id\":\"https:\\\/\\\/95glassbottles.com\\\/fr\\\/#\\\/schema\\\/logo\\\/image\\\/\",\"url\":\"https:\\\/\\\/95glassbottles.com\\\/wp-content\\\/uploads\\\/2025\\\/04\\\/1-3.webp\",\"contentUrl\":\"https:\\\/\\\/95glassbottles.com\\\/wp-content\\\/uploads\\\/2025\\\/04\\\/1-3.webp\",\"width\":350,\"height\":100,\"caption\":\"Shandong Ninety Five Glass Co,.Ltd\"},\"image\":{\"@id\":\"https:\\\/\\\/95glassbottles.com\\\/fr\\\/#\\\/schema\\\/logo\\\/image\\\/\"},\"sameAs\":[\"https:\\\/\\\/www.facebook.com\\\/95Glass\"]}]}<\/script>\n<!-- \/ Yoast SEO plugin. -->","yoast_head_json":{"title":"Bouteilles en verre rondes et hautes \u2013 Fabricant de bouteilles pour spiritueux | 95Glass","description":"Bouteille en verre transparent de forme cylindrique et de grande hauteur \u2013 un design haut de gamme propos\u00e9 par un fabricant sp\u00e9cialis\u00e9 dans les bouteilles pour spiritueux (whisky, vodka, gin, etc.).","robots":{"index":"index","follow":"follow","max-snippet":"max-snippet:-1","max-image-preview":"max-image-preview:large","max-video-preview":"max-video-preview:-1"},"canonical":"https:\/\/95glassbottles.com\/fr\/produit\/bouteille-en-verre-ronde-et-haute-de-750-ml-fabricant-de-bouteilles-pour-spiritueux\/","og_locale":"fr_FR","og_type":"article","og_title":"Bouteilles en verre rondes et hautes \u2013 Fabricant de bouteilles pour spiritueux | 95Glass","og_description":"Bouteille en verre transparent de forme cylindrique et de grande hauteur \u2013 un design haut de gamme propos\u00e9 par un fabricant sp\u00e9cialis\u00e9 dans les bouteilles pour spiritueux (whisky, vodka, gin, etc.).","og_url":"https:\/\/95glassbottles.com\/fr\/produit\/bouteille-en-verre-ronde-et-haute-de-750-ml-fabricant-de-bouteilles-pour-spiritueux\/","og_site_name":"95Glass","article_publisher":"https:\/\/www.facebook.com\/95Glass","og_image":[{"width":1000,"height":1000,"url":"https:\/\/95glassbottles.com\/wp-content\/uploads\/2025\/08\/NF1074-750ML-620G-1.jpg","type":"image\/jpeg"}],"twitter_card":"summary_large_image","schema":{"@context":"https:\/\/schema.org","@graph":[{"@type":["WebPage","ItemPage"],"@id":"https:\/\/95glassbottles.com\/fr\/produit\/bouteille-en-verre-ronde-et-haute-de-750-ml-fabricant-de-bouteilles-pour-spiritueux\/","url":"https:\/\/95glassbottles.com\/fr\/produit\/bouteille-en-verre-ronde-et-haute-de-750-ml-fabricant-de-bouteilles-pour-spiritueux\/","name":"Bouteilles en verre rondes et hautes \u2013 Fabricant de bouteilles pour spiritueux | 95Glass","isPartOf":{"@id":"https:\/\/95glassbottles.com\/fr\/#website"},"primaryImageOfPage":{"@id":"https:\/\/95glassbottles.com\/fr\/produit\/bouteille-en-verre-ronde-et-haute-de-750-ml-fabricant-de-bouteilles-pour-spiritueux\/#primaryimage"},"image":{"@id":"https:\/\/95glassbottles.com\/fr\/produit\/bouteille-en-verre-ronde-et-haute-de-750-ml-fabricant-de-bouteilles-pour-spiritueux\/#primaryimage"},"thumbnailUrl":"https:\/\/95glassbottles.com\/wp-content\/uploads\/2025\/08\/NF1074-750ML-620G-1.jpg","datePublished":"2025-08-12T04:22:10+00:00","description":"Bouteille en verre transparent de forme cylindrique et de grande hauteur \u2013 un design haut de gamme propos\u00e9 par un fabricant sp\u00e9cialis\u00e9 dans les bouteilles pour spiritueux (whisky, vodka, gin, etc.).","breadcrumb":{"@id":"https:\/\/95glassbottles.com\/fr\/produit\/bouteille-en-verre-ronde-et-haute-de-750-ml-fabricant-de-bouteilles-pour-spiritueux\/#breadcrumb"},"inLanguage":"fr-FR","potentialAction":[{"@type":"ReadAction","target":["https:\/\/95glassbottles.com\/fr\/produit\/bouteille-en-verre-ronde-et-haute-de-750-ml-fabricant-de-bouteilles-pour-spiritueux\/"]}]},{"@type":"ImageObject","inLanguage":"fr-FR","@id":"https:\/\/95glassbottles.com\/fr\/produit\/bouteille-en-verre-ronde-et-haute-de-750-ml-fabricant-de-bouteilles-pour-spiritueux\/#primaryimage","url":"https:\/\/95glassbottles.com\/wp-content\/uploads\/2025\/08\/NF1074-750ML-620G-1.jpg","contentUrl":"https:\/\/95glassbottles.com\/wp-content\/uploads\/2025\/08\/NF1074-750ML-620G-1.jpg","width":1000,"height":1000,"caption":"Bouteille \u00e9l\u00e9gante en verre transparent de forme cylindrique \u2013 un choix privil\u00e9gi\u00e9 par les fabricants de bouteilles pour spiritueux."},{"@type":"BreadcrumbList","@id":"https:\/\/95glassbottles.com\/fr\/produit\/bouteille-en-verre-ronde-et-haute-de-750-ml-fabricant-de-bouteilles-pour-spiritueux\/#breadcrumb","itemListElement":[{"@type":"ListItem","position":1,"name":"Home","item":"https:\/\/95glassbottles.com\/fr\/"},{"@type":"ListItem","position":2,"name":"Produits","item":"https:\/\/95glassbottles.com\/fr\/shop\/"},{"@type":"ListItem","position":3,"name":"Bouteille en verre ronde et haute de 750 ml \u2013 Fabricant de bouteilles pour spiritueux"}]},{"@type":"WebSite","@id":"https:\/\/95glassbottles.com\/fr\/#website","url":"https:\/\/95glassbottles.com\/fr\/","name":"95GlassBottles","description":"","publisher":{"@id":"https:\/\/95glassbottles.com\/fr\/#organization"},"potentialAction":[{"@type":"SearchAction","target":{"@type":"EntryPoint","urlTemplate":"https:\/\/95glassbottles.com\/fr\/?s={search_term_string}"},"query-input":{"@type":"PropertyValueSpecification","valueRequired":true,"valueName":"search_term_string"}}],"inLanguage":"fr-FR"},{"@type":"Organization","@id":"https:\/\/95glassbottles.com\/fr\/#organization","name":"Shandong Ninety Five Glass Co,.Ltd","url":"https:\/\/95glassbottles.com\/fr\/","logo":{"@type":"ImageObject","inLanguage":"fr-FR","@id":"https:\/\/95glassbottles.com\/fr\/#\/schema\/logo\/image\/","url":"https:\/\/95glassbottles.com\/wp-content\/uploads\/2025\/04\/1-3.webp","contentUrl":"https:\/\/95glassbottles.com\/wp-content\/uploads\/2025\/04\/1-3.webp","width":350,"height":100,"caption":"Shandong Ninety Five Glass Co,.Ltd"},"image":{"@id":"https:\/\/95glassbottles.com\/fr\/#\/schema\/logo\/image\/"},"sameAs":["https:\/\/www.facebook.com\/95Glass"]}]}},"_links":{"self":[{"href":"https:\/\/95glassbottles.com\/fr\/wp-json\/wp\/v2\/product\/5712","targetHints":{"allow":["GET"]}}],"collection":[{"href":"https:\/\/95glassbottles.com\/fr\/wp-json\/wp\/v2\/product"}],"about":[{"href":"https:\/\/95glassbottles.com\/fr\/wp-json\/wp\/v2\/types\/product"}],"wp:featuredmedia":[{"embeddable":true,"href":"https:\/\/95glassbottles.com\/fr\/wp-json\/wp\/v2\/media\/4457"}],"wp:attachment":[{"href":"https:\/\/95glassbottles.com\/fr\/wp-json\/wp\/v2\/media?parent=5712"}],"wp:term":[{"taxonomy":"product_brand","embeddable":true,"href":"https:\/\/95glassbottles.com\/fr\/wp-json\/wp\/v2\/product_brand?post=5712"},{"taxonomy":"product_cat","embeddable":true,"href":"https:\/\/95glassbottles.com\/fr\/wp-json\/wp\/v2\/product_cat?post=5712"},{"taxonomy":"product_tag","embeddable":true,"href":"https:\/\/95glassbottles.com\/fr\/wp-json\/wp\/v2\/product_tag?post=5712"}],"curies":[{"name":"wp","href":"https:\/\/api.w.org\/{rel}","templated":true}]}}