{"id":5716,"date":"2025-08-12T04:15:52","date_gmt":"2025-08-12T04:15:52","guid":{"rendered":"https:\/\/95glassbottles.com\/product\/bouteille-de-spiritueux-elancee-et-haute-de-750-ml\/"},"modified":"2025-08-12T04:15:52","modified_gmt":"2025-08-12T04:15:52","slug":"bouteille-de-spiritueux-elancee-et-haute-de-750-ml","status":"publish","type":"product","link":"https:\/\/95glassbottles.com\/fr\/produit\/bouteille-de-spiritueux-elancee-et-haute-de-750-ml\/","title":{"rendered":"Bouteille de spiritueux \u00e9lanc\u00e9e et haute de 750 ml"},"content":{"rendered":"<p data-start=\"176\" data-end=\"759\">Cette bouteille pour spiritueux est fabriqu\u00e9e en verre transparent de haute qualit\u00e9, avec une silhouette \u00e9lanc\u00e9e et \u00e9l\u00e9gante. Sa forme cylindrique et son long col lui conf\u00e8rent un aspect moderne et raffin\u00e9. La base en verre \u00e9pais assure une grande robustesse et une stabilit\u00e9 optimale. Sa finition transparente met en valeur la clart\u00e9 du liquide, ce qui la rend id\u00e9ale pour la vodka ou le gin. Son design permet une fermeture herm\u00e9tique avec bouchon \u00e0 vis ou \u00e0 li\u00e8ge. Cette bouteille est parfaite pour le conditionnement de spiritueux haut de gamme, et convient \u00e9galement aux restaurants, bars et boutiques de cadeaux. Elle refl\u00e8te la valeur de la marque gr\u00e2ce \u00e0 son \u00e9l\u00e9gance minimaliste et sa fonctionnalit\u00e9.      <\/p>\n","protected":false},"excerpt":{"rendered":"<p>Bouteille \u00e9lanc\u00e9e et haute pour spiritueux, avec col allong\u00e9 et base \u00e9paisse. Id\u00e9ale pour la vodka, le vin de fruits ou les spiritueux de qualit\u00e9 sup\u00e9rieure. Quantit\u00e9 minimale de commande : 12 000 pi\u00e8ces. D\u00e9lai de livraison : 15 \u00e0 20 jours.  <\/p>\n","protected":false},"featured_media":4453,"template":"","meta":{"site-sidebar-layout":"default","site-content-layout":"","ast-site-content-layout":"default","site-content-style":"default","site-sidebar-style":"default","ast-global-header-display":"","ast-banner-title-visibility":"","ast-main-header-display":"","ast-hfb-above-header-display":"","ast-hfb-below-header-display":"","ast-hfb-mobile-header-display":"","site-post-title":"","ast-breadcrumbs-content":"","ast-featured-img":"","footer-sml-layout":"","ast-disable-related-posts":"","theme-transparent-header-meta":"default","adv-header-id-meta":"","stick-header-meta":"","header-above-stick-meta":"","header-main-stick-meta":"","header-below-stick-meta":"","astra-migrate-meta-layouts":"default","ast-page-background-enabled":"default","ast-page-background-meta":{"desktop":{"background-color":"var(--ast-global-color-4)","background-image":"","background-repeat":"repeat","background-position":"center center","background-size":"auto","background-attachment":"scroll","background-type":"","background-media":"","overlay-type":"","overlay-color":"","overlay-opacity":"","overlay-gradient":""},"tablet":{"background-color":"","background-image":"","background-repeat":"repeat","background-position":"center center","background-size":"auto","background-attachment":"scroll","background-type":"","background-media":"","overlay-type":"","overlay-color":"","overlay-opacity":"","overlay-gradient":""},"mobile":{"background-color":"","background-image":"","background-repeat":"repeat","background-position":"center center","background-size":"auto","background-attachment":"scroll","background-type":"","background-media":"","overlay-type":"","overlay-color":"","overlay-opacity":"","overlay-gradient":""}},"ast-content-background-meta":{"desktop":{"background-color":"var(--ast-global-color-5)","background-image":"","background-repeat":"repeat","background-position":"center center","background-size":"auto","background-attachment":"scroll","background-type":"","background-media":"","overlay-type":"","overlay-color":"","overlay-opacity":"","overlay-gradient":""},"tablet":{"background-color":"var(--ast-global-color-5)","background-image":"","background-repeat":"repeat","background-position":"center center","background-size":"auto","background-attachment":"scroll","background-type":"","background-media":"","overlay-type":"","overlay-color":"","overlay-opacity":"","overlay-gradient":""},"mobile":{"background-color":"var(--ast-global-color-5)","background-image":"","background-repeat":"repeat","background-position":"center center","background-size":"auto","background-attachment":"scroll","background-type":"","background-media":"","overlay-type":"","overlay-color":"","overlay-opacity":"","overlay-gradient":""}}},"product_brand":[],"product_cat":[507,462,351],"product_tag":[],"class_list":{"0":"post-5716","1":"product","2":"type-product","3":"status-publish","4":"has-post-thumbnail","6":"product_cat-bouteilles-de-spiritueux-de-750-ml","7":"product_cat-bouteilles-spirituelles","8":"product_cat-non-categorise","9":"desktop-align-left","10":"tablet-align-left","11":"mobile-align-left","13":"first","14":"instock","15":"shipping-taxable","16":"purchasable","17":"product-type-simple"},"yoast_head":"<!-- This site is optimized with the Yoast SEO plugin v27.4 - https:\/\/yoast.com\/product\/yoast-seo-wordpress\/ -->\n<title>Bouteilles \u00e9lanc\u00e9es et hautes pour spiritueux avec col allong\u00e9 | 95Glass<\/title>\n<meta name=\"description\" content=\"Bouteille \u00e9lanc\u00e9e et haute pour spiritueux, avec col allong\u00e9 et base \u00e9paisse. Id\u00e9ale pour la vodka, les vins de fruits et les spiritueux de qualit\u00e9 sup\u00e9rieure. Quantit\u00e9 minimale de commande : 12 000 pi\u00e8ces. D\u00e9lai de livraison : 15 \u00e0 20 jours.\" \/>\n<meta name=\"robots\" content=\"index, follow, max-snippet:-1, max-image-preview:large, max-video-preview:-1\" \/>\n<link rel=\"canonical\" href=\"https:\/\/95glassbottles.com\/fr\/produit\/bouteille-de-spiritueux-elancee-et-haute-de-750-ml\/\" \/>\n<meta property=\"og:locale\" content=\"fr_FR\" \/>\n<meta property=\"og:type\" content=\"article\" \/>\n<meta property=\"og:title\" content=\"Bouteilles \u00e9lanc\u00e9es et hautes pour spiritueux avec col allong\u00e9 | 95Glass\" \/>\n<meta property=\"og:description\" content=\"Bouteille \u00e9lanc\u00e9e et haute pour spiritueux, avec col allong\u00e9 et base \u00e9paisse. Id\u00e9ale pour la vodka, les vins de fruits et les spiritueux de qualit\u00e9 sup\u00e9rieure. Quantit\u00e9 minimale de commande : 12 000 pi\u00e8ces. D\u00e9lai de livraison : 15 \u00e0 20 jours.\" \/>\n<meta property=\"og:url\" content=\"https:\/\/95glassbottles.com\/fr\/produit\/bouteille-de-spiritueux-elancee-et-haute-de-750-ml\/\" \/>\n<meta property=\"og:site_name\" content=\"95Glass\" \/>\n<meta property=\"article:publisher\" content=\"https:\/\/www.facebook.com\/95Glass\" \/>\n<meta property=\"og:image\" content=\"https:\/\/95glassbottles.com\/wp-content\/uploads\/2025\/08\/NF1092-750ML-650G.jpg\" \/>\n\t<meta property=\"og:image:width\" content=\"1000\" \/>\n\t<meta property=\"og:image:height\" content=\"1000\" \/>\n\t<meta property=\"og:image:type\" content=\"image\/jpeg\" \/>\n<meta name=\"twitter:card\" content=\"summary_large_image\" \/>\n<meta name=\"twitter:label1\" content=\"Dur\u00e9e de lecture estim\u00e9e\" \/>\n\t<meta name=\"twitter:data1\" content=\"1 minute\" \/>\n<script type=\"application\/ld+json\" class=\"yoast-schema-graph\">{\"@context\":\"https:\\\/\\\/schema.org\",\"@graph\":[{\"@type\":[\"WebPage\",\"ItemPage\"],\"@id\":\"https:\\\/\\\/95glassbottles.com\\\/fr\\\/produit\\\/bouteille-de-spiritueux-elancee-et-haute-de-750-ml\\\/\",\"url\":\"https:\\\/\\\/95glassbottles.com\\\/fr\\\/produit\\\/bouteille-de-spiritueux-elancee-et-haute-de-750-ml\\\/\",\"name\":\"Bouteilles \u00e9lanc\u00e9es et hautes pour spiritueux avec col allong\u00e9 | 95Glass\",\"isPartOf\":{\"@id\":\"https:\\\/\\\/95glassbottles.com\\\/fr\\\/#website\"},\"primaryImageOfPage\":{\"@id\":\"https:\\\/\\\/95glassbottles.com\\\/fr\\\/produit\\\/bouteille-de-spiritueux-elancee-et-haute-de-750-ml\\\/#primaryimage\"},\"image\":{\"@id\":\"https:\\\/\\\/95glassbottles.com\\\/fr\\\/produit\\\/bouteille-de-spiritueux-elancee-et-haute-de-750-ml\\\/#primaryimage\"},\"thumbnailUrl\":\"https:\\\/\\\/95glassbottles.com\\\/wp-content\\\/uploads\\\/2025\\\/08\\\/NF1092-750ML-650G.jpg\",\"datePublished\":\"2025-08-12T04:15:52+00:00\",\"description\":\"Bouteille \u00e9lanc\u00e9e et haute pour spiritueux, avec col allong\u00e9 et base \u00e9paisse. Id\u00e9ale pour la vodka, les vins de fruits et les spiritueux de qualit\u00e9 sup\u00e9rieure. Quantit\u00e9 minimale de commande : 12 000 pi\u00e8ces. D\u00e9lai de livraison : 15 \u00e0 20 jours.\",\"breadcrumb\":{\"@id\":\"https:\\\/\\\/95glassbottles.com\\\/fr\\\/produit\\\/bouteille-de-spiritueux-elancee-et-haute-de-750-ml\\\/#breadcrumb\"},\"inLanguage\":\"fr-FR\",\"potentialAction\":[{\"@type\":\"ReadAction\",\"target\":[\"https:\\\/\\\/95glassbottles.com\\\/fr\\\/produit\\\/bouteille-de-spiritueux-elancee-et-haute-de-750-ml\\\/\"]}]},{\"@type\":\"ImageObject\",\"inLanguage\":\"fr-FR\",\"@id\":\"https:\\\/\\\/95glassbottles.com\\\/fr\\\/produit\\\/bouteille-de-spiritueux-elancee-et-haute-de-750-ml\\\/#primaryimage\",\"url\":\"https:\\\/\\\/95glassbottles.com\\\/wp-content\\\/uploads\\\/2025\\\/08\\\/NF1092-750ML-650G.jpg\",\"contentUrl\":\"https:\\\/\\\/95glassbottles.com\\\/wp-content\\\/uploads\\\/2025\\\/08\\\/NF1092-750ML-650G.jpg\",\"width\":1000,\"height\":1000,\"caption\":\"Une bouteille \u00e9l\u00e9gante, haute et fine, en verre transparent \u2013 \u200b\u200ble choix id\u00e9al pour la vente en gros de spiritueux.\"},{\"@type\":\"BreadcrumbList\",\"@id\":\"https:\\\/\\\/95glassbottles.com\\\/fr\\\/produit\\\/bouteille-de-spiritueux-elancee-et-haute-de-750-ml\\\/#breadcrumb\",\"itemListElement\":[{\"@type\":\"ListItem\",\"position\":1,\"name\":\"Home\",\"item\":\"https:\\\/\\\/95glassbottles.com\\\/fr\\\/\"},{\"@type\":\"ListItem\",\"position\":2,\"name\":\"Produits\",\"item\":\"https:\\\/\\\/95glassbottles.com\\\/fr\\\/shop\\\/\"},{\"@type\":\"ListItem\",\"position\":3,\"name\":\"Bouteille de spiritueux \u00e9lanc\u00e9e et haute de 750 ml\"}]},{\"@type\":\"WebSite\",\"@id\":\"https:\\\/\\\/95glassbottles.com\\\/fr\\\/#website\",\"url\":\"https:\\\/\\\/95glassbottles.com\\\/fr\\\/\",\"name\":\"95GlassBottles\",\"description\":\"\",\"publisher\":{\"@id\":\"https:\\\/\\\/95glassbottles.com\\\/fr\\\/#organization\"},\"potentialAction\":[{\"@type\":\"SearchAction\",\"target\":{\"@type\":\"EntryPoint\",\"urlTemplate\":\"https:\\\/\\\/95glassbottles.com\\\/fr\\\/?s={search_term_string}\"},\"query-input\":{\"@type\":\"PropertyValueSpecification\",\"valueRequired\":true,\"valueName\":\"search_term_string\"}}],\"inLanguage\":\"fr-FR\"},{\"@type\":\"Organization\",\"@id\":\"https:\\\/\\\/95glassbottles.com\\\/fr\\\/#organization\",\"name\":\"Shandong Ninety Five Glass Co,.Ltd\",\"url\":\"https:\\\/\\\/95glassbottles.com\\\/fr\\\/\",\"logo\":{\"@type\":\"ImageObject\",\"inLanguage\":\"fr-FR\",\"@id\":\"https:\\\/\\\/95glassbottles.com\\\/fr\\\/#\\\/schema\\\/logo\\\/image\\\/\",\"url\":\"https:\\\/\\\/95glassbottles.com\\\/wp-content\\\/uploads\\\/2025\\\/04\\\/1-3.webp\",\"contentUrl\":\"https:\\\/\\\/95glassbottles.com\\\/wp-content\\\/uploads\\\/2025\\\/04\\\/1-3.webp\",\"width\":350,\"height\":100,\"caption\":\"Shandong Ninety Five Glass Co,.Ltd\"},\"image\":{\"@id\":\"https:\\\/\\\/95glassbottles.com\\\/fr\\\/#\\\/schema\\\/logo\\\/image\\\/\"},\"sameAs\":[\"https:\\\/\\\/www.facebook.com\\\/95Glass\"]}]}<\/script>\n<!-- \/ Yoast SEO plugin. -->","yoast_head_json":{"title":"Bouteilles \u00e9lanc\u00e9es et hautes pour spiritueux avec col allong\u00e9 | 95Glass","description":"Bouteille \u00e9lanc\u00e9e et haute pour spiritueux, avec col allong\u00e9 et base \u00e9paisse. Id\u00e9ale pour la vodka, les vins de fruits et les spiritueux de qualit\u00e9 sup\u00e9rieure. Quantit\u00e9 minimale de commande : 12 000 pi\u00e8ces. D\u00e9lai de livraison : 15 \u00e0 20 jours.","robots":{"index":"index","follow":"follow","max-snippet":"max-snippet:-1","max-image-preview":"max-image-preview:large","max-video-preview":"max-video-preview:-1"},"canonical":"https:\/\/95glassbottles.com\/fr\/produit\/bouteille-de-spiritueux-elancee-et-haute-de-750-ml\/","og_locale":"fr_FR","og_type":"article","og_title":"Bouteilles \u00e9lanc\u00e9es et hautes pour spiritueux avec col allong\u00e9 | 95Glass","og_description":"Bouteille \u00e9lanc\u00e9e et haute pour spiritueux, avec col allong\u00e9 et base \u00e9paisse. Id\u00e9ale pour la vodka, les vins de fruits et les spiritueux de qualit\u00e9 sup\u00e9rieure. Quantit\u00e9 minimale de commande : 12 000 pi\u00e8ces. D\u00e9lai de livraison : 15 \u00e0 20 jours.","og_url":"https:\/\/95glassbottles.com\/fr\/produit\/bouteille-de-spiritueux-elancee-et-haute-de-750-ml\/","og_site_name":"95Glass","article_publisher":"https:\/\/www.facebook.com\/95Glass","og_image":[{"width":1000,"height":1000,"url":"https:\/\/95glassbottles.com\/wp-content\/uploads\/2025\/08\/NF1092-750ML-650G.jpg","type":"image\/jpeg"}],"twitter_card":"summary_large_image","twitter_misc":{"Dur\u00e9e de lecture estim\u00e9e":"1 minute"},"schema":{"@context":"https:\/\/schema.org","@graph":[{"@type":["WebPage","ItemPage"],"@id":"https:\/\/95glassbottles.com\/fr\/produit\/bouteille-de-spiritueux-elancee-et-haute-de-750-ml\/","url":"https:\/\/95glassbottles.com\/fr\/produit\/bouteille-de-spiritueux-elancee-et-haute-de-750-ml\/","name":"Bouteilles \u00e9lanc\u00e9es et hautes pour spiritueux avec col allong\u00e9 | 95Glass","isPartOf":{"@id":"https:\/\/95glassbottles.com\/fr\/#website"},"primaryImageOfPage":{"@id":"https:\/\/95glassbottles.com\/fr\/produit\/bouteille-de-spiritueux-elancee-et-haute-de-750-ml\/#primaryimage"},"image":{"@id":"https:\/\/95glassbottles.com\/fr\/produit\/bouteille-de-spiritueux-elancee-et-haute-de-750-ml\/#primaryimage"},"thumbnailUrl":"https:\/\/95glassbottles.com\/wp-content\/uploads\/2025\/08\/NF1092-750ML-650G.jpg","datePublished":"2025-08-12T04:15:52+00:00","description":"Bouteille \u00e9lanc\u00e9e et haute pour spiritueux, avec col allong\u00e9 et base \u00e9paisse. Id\u00e9ale pour la vodka, les vins de fruits et les spiritueux de qualit\u00e9 sup\u00e9rieure. Quantit\u00e9 minimale de commande : 12 000 pi\u00e8ces. D\u00e9lai de livraison : 15 \u00e0 20 jours.","breadcrumb":{"@id":"https:\/\/95glassbottles.com\/fr\/produit\/bouteille-de-spiritueux-elancee-et-haute-de-750-ml\/#breadcrumb"},"inLanguage":"fr-FR","potentialAction":[{"@type":"ReadAction","target":["https:\/\/95glassbottles.com\/fr\/produit\/bouteille-de-spiritueux-elancee-et-haute-de-750-ml\/"]}]},{"@type":"ImageObject","inLanguage":"fr-FR","@id":"https:\/\/95glassbottles.com\/fr\/produit\/bouteille-de-spiritueux-elancee-et-haute-de-750-ml\/#primaryimage","url":"https:\/\/95glassbottles.com\/wp-content\/uploads\/2025\/08\/NF1092-750ML-650G.jpg","contentUrl":"https:\/\/95glassbottles.com\/wp-content\/uploads\/2025\/08\/NF1092-750ML-650G.jpg","width":1000,"height":1000,"caption":"Une bouteille \u00e9l\u00e9gante, haute et fine, en verre transparent \u2013 \u200b\u200ble choix id\u00e9al pour la vente en gros de spiritueux."},{"@type":"BreadcrumbList","@id":"https:\/\/95glassbottles.com\/fr\/produit\/bouteille-de-spiritueux-elancee-et-haute-de-750-ml\/#breadcrumb","itemListElement":[{"@type":"ListItem","position":1,"name":"Home","item":"https:\/\/95glassbottles.com\/fr\/"},{"@type":"ListItem","position":2,"name":"Produits","item":"https:\/\/95glassbottles.com\/fr\/shop\/"},{"@type":"ListItem","position":3,"name":"Bouteille de spiritueux \u00e9lanc\u00e9e et haute de 750 ml"}]},{"@type":"WebSite","@id":"https:\/\/95glassbottles.com\/fr\/#website","url":"https:\/\/95glassbottles.com\/fr\/","name":"95GlassBottles","description":"","publisher":{"@id":"https:\/\/95glassbottles.com\/fr\/#organization"},"potentialAction":[{"@type":"SearchAction","target":{"@type":"EntryPoint","urlTemplate":"https:\/\/95glassbottles.com\/fr\/?s={search_term_string}"},"query-input":{"@type":"PropertyValueSpecification","valueRequired":true,"valueName":"search_term_string"}}],"inLanguage":"fr-FR"},{"@type":"Organization","@id":"https:\/\/95glassbottles.com\/fr\/#organization","name":"Shandong Ninety Five Glass Co,.Ltd","url":"https:\/\/95glassbottles.com\/fr\/","logo":{"@type":"ImageObject","inLanguage":"fr-FR","@id":"https:\/\/95glassbottles.com\/fr\/#\/schema\/logo\/image\/","url":"https:\/\/95glassbottles.com\/wp-content\/uploads\/2025\/04\/1-3.webp","contentUrl":"https:\/\/95glassbottles.com\/wp-content\/uploads\/2025\/04\/1-3.webp","width":350,"height":100,"caption":"Shandong Ninety Five Glass Co,.Ltd"},"image":{"@id":"https:\/\/95glassbottles.com\/fr\/#\/schema\/logo\/image\/"},"sameAs":["https:\/\/www.facebook.com\/95Glass"]}]}},"_links":{"self":[{"href":"https:\/\/95glassbottles.com\/fr\/wp-json\/wp\/v2\/product\/5716","targetHints":{"allow":["GET"]}}],"collection":[{"href":"https:\/\/95glassbottles.com\/fr\/wp-json\/wp\/v2\/product"}],"about":[{"href":"https:\/\/95glassbottles.com\/fr\/wp-json\/wp\/v2\/types\/product"}],"wp:featuredmedia":[{"embeddable":true,"href":"https:\/\/95glassbottles.com\/fr\/wp-json\/wp\/v2\/media\/4453"}],"wp:attachment":[{"href":"https:\/\/95glassbottles.com\/fr\/wp-json\/wp\/v2\/media?parent=5716"}],"wp:term":[{"taxonomy":"product_brand","embeddable":true,"href":"https:\/\/95glassbottles.com\/fr\/wp-json\/wp\/v2\/product_brand?post=5716"},{"taxonomy":"product_cat","embeddable":true,"href":"https:\/\/95glassbottles.com\/fr\/wp-json\/wp\/v2\/product_cat?post=5716"},{"taxonomy":"product_tag","embeddable":true,"href":"https:\/\/95glassbottles.com\/fr\/wp-json\/wp\/v2\/product_tag?post=5716"}],"curies":[{"name":"wp","href":"https:\/\/api.w.org\/{rel}","templated":true}]}}