{"id":5727,"date":"2025-08-12T02:56:33","date_gmt":"2025-08-12T02:56:33","guid":{"rendered":"https:\/\/95glassbottles.com\/product\/bouteilles-de-spiritueux-uniques-de-750-ml-pour-whisky-et-brandy\/"},"modified":"2025-08-12T02:56:33","modified_gmt":"2025-08-12T02:56:33","slug":"bouteilles-de-spiritueux-uniques-de-750-ml-pour-whisky-et-brandy","status":"publish","type":"product","link":"https:\/\/95glassbottles.com\/fr\/produit\/bouteilles-de-spiritueux-uniques-de-750-ml-pour-whisky-et-brandy\/","title":{"rendered":"Bouteilles de spiritueux uniques de 750 ml pour whisky et brandy"},"content":{"rendered":"<p data-start=\"1048\" data-end=\"1538\">Cette bouteille de spiritueux pr\u00e9sente un design en relief et un col cannel\u00e9 qui lui conf\u00e8rent \u00e9l\u00e9gance et originalit\u00e9. Sa fabrication en verre transparent met en valeur la couleur naturelle du spiritueux tout en garantissant sa robustesse et sa durabilit\u00e9. Sa base \u00e9paisse assure une excellente stabilit\u00e9 et renforce le caract\u00e8re haut de gamme de la bouteille. Ses d\u00e9tails d\u00e9coratifs en font un choix id\u00e9al pour le whisky, le brandy et autres spiritueux de qualit\u00e9 sup\u00e9rieure. Ce design unique t\u00e9moigne d&rsquo;un savoir-faire artisanal raffin\u00e9 et permet aux marques de se d\u00e9marquer en rayon. Elle est parfaite pour les distilleries qui recherchent un \u00e9quilibre entre style, qualit\u00e9 et image de marque.     <\/p>\n","protected":false},"excerpt":{"rendered":"<p>Bouteille de spiritueux unique au col d\u00e9cor\u00e9 en relief et \u00e0 la base en verre taill\u00e9. Id\u00e9ale pour le whisky, le brandy ou le gin. Quantit\u00e9 minimale de commande : 12 000 pi\u00e8ces. D\u00e9lai de livraison : 15 \u00e0 20 jours.  <\/p>\n","protected":false},"featured_media":4441,"template":"","meta":{"site-sidebar-layout":"default","site-content-layout":"","ast-site-content-layout":"default","site-content-style":"default","site-sidebar-style":"default","ast-global-header-display":"","ast-banner-title-visibility":"","ast-main-header-display":"","ast-hfb-above-header-display":"","ast-hfb-below-header-display":"","ast-hfb-mobile-header-display":"","site-post-title":"","ast-breadcrumbs-content":"","ast-featured-img":"","footer-sml-layout":"","ast-disable-related-posts":"","theme-transparent-header-meta":"default","adv-header-id-meta":"","stick-header-meta":"","header-above-stick-meta":"","header-main-stick-meta":"","header-below-stick-meta":"","astra-migrate-meta-layouts":"default","ast-page-background-enabled":"default","ast-page-background-meta":{"desktop":{"background-color":"var(--ast-global-color-4)","background-image":"","background-repeat":"repeat","background-position":"center center","background-size":"auto","background-attachment":"scroll","background-type":"","background-media":"","overlay-type":"","overlay-color":"","overlay-opacity":"","overlay-gradient":""},"tablet":{"background-color":"","background-image":"","background-repeat":"repeat","background-position":"center center","background-size":"auto","background-attachment":"scroll","background-type":"","background-media":"","overlay-type":"","overlay-color":"","overlay-opacity":"","overlay-gradient":""},"mobile":{"background-color":"","background-image":"","background-repeat":"repeat","background-position":"center center","background-size":"auto","background-attachment":"scroll","background-type":"","background-media":"","overlay-type":"","overlay-color":"","overlay-opacity":"","overlay-gradient":""}},"ast-content-background-meta":{"desktop":{"background-color":"var(--ast-global-color-5)","background-image":"","background-repeat":"repeat","background-position":"center center","background-size":"auto","background-attachment":"scroll","background-type":"","background-media":"","overlay-type":"","overlay-color":"","overlay-opacity":"","overlay-gradient":""},"tablet":{"background-color":"var(--ast-global-color-5)","background-image":"","background-repeat":"repeat","background-position":"center center","background-size":"auto","background-attachment":"scroll","background-type":"","background-media":"","overlay-type":"","overlay-color":"","overlay-opacity":"","overlay-gradient":""},"mobile":{"background-color":"var(--ast-global-color-5)","background-image":"","background-repeat":"repeat","background-position":"center center","background-size":"auto","background-attachment":"scroll","background-type":"","background-media":"","overlay-type":"","overlay-color":"","overlay-opacity":"","overlay-gradient":""}}},"product_brand":[],"product_cat":[507,462,351],"product_tag":[],"class_list":{"0":"post-5727","1":"product","2":"type-product","3":"status-publish","4":"has-post-thumbnail","6":"product_cat-bouteilles-de-spiritueux-de-750-ml","7":"product_cat-bouteilles-spirituelles","8":"product_cat-non-categorise","9":"desktop-align-left","10":"tablet-align-left","11":"mobile-align-left","13":"first","14":"instock","15":"shipping-taxable","16":"purchasable","17":"product-type-simple"},"yoast_head":"<!-- This site is optimized with the Yoast SEO plugin v27.4 - https:\/\/yoast.com\/product\/yoast-seo-wordpress\/ -->\n<title>Carafe en verre d\u00e9corative \u2013 Bouteilles originales pour spiritueux | 95Glass<\/title>\n<meta name=\"description\" content=\"Une carafe en verre cristallin d&#039;une \u00e9l\u00e9gance rare, orn\u00e9e de motifs cannel\u00e9s \u2013 un v\u00e9ritable chef-d&#039;\u0153uvre parmi les flacons \u00e0 spiritueux, id\u00e9ale pour le whisky, le brandy et les autres spiritueux de qualit\u00e9 sup\u00e9rieure.\" \/>\n<meta name=\"robots\" content=\"index, follow, max-snippet:-1, max-image-preview:large, max-video-preview:-1\" \/>\n<link rel=\"canonical\" href=\"https:\/\/95glassbottles.com\/fr\/produit\/bouteilles-de-spiritueux-uniques-de-750-ml-pour-whisky-et-brandy\/\" \/>\n<meta property=\"og:locale\" content=\"fr_FR\" \/>\n<meta property=\"og:type\" content=\"article\" \/>\n<meta property=\"og:title\" content=\"Carafe en verre d\u00e9corative \u2013 Bouteilles originales pour spiritueux | 95Glass\" \/>\n<meta property=\"og:description\" content=\"Une carafe en verre cristallin d&#039;une \u00e9l\u00e9gance rare, orn\u00e9e de motifs cannel\u00e9s \u2013 un v\u00e9ritable chef-d&#039;\u0153uvre parmi les flacons \u00e0 spiritueux, id\u00e9ale pour le whisky, le brandy et les autres spiritueux de qualit\u00e9 sup\u00e9rieure.\" \/>\n<meta property=\"og:url\" content=\"https:\/\/95glassbottles.com\/fr\/produit\/bouteilles-de-spiritueux-uniques-de-750-ml-pour-whisky-et-brandy\/\" \/>\n<meta property=\"og:site_name\" content=\"95Glass\" \/>\n<meta property=\"article:publisher\" content=\"https:\/\/www.facebook.com\/95Glass\" \/>\n<meta property=\"og:image\" content=\"https:\/\/95glassbottles.com\/wp-content\/uploads\/2025\/08\/NF1125-750ML-700G.jpg\" \/>\n\t<meta property=\"og:image:width\" content=\"1000\" \/>\n\t<meta property=\"og:image:height\" content=\"1000\" \/>\n\t<meta property=\"og:image:type\" content=\"image\/jpeg\" \/>\n<meta name=\"twitter:card\" content=\"summary_large_image\" \/>\n<meta name=\"twitter:label1\" content=\"Dur\u00e9e de lecture estim\u00e9e\" \/>\n\t<meta name=\"twitter:data1\" content=\"1 minute\" \/>\n<script type=\"application\/ld+json\" class=\"yoast-schema-graph\">{\"@context\":\"https:\\\/\\\/schema.org\",\"@graph\":[{\"@type\":[\"WebPage\",\"ItemPage\"],\"@id\":\"https:\\\/\\\/95glassbottles.com\\\/fr\\\/produit\\\/bouteilles-de-spiritueux-uniques-de-750-ml-pour-whisky-et-brandy\\\/\",\"url\":\"https:\\\/\\\/95glassbottles.com\\\/fr\\\/produit\\\/bouteilles-de-spiritueux-uniques-de-750-ml-pour-whisky-et-brandy\\\/\",\"name\":\"Carafe en verre d\u00e9corative \u2013 Bouteilles originales pour spiritueux | 95Glass\",\"isPartOf\":{\"@id\":\"https:\\\/\\\/95glassbottles.com\\\/fr\\\/#website\"},\"primaryImageOfPage\":{\"@id\":\"https:\\\/\\\/95glassbottles.com\\\/fr\\\/produit\\\/bouteilles-de-spiritueux-uniques-de-750-ml-pour-whisky-et-brandy\\\/#primaryimage\"},\"image\":{\"@id\":\"https:\\\/\\\/95glassbottles.com\\\/fr\\\/produit\\\/bouteilles-de-spiritueux-uniques-de-750-ml-pour-whisky-et-brandy\\\/#primaryimage\"},\"thumbnailUrl\":\"https:\\\/\\\/95glassbottles.com\\\/wp-content\\\/uploads\\\/2025\\\/08\\\/NF1125-750ML-700G.jpg\",\"datePublished\":\"2025-08-12T02:56:33+00:00\",\"description\":\"Une carafe en verre cristallin d'une \u00e9l\u00e9gance rare, orn\u00e9e de motifs cannel\u00e9s \u2013 un v\u00e9ritable chef-d'\u0153uvre parmi les flacons \u00e0 spiritueux, id\u00e9ale pour le whisky, le brandy et les autres spiritueux de qualit\u00e9 sup\u00e9rieure.\",\"breadcrumb\":{\"@id\":\"https:\\\/\\\/95glassbottles.com\\\/fr\\\/produit\\\/bouteilles-de-spiritueux-uniques-de-750-ml-pour-whisky-et-brandy\\\/#breadcrumb\"},\"inLanguage\":\"fr-FR\",\"potentialAction\":[{\"@type\":\"ReadAction\",\"target\":[\"https:\\\/\\\/95glassbottles.com\\\/fr\\\/produit\\\/bouteilles-de-spiritueux-uniques-de-750-ml-pour-whisky-et-brandy\\\/\"]}]},{\"@type\":\"ImageObject\",\"inLanguage\":\"fr-FR\",\"@id\":\"https:\\\/\\\/95glassbottles.com\\\/fr\\\/produit\\\/bouteilles-de-spiritueux-uniques-de-750-ml-pour-whisky-et-brandy\\\/#primaryimage\",\"url\":\"https:\\\/\\\/95glassbottles.com\\\/wp-content\\\/uploads\\\/2025\\\/08\\\/NF1125-750ML-700G.jpg\",\"contentUrl\":\"https:\\\/\\\/95glassbottles.com\\\/wp-content\\\/uploads\\\/2025\\\/08\\\/NF1125-750ML-700G.jpg\",\"width\":1000,\"height\":1000,\"caption\":\"Une carafe \u00e9l\u00e9gante en cristal transparent au design c\u00f4tel\u00e9 complexe \u2013 une v\u00e9ritable pi\u00e8ce unique pour vos spiritueux.\"},{\"@type\":\"BreadcrumbList\",\"@id\":\"https:\\\/\\\/95glassbottles.com\\\/fr\\\/produit\\\/bouteilles-de-spiritueux-uniques-de-750-ml-pour-whisky-et-brandy\\\/#breadcrumb\",\"itemListElement\":[{\"@type\":\"ListItem\",\"position\":1,\"name\":\"Home\",\"item\":\"https:\\\/\\\/95glassbottles.com\\\/fr\\\/\"},{\"@type\":\"ListItem\",\"position\":2,\"name\":\"Produits\",\"item\":\"https:\\\/\\\/95glassbottles.com\\\/fr\\\/shop\\\/\"},{\"@type\":\"ListItem\",\"position\":3,\"name\":\"Bouteilles de spiritueux uniques de 750 ml pour whisky et brandy\"}]},{\"@type\":\"WebSite\",\"@id\":\"https:\\\/\\\/95glassbottles.com\\\/fr\\\/#website\",\"url\":\"https:\\\/\\\/95glassbottles.com\\\/fr\\\/\",\"name\":\"95GlassBottles\",\"description\":\"\",\"publisher\":{\"@id\":\"https:\\\/\\\/95glassbottles.com\\\/fr\\\/#organization\"},\"potentialAction\":[{\"@type\":\"SearchAction\",\"target\":{\"@type\":\"EntryPoint\",\"urlTemplate\":\"https:\\\/\\\/95glassbottles.com\\\/fr\\\/?s={search_term_string}\"},\"query-input\":{\"@type\":\"PropertyValueSpecification\",\"valueRequired\":true,\"valueName\":\"search_term_string\"}}],\"inLanguage\":\"fr-FR\"},{\"@type\":\"Organization\",\"@id\":\"https:\\\/\\\/95glassbottles.com\\\/fr\\\/#organization\",\"name\":\"Shandong Ninety Five Glass Co,.Ltd\",\"url\":\"https:\\\/\\\/95glassbottles.com\\\/fr\\\/\",\"logo\":{\"@type\":\"ImageObject\",\"inLanguage\":\"fr-FR\",\"@id\":\"https:\\\/\\\/95glassbottles.com\\\/fr\\\/#\\\/schema\\\/logo\\\/image\\\/\",\"url\":\"https:\\\/\\\/95glassbottles.com\\\/wp-content\\\/uploads\\\/2025\\\/04\\\/1-3.webp\",\"contentUrl\":\"https:\\\/\\\/95glassbottles.com\\\/wp-content\\\/uploads\\\/2025\\\/04\\\/1-3.webp\",\"width\":350,\"height\":100,\"caption\":\"Shandong Ninety Five Glass Co,.Ltd\"},\"image\":{\"@id\":\"https:\\\/\\\/95glassbottles.com\\\/fr\\\/#\\\/schema\\\/logo\\\/image\\\/\"},\"sameAs\":[\"https:\\\/\\\/www.facebook.com\\\/95Glass\"]}]}<\/script>\n<!-- \/ Yoast SEO plugin. -->","yoast_head_json":{"title":"Carafe en verre d\u00e9corative \u2013 Bouteilles originales pour spiritueux | 95Glass","description":"Une carafe en verre cristallin d'une \u00e9l\u00e9gance rare, orn\u00e9e de motifs cannel\u00e9s \u2013 un v\u00e9ritable chef-d'\u0153uvre parmi les flacons \u00e0 spiritueux, id\u00e9ale pour le whisky, le brandy et les autres spiritueux de qualit\u00e9 sup\u00e9rieure.","robots":{"index":"index","follow":"follow","max-snippet":"max-snippet:-1","max-image-preview":"max-image-preview:large","max-video-preview":"max-video-preview:-1"},"canonical":"https:\/\/95glassbottles.com\/fr\/produit\/bouteilles-de-spiritueux-uniques-de-750-ml-pour-whisky-et-brandy\/","og_locale":"fr_FR","og_type":"article","og_title":"Carafe en verre d\u00e9corative \u2013 Bouteilles originales pour spiritueux | 95Glass","og_description":"Une carafe en verre cristallin d'une \u00e9l\u00e9gance rare, orn\u00e9e de motifs cannel\u00e9s \u2013 un v\u00e9ritable chef-d'\u0153uvre parmi les flacons \u00e0 spiritueux, id\u00e9ale pour le whisky, le brandy et les autres spiritueux de qualit\u00e9 sup\u00e9rieure.","og_url":"https:\/\/95glassbottles.com\/fr\/produit\/bouteilles-de-spiritueux-uniques-de-750-ml-pour-whisky-et-brandy\/","og_site_name":"95Glass","article_publisher":"https:\/\/www.facebook.com\/95Glass","og_image":[{"width":1000,"height":1000,"url":"https:\/\/95glassbottles.com\/wp-content\/uploads\/2025\/08\/NF1125-750ML-700G.jpg","type":"image\/jpeg"}],"twitter_card":"summary_large_image","twitter_misc":{"Dur\u00e9e de lecture estim\u00e9e":"1 minute"},"schema":{"@context":"https:\/\/schema.org","@graph":[{"@type":["WebPage","ItemPage"],"@id":"https:\/\/95glassbottles.com\/fr\/produit\/bouteilles-de-spiritueux-uniques-de-750-ml-pour-whisky-et-brandy\/","url":"https:\/\/95glassbottles.com\/fr\/produit\/bouteilles-de-spiritueux-uniques-de-750-ml-pour-whisky-et-brandy\/","name":"Carafe en verre d\u00e9corative \u2013 Bouteilles originales pour spiritueux | 95Glass","isPartOf":{"@id":"https:\/\/95glassbottles.com\/fr\/#website"},"primaryImageOfPage":{"@id":"https:\/\/95glassbottles.com\/fr\/produit\/bouteilles-de-spiritueux-uniques-de-750-ml-pour-whisky-et-brandy\/#primaryimage"},"image":{"@id":"https:\/\/95glassbottles.com\/fr\/produit\/bouteilles-de-spiritueux-uniques-de-750-ml-pour-whisky-et-brandy\/#primaryimage"},"thumbnailUrl":"https:\/\/95glassbottles.com\/wp-content\/uploads\/2025\/08\/NF1125-750ML-700G.jpg","datePublished":"2025-08-12T02:56:33+00:00","description":"Une carafe en verre cristallin d'une \u00e9l\u00e9gance rare, orn\u00e9e de motifs cannel\u00e9s \u2013 un v\u00e9ritable chef-d'\u0153uvre parmi les flacons \u00e0 spiritueux, id\u00e9ale pour le whisky, le brandy et les autres spiritueux de qualit\u00e9 sup\u00e9rieure.","breadcrumb":{"@id":"https:\/\/95glassbottles.com\/fr\/produit\/bouteilles-de-spiritueux-uniques-de-750-ml-pour-whisky-et-brandy\/#breadcrumb"},"inLanguage":"fr-FR","potentialAction":[{"@type":"ReadAction","target":["https:\/\/95glassbottles.com\/fr\/produit\/bouteilles-de-spiritueux-uniques-de-750-ml-pour-whisky-et-brandy\/"]}]},{"@type":"ImageObject","inLanguage":"fr-FR","@id":"https:\/\/95glassbottles.com\/fr\/produit\/bouteilles-de-spiritueux-uniques-de-750-ml-pour-whisky-et-brandy\/#primaryimage","url":"https:\/\/95glassbottles.com\/wp-content\/uploads\/2025\/08\/NF1125-750ML-700G.jpg","contentUrl":"https:\/\/95glassbottles.com\/wp-content\/uploads\/2025\/08\/NF1125-750ML-700G.jpg","width":1000,"height":1000,"caption":"Une carafe \u00e9l\u00e9gante en cristal transparent au design c\u00f4tel\u00e9 complexe \u2013 une v\u00e9ritable pi\u00e8ce unique pour vos spiritueux."},{"@type":"BreadcrumbList","@id":"https:\/\/95glassbottles.com\/fr\/produit\/bouteilles-de-spiritueux-uniques-de-750-ml-pour-whisky-et-brandy\/#breadcrumb","itemListElement":[{"@type":"ListItem","position":1,"name":"Home","item":"https:\/\/95glassbottles.com\/fr\/"},{"@type":"ListItem","position":2,"name":"Produits","item":"https:\/\/95glassbottles.com\/fr\/shop\/"},{"@type":"ListItem","position":3,"name":"Bouteilles de spiritueux uniques de 750 ml pour whisky et brandy"}]},{"@type":"WebSite","@id":"https:\/\/95glassbottles.com\/fr\/#website","url":"https:\/\/95glassbottles.com\/fr\/","name":"95GlassBottles","description":"","publisher":{"@id":"https:\/\/95glassbottles.com\/fr\/#organization"},"potentialAction":[{"@type":"SearchAction","target":{"@type":"EntryPoint","urlTemplate":"https:\/\/95glassbottles.com\/fr\/?s={search_term_string}"},"query-input":{"@type":"PropertyValueSpecification","valueRequired":true,"valueName":"search_term_string"}}],"inLanguage":"fr-FR"},{"@type":"Organization","@id":"https:\/\/95glassbottles.com\/fr\/#organization","name":"Shandong Ninety Five Glass Co,.Ltd","url":"https:\/\/95glassbottles.com\/fr\/","logo":{"@type":"ImageObject","inLanguage":"fr-FR","@id":"https:\/\/95glassbottles.com\/fr\/#\/schema\/logo\/image\/","url":"https:\/\/95glassbottles.com\/wp-content\/uploads\/2025\/04\/1-3.webp","contentUrl":"https:\/\/95glassbottles.com\/wp-content\/uploads\/2025\/04\/1-3.webp","width":350,"height":100,"caption":"Shandong Ninety Five Glass Co,.Ltd"},"image":{"@id":"https:\/\/95glassbottles.com\/fr\/#\/schema\/logo\/image\/"},"sameAs":["https:\/\/www.facebook.com\/95Glass"]}]}},"_links":{"self":[{"href":"https:\/\/95glassbottles.com\/fr\/wp-json\/wp\/v2\/product\/5727","targetHints":{"allow":["GET"]}}],"collection":[{"href":"https:\/\/95glassbottles.com\/fr\/wp-json\/wp\/v2\/product"}],"about":[{"href":"https:\/\/95glassbottles.com\/fr\/wp-json\/wp\/v2\/types\/product"}],"wp:featuredmedia":[{"embeddable":true,"href":"https:\/\/95glassbottles.com\/fr\/wp-json\/wp\/v2\/media\/4441"}],"wp:attachment":[{"href":"https:\/\/95glassbottles.com\/fr\/wp-json\/wp\/v2\/media?parent=5727"}],"wp:term":[{"taxonomy":"product_brand","embeddable":true,"href":"https:\/\/95glassbottles.com\/fr\/wp-json\/wp\/v2\/product_brand?post=5727"},{"taxonomy":"product_cat","embeddable":true,"href":"https:\/\/95glassbottles.com\/fr\/wp-json\/wp\/v2\/product_cat?post=5727"},{"taxonomy":"product_tag","embeddable":true,"href":"https:\/\/95glassbottles.com\/fr\/wp-json\/wp\/v2\/product_tag?post=5727"}],"curies":[{"name":"wp","href":"https:\/\/api.w.org\/{rel}","templated":true}]}}