{"id":6091,"date":"2025-10-13T04:15:15","date_gmt":"2025-10-13T04:15:15","guid":{"rendered":"https:\/\/95glassbottles.com\/?post_type=product&#038;p=6091"},"modified":"2025-10-13T04:27:07","modified_gmt":"2025-10-13T04:27:07","slug":"bouteille-de-vin-en-verre-vert-elancee-de-500-ml-avec-fermeture-a-vis-95glass-copy","status":"publish","type":"product","link":"https:\/\/95glassbottles.com\/fr\/produit\/bouteille-de-vin-en-verre-vert-elancee-de-500-ml-avec-fermeture-a-vis-95glass-copy\/","title":{"rendered":"Bouteille de vin brun \u00e0 long col de 500 ml | 95Glass"},"content":{"rendered":"<p>Cette bouteille \u00e0 vin en verre brun de 500 ml pr\u00e9sente un corps haut et fin, un long col et des \u00e9paules arrondies. Sa teinte ambr\u00e9e bloque les rayons UV pour pr\u00e9server saveurs et fra\u00eecheur, tandis que son fond \u00e9pais apporte stabilit\u00e9 et \u00e9l\u00e9gance. Id\u00e9ale pour le vin blanc, le vin de dessert ou le vin de glace. Quantit\u00e9 minimale de commande : 12 000 pi\u00e8ces, d\u00e9lai de livraison : 15 \u00e0 20 jours.   <\/p>\n","protected":false},"excerpt":{"rendered":"<p>Bouteille \u00e0 vin brune de 500 ml, \u00e0 col long et \u00e0 la forme \u00e9lanc\u00e9e. Id\u00e9ale pour le vin blanc ou le vin de dessert. Quantit\u00e9 minimale de commande : 12 000 pi\u00e8ces, d\u00e9lai de livraison : 15 \u00e0 20 jours.  <\/p>\n","protected":false},"featured_media":6094,"template":"","meta":{"site-sidebar-layout":"default","site-content-layout":"","ast-site-content-layout":"default","site-content-style":"default","site-sidebar-style":"default","ast-global-header-display":"","ast-banner-title-visibility":"","ast-main-header-display":"","ast-hfb-above-header-display":"","ast-hfb-below-header-display":"","ast-hfb-mobile-header-display":"","site-post-title":"","ast-breadcrumbs-content":"","ast-featured-img":"","footer-sml-layout":"","ast-disable-related-posts":"","theme-transparent-header-meta":"default","adv-header-id-meta":"","stick-header-meta":"","header-above-stick-meta":"","header-main-stick-meta":"","header-below-stick-meta":"","astra-migrate-meta-layouts":"set","ast-page-background-enabled":"default","ast-page-background-meta":{"desktop":{"background-color":"var(--ast-global-color-4)","background-image":"","background-repeat":"repeat","background-position":"center center","background-size":"auto","background-attachment":"scroll","background-type":"","background-media":"","overlay-type":"","overlay-color":"","overlay-opacity":"","overlay-gradient":""},"tablet":{"background-color":"","background-image":"","background-repeat":"repeat","background-position":"center center","background-size":"auto","background-attachment":"scroll","background-type":"","background-media":"","overlay-type":"","overlay-color":"","overlay-opacity":"","overlay-gradient":""},"mobile":{"background-color":"","background-image":"","background-repeat":"repeat","background-position":"center center","background-size":"auto","background-attachment":"scroll","background-type":"","background-media":"","overlay-type":"","overlay-color":"","overlay-opacity":"","overlay-gradient":""}},"ast-content-background-meta":{"desktop":{"background-color":"var(--ast-global-color-5)","background-image":"","background-repeat":"repeat","background-position":"center center","background-size":"auto","background-attachment":"scroll","background-type":"","background-media":"","overlay-type":"","overlay-color":"","overlay-opacity":"","overlay-gradient":""},"tablet":{"background-color":"var(--ast-global-color-5)","background-image":"","background-repeat":"repeat","background-position":"center center","background-size":"auto","background-attachment":"scroll","background-type":"","background-media":"","overlay-type":"","overlay-color":"","overlay-opacity":"","overlay-gradient":""},"mobile":{"background-color":"var(--ast-global-color-5)","background-image":"","background-repeat":"repeat","background-position":"center center","background-size":"auto","background-attachment":"scroll","background-type":"","background-media":"","overlay-type":"","overlay-color":"","overlay-opacity":"","overlay-gradient":""}}},"product_brand":[],"product_cat":[513],"product_tag":[],"class_list":{"0":"post-6091","1":"product","2":"type-product","3":"status-publish","4":"has-post-thumbnail","6":"product_cat-bouteilles-de-vin","7":"desktop-align-left","8":"tablet-align-left","9":"mobile-align-left","11":"first","12":"instock","13":"shipping-taxable","14":"purchasable","15":"product-type-simple"},"yoast_head":"<!-- This site is optimized with the Yoast SEO plugin v27.4 - https:\/\/yoast.com\/product\/yoast-seo-wordpress\/ -->\n<title>Bouteille de vin brun \u00e0 long col de 500 ml | 95Glass<\/title>\n<meta name=\"description\" content=\"Bouteille \u00e0 vin en verre brun de 500 ml, au corps haut et fin et au col long. Id\u00e9ale pour les vins blancs ou les vins de dessert. Quantit\u00e9 minimale de commande : 12 000 pi\u00e8ces, d\u00e9lai de livraison : 15 \u00e0 20 jours.\" \/>\n<meta name=\"robots\" content=\"index, follow, max-snippet:-1, max-image-preview:large, max-video-preview:-1\" \/>\n<link rel=\"canonical\" href=\"https:\/\/95glassbottles.com\/fr\/produit\/bouteille-de-vin-en-verre-vert-elancee-de-500-ml-avec-fermeture-a-vis-95glass-copy\/\" \/>\n<meta property=\"og:locale\" content=\"fr_FR\" \/>\n<meta property=\"og:type\" content=\"article\" \/>\n<meta property=\"og:title\" content=\"Bouteille de vin brun \u00e0 long col de 500 ml | 95Glass\" \/>\n<meta property=\"og:description\" content=\"Bouteille \u00e0 vin en verre brun de 500 ml, au corps haut et fin et au col long. Id\u00e9ale pour les vins blancs ou les vins de dessert. Quantit\u00e9 minimale de commande : 12 000 pi\u00e8ces, d\u00e9lai de livraison : 15 \u00e0 20 jours.\" \/>\n<meta property=\"og:url\" content=\"https:\/\/95glassbottles.com\/fr\/produit\/bouteille-de-vin-en-verre-vert-elancee-de-500-ml-avec-fermeture-a-vis-95glass-copy\/\" \/>\n<meta property=\"og:site_name\" content=\"95Glass\" \/>\n<meta property=\"article:publisher\" content=\"https:\/\/www.facebook.com\/95Glass\" \/>\n<meta property=\"article:modified_time\" content=\"2025-10-13T04:27:07+00:00\" \/>\n<meta property=\"og:image\" content=\"https:\/\/95glassbottles.com\/wp-content\/uploads\/2025\/10\/NF2110-500ML-502G.png\" \/>\n\t<meta property=\"og:image:width\" content=\"800\" \/>\n\t<meta property=\"og:image:height\" content=\"800\" \/>\n\t<meta property=\"og:image:type\" content=\"image\/png\" \/>\n<meta name=\"twitter:card\" content=\"summary_large_image\" \/>\n<script type=\"application\/ld+json\" class=\"yoast-schema-graph\">{\"@context\":\"https:\\\/\\\/schema.org\",\"@graph\":[{\"@type\":[\"WebPage\",\"ItemPage\"],\"@id\":\"https:\\\/\\\/95glassbottles.com\\\/fr\\\/produit\\\/bouteille-de-vin-en-verre-vert-elancee-de-500-ml-avec-fermeture-a-vis-95glass-copy\\\/\",\"url\":\"https:\\\/\\\/95glassbottles.com\\\/fr\\\/produit\\\/bouteille-de-vin-en-verre-vert-elancee-de-500-ml-avec-fermeture-a-vis-95glass-copy\\\/\",\"name\":\"Bouteille de vin brun \u00e0 long col de 500 ml | 95Glass\",\"isPartOf\":{\"@id\":\"https:\\\/\\\/95glassbottles.com\\\/fr\\\/#website\"},\"primaryImageOfPage\":{\"@id\":\"https:\\\/\\\/95glassbottles.com\\\/fr\\\/produit\\\/bouteille-de-vin-en-verre-vert-elancee-de-500-ml-avec-fermeture-a-vis-95glass-copy\\\/#primaryimage\"},\"image\":{\"@id\":\"https:\\\/\\\/95glassbottles.com\\\/fr\\\/produit\\\/bouteille-de-vin-en-verre-vert-elancee-de-500-ml-avec-fermeture-a-vis-95glass-copy\\\/#primaryimage\"},\"thumbnailUrl\":\"https:\\\/\\\/95glassbottles.com\\\/wp-content\\\/uploads\\\/2025\\\/10\\\/NF2110-500ML-502G.png\",\"datePublished\":\"2025-10-13T04:15:15+00:00\",\"dateModified\":\"2025-10-13T04:27:07+00:00\",\"description\":\"Bouteille \u00e0 vin en verre brun de 500 ml, au corps haut et fin et au col long. Id\u00e9ale pour les vins blancs ou les vins de dessert. Quantit\u00e9 minimale de commande : 12 000 pi\u00e8ces, d\u00e9lai de livraison : 15 \u00e0 20 jours.\",\"breadcrumb\":{\"@id\":\"https:\\\/\\\/95glassbottles.com\\\/fr\\\/produit\\\/bouteille-de-vin-en-verre-vert-elancee-de-500-ml-avec-fermeture-a-vis-95glass-copy\\\/#breadcrumb\"},\"inLanguage\":\"fr-FR\",\"potentialAction\":[{\"@type\":\"ReadAction\",\"target\":[\"https:\\\/\\\/95glassbottles.com\\\/fr\\\/produit\\\/bouteille-de-vin-en-verre-vert-elancee-de-500-ml-avec-fermeture-a-vis-95glass-copy\\\/\"]}]},{\"@type\":\"ImageObject\",\"inLanguage\":\"fr-FR\",\"@id\":\"https:\\\/\\\/95glassbottles.com\\\/fr\\\/produit\\\/bouteille-de-vin-en-verre-vert-elancee-de-500-ml-avec-fermeture-a-vis-95glass-copy\\\/#primaryimage\",\"url\":\"https:\\\/\\\/95glassbottles.com\\\/wp-content\\\/uploads\\\/2025\\\/10\\\/NF2110-500ML-502G.png\",\"contentUrl\":\"https:\\\/\\\/95glassbottles.com\\\/wp-content\\\/uploads\\\/2025\\\/10\\\/NF2110-500ML-502G.png\",\"width\":800,\"height\":800,\"caption\":\"Grande bouteille de vin brune \u00e0 long col et base lourde\"},{\"@type\":\"BreadcrumbList\",\"@id\":\"https:\\\/\\\/95glassbottles.com\\\/fr\\\/produit\\\/bouteille-de-vin-en-verre-vert-elancee-de-500-ml-avec-fermeture-a-vis-95glass-copy\\\/#breadcrumb\",\"itemListElement\":[{\"@type\":\"ListItem\",\"position\":1,\"name\":\"Home\",\"item\":\"https:\\\/\\\/95glassbottles.com\\\/fr\\\/\"},{\"@type\":\"ListItem\",\"position\":2,\"name\":\"Produits\",\"item\":\"https:\\\/\\\/95glassbottles.com\\\/fr\\\/shop\\\/\"},{\"@type\":\"ListItem\",\"position\":3,\"name\":\"Bouteille de vin brun \u00e0 long col de 500 ml | 95Glass\"}]},{\"@type\":\"WebSite\",\"@id\":\"https:\\\/\\\/95glassbottles.com\\\/fr\\\/#website\",\"url\":\"https:\\\/\\\/95glassbottles.com\\\/fr\\\/\",\"name\":\"95GlassBottles\",\"description\":\"\",\"publisher\":{\"@id\":\"https:\\\/\\\/95glassbottles.com\\\/fr\\\/#organization\"},\"potentialAction\":[{\"@type\":\"SearchAction\",\"target\":{\"@type\":\"EntryPoint\",\"urlTemplate\":\"https:\\\/\\\/95glassbottles.com\\\/fr\\\/?s={search_term_string}\"},\"query-input\":{\"@type\":\"PropertyValueSpecification\",\"valueRequired\":true,\"valueName\":\"search_term_string\"}}],\"inLanguage\":\"fr-FR\"},{\"@type\":\"Organization\",\"@id\":\"https:\\\/\\\/95glassbottles.com\\\/fr\\\/#organization\",\"name\":\"Shandong Ninety Five Glass Co,.Ltd\",\"url\":\"https:\\\/\\\/95glassbottles.com\\\/fr\\\/\",\"logo\":{\"@type\":\"ImageObject\",\"inLanguage\":\"fr-FR\",\"@id\":\"https:\\\/\\\/95glassbottles.com\\\/fr\\\/#\\\/schema\\\/logo\\\/image\\\/\",\"url\":\"https:\\\/\\\/95glassbottles.com\\\/wp-content\\\/uploads\\\/2025\\\/04\\\/1-3.webp\",\"contentUrl\":\"https:\\\/\\\/95glassbottles.com\\\/wp-content\\\/uploads\\\/2025\\\/04\\\/1-3.webp\",\"width\":350,\"height\":100,\"caption\":\"Shandong Ninety Five Glass Co,.Ltd\"},\"image\":{\"@id\":\"https:\\\/\\\/95glassbottles.com\\\/fr\\\/#\\\/schema\\\/logo\\\/image\\\/\"},\"sameAs\":[\"https:\\\/\\\/www.facebook.com\\\/95Glass\"]}]}<\/script>\n<!-- \/ Yoast SEO plugin. -->","yoast_head_json":{"title":"Bouteille de vin brun \u00e0 long col de 500 ml | 95Glass","description":"Bouteille \u00e0 vin en verre brun de 500 ml, au corps haut et fin et au col long. Id\u00e9ale pour les vins blancs ou les vins de dessert. Quantit\u00e9 minimale de commande : 12 000 pi\u00e8ces, d\u00e9lai de livraison : 15 \u00e0 20 jours.","robots":{"index":"index","follow":"follow","max-snippet":"max-snippet:-1","max-image-preview":"max-image-preview:large","max-video-preview":"max-video-preview:-1"},"canonical":"https:\/\/95glassbottles.com\/fr\/produit\/bouteille-de-vin-en-verre-vert-elancee-de-500-ml-avec-fermeture-a-vis-95glass-copy\/","og_locale":"fr_FR","og_type":"article","og_title":"Bouteille de vin brun \u00e0 long col de 500 ml | 95Glass","og_description":"Bouteille \u00e0 vin en verre brun de 500 ml, au corps haut et fin et au col long. Id\u00e9ale pour les vins blancs ou les vins de dessert. Quantit\u00e9 minimale de commande : 12 000 pi\u00e8ces, d\u00e9lai de livraison : 15 \u00e0 20 jours.","og_url":"https:\/\/95glassbottles.com\/fr\/produit\/bouteille-de-vin-en-verre-vert-elancee-de-500-ml-avec-fermeture-a-vis-95glass-copy\/","og_site_name":"95Glass","article_publisher":"https:\/\/www.facebook.com\/95Glass","article_modified_time":"2025-10-13T04:27:07+00:00","og_image":[{"width":800,"height":800,"url":"https:\/\/95glassbottles.com\/wp-content\/uploads\/2025\/10\/NF2110-500ML-502G.png","type":"image\/png"}],"twitter_card":"summary_large_image","schema":{"@context":"https:\/\/schema.org","@graph":[{"@type":["WebPage","ItemPage"],"@id":"https:\/\/95glassbottles.com\/fr\/produit\/bouteille-de-vin-en-verre-vert-elancee-de-500-ml-avec-fermeture-a-vis-95glass-copy\/","url":"https:\/\/95glassbottles.com\/fr\/produit\/bouteille-de-vin-en-verre-vert-elancee-de-500-ml-avec-fermeture-a-vis-95glass-copy\/","name":"Bouteille de vin brun \u00e0 long col de 500 ml | 95Glass","isPartOf":{"@id":"https:\/\/95glassbottles.com\/fr\/#website"},"primaryImageOfPage":{"@id":"https:\/\/95glassbottles.com\/fr\/produit\/bouteille-de-vin-en-verre-vert-elancee-de-500-ml-avec-fermeture-a-vis-95glass-copy\/#primaryimage"},"image":{"@id":"https:\/\/95glassbottles.com\/fr\/produit\/bouteille-de-vin-en-verre-vert-elancee-de-500-ml-avec-fermeture-a-vis-95glass-copy\/#primaryimage"},"thumbnailUrl":"https:\/\/95glassbottles.com\/wp-content\/uploads\/2025\/10\/NF2110-500ML-502G.png","datePublished":"2025-10-13T04:15:15+00:00","dateModified":"2025-10-13T04:27:07+00:00","description":"Bouteille \u00e0 vin en verre brun de 500 ml, au corps haut et fin et au col long. Id\u00e9ale pour les vins blancs ou les vins de dessert. Quantit\u00e9 minimale de commande : 12 000 pi\u00e8ces, d\u00e9lai de livraison : 15 \u00e0 20 jours.","breadcrumb":{"@id":"https:\/\/95glassbottles.com\/fr\/produit\/bouteille-de-vin-en-verre-vert-elancee-de-500-ml-avec-fermeture-a-vis-95glass-copy\/#breadcrumb"},"inLanguage":"fr-FR","potentialAction":[{"@type":"ReadAction","target":["https:\/\/95glassbottles.com\/fr\/produit\/bouteille-de-vin-en-verre-vert-elancee-de-500-ml-avec-fermeture-a-vis-95glass-copy\/"]}]},{"@type":"ImageObject","inLanguage":"fr-FR","@id":"https:\/\/95glassbottles.com\/fr\/produit\/bouteille-de-vin-en-verre-vert-elancee-de-500-ml-avec-fermeture-a-vis-95glass-copy\/#primaryimage","url":"https:\/\/95glassbottles.com\/wp-content\/uploads\/2025\/10\/NF2110-500ML-502G.png","contentUrl":"https:\/\/95glassbottles.com\/wp-content\/uploads\/2025\/10\/NF2110-500ML-502G.png","width":800,"height":800,"caption":"Grande bouteille de vin brune \u00e0 long col et base lourde"},{"@type":"BreadcrumbList","@id":"https:\/\/95glassbottles.com\/fr\/produit\/bouteille-de-vin-en-verre-vert-elancee-de-500-ml-avec-fermeture-a-vis-95glass-copy\/#breadcrumb","itemListElement":[{"@type":"ListItem","position":1,"name":"Home","item":"https:\/\/95glassbottles.com\/fr\/"},{"@type":"ListItem","position":2,"name":"Produits","item":"https:\/\/95glassbottles.com\/fr\/shop\/"},{"@type":"ListItem","position":3,"name":"Bouteille de vin brun \u00e0 long col de 500 ml | 95Glass"}]},{"@type":"WebSite","@id":"https:\/\/95glassbottles.com\/fr\/#website","url":"https:\/\/95glassbottles.com\/fr\/","name":"95GlassBottles","description":"","publisher":{"@id":"https:\/\/95glassbottles.com\/fr\/#organization"},"potentialAction":[{"@type":"SearchAction","target":{"@type":"EntryPoint","urlTemplate":"https:\/\/95glassbottles.com\/fr\/?s={search_term_string}"},"query-input":{"@type":"PropertyValueSpecification","valueRequired":true,"valueName":"search_term_string"}}],"inLanguage":"fr-FR"},{"@type":"Organization","@id":"https:\/\/95glassbottles.com\/fr\/#organization","name":"Shandong Ninety Five Glass Co,.Ltd","url":"https:\/\/95glassbottles.com\/fr\/","logo":{"@type":"ImageObject","inLanguage":"fr-FR","@id":"https:\/\/95glassbottles.com\/fr\/#\/schema\/logo\/image\/","url":"https:\/\/95glassbottles.com\/wp-content\/uploads\/2025\/04\/1-3.webp","contentUrl":"https:\/\/95glassbottles.com\/wp-content\/uploads\/2025\/04\/1-3.webp","width":350,"height":100,"caption":"Shandong Ninety Five Glass Co,.Ltd"},"image":{"@id":"https:\/\/95glassbottles.com\/fr\/#\/schema\/logo\/image\/"},"sameAs":["https:\/\/www.facebook.com\/95Glass"]}]}},"_links":{"self":[{"href":"https:\/\/95glassbottles.com\/fr\/wp-json\/wp\/v2\/product\/6091","targetHints":{"allow":["GET"]}}],"collection":[{"href":"https:\/\/95glassbottles.com\/fr\/wp-json\/wp\/v2\/product"}],"about":[{"href":"https:\/\/95glassbottles.com\/fr\/wp-json\/wp\/v2\/types\/product"}],"wp:featuredmedia":[{"embeddable":true,"href":"https:\/\/95glassbottles.com\/fr\/wp-json\/wp\/v2\/media\/6094"}],"wp:attachment":[{"href":"https:\/\/95glassbottles.com\/fr\/wp-json\/wp\/v2\/media?parent=6091"}],"wp:term":[{"taxonomy":"product_brand","embeddable":true,"href":"https:\/\/95glassbottles.com\/fr\/wp-json\/wp\/v2\/product_brand?post=6091"},{"taxonomy":"product_cat","embeddable":true,"href":"https:\/\/95glassbottles.com\/fr\/wp-json\/wp\/v2\/product_cat?post=6091"},{"taxonomy":"product_tag","embeddable":true,"href":"https:\/\/95glassbottles.com\/fr\/wp-json\/wp\/v2\/product_tag?post=6091"}],"curies":[{"name":"wp","href":"https:\/\/api.w.org\/{rel}","templated":true}]}}